{"id":3507,"date":"2018-05-05T13:06:57","date_gmt":"2018-05-05T13:06:57","guid":{"rendered":"https:\/\/www.stvvalves.com\/?page_id=3507"},"modified":"2025-03-04T20:23:09","modified_gmt":"2025-03-04T12:23:09","slug":"industries","status":"publish","type":"page","link":"https:\/\/www.stvvalves.com\/de\/industries\/","title":{"rendered":"Branchen"},"content":{"rendered":"<section class=\"av_textblock_section\" ><div class='avia_textblock'  ><p>China Industrial Valve Manufacturer STV Valve offers Valves for Industrial Applications including Oil &amp; Gas, Chemical, Power, Water Treatment, Mining, Construction, etc.<\/p>\n<p>STV unterst\u00fctzt Ventile f\u00fcr acht Branchen. Einzelheiten finden Sie weiter unten. Jedes Jahr erhalten wir Gro\u00dfauftr\u00e4ge aus Kraftwerken und Kraftwerken. Unser Firmenangebot <a href=\"https:\/\/www.stvvalves.com\/de\/products\/900lb-high-pressure-seal-bonnet-gate-valve-40-inch-wcb-body-butt-weld-end\/\">Hochdruck-Absperrschieber<\/a>, <a href=\"https:\/\/www.stvvalves.com\/de\/wholesale\/check-valves\/\">R\u00fcckschlagklappen<\/a>, Kugelh\u00e4hne mit hohen Anforderungen. Wir f\u00fchren RT (Klasse \u2161) f\u00fcr wichtige Teile unserer Ventile durch. STV liefert auch viele Ventile mit Geisterflanschen, die f\u00fcr niedrige Temperaturen in Russland geeignet sind. Au\u00dferdem bieten wir Ventile nach JIS-Standard f\u00fcr s\u00fcdostasiatische L\u00e4nder und hochwertige Absperrschieber mit Material SS304-Standard f\u00fcr s\u00fcdamerikanische L\u00e4nder an. Der Absperrschieber und das Kugelventil sind die wirtschaftlichste Art, die f\u00fcr Dampfleitungen verwendet werden kann. In den letzten 20 Jahren hat STV einen gro\u00dfen Erfahrungsschatz in der Industrie gesammelt. Und wir werden weiter lernen. Basierend auf hoher Qualit\u00e4t und einer strengen Einstellung zur Maschinenherstellung wird STV immer professioneller, um unseren Kunden einen starken Ventilsupport zu bieten.<br \/>\nLassen Sie uns zusammenarbeiten, um eine bessere Zukunft zu haben!<\/p>\n<p>STV-Ventile werden in folgenden Bereichen eingesetzt:<br \/>\n1. Gas- und \u00d6lindustrie<br \/>\n2. Wasserkraftwerk<br \/>\n3. Petrochemische Industrie<br \/>\n4. Metallurgieindustrie<br \/>\n5. Marineindustrie<br \/>\n6. Lebensmittel- und Chemieindustrie<br \/>\n7. Ingenieurwesen und Bauwesen<br \/>\n8. Rohrindustrie STV<\/p>\n<\/div><\/section>\n<div class=\"flex_column av_one_third  flex_column_div av-zero-column-padding first\" style='background-image:url(https:\/\/www.stvvalves.com\/wp-content\/uploads\/2021\/04\/Oil-Gas-300x225.jpg); background-position:top left; background-repeat:no-repeat; border-radius:0px; '><section class=\"av_textblock_section\" ><div class='avia_textblock'  ><p style=\"text-align: center;\"><span style=\"vertical-align: inherit;\"><span style=\"vertical-align: inherit;\"><img loading=\"lazy\" decoding=\"async\" class=\"wp-image-5959 size-medium alignleft\" src=\"https:\/\/www.stvvalves.com\/wp-content\/uploads\/2021\/04\/Oil-Gas-300x225.jpg\" alt=\"\" width=\"300\" height=\"225\" srcset=\"https:\/\/www.stvvalves.com\/wp-content\/uploads\/2021\/04\/Oil-Gas-300x225.jpg 300w, https:\/\/www.stvvalves.com\/wp-content\/uploads\/2021\/04\/Oil-Gas.jpg 500w\" sizes=\"auto, (max-width: 300px) 100vw, 300px\" \/><br \/>\n<\/span><\/span><\/p>\n<\/div><\/section><br \/>\n<section class=\"av_textblock_section\" ><div class='avia_textblock'  ><p style=\"text-align: center;\">Oil&amp;Gas<\/p>\n<\/div><\/section><\/p><\/div>\n<div class=\"flex_column av_one_third  flex_column_div av-zero-column-padding\" style='border-radius:0px; '><p><div class='avia-image-container  av-styling-    avia-align-center'  ><div class='avia-image-container-inner'><img class='avia_image' src='https:\/\/www.stvvalves.com\/wp-content\/uploads\/2021\/04\/Power-300x200.jpg' alt='' title='Leistung'   \/><\/div><\/div><br \/>\n<section class=\"av_textblock_section\" ><div class='avia_textblock'  ><p style=\"text-align: center;\">Leistung<\/p>\n<\/div><\/section><\/p><\/div>\n<div class=\"flex_column av_one_third  flex_column_div av-zero-column-padding\" style='border-radius:0px; '><p><div class='avia-image-container  av-styling-     avia-align-center'  ><div class='avia-image-container-inner'><img class='avia_image' src='https:\/\/www.stvvalves.com\/wp-content\/uploads\/2018\/05\/power2-300x225.jpg' alt='' title='Leistung2'   \/><\/div><\/div><br \/>\n<section class=\"av_textblock_section\" ><div class='avia_textblock'  ><p style=\"text-align: center;\">Wasserversorgung<\/p>\n<\/div><\/section><\/p><\/div>\n<div class=\"flex_column av_one_third  flex_column_div av-zero-column-padding first\" style='border-radius:0px; '><p><div class='avia-image-container  av-styling-    avia-align-center'  ><div class='avia-image-container-inner'><img class='avia_image' src='https:\/\/www.stvvalves.com\/wp-content\/uploads\/2021\/04\/Mining-2-300x200.jpg' alt='' title='Bergbau'   \/><\/div><\/div><br \/>\n<section class=\"av_textblock_section\" ><div class='avia_textblock'  ><p style=\"text-align: center;\">Bergbau<\/p>\n<\/div><\/section><\/p><\/div>\n<div class=\"flex_column av_one_third  flex_column_div av-zero-column-padding\" style='border-radius:0px; '><p><div class='avia-image-container  av-styling-    avia-align-center'  ><div class='avia-image-container-inner'><img class='avia_image' src='https:\/\/www.stvvalves.com\/wp-content\/uploads\/2021\/04\/Construction-300x200.jpg' alt='' title='Konstruktion'   \/><\/div><\/div><br \/>\n<section class=\"av_textblock_section\" ><div class='avia_textblock'  ><p style=\"text-align: center;\">Konstruktion<\/p>\n<\/div><\/section><\/p><\/div>\n<div class=\"flex_column av_one_third  flex_column_div av-zero-column-padding\" style='border-radius:0px; '><p><div class='avia-image-container  av-styling-    avia-align-center'  ><div class='avia-image-container-inner'><img class='avia_image' src='https:\/\/www.stvvalves.com\/wp-content\/uploads\/2021\/04\/Water-Treatment-300x200.jpg' alt='' title='Wasserversorgung'   \/><\/div><\/div><br \/>\n<section class=\"av_textblock_section\" ><div class='avia_textblock'  ><p style=\"text-align: center;\">Wasserversorgung<\/p>\n<\/div><\/section><\/p><\/div>","protected":false},"excerpt":{"rendered":"","protected":false},"author":290641,"featured_media":0,"parent":0,"menu_order":0,"comment_status":"closed","ping_status":"closed","template":"","meta":{"footnotes":""},"class_list":["post-3507","page","type-page","status-publish","hentry"],"_links":{"self":[{"href":"https:\/\/www.stvvalves.com\/de\/wp-json\/wp\/v2\/pages\/3507","targetHints":{"allow":["GET"]}}],"collection":[{"href":"https:\/\/www.stvvalves.com\/de\/wp-json\/wp\/v2\/pages"}],"about":[{"href":"https:\/\/www.stvvalves.com\/de\/wp-json\/wp\/v2\/types\/page"}],"author":[{"embeddable":true,"href":"https:\/\/www.stvvalves.com\/de\/wp-json\/wp\/v2\/users\/290641"}],"replies":[{"embeddable":true,"href":"https:\/\/www.stvvalves.com\/de\/wp-json\/wp\/v2\/comments?post=3507"}],"version-history":[{"count":4,"href":"https:\/\/www.stvvalves.com\/de\/wp-json\/wp\/v2\/pages\/3507\/revisions"}],"predecessor-version":[{"id":7973,"href":"https:\/\/www.stvvalves.com\/de\/wp-json\/wp\/v2\/pages\/3507\/revisions\/7973"}],"wp:attachment":[{"href":"https:\/\/www.stvvalves.com\/de\/wp-json\/wp\/v2\/media?parent=3507"}],"curies":[{"name":"wp","href":"https:\/\/api.w.org\/{rel}","templated":true}]}}