{"id":3672,"date":"2018-10-10T12:21:36","date_gmt":"2018-10-10T12:21:36","guid":{"rendered":"https:\/\/www.stvvalves.com\/?page_id=3672"},"modified":"2024-12-25T09:55:48","modified_gmt":"2024-12-25T01:55:48","slug":"industry-served","status":"publish","type":"page","link":"https:\/\/www.stvvalves.com\/de\/industry-served\/","title":{"rendered":"Industrie bedient"},"content":{"rendered":"<p>Als erfahrener Ventillieferant in China hat STV aufgrund der stabilen Qualit\u00e4t und \u00fcberlegenen Leistung der Ventile das Vertrauen vieler Kunden gewonnen.<br \/>\nWir freuen uns, Sie auf einen virtuellen Rundgang durch die Qualit\u00e4tskontrolle von Baltic mitzunehmen. Die folgenden Fotos zeigen, wie unsere Inspektionsabteilung und unsere technische Abteilung an Ventilen arbeiten, einschlie\u00dflich vieler Schritte bei der Herstellung, Pr\u00fcfung und Verpackung.<\/p>\n<p>Unser Team legt gro\u00dfen Wert auf Qualit\u00e4t. Wir verf\u00fcgen \u00fcber umfassende, strenge Inspektionsschritte, die vom Rohmaterial \u00fcber den Bearbeitungsprozess, den hydraulischen Test, die Lackierung und die Verpackung bis zum Versand reichen. Originale Pr\u00fcfprotokolle sind erhalten, Zertifikat. \u2013 3.1 liegt jedem Ventil bei. Pr\u00fcfer sind f\u00fcr ihre gepr\u00fcften Ventile verantwortlich. Bei qualifizierten Ventilen wird eine Stahldichtung auf die Oberfl\u00e4che des Ventildeckelflansches gestanzt.<br \/>\n<img loading=\"lazy\" decoding=\"async\" class=\"alignleft size-full wp-image-5284\" src=\"https:\/\/www.stvvalves.com\/wp-content\/uploads\/2019\/08\/STV-Control-Quality-Final-Inspection.jpg\" alt=\"\" width=\"965\" height=\"463\" srcset=\"https:\/\/www.stvvalves.com\/wp-content\/uploads\/2019\/08\/STV-Control-Quality-Final-Inspection.jpg 965w, https:\/\/www.stvvalves.com\/wp-content\/uploads\/2019\/08\/STV-Control-Quality-Final-Inspection-600x288.jpg 600w, https:\/\/www.stvvalves.com\/wp-content\/uploads\/2019\/08\/STV-Control-Quality-Final-Inspection-300x144.jpg 300w, https:\/\/www.stvvalves.com\/wp-content\/uploads\/2019\/08\/STV-Control-Quality-Final-Inspection-768x368.jpg 768w, https:\/\/www.stvvalves.com\/wp-content\/uploads\/2019\/08\/STV-Control-Quality-Final-Inspection-705x338.jpg 705w\" sizes=\"auto, (max-width: 965px) 100vw, 965px\" \/><\/p>","protected":false},"excerpt":{"rendered":"<p>As an experienced valve supplier in China, STV has won reliance from many customers for its stable quality and superior performance of valves. We are pleased to take you on a virtual tour of Baltic&#8217;s quality control. Following photos show how our inspection department and technical department work on valves, including many steps involved in [&hellip;]<\/p>\n","protected":false},"author":290641,"featured_media":0,"parent":0,"menu_order":0,"comment_status":"closed","ping_status":"closed","template":"","meta":{"footnotes":""},"class_list":["post-3672","page","type-page","status-publish","hentry"],"_links":{"self":[{"href":"https:\/\/www.stvvalves.com\/de\/wp-json\/wp\/v2\/pages\/3672","targetHints":{"allow":["GET"]}}],"collection":[{"href":"https:\/\/www.stvvalves.com\/de\/wp-json\/wp\/v2\/pages"}],"about":[{"href":"https:\/\/www.stvvalves.com\/de\/wp-json\/wp\/v2\/types\/page"}],"author":[{"embeddable":true,"href":"https:\/\/www.stvvalves.com\/de\/wp-json\/wp\/v2\/users\/290641"}],"replies":[{"embeddable":true,"href":"https:\/\/www.stvvalves.com\/de\/wp-json\/wp\/v2\/comments?post=3672"}],"version-history":[{"count":4,"href":"https:\/\/www.stvvalves.com\/de\/wp-json\/wp\/v2\/pages\/3672\/revisions"}],"predecessor-version":[{"id":7688,"href":"https:\/\/www.stvvalves.com\/de\/wp-json\/wp\/v2\/pages\/3672\/revisions\/7688"}],"wp:attachment":[{"href":"https:\/\/www.stvvalves.com\/de\/wp-json\/wp\/v2\/media?parent=3672"}],"curies":[{"name":"wp","href":"https:\/\/api.w.org\/{rel}","templated":true}]}}