{"id":5278,"date":"2019-08-07T05:52:13","date_gmt":"2019-08-07T05:52:13","guid":{"rendered":"https:\/\/www.stvvalves.com\/?page_id=5278"},"modified":"2025-03-04T20:21:25","modified_gmt":"2025-03-04T12:21:25","slug":"control-quality","status":"publish","type":"page","link":"https:\/\/www.stvvalves.com\/de\/control-quality\/","title":{"rendered":"Kontrollqualit\u00e4t"},"content":{"rendered":"<p>Als erfahrener Ventillieferant in China hat STV aufgrund der stabilen Qualit\u00e4t und \u00fcberlegenen Leistung der Ventile das Vertrauen vieler Kunden gewonnen.<\/p>\r\n<p>Gerne nehmen wir Sie mit auf einen virtuellen Rundgang durch die Qualit\u00e4tskontrolle von STV. Die folgenden Fotos zeigen, wie unsere Inspektionsabteilung und unsere technische Abteilung an Ventilen arbeiten, einschlie\u00dflich vieler Schritte bei der Herstellung, Pr\u00fcfung und Verpackung. Unser Team legt gro\u00dfen Wert auf Qualit\u00e4t.<\/p>\r\n<p>Wir verf\u00fcgen \u00fcber umfassende, strenge Inspektionsschritte, die vom Rohmaterial \u00fcber den Bearbeitungsprozess, den hydraulischen Test, die Lackierung und die Verpackung bis zum Versand reichen. Originale Pr\u00fcfprotokolle sind erhalten, Zertifikat. \u2013 3.1 liegt jedem Ventil bei. Pr\u00fcfer sind f\u00fcr ihre gepr\u00fcften Ventile verantwortlich. Bei qualifizierten Ventilen wird eine Stahldichtung auf die Oberfl\u00e4che des Ventildeckelflansches gestanzt.<\/p>\r\n<p>Wir pr\u00fcfen anhand der folgenden Schritte: Rohmaterialinspektion \u2013 Qualit\u00e4tskontrolle \u2013 Montageinspektion \u2013 Endinspektion<\/p>\r\n<p>&nbsp;<\/p>\r\n\r\n<figure class=\"wp-block-image\"><img loading=\"lazy\" decoding=\"async\" width=\"965\" height=\"463\" class=\"wp-image-5280\" src=\"https:\/\/www.stvvalves.com\/wp-content\/uploads\/2019\/08\/STV-Control-Quality-Raw-Material-Inspection.jpg\" alt=\"\" srcset=\"https:\/\/www.stvvalves.com\/wp-content\/uploads\/2019\/08\/STV-Control-Quality-Raw-Material-Inspection.jpg 965w, https:\/\/www.stvvalves.com\/wp-content\/uploads\/2019\/08\/STV-Control-Quality-Raw-Material-Inspection-600x288.jpg 600w, https:\/\/www.stvvalves.com\/wp-content\/uploads\/2019\/08\/STV-Control-Quality-Raw-Material-Inspection-300x144.jpg 300w, https:\/\/www.stvvalves.com\/wp-content\/uploads\/2019\/08\/STV-Control-Quality-Raw-Material-Inspection-768x368.jpg 768w, https:\/\/www.stvvalves.com\/wp-content\/uploads\/2019\/08\/STV-Control-Quality-Raw-Material-Inspection-705x338.jpg 705w\" sizes=\"auto, (max-width: 965px) 100vw, 965px\" \/><\/figure>\r\n\r\n\r\n\r\n<figure class=\"wp-block-image\"><img loading=\"lazy\" decoding=\"async\" width=\"965\" height=\"488\" class=\"wp-image-5282\" src=\"https:\/\/www.stvvalves.com\/wp-content\/uploads\/2019\/08\/STV-PT-TEST-Control-Quality.jpg\" alt=\"\" srcset=\"https:\/\/www.stvvalves.com\/wp-content\/uploads\/2019\/08\/STV-PT-TEST-Control-Quality.jpg 965w, https:\/\/www.stvvalves.com\/wp-content\/uploads\/2019\/08\/STV-PT-TEST-Control-Quality-600x303.jpg 600w, https:\/\/www.stvvalves.com\/wp-content\/uploads\/2019\/08\/STV-PT-TEST-Control-Quality-300x152.jpg 300w, https:\/\/www.stvvalves.com\/wp-content\/uploads\/2019\/08\/STV-PT-TEST-Control-Quality-768x388.jpg 768w, https:\/\/www.stvvalves.com\/wp-content\/uploads\/2019\/08\/STV-PT-TEST-Control-Quality-705x357.jpg 705w\" sizes=\"auto, (max-width: 965px) 100vw, 965px\" \/><\/figure>\r\n\r\n\r\n\r\n<figure class=\"wp-block-image\"><img loading=\"lazy\" decoding=\"async\" width=\"965\" height=\"463\" class=\"wp-image-5283\" src=\"https:\/\/www.stvvalves.com\/wp-content\/uploads\/2019\/08\/STV-Control-Quality-Assembling-Inspection.jpg\" alt=\"\" srcset=\"https:\/\/www.stvvalves.com\/wp-content\/uploads\/2019\/08\/STV-Control-Quality-Assembling-Inspection.jpg 965w, https:\/\/www.stvvalves.com\/wp-content\/uploads\/2019\/08\/STV-Control-Quality-Assembling-Inspection-600x288.jpg 600w, https:\/\/www.stvvalves.com\/wp-content\/uploads\/2019\/08\/STV-Control-Quality-Assembling-Inspection-300x144.jpg 300w, https:\/\/www.stvvalves.com\/wp-content\/uploads\/2019\/08\/STV-Control-Quality-Assembling-Inspection-768x368.jpg 768w, https:\/\/www.stvvalves.com\/wp-content\/uploads\/2019\/08\/STV-Control-Quality-Assembling-Inspection-705x338.jpg 705w\" sizes=\"auto, (max-width: 965px) 100vw, 965px\" \/><\/figure>\r\n\r\n\r\n\r\n<figure class=\"wp-block-image\"><img loading=\"lazy\" decoding=\"async\" width=\"965\" height=\"463\" class=\"wp-image-5284\" src=\"https:\/\/www.stvvalves.com\/wp-content\/uploads\/2019\/08\/STV-Control-Quality-Final-Inspection.jpg\" alt=\"\" srcset=\"https:\/\/www.stvvalves.com\/wp-content\/uploads\/2019\/08\/STV-Control-Quality-Final-Inspection.jpg 965w, https:\/\/www.stvvalves.com\/wp-content\/uploads\/2019\/08\/STV-Control-Quality-Final-Inspection-600x288.jpg 600w, https:\/\/www.stvvalves.com\/wp-content\/uploads\/2019\/08\/STV-Control-Quality-Final-Inspection-300x144.jpg 300w, https:\/\/www.stvvalves.com\/wp-content\/uploads\/2019\/08\/STV-Control-Quality-Final-Inspection-768x368.jpg 768w, https:\/\/www.stvvalves.com\/wp-content\/uploads\/2019\/08\/STV-Control-Quality-Final-Inspection-705x338.jpg 705w\" sizes=\"auto, (max-width: 965px) 100vw, 965px\" \/><\/figure>","protected":false},"excerpt":{"rendered":"<p>As an experienced valve supplier in China, STV has won reliance from many customers for its stable quality and superior performance of valves. We are pleased to take you on a virtual tour of STV&#8217;s quality control. Following photos show how our inspection department and technical department work on valves, including many steps involved in [&hellip;]<\/p>\n","protected":false},"author":290641,"featured_media":0,"parent":0,"menu_order":0,"comment_status":"closed","ping_status":"closed","template":"","meta":{"footnotes":""},"class_list":["post-5278","page","type-page","status-publish","hentry"],"_links":{"self":[{"href":"https:\/\/www.stvvalves.com\/de\/wp-json\/wp\/v2\/pages\/5278","targetHints":{"allow":["GET"]}}],"collection":[{"href":"https:\/\/www.stvvalves.com\/de\/wp-json\/wp\/v2\/pages"}],"about":[{"href":"https:\/\/www.stvvalves.com\/de\/wp-json\/wp\/v2\/types\/page"}],"author":[{"embeddable":true,"href":"https:\/\/www.stvvalves.com\/de\/wp-json\/wp\/v2\/users\/290641"}],"replies":[{"embeddable":true,"href":"https:\/\/www.stvvalves.com\/de\/wp-json\/wp\/v2\/comments?post=5278"}],"version-history":[{"count":6,"href":"https:\/\/www.stvvalves.com\/de\/wp-json\/wp\/v2\/pages\/5278\/revisions"}],"predecessor-version":[{"id":5954,"href":"https:\/\/www.stvvalves.com\/de\/wp-json\/wp\/v2\/pages\/5278\/revisions\/5954"}],"wp:attachment":[{"href":"https:\/\/www.stvvalves.com\/de\/wp-json\/wp\/v2\/media?parent=5278"}],"curies":[{"name":"wp","href":"https:\/\/api.w.org\/{rel}","templated":true}]}}