{"id":5836,"date":"2021-04-28T05:01:51","date_gmt":"2021-04-28T05:01:51","guid":{"rendered":"https:\/\/www.stvvalves.com\/?page_id=5836"},"modified":"2024-12-25T10:17:16","modified_gmt":"2024-12-25T02:17:16","slug":"industrial-valves-and-pipe","status":"publish","type":"page","link":"https:\/\/www.stvvalves.com\/de\/industrial-valves-and-pipe\/","title":{"rendered":"Industrieventile und Rohre"},"content":{"rendered":"<div class=\"flex_column av_one_full  flex_column_div av-zero-column-padding first\" style='border-radius:0px; '><p><div style='padding-bottom:10px;' class='av-special-heading av-special-heading-h2'><div id=\"ez-toc-container\" class=\"ez-toc-v2_0_82_2 counter-hierarchy ez-toc-counter ez-toc-grey ez-toc-container-direction\">\n<div class=\"ez-toc-title-container\">\n<p class=\"ez-toc-title\" style=\"cursor:inherit\">Table of Contents<\/p>\n<span class=\"ez-toc-title-toggle\"><a href=\"#\" class=\"ez-toc-pull-right ez-toc-btn ez-toc-btn-xs ez-toc-btn-default ez-toc-toggle\" aria-label=\"Toggle Table of Content\"><span class=\"ez-toc-js-icon-con\"><span class=\"\"><span class=\"eztoc-hide\" style=\"display:none;\">Toggle<\/span><span class=\"ez-toc-icon-toggle-span\"><svg style=\"fill: #999;color:#999\" xmlns=\"http:\/\/www.w3.org\/2000\/svg\" class=\"list-377408\" width=\"20px\" height=\"20px\" viewbox=\"0 0 24 24\" fill=\"none\"><path d=\"M6 6H4v2h2V6zm14 0H8v2h12V6zM4 11h2v2H4v-2zm16 0H8v2h12v-2zM4 16h2v2H4v-2zm16 0H8v2h12v-2z\" fill=\"currentColor\"><\/path><\/svg><svg style=\"fill: #999;color:#999\" class=\"arrow-unsorted-368013\" xmlns=\"http:\/\/www.w3.org\/2000\/svg\" width=\"10px\" height=\"10px\" viewbox=\"0 0 24 24\" version=\"1.2\" baseprofile=\"tiny\"><path d=\"M18.2 9.3l-6.2-6.3-6.2 6.3c-.2.2-.3.4-.3.7s.1.5.3.7c.2.2.4.3.7.3h11c.3 0 .5-.1.7-.3.2-.2.3-.5.3-.7s-.1-.5-.3-.7zM5.8 14.7l6.2 6.3 6.2-6.3c.2-.2.3-.5.3-.7s-.1-.5-.3-.7c-.2-.2-.4-.3-.7-.3h-11c-.3 0-.5.1-.7.3-.2.2-.3.5-.3.7s.1.5.3.7z\"\/><\/svg><\/span><\/span><\/span><\/a><\/span><\/div>\n<nav><ul class='ez-toc-list ez-toc-list-level-1' ><li class='ez-toc-page-1 ez-toc-heading-level-2'><a class=\"ez-toc-link ez-toc-heading-1\" href=\"https:\/\/www.stvvalves.com\/de\/industrial-valves-and-pipe\/#Industrial_Control_Valves_List\" >Liste der industriellen Regelventile<\/a><ul class='ez-toc-list-level-3' ><li class='ez-toc-heading-level-3'><a class=\"ez-toc-link ez-toc-heading-2\" href=\"https:\/\/www.stvvalves.com\/de\/industrial-valves-and-pipe\/#Industrial_Ball_Valves\" >Industrielle Kugelh\u00e4hne<\/a><\/li><li class='ez-toc-page-1 ez-toc-heading-level-3'><a class=\"ez-toc-link ez-toc-heading-3\" href=\"https:\/\/www.stvvalves.com\/de\/industrial-valves-and-pipe\/#Industrial_Gate_Valves\" >Industrielle Absperrschieber<\/a><\/li><li class='ez-toc-page-1 ez-toc-heading-level-3'><a class=\"ez-toc-link ez-toc-heading-4\" href=\"https:\/\/www.stvvalves.com\/de\/industrial-valves-and-pipe\/#Y_Strainer\" >Y Sieb<\/a><\/li><li class='ez-toc-page-1 ez-toc-heading-level-3'><a class=\"ez-toc-link ez-toc-heading-5\" href=\"https:\/\/www.stvvalves.com\/de\/industrial-valves-and-pipe\/#Industrial_Check_Valve\" >Industrielles R\u00fcckschlagventil<\/a><\/li><li class='ez-toc-page-1 ez-toc-heading-level-3'><a class=\"ez-toc-link ez-toc-heading-6\" href=\"https:\/\/www.stvvalves.com\/de\/industrial-valves-and-pipe\/#Industrial_Globe_Valve\" >Industrielles Kugelventil<\/a><\/li><li class='ez-toc-page-1 ez-toc-heading-level-3'><a class=\"ez-toc-link ez-toc-heading-7\" href=\"https:\/\/www.stvvalves.com\/de\/industrial-valves-and-pipe\/#Industrial_Butterfly_Valve\" >Industrielle Absperrklappe<\/a><\/li><li class='ez-toc-page-1 ez-toc-heading-level-3'><a class=\"ez-toc-link ez-toc-heading-8\" href=\"https:\/\/www.stvvalves.com\/de\/industrial-valves-and-pipe\/#Pipe_Fitting\" >Rohrverschraubung<\/a><\/li><li class='ez-toc-page-1 ez-toc-heading-level-3'><a class=\"ez-toc-link ez-toc-heading-9\" href=\"https:\/\/www.stvvalves.com\/de\/industrial-valves-and-pipe\/#Contact_Us\" >Kontaktiere uns<\/a><\/li><\/ul><\/li><\/ul><\/nav><\/div>\n<h2 class='av-special-heading-tag'  ><span class=\"ez-toc-section\" id=\"Industrial_Control_Valves_List\"><\/span>Liste der industriellen Regelventile<span class=\"ez-toc-section-end\"><\/span><\/h2><div class='special-heading-border'><div class='special-heading-inner-border' ><\/div><\/div><\/div><br \/>\n<section class=\"av_textblock_section\" ><div class='avia_textblock'  ><p>Als einer der f\u00fchrenden Hersteller von Industrieventilen in China liefern wir verschiedene Ventile nach Europa, S\u00fcdamerika und Asien sowie in die ganze Welt. Mit unseren hervorragenden Industrierohren und -ventilen sind wir stolz darauf, eine langfristige und feste Beziehung zu unserem Gesch\u00e4ftspartner aufgebaut zu haben. Unser breites Produktspektrum deckt die wichtigsten Anwendungen in diesem Markt ab. Wir bieten auch die M\u00f6glichkeit, ma\u00dfgeschneiderte Spezialprodukte zu bestellen.<\/p>\n<div class='avia-button-wrap avia-button-center'><a href='https:\/\/www.stvvalves.com\/de\/contact-us\/' class='avia-button   avia-icon_select-no avia-color-theme-color avia-size-large avia-position-center'   ><span class='avia_iconbox_title' >Kontaktiere uns<\/span><\/a><\/div>\n<\/div><\/section><\/p><\/div>\n<div class=\"flex_column av_one_third  flex_column_div av-zero-column-padding first\" style='border-width:1px; border-color:#07385e; border-style:solid; border-radius:0px; '><div class='avia-image-container  av-styling-    avia-align-center'  ><div class='avia-image-container-inner'><a href='https:\/\/www.stvvalves.com\/de\/wholesale\/ball-valve\/' class='avia_image'  ><img class='avia_image' src='https:\/\/www.stvvalves.com\/wp-content\/uploads\/2021\/04\/Ball-valve.jpg' alt='Industrial ball valve' title='Kugelhahn'  \/><\/a><\/div><\/div><\/div>\n<div class=\"flex_column av_two_third  flex_column_div av-zero-column-padding\" style='border-radius:0px; '><p><div style='padding-bottom:10px;' class='av-special-heading av-special-heading-h3'><h3 class='av-special-heading-tag'  ><span class=\"ez-toc-section\" id=\"Industrial_Ball_Valves\"><\/span>Industrielle Kugelh\u00e4hne<span class=\"ez-toc-section-end\"><\/span><\/h3><div class='special-heading-border'><div class='special-heading-inner-border' ><\/div><\/div><\/div><br \/>\n<section class=\"av_textblock_section\" ><div class='avia_textblock'  ><p>Ein Industriekugelhahn ist ein Ventil mit einer Kugel im Inneren des Ventilk\u00f6rpers. Die Kugel hat in der Mitte ein Loch, so dass der Fluss stattfinden kann, wenn sie mit beiden Enden des Ventils ausgerichtet ist. Wenn das Ventil geschlossen ist, steht das Loch senkrecht zu den Enden des Ventils und der Durchfluss ist blockiert.<\/p>\n<p>Kugelh\u00e4hne werden aufgrund ihrer Vielseitigkeit, einfachen Reparatur und schnellen Bedienung h\u00e4ufig in industriellen Anwendungen eingesetzt.<\/p>\n<div class='avia-button-wrap avia-button-center'><a href='https:\/\/www.stvvalves.com\/de\/wholesale\/ball-valve\/' class='avia-button   avia-icon_select-no avia-color-custom avia-size-medium avia-position-center'  style='background-color:#07385e; border-color:#07385e; color:#ffffff; ' ><span class='avia_iconbox_title' >Weitere Industriekugelh\u00e4hne<\/span><\/a><\/div>\n<\/div><\/section><\/p><\/div>\n<div  class='hr hr-default'><span class='hr-inner' ><span class='hr-inner-style'><\/span><\/span><\/div>\n<div class=\"flex_column av_one_third  flex_column_div av-zero-column-padding first\" style='border-width:1px; border-color:#07385e; border-style:solid; border-radius:0px; '><div class='avia-image-container  av-styling-    avia-align-center'  ><div class='avia-image-container-inner'><a href='https:\/\/www.stvvalves.com\/de\/wholesale\/gate-valve\/' class='avia_image'  ><img class='avia_image' src='https:\/\/www.stvvalves.com\/wp-content\/uploads\/2021\/04\/Gate-valve-2.jpg' alt='Industrial Gate valve' title='Absperrschieber'  \/><\/a><\/div><\/div><\/div>\n<div class=\"flex_column av_two_third  flex_column_div av-zero-column-padding\" style='border-radius:0px; '><p><div style='padding-bottom:10px;' class='av-special-heading av-special-heading-h3'><h3 class='av-special-heading-tag'  ><span class=\"ez-toc-section\" id=\"Industrial_Gate_Valves\"><\/span>Industrielle Absperrschieber<span class=\"ez-toc-section-end\"><\/span><\/h3><div class='special-heading-border'><div class='special-heading-inner-border' ><\/div><\/div><\/div><br \/>\n<section class=\"av_textblock_section\" ><div class='avia_textblock'  ><p>Industrieschieber, die \u00fcblicherweise in Prozessanlagen und Wassersystemen eingesetzt werden, sind Ventile mit linearer Bewegung, die zum Starten oder Stoppen des Flusses von Fl\u00fcssigkeiten oder Gasen verwendet werden. Im Betrieb sind Absperrschieber entweder vollst\u00e4ndig ge\u00f6ffnet oder vollst\u00e4ndig geschlossen. Sie erm\u00f6glichen einen minimalen Druckabfall, wenn die Fl\u00fcssigkeit durch das Ventil flie\u00dft. Dies liegt daran, dass der Absperrschieber bei vollst\u00e4ndiger \u00d6ffnung aus dem Durchfluss genommen wird und keinen Widerstand erzeugt.<\/p>\n<p>Absperrschieber sind zwar nicht f\u00fcr Drosselung oder zu h\u00e4ufigen Betrieb ausgelegt, eignen sich jedoch im Allgemeinen ideal f\u00fcr Anwendungen, die einen vollen Durchfluss oder Anwendungen ohne Durchfluss erfordern.<\/p>\n<div class='avia-button-wrap avia-button-center'><a href='https:\/\/www.stvvalves.com\/de\/wholesale\/gate-valve\/' class='avia-button   avia-icon_select-no avia-color-custom avia-size-medium avia-position-center'  style='background-color:#07385e; border-color:#07385e; color:#ffffff; ' ><span class='avia_iconbox_title' >Weitere Industrieschieber<\/span><\/a><\/div>\n<\/div><\/section><\/p><\/div>\n<div  class='hr hr-default'><span class='hr-inner' ><span class='hr-inner-style'><\/span><\/span><\/div>\n<div class=\"flex_column av_one_third  flex_column_div av-zero-column-padding first\" style='border-width:1px; border-color:#07385e; border-style:solid; border-radius:0px; '><div class='avia-image-container  av-styling-circle    avia-align-center'  ><div class='avia-image-container-inner'><a href='https:\/\/www.stvvalves.com\/de\/wholesale\/y-strainer\/' class='avia_image'  ><img class='avia_image' src='https:\/\/www.stvvalves.com\/wp-content\/uploads\/2021\/05\/cast-steel-Y-type-strainer-300x300.jpg' alt='cast steel Y type strainer supplier' title='Y-Sieb aus Stahlguss'  \/><\/a><\/div><\/div><\/div><div class=\"flex_column av_two_third  flex_column_div av-zero-column-padding\" style='border-radius:0px; '><p><div style='padding-bottom:10px;' class='av-special-heading av-special-heading-h3'><h3 class='av-special-heading-tag'  ><span class=\"ez-toc-section\" id=\"Y_Strainer\"><\/span>Y Sieb<span class=\"ez-toc-section-end\"><\/span><\/h3><div class='special-heading-border'><div class='special-heading-inner-border' ><\/div><\/div><\/div><br \/>\n<section class=\"av_textblock_section\" ><div class='avia_textblock'  ><p>Der Zweck dieser Ventile besteht darin, zu verhindern, dass Partikel durch eine Rohrleitung gelangen und empfindliche Ger\u00e4te besch\u00e4digen. Dies erreichen sie durch den Einsatz eines perforierten Siebelements.<\/p>\n<p>Der Einsatz eines Y-Siebs f\u00fchrt zu einem minimalen Druckabfall.<\/p>\n<div class='avia-button-wrap avia-button-center'><a href='https:\/\/www.stvvalves.com\/de\/wholesale\/y-strainer\/' class='avia-button   avia-icon_select-no avia-color-custom avia-size-medium avia-position-center'  style='background-color:#07385e; border-color:#07385e; color:#ffffff; ' ><span class='avia_iconbox_title' >Weitere Y-Siebe<\/span><\/a><\/div>\n<\/div><\/section><\/p><\/div><\/p>\n<div  class='hr hr-default'><span class='hr-inner' ><span class='hr-inner-style'><\/span><\/span><\/div>\n<div class=\"flex_column av_one_third  flex_column_div av-zero-column-padding first\" style='border-width:1px; border-color:#07385e; border-style:solid; border-radius:0px; '><div class='avia-image-container  av-styling-    avia-align-center'  ><div class='avia-image-container-inner'><a href='https:\/\/www.stvvalves.com\/de\/wholesale\/check-valves\/' class='avia_image'  ><img class='avia_image' src='https:\/\/www.stvvalves.com\/wp-content\/uploads\/2021\/04\/Check-Valve-1.jpg' alt='600lb Industrial Check Valve' title='R\u00fcckschlagventil'  \/><\/a><\/div><\/div><\/div>\n<div class=\"flex_column av_two_third  flex_column_div av-zero-column-padding\" style='border-radius:0px; '><p><div style='padding-bottom:10px;' class='av-special-heading av-special-heading-h3'><h3 class='av-special-heading-tag'  ><span class=\"ez-toc-section\" id=\"Industrial_Check_Valve\"><\/span>Industrielles R\u00fcckschlagventil<span class=\"ez-toc-section-end\"><\/span><\/h3><div class='special-heading-border'><div class='special-heading-inner-border' ><\/div><\/div><\/div><br \/>\n<section class=\"av_textblock_section\" ><div class='avia_textblock'  ><p>Das Industrie-R\u00fcckschlagventil, auch R\u00fcckschlagventil genannt, wird in Rohrleitungssystemen eingesetzt, um den R\u00fcckfluss zu begrenzen und zu stoppen. Die Fl\u00fcssigkeit, die durch eine Rohrleitung flie\u00dft, erzeugt einen Druck und eine Str\u00f6mungsgeschwindigkeit, die das Ventil \u00f6ffnet. Auf der anderen Seite f\u00fchrt die Str\u00f6mungsumkehr dazu, dass das Ventil schlie\u00dft. Abh\u00e4ngig von den Anforderungen Ihres Systems gibt es verschiedene Ventiltypen.<\/p>\n<div class='avia-button-wrap avia-button-center'><a href='https:\/\/www.stvvalves.com\/de\/wholesale\/check-valves\/' class='avia-button   avia-icon_select-no avia-color-custom avia-size-medium avia-position-center'  style='background-color:#07385e; border-color:#07385e; color:#ffffff; ' ><span class='avia_iconbox_title' >Weitere industrielle R\u00fcckschlagventile<\/span><\/a><\/div>\n<\/div><\/section><\/p><\/div>\n<div  class='hr hr-default'><span class='hr-inner' ><span class='hr-inner-style'><\/span><\/span><\/div>\n<div class=\"flex_column av_one_third  flex_column_div av-zero-column-padding first\" style='border-width:1px; border-color:#07385e; border-style:solid; border-radius:0px; '><div class='avia-image-container  av-styling-    avia-align-center'  ><div class='avia-image-container-inner'><a href='https:\/\/www.stvvalves.com\/de\/wholesale\/globe-valve\/' class='avia_image'  ><img class='avia_image' src='https:\/\/www.stvvalves.com\/wp-content\/uploads\/2021\/04\/globe-valve.jpg' alt='Industrial globe valve' title='Durchgangsventil'  \/><\/a><\/div><\/div><\/div>\n<div class=\"flex_column av_two_third  flex_column_div av-zero-column-padding\" style='border-radius:0px; '><p><div style='padding-bottom:10px;' class='av-special-heading av-special-heading-h3'><h3 class='av-special-heading-tag'  ><span class=\"ez-toc-section\" id=\"Industrial_Globe_Valve\"><\/span>Industrielles Kugelventil<span class=\"ez-toc-section-end\"><\/span><\/h3><div class='special-heading-border'><div class='special-heading-inner-border' ><\/div><\/div><\/div><br \/>\n<section class=\"av_textblock_section\" ><div class='avia_textblock'  ><p>Diese industriellen Kugelventile werden zum Stoppen, Starten und Steuern des Fl\u00fcssigkeitsflusses verwendet. Im Gegensatz zum senkrechten Sitz bei Absperrschiebern erfolgt der Sitz bei Kugelventilen parallel zur Str\u00f6mungslinie. Der Kontakt zwischen Sitz und Scheibe endet, wenn der Durchfluss beginnt. Dadurch verf\u00fcgt das Ventil \u00fcber eine wirksame Drosselfunktion zur Durchflussregulierung. Diese Linearbewegungsventile werden zum Stoppen, Starten und Steuern des Fl\u00fcssigkeitsflusses verwendet. Im Gegensatz zum senkrechten Sitz bei Absperrschiebern erfolgt der Sitz bei Kugelventilen parallel zur Str\u00f6mungslinie. Der Kontakt zwischen Sitz und Scheibe endet, wenn der Durchfluss beginnt. Dadurch verf\u00fcgt das Ventil \u00fcber eine wirksame Drosself\u00e4higkeit zur Durchflussregulierung.<\/p>\n<div class='avia-button-wrap avia-button-center'><a href='https:\/\/www.stvvalves.com\/de\/wholesale\/globe-valve\/' class='avia-button   avia-icon_select-no avia-color-custom avia-size-medium avia-position-center'  style='background-color:#07385e; border-color:#07385e; color:#ffffff; ' ><span class='avia_iconbox_title' >Weitere Industrie-Absperrventile<\/span><\/a><\/div>\n<\/div><\/section><\/p><\/div>\n<div  class='hr hr-default'><span class='hr-inner' ><span class='hr-inner-style'><\/span><\/span><\/div>\n<div class=\"flex_column av_one_third  flex_column_div av-zero-column-padding first\" style='border-width:1px; border-color:#07385e; border-style:solid; border-radius:0px; '><div class='avia-image-container  av-styling-    avia-align-center'  ><div class='avia-image-container-inner'><a href='https:\/\/www.stvvalves.com\/de\/wholesale\/butterfly-valve\/' class='avia_image'  ><img class='avia_image' src='https:\/\/www.stvvalves.com\/wp-content\/uploads\/2021\/04\/Butterful-Valve.jpg' alt='China Industrial Butterfly Valve' title='Absperrklappe'  \/><\/a><\/div><\/div><\/div>\n<div class=\"flex_column av_two_third  flex_column_div av-zero-column-padding\" style='border-radius:0px; '><p><div style='padding-bottom:10px;' class='av-special-heading av-special-heading-h3'><h3 class='av-special-heading-tag'  ><span class=\"ez-toc-section\" id=\"Industrial_Butterfly_Valve\"><\/span>Industrielle Absperrklappe<span class=\"ez-toc-section-end\"><\/span><\/h3><div class='special-heading-border'><div class='special-heading-inner-border' ><\/div><\/div><\/div><br \/>\n<section class=\"av_textblock_section\" ><div class='avia_textblock'  ><p>Diese industriellen Absperrklappen verdanken ihren Namen der fl\u00fcgelartigen Bewegung ihrer Scheiben, die im rechten Winkel zur Str\u00f6mung wirkt. Die Hauptvorteile einer Absperrklappe sind niedrige Kosten, schnelle Bedienung, einfache Installation und geringes Gewicht im Verh\u00e4ltnis zur Gr\u00f6\u00dfe.<\/p>\n<p>Diese Ventile k\u00f6nnen in vollst\u00e4ndig ge\u00f6ffneter oder vollst\u00e4ndig geschlossener Position verwendet werden. Sie k\u00f6nnen auch als kosteng\u00fcnstige M\u00f6glichkeit zur Steuerung des Flusses von Fl\u00fcssigkeiten oder Gasen eingesetzt werden. Sie gelten jedoch nicht als genaue Regelventile.<\/p>\n<div class='avia-button-wrap avia-button-center'><a href='https:\/\/www.stvvalves.com\/de\/wholesale\/butterfly-valve\/' class='avia-button   avia-icon_select-no avia-color-custom avia-size-medium avia-position-center'  style='background-color:#07385e; border-color:#07385e; color:#ffffff; ' ><span class='avia_iconbox_title' >Weitere industrielle Absperrklappen<\/span><\/a><\/div>\n<\/div><\/section><\/p><\/div>\n<div  class='hr hr-default'><span class='hr-inner' ><span class='hr-inner-style'><\/span><\/span><\/div>\n<div class=\"flex_column av_one_third  flex_column_div av-zero-column-padding first\" style='border-width:1px; border-color:#07385e; border-style:solid; border-radius:0px; '><div class='avia-image-container  av-styling-    avia-align-center'  ><div class='avia-image-container-inner'><a href='https:\/\/www.stvvalves.com\/de\/wholesale\/pipe-fitting\/' class='avia_image'  ><img class='avia_image' src='https:\/\/www.stvvalves.com\/wp-content\/uploads\/2021\/04\/PIPE-FITING.jpg' alt='Pipe Fitting' title='ROHRVERBINDUNG'  \/><\/a><\/div><\/div><\/div>\n<div class=\"flex_column av_two_third  flex_column_div av-zero-column-padding\" style='border-radius:0px; '><p><div style='padding-bottom:10px;' class='av-special-heading av-special-heading-h3'><h3 class='av-special-heading-tag'  ><span class=\"ez-toc-section\" id=\"Pipe_Fitting\"><\/span>Rohrverschraubung<span class=\"ez-toc-section-end\"><\/span><\/h3><div class='special-heading-border'><div class='special-heading-inner-border' ><\/div><\/div><\/div><br \/>\n<section class=\"av_textblock_section\" ><div class='avia_textblock'  ><p>Rohrverbindungsst\u00fccke sind Rohrleitungskomponenten, die dabei helfen, die Str\u00f6mungsrichtung zu \u00e4ndern, z. B. B\u00f6gen oder T-St\u00fccke. \u00c4ndert die Gr\u00f6\u00dfe des Rohrs, z. B. durch Reduzierst\u00fccke oder Reduzier-T-St\u00fccke. Verbinden Sie verschiedene Komponenten wie z. B. Kupplungen und stoppen Sie die Str\u00f6mungen wie z. B. Kappen.<\/p>\n<div class='avia-button-wrap avia-button-center'><a href='https:\/\/www.stvvalves.com\/de\/wholesale\/pipe-fitting\/' class='avia-button   avia-icon_select-no avia-color-custom avia-size-medium avia-position-center'  style='background-color:#07385e; border-color:#07385e; color:#ffffff; ' ><span class='avia_iconbox_title' >Weitere Rohrverbindungen<\/span><\/a><\/div>\n<\/div><\/section><\/p><\/div>\n<div  class='hr hr-default'><span class='hr-inner' ><span class='hr-inner-style'><\/span><\/span><\/div>\n<div class=\"flex_column av_one_half  flex_column_div av-zero-column-padding first\" style='border-radius:0px; '><p><div style='padding-bottom:10px;' class='av-special-heading av-special-heading-h3'><h3 class='av-special-heading-tag'  ><span class=\"ez-toc-section\" id=\"Contact_Us\"><\/span>Kontaktiere uns<span class=\"ez-toc-section-end\"><\/span><\/h3><div class='special-heading-border'><div class='special-heading-inner-border' ><\/div><\/div><\/div><br \/>\n<section class=\"av_textblock_section\" ><div class='avia_textblock'  ><p>STV ist einer der f\u00fchrenden chinesischen Hersteller von Industrieventilen mit Sitz im Yongqiang High-Tech Industrial Park, Stadt Wenzhou, Provinz Zhejiang, und ein auf Industrieventile und Rohrverbindungsausr\u00fcstung spezialisiertes Unternehmen.<\/p>\n<p>Suchen Sie nach Herstellern industrieller Umschaltventile in China? Z\u00f6gern Sie nicht, uns zu kontaktieren, wenn Sie Fragen zu den Industrieventilen haben oder ein Angebot anfordern. Unsere erfahrenen Ventilexperten geben Ihnen innerhalb von 24 Stunden Feedback und stellen Ihnen eine ma\u00dfgeschneiderte Ventill\u00f6sung zur Verf\u00fcgung.<\/p>\n<p><strong>Herr Jalen Lee<\/strong><\/p>\n<p>Hinzuf\u00fcgen: 88#, Jifeng Road, Stadt Wenzhou, Provinz Zhejiang, 325025<\/p>\n<p>Email: <a href=\"mailto:sales@stvvalves.com\">sales@stvvalves.com<\/a><\/p>\n<p>Tel. 1:\u00a0<a href=\"tel:0086-0577-85987444\">+86-0577-85987444<\/a><\/p>\n<p>Tel. 2:\u00a0<a href=\"tel:008615157766245\">+8615157766245<\/a><\/p>\n<\/div><\/section><\/p><\/div>\n<div class=\"flex_column av_one_half  flex_column_div av-zero-column-padding\" style='border-radius:0px; '><section class=\"av_textblock_section\" ><div class='avia_textblock'  >\n<div class=\"wpcf7 no-js\" id=\"wpcf7-f3466-o1\" lang=\"en-US\" dir=\"ltr\" data-wpcf7-id=\"3466\">\n<div class=\"screen-reader-response\"><p role=\"status\" aria-live=\"polite\" aria-atomic=\"true\"><\/p> <ul><\/ul><\/div>\n<form action=\"\/de\/wp-json\/wp\/v2\/pages\/5836#wpcf7-f3466-o1\" method=\"post\" class=\"wpcf7-form init\" aria-label=\"Kontakt Formular\" novalidate=\"novalidate\" data-status=\"init\" data-trp-original-action=\"\/de\/wp-json\/wp\/v2\/pages\/5836#wpcf7-f3466-o1\">\n<fieldset class=\"hidden-fields-container\"><input type=\"hidden\" name=\"_wpcf7\" value=\"3466\" \/><input type=\"hidden\" name=\"_wpcf7_version\" value=\"6.1.5\" \/><input type=\"hidden\" name=\"_wpcf7_locale\" value=\"en_US\" \/><input type=\"hidden\" name=\"_wpcf7_unit_tag\" value=\"wpcf7-f3466-o1\" \/><input type=\"hidden\" name=\"_wpcf7_container_post\" value=\"0\" \/><input type=\"hidden\" name=\"_wpcf7_posted_data_hash\" value=\"\" \/>\n<\/fieldset>\n<p>Dein Telefon<br \/>\n<span class=\"wpcf7-form-control-wrap\" data-name=\"your-name\"><input size=\"40\" maxlength=\"400\" class=\"wpcf7-form-control wpcf7-text wpcf7-validates-as-required text_input\" aria-required=\"true\" aria-invalid=\"false\" value=\"\" type=\"text\" name=\"your-name\" \/><\/span><br \/>\nDeine E-Mail<br \/>\n<span class=\"wpcf7-form-control-wrap\" data-name=\"your-email\"><input size=\"40\" maxlength=\"400\" class=\"wpcf7-form-control wpcf7-email wpcf7-validates-as-required wpcf7-text wpcf7-validates-as-email text_input\" aria-required=\"true\" aria-invalid=\"false\" value=\"\" type=\"email\" name=\"your-email\" \/><\/span><br \/>\nIhre Nachricht<br \/>\n<span class=\"wpcf7-form-control-wrap\" data-name=\"your-message\"><textarea cols=\"40\" rows=\"10\" maxlength=\"2000\" class=\"wpcf7-form-control wpcf7-textarea wpcf7-validates-as-required text_area\" aria-required=\"true\" aria-invalid=\"false\" name=\"your-message\"><\/textarea><\/span><br \/>\n<input class=\"wpcf7-form-control wpcf7-submit has-spinner\" type=\"submit\" value=\"Schicken\" \/>\n<\/p><div class=\"wpcf7-response-output\" aria-hidden=\"true\"><\/div>\n<input type=\"hidden\" name=\"trp-form-language\" value=\"de\"\/><\/form>\n<\/div>\n\n<\/div><\/section><\/div>","protected":false},"excerpt":{"rendered":"","protected":false},"author":290641,"featured_media":0,"parent":0,"menu_order":0,"comment_status":"closed","ping_status":"closed","template":"","meta":{"footnotes":""},"class_list":["post-5836","page","type-page","status-publish","hentry"],"_links":{"self":[{"href":"https:\/\/www.stvvalves.com\/de\/wp-json\/wp\/v2\/pages\/5836","targetHints":{"allow":["GET"]}}],"collection":[{"href":"https:\/\/www.stvvalves.com\/de\/wp-json\/wp\/v2\/pages"}],"about":[{"href":"https:\/\/www.stvvalves.com\/de\/wp-json\/wp\/v2\/types\/page"}],"author":[{"embeddable":true,"href":"https:\/\/www.stvvalves.com\/de\/wp-json\/wp\/v2\/users\/290641"}],"replies":[{"embeddable":true,"href":"https:\/\/www.stvvalves.com\/de\/wp-json\/wp\/v2\/comments?post=5836"}],"version-history":[{"count":38,"href":"https:\/\/www.stvvalves.com\/de\/wp-json\/wp\/v2\/pages\/5836\/revisions"}],"predecessor-version":[{"id":6412,"href":"https:\/\/www.stvvalves.com\/de\/wp-json\/wp\/v2\/pages\/5836\/revisions\/6412"}],"wp:attachment":[{"href":"https:\/\/www.stvvalves.com\/de\/wp-json\/wp\/v2\/media?parent=5836"}],"curies":[{"name":"wp","href":"https:\/\/api.w.org\/{rel}","templated":true}]}}