{"id":6094,"date":"2022-08-23T09:23:51","date_gmt":"2022-08-23T01:23:51","guid":{"rendered":"https:\/\/www.stvvalves.com\/?page_id=6094"},"modified":"2025-08-10T14:40:11","modified_gmt":"2025-08-10T06:40:11","slug":"china-y-strainer-manufacturer","status":"publish","type":"page","link":"https:\/\/www.stvvalves.com\/de\/china-y-strainer-manufacturer\/","title":{"rendered":"Hersteller von Y-Sieben in China"},"content":{"rendered":"<div class=\"flex_column av_one_full  flex_column_div av-zero-column-padding first\" style='border-radius:0px; '><p><div style='padding-bottom:10px;' class='av-special-heading av-special-heading-h2'><div id=\"ez-toc-container\" class=\"ez-toc-v2_0_82_2 counter-hierarchy ez-toc-counter ez-toc-grey ez-toc-container-direction\">\n<div class=\"ez-toc-title-container\">\n<p class=\"ez-toc-title\" style=\"cursor:inherit\">Table of Contents<\/p>\n<span class=\"ez-toc-title-toggle\"><a href=\"#\" class=\"ez-toc-pull-right ez-toc-btn ez-toc-btn-xs ez-toc-btn-default ez-toc-toggle\" aria-label=\"Toggle Table of Content\"><span class=\"ez-toc-js-icon-con\"><span class=\"\"><span class=\"eztoc-hide\" style=\"display:none;\">Toggle<\/span><span class=\"ez-toc-icon-toggle-span\"><svg style=\"fill: #999;color:#999\" xmlns=\"http:\/\/www.w3.org\/2000\/svg\" class=\"list-377408\" width=\"20px\" height=\"20px\" viewbox=\"0 0 24 24\" fill=\"none\"><path d=\"M6 6H4v2h2V6zm14 0H8v2h12V6zM4 11h2v2H4v-2zm16 0H8v2h12v-2zM4 16h2v2H4v-2zm16 0H8v2h12v-2z\" fill=\"currentColor\"><\/path><\/svg><svg style=\"fill: #999;color:#999\" class=\"arrow-unsorted-368013\" xmlns=\"http:\/\/www.w3.org\/2000\/svg\" width=\"10px\" height=\"10px\" viewbox=\"0 0 24 24\" version=\"1.2\" baseprofile=\"tiny\"><path d=\"M18.2 9.3l-6.2-6.3-6.2 6.3c-.2.2-.3.4-.3.7s.1.5.3.7c.2.2.4.3.7.3h11c.3 0 .5-.1.7-.3.2-.2.3-.5.3-.7s-.1-.5-.3-.7zM5.8 14.7l6.2 6.3 6.2-6.3c.2-.2.3-.5.3-.7s-.1-.5-.3-.7c-.2-.2-.4-.3-.7-.3h-11c-.3 0-.5.1-.7.3-.2.2-.3.5-.3.7s.1.5.3.7z\"\/><\/svg><\/span><\/span><\/span><\/a><\/span><\/div>\n<nav><ul class='ez-toc-list ez-toc-list-level-1' ><li class='ez-toc-page-1 ez-toc-heading-level-2'><a class=\"ez-toc-link ez-toc-heading-1\" href=\"https:\/\/www.stvvalves.com\/de\/china-y-strainer-manufacturer\/#China_Y-Strainer_Manufacturer\" >Hersteller von Y-Sieben in China<\/a><\/li><li class='ez-toc-page-1 ez-toc-heading-level-2'><a class=\"ez-toc-link ez-toc-heading-2\" href=\"https:\/\/www.stvvalves.com\/de\/china-y-strainer-manufacturer\/#China_Y-Strainer_Product\" >China Y-Siebprodukt<\/a><ul class='ez-toc-list-level-3' ><li class='ez-toc-heading-level-3'><a class=\"ez-toc-link ez-toc-heading-3\" href=\"https:\/\/www.stvvalves.com\/de\/china-y-strainer-manufacturer\/#Cast_Steel_Y_Type_Strainer\" >Y-Sieb aus Stahlguss<\/a><\/li><li class='ez-toc-page-1 ez-toc-heading-level-3'><a class=\"ez-toc-link ez-toc-heading-4\" href=\"https:\/\/www.stvvalves.com\/de\/china-y-strainer-manufacturer\/#Forged_Steel_Y_Type_Strainer\" >Y-Sieb aus geschmiedetem Stahl<\/a><\/li><li class='ez-toc-page-1 ez-toc-heading-level-3'><a class=\"ez-toc-link ez-toc-heading-5\" href=\"https:\/\/www.stvvalves.com\/de\/china-y-strainer-manufacturer\/#Stainless_Steel_Y_Type_Stainer\" >Y-F\u00e4rbeger\u00e4t aus Edelstahl<\/a><\/li><\/ul><\/li><li class='ez-toc-page-1 ez-toc-heading-level-2'><a class=\"ez-toc-link ez-toc-heading-6\" href=\"https:\/\/www.stvvalves.com\/de\/china-y-strainer-manufacturer\/#Questions_About_China_Y-Strainer\" >Fragen zum chinesischen Y-Sieb<\/a><\/li><li class='ez-toc-page-1 ez-toc-heading-level-2'><a class=\"ez-toc-link ez-toc-heading-7\" href=\"https:\/\/www.stvvalves.com\/de\/china-y-strainer-manufacturer\/#Contact_Us\" >Kontaktiere uns<\/a><\/li><\/ul><\/nav><\/div>\n<h2 class='av-special-heading-tag'  ><span class=\"ez-toc-section\" id=\"China_Y-Strainer_Manufacturer\"><\/span>Hersteller von Y-Sieben in China<span class=\"ez-toc-section-end\"><\/span><\/h2><div class='special-heading-border'><div class='special-heading-inner-border' ><\/div><\/div><\/div><br \/>\n<section class=\"av_textblock_section\" ><div class='avia_textblock'  ><p>STV ist ein f\u00fchrender Hersteller und Lieferant von Y-Sieben in China mit schneller Lieferung und wettbewerbsf\u00e4higen Preisen. Das Unternehmen verf\u00fcgt \u00fcber umfangreiche Erfahrung in der Bereitstellung von Y-Siebl\u00f6sungen f\u00fcr die Wasser-, Bergbau-, Stromerzeugungs-, Bew\u00e4sserungs- und allgemeine Industrie.<\/p>\n<p>Wir bieten eine breite Produktpalette an, darunter Y-Siebe aus Gussstahl, Y-Siebe aus geschmiedetem Stahl und Y-Siebe aus Edelstahl, um ein breites Spektrum industrieller Prozesse und Anwendungen zu bew\u00e4ltigen.<\/p>\n<\/div><\/section><\/p><\/div><div class=\"flex_column av_one_full  flex_column_div av-zero-column-padding first\" style='border-radius:0px; '><div style='padding-bottom:10px;' class='av-special-heading av-special-heading-h2'><h2 class='av-special-heading-tag'  ><span class=\"ez-toc-section\" id=\"China_Y-Strainer_Product\"><\/span>China Y-Siebprodukt<span class=\"ez-toc-section-end\"><\/span><\/h2><div class='special-heading-border'><div class='special-heading-inner-border' ><\/div><\/div><\/div><\/div><\/p>\n<div class=\"flex_column av_one_third  flex_column_div av-zero-column-padding first\" style='border-radius:0px; '><p><div class='avia-image-container  av-styling-    avia-align-center'  ><div class='avia-image-container-inner'><a href='https:\/\/www.stvvalves.com\/de\/wholesale\/y-strainer\/cast-steel-y-type-strainer\/' class='avia_image'  ><img class='avia_image' src='https:\/\/www.stvvalves.com\/wp-content\/uploads\/2021\/05\/cast-steel-Y-type-strainer.jpg' alt='cast steel Y type strainer supplier' title='Y-Sieb aus Stahlguss'  \/><\/a><\/div><\/div><br \/>\n<section class=\"av_textblock_section\" ><div class='avia_textblock'  ><h3 style=\"text-align: center;\"><span class=\"ez-toc-section\" id=\"Cast_Steel_Y_Type_Strainer\"><\/span>Y-Sieb aus Stahlguss<span class=\"ez-toc-section-end\"><\/span><\/h3>\n<div class='avia-button-wrap avia-button-center'><a href='https:\/\/www.stvvalves.com\/de\/wholesale\/y-strainer\/cast-steel-y-type-strainer\/' class='avia-button   avia-icon_select-no avia-color-custom avia-size-small avia-position-center'  style='background-color:#07385e; border-color:#07385e; color:#ffffff; ' ><span class='avia_iconbox_title' >Mehr<\/span><\/a><\/div>\n<\/div><\/section><\/p><\/div>\n<div class=\"flex_column av_one_third  flex_column_div av-zero-column-padding\" style='border-radius:0px; '><p><div class='avia-image-container  av-styling-    avia-align-center'  ><div class='avia-image-container-inner'><a href='https:\/\/www.stvvalves.com\/de\/wholesale\/y-strainer\/forged-steel-y-type-strainer\/' class='avia_image'  ><img class='avia_image' src='https:\/\/www.stvvalves.com\/wp-content\/uploads\/2021\/05\/forged-steel-y-type-strainer.jpg' alt='forged steel y type strainer' title='Y-Sieb aus geschmiedetem Stahl'  \/><\/a><\/div><\/div><br \/>\n<section class=\"av_textblock_section\" ><div class='avia_textblock'  ><h3 style=\"text-align: center;\"><span class=\"ez-toc-section\" id=\"Forged_Steel_Y_Type_Strainer\"><\/span>Y-Sieb aus geschmiedetem Stahl<span class=\"ez-toc-section-end\"><\/span><\/h3>\n<div class='avia-button-wrap avia-button-center'><a href='https:\/\/www.stvvalves.com\/de\/wholesale\/y-strainer\/forged-steel-y-type-strainer\/' class='avia-button   avia-icon_select-no avia-color-custom avia-size-small avia-position-center'  style='background-color:#07385e; border-color:#07385e; color:#ffffff; ' ><span class='avia_iconbox_title' >Mehr<\/span><\/a><\/div>\n<\/div><\/section><\/p><\/div>\n<div class=\"flex_column av_one_third  flex_column_div av-zero-column-padding\" style='border-radius:0px; '><p><div class='avia-image-container  av-styling-    avia-align-center'  ><div class='avia-image-container-inner'><a href='https:\/\/www.stvvalves.com\/de\/wholesale\/y-strainer\/stainless-steel-y-type-strainer\/' class='avia_image'  ><img class='avia_image' src='https:\/\/www.stvvalves.com\/wp-content\/uploads\/2021\/05\/stainless-steel-Y-type-stainer.jpg' alt='stainless steel Y type stainer' title='F\u00e4rbeger\u00e4t vom Typ Y aus Edelstahl'  \/><\/a><\/div><\/div><br \/>\n<section class=\"av_textblock_section\" ><div class='avia_textblock'  ><h3 style=\"text-align: center;\"><span class=\"ez-toc-section\" id=\"Stainless_Steel_Y_Type_Stainer\"><\/span>Y-F\u00e4rbeger\u00e4t aus Edelstahl<span class=\"ez-toc-section-end\"><\/span><\/h3>\n<div class='avia-button-wrap avia-button-center'><a href='https:\/\/www.stvvalves.com\/de\/wholesale\/y-strainer\/stainless-steel-y-type-strainer\/' class='avia-button   avia-icon_select-no avia-color-custom avia-size-small avia-position-center'  style='background-color:#07385e; border-color:#07385e; color:#ffffff; ' ><span class='avia_iconbox_title' >Mehr<\/span><\/a><\/div>\n<\/div><\/section><\/p><\/div>\n<div class=\"flex_column av_one_full  flex_column_div av-zero-column-padding first\" style='border-radius:0px; '><p><div style='padding-bottom:10px;' class='av-special-heading av-special-heading-h2'><h2 class='av-special-heading-tag'  ><span class=\"ez-toc-section\" id=\"Questions_About_China_Y-Strainer\"><\/span>Fragen zum chinesischen Y-Sieb<span class=\"ez-toc-section-end\"><\/span><\/h2><div class='special-heading-border'><div class='special-heading-inner-border' ><\/div><\/div><\/div><br \/>\n<div class=\"togglecontainer   toggle_close_all\" >\n<section class=\"av_toggle_section\"  >    <div class=\"single_toggle\" data-tags=\"{Alle} \"  >        <p data-fake-id=\"#toggle-id-1\" class=\"toggler\"  >Was ist ein Y-Sieb?<span class=\"toggle_icon\" >        <span class=\"vert_icon\"><\/span><span class=\"hor_icon\"><\/span><\/span><\/p>        <div id=\"toggle-id-1-container\" class=\"toggle_wrap\"  >            <div class=\"toggle_content invers-color\"   ><p>Y-Siebe sind Vorrichtungen zum mechanischen Entfernen unerw\u00fcnschter Feststoffe aus Fl\u00fcssigkeits-, Gas- oder Dampfleitungen mithilfe eines perforierten oder Drahtgeflecht-Siebelements. Sie werden in Rohrleitungen zum Schutz von Pumpen, Messger\u00e4ten, Regelventilen, Kondensatableitern, Reglern und anderen Prozessger\u00e4ten eingesetzt.<\/p>\n<p>Y-Siebe werden in einer Vielzahl von Anwendungen zur Fl\u00fcssigkeitssiebung eingesetzt, um nachgeschaltete Prozesssystemkomponenten in vielen Branchen zu sch\u00fctzen, darunter in der chemischen Verarbeitung, Erd\u00f6lindustrie, Energieerzeugung und Schifffahrt. Wasseraufbereitungsanwendungen, bei denen Y-Siebe zum Schutz von Ger\u00e4ten eingesetzt werden, die durch unerw\u00fcnschten Sand, Kies oder anderen Schmutz besch\u00e4digt oder verstopft werden k\u00f6nnten, sind weit verbreitet<\/p>\n            <\/div>        <\/div>    <\/div><\/section>\n<section class=\"av_toggle_section\"  >    <div class=\"single_toggle\" data-tags=\"{Alle} \"  >        <p data-fake-id=\"#toggle-id-2\" class=\"toggler\"  >Wie wird ein Y-Sieb gewartet?<span class=\"toggle_icon\" >        <span class=\"vert_icon\"><\/span><span class=\"hor_icon\"><\/span><\/span><\/p>        <div id=\"toggle-id-2-container\" class=\"toggle_wrap\"  >            <div class=\"toggle_content invers-color\"   ><p>Bei ordnungsgem\u00e4\u00dfer Installation erfordern Y-Siebe nur sehr wenig \u00dcberwachung. Es ist jedoch wichtig, den Druck im Auge zu behalten, um sicherzustellen, dass die Ausr\u00fcstung nicht zu voll wird. Dies w\u00fcrde dazu f\u00fchren, dass der Bildschirm kaputt geht und er ersetzt werden muss. Wenn der Bildschirm ausf\u00e4llt, k\u00f6nnte das gesamte System besch\u00e4digt werden, was schnell zu einem sehr kostspieligen Problem werden w\u00fcrde. Der Filter ist leicht zug\u00e4nglich, was insgesamt einen einfachen Reinigungsprozess erm\u00f6glicht. Denken Sie daran, die Ventilanschl\u00fcsse auf beiden Seiten des Y-Siebs zu verschlie\u00dfen, bevor Sie mit der Reinigung und Druckentlastung beginnen. Von dort aus entleeren Sie unerw\u00fcnschtes Material und Schmutz. Reinigen Sie abschlie\u00dfend den Netzfilter und ersetzen Sie ihn.<\/p>\n            <\/div>        <\/div>    <\/div><\/section>\n<section class=\"av_toggle_section\"  >    <div class=\"single_toggle\" data-tags=\"{Alle} \"  >        <p data-fake-id=\"#toggle-id-3\" class=\"toggler\"  >Wann w\u00e4hlen Sie Ihr Sieb?<span class=\"toggle_icon\" >        <span class=\"vert_icon\"><\/span><span class=\"hor_icon\"><\/span><\/span><\/p>        <div id=\"toggle-id-3-container\" class=\"toggle_wrap\"  >            <div class=\"toggle_content invers-color\"   ><p>Pipeline-Siebe werden typischerweise eingesetzt, wenn die zu entfernende Partikelmenge gering ist, da ihre Aufnahmekapazit\u00e4t im Vergleich zu anderen Siebkonstruktionen deutlich geringer ist. Diese Art von Sieb wird auch h\u00e4ufig verwendet, wenn eine h\u00e4ufige Reinigung des Elements nicht erforderlich ist. Dies bedeutet, dass die entfernten Partikel aus h\u00e4rteren, groberen Materialien bestehen, die aus dem Element abgeleitet werden k\u00f6nnen, und dass die Partikel nicht in den Element\u00f6ffnungen verkeilt werden w\u00fcrde eine manuelle Reinigung erfordern. Y-Siebe haben den Vorteil, dass sie sowohl horizontal als auch vertikal mit einer nach unten gerichteten Str\u00f6mungsrichtung eingebaut werden k\u00f6nnen.<\/p>\n            <\/div>        <\/div>    <\/div><\/section>\n<\/div><\/p><\/div>\n<div style='height:50px' class='hr hr-invisible'><span class='hr-inner' ><span class='hr-inner-style'><\/span><\/span><\/div>\n<div class=\"flex_column av_one_full  flex_column_div av-zero-column-padding first\" style='border-radius:0px; '><div class='avia-image-container  av-styling-    avia-align-center'  ><div class='avia-image-container-inner'><img class='avia_image' src='https:\/\/www.stvvalves.com\/wp-content\/uploads\/2021\/05\/ball-valve-china-product.jpg' alt='China C Valve Supplier' title='Kugelhahn-Porzellanprodukt'   \/><\/div><\/div><\/div>\n<div class=\"flex_column av_one_half  flex_column_div av-zero-column-padding first\" style='border-radius:0px; '><p><div style='padding-bottom:10px;' class='av-special-heading av-special-heading-h2'><h2 class='av-special-heading-tag'  ><span class=\"ez-toc-section\" id=\"Contact_Us\"><\/span>Kontaktiere uns<span class=\"ez-toc-section-end\"><\/span><\/h2><div class='special-heading-border'><div class='special-heading-inner-border' ><\/div><\/div><\/div><br \/>\n<section class=\"av_textblock_section\" ><div class='avia_textblock'  ><p>STV ist ein chinesischer Hersteller von Y-Sieben mit Sitz im Yongqiang High-Tech Industrial Park, Stadt Wenzhou, Provinz Zhejiang, und ein auf Industrieventile und Rohrverbindungsger\u00e4te spezialisiertes Unternehmen. Zu unserem Kugelventil geh\u00f6ren Messing-Y-Siebe, 3\/8-Y-Siebe, 1\/2-Y-Siebe und mehr.<\/p>\n<p>Z\u00f6gern Sie nicht, uns zu kontaktieren, wenn Sie Fragen zu den Industrieventilen haben oder ein Angebot anfordern. Unsere erfahrenen Ventilexperten geben Ihnen innerhalb von 24 Stunden Feedback und stellen Ihnen eine ma\u00dfgeschneiderte Ventill\u00f6sung zur Verf\u00fcgung.<\/p>\n<p>Herr Jalen Lee<\/p>\n<p>Hinzuf\u00fcgen: 88#, Jifeng Road, Stadt Wenzhou, Provinz Zhejiang, 325025<\/p>\n<p>Email: <a href=\"mailto:sales@stvvalves.com\">sales@stvvalves.com<\/a><\/p>\n<p>Tel. 1:\u00a0<a href=\"tel:0086-0577-85987444\">+86-0577-85987444<\/a><\/p>\n<p>Tel. 2:\u00a0<a href=\"tel:008615157766245\">+8615157766245<\/a><\/p>\n<\/div><\/section><\/p><\/div>\n<div class=\"flex_column av_one_half  flex_column_div av-zero-column-padding\" style='border-radius:0px; '><section class=\"av_textblock_section\" ><div class='avia_textblock'  >\n<div class=\"wpcf7 no-js\" id=\"wpcf7-f3466-o1\" lang=\"en-US\" dir=\"ltr\" data-wpcf7-id=\"3466\">\n<div class=\"screen-reader-response\"><p role=\"status\" aria-live=\"polite\" aria-atomic=\"true\"><\/p> <ul><\/ul><\/div>\n<form action=\"\/de\/wp-json\/wp\/v2\/pages\/6094#wpcf7-f3466-o1\" method=\"post\" class=\"wpcf7-form init\" aria-label=\"Kontakt Formular\" novalidate=\"novalidate\" data-status=\"init\" data-trp-original-action=\"\/de\/wp-json\/wp\/v2\/pages\/6094#wpcf7-f3466-o1\">\n<fieldset class=\"hidden-fields-container\"><input type=\"hidden\" name=\"_wpcf7\" value=\"3466\" \/><input type=\"hidden\" name=\"_wpcf7_version\" value=\"6.1.5\" \/><input type=\"hidden\" name=\"_wpcf7_locale\" value=\"en_US\" \/><input type=\"hidden\" name=\"_wpcf7_unit_tag\" value=\"wpcf7-f3466-o1\" \/><input type=\"hidden\" name=\"_wpcf7_container_post\" value=\"0\" \/><input type=\"hidden\" name=\"_wpcf7_posted_data_hash\" value=\"\" \/>\n<\/fieldset>\n<p>Dein Telefon<br \/>\n<span class=\"wpcf7-form-control-wrap\" data-name=\"your-name\"><input size=\"40\" maxlength=\"400\" class=\"wpcf7-form-control wpcf7-text wpcf7-validates-as-required text_input\" aria-required=\"true\" aria-invalid=\"false\" value=\"\" type=\"text\" name=\"your-name\" \/><\/span><br \/>\nDeine E-Mail<br \/>\n<span class=\"wpcf7-form-control-wrap\" data-name=\"your-email\"><input size=\"40\" maxlength=\"400\" class=\"wpcf7-form-control wpcf7-email wpcf7-validates-as-required wpcf7-text wpcf7-validates-as-email text_input\" aria-required=\"true\" aria-invalid=\"false\" value=\"\" type=\"email\" name=\"your-email\" \/><\/span><br \/>\nIhre Nachricht<br \/>\n<span class=\"wpcf7-form-control-wrap\" data-name=\"your-message\"><textarea cols=\"40\" rows=\"10\" maxlength=\"2000\" class=\"wpcf7-form-control wpcf7-textarea wpcf7-validates-as-required text_area\" aria-required=\"true\" aria-invalid=\"false\" name=\"your-message\"><\/textarea><\/span><br \/>\n<input class=\"wpcf7-form-control wpcf7-submit has-spinner\" type=\"submit\" value=\"Schicken\" \/>\n<\/p><div class=\"wpcf7-response-output\" aria-hidden=\"true\"><\/div>\n<input type=\"hidden\" name=\"trp-form-language\" value=\"de\"\/><\/form>\n<\/div>\n\n<\/div><\/section><\/div>","protected":false},"excerpt":{"rendered":"","protected":false},"author":290641,"featured_media":0,"parent":0,"menu_order":0,"comment_status":"closed","ping_status":"closed","template":"","meta":{"footnotes":""},"class_list":["post-6094","page","type-page","status-publish","hentry"],"_links":{"self":[{"href":"https:\/\/www.stvvalves.com\/de\/wp-json\/wp\/v2\/pages\/6094","targetHints":{"allow":["GET"]}}],"collection":[{"href":"https:\/\/www.stvvalves.com\/de\/wp-json\/wp\/v2\/pages"}],"about":[{"href":"https:\/\/www.stvvalves.com\/de\/wp-json\/wp\/v2\/types\/page"}],"author":[{"embeddable":true,"href":"https:\/\/www.stvvalves.com\/de\/wp-json\/wp\/v2\/users\/290641"}],"replies":[{"embeddable":true,"href":"https:\/\/www.stvvalves.com\/de\/wp-json\/wp\/v2\/comments?post=6094"}],"version-history":[{"count":12,"href":"https:\/\/www.stvvalves.com\/de\/wp-json\/wp\/v2\/pages\/6094\/revisions"}],"predecessor-version":[{"id":8260,"href":"https:\/\/www.stvvalves.com\/de\/wp-json\/wp\/v2\/pages\/6094\/revisions\/8260"}],"wp:attachment":[{"href":"https:\/\/www.stvvalves.com\/de\/wp-json\/wp\/v2\/media?parent=6094"}],"curies":[{"name":"wp","href":"https:\/\/api.w.org\/{rel}","templated":true}]}}