{"id":8646,"date":"2025-12-17T19:17:47","date_gmt":"2025-12-17T11:17:47","guid":{"rendered":"https:\/\/www.stvvalves.com\/?page_id=8646"},"modified":"2025-12-17T19:18:01","modified_gmt":"2025-12-17T11:18:01","slug":"china-plug-valve-manufacturer","status":"publish","type":"page","link":"https:\/\/www.stvvalves.com\/de\/china-plug-valve-manufacturer\/","title":{"rendered":"China Plug Valve Manufacturer"},"content":{"rendered":"<div class=\"flex_column av_one_full  flex_column_div av-zero-column-padding first\" style='border-radius:0px; '><p><div style='padding-bottom:10px;' class='av-special-heading av-special-heading-h2'><div id=\"ez-toc-container\" class=\"ez-toc-v2_0_82_2 counter-hierarchy ez-toc-counter ez-toc-grey ez-toc-container-direction\">\n<div class=\"ez-toc-title-container\">\n<p class=\"ez-toc-title\" style=\"cursor:inherit\">Table of Contents<\/p>\n<span class=\"ez-toc-title-toggle\"><a href=\"#\" class=\"ez-toc-pull-right ez-toc-btn ez-toc-btn-xs ez-toc-btn-default ez-toc-toggle\" aria-label=\"Toggle Table of Content\"><span class=\"ez-toc-js-icon-con\"><span class=\"\"><span class=\"eztoc-hide\" style=\"display:none;\">Toggle<\/span><span class=\"ez-toc-icon-toggle-span\"><svg style=\"fill: #999;color:#999\" xmlns=\"http:\/\/www.w3.org\/2000\/svg\" class=\"list-377408\" width=\"20px\" height=\"20px\" viewbox=\"0 0 24 24\" fill=\"none\"><path d=\"M6 6H4v2h2V6zm14 0H8v2h12V6zM4 11h2v2H4v-2zm16 0H8v2h12v-2zM4 16h2v2H4v-2zm16 0H8v2h12v-2z\" fill=\"currentColor\"><\/path><\/svg><svg style=\"fill: #999;color:#999\" class=\"arrow-unsorted-368013\" xmlns=\"http:\/\/www.w3.org\/2000\/svg\" width=\"10px\" height=\"10px\" viewbox=\"0 0 24 24\" version=\"1.2\" baseprofile=\"tiny\"><path d=\"M18.2 9.3l-6.2-6.3-6.2 6.3c-.2.2-.3.4-.3.7s.1.5.3.7c.2.2.4.3.7.3h11c.3 0 .5-.1.7-.3.2-.2.3-.5.3-.7s-.1-.5-.3-.7zM5.8 14.7l6.2 6.3 6.2-6.3c.2-.2.3-.5.3-.7s-.1-.5-.3-.7c-.2-.2-.4-.3-.7-.3h-11c-.3 0-.5.1-.7.3-.2.2-.3.5-.3.7s.1.5.3.7z\"\/><\/svg><\/span><\/span><\/span><\/a><\/span><\/div>\n<nav><ul class='ez-toc-list ez-toc-list-level-1' ><li class='ez-toc-page-1 ez-toc-heading-level-2'><a class=\"ez-toc-link ez-toc-heading-1\" href=\"https:\/\/www.stvvalves.com\/de\/china-plug-valve-manufacturer\/#China_Plug_Valve_Manufacturer_And_Supplier\" >China Plug Valve Manufacturer And Supplier<\/a><\/li><li class='ez-toc-page-1 ez-toc-heading-level-2'><a class=\"ez-toc-link ez-toc-heading-2\" href=\"https:\/\/www.stvvalves.com\/de\/china-plug-valve-manufacturer\/#China_Plug_Valve_Product\" >China Plug Valve Product<\/a><ul class='ez-toc-list-level-3' ><li class='ez-toc-heading-level-3'><a class=\"ez-toc-link ez-toc-heading-3\" href=\"https:\/\/www.stvvalves.com\/de\/china-plug-valve-manufacturer\/#China_Cast_Steel_Ball_Valve\" >China-Kugelhahn aus Stahlguss<\/a><\/li><li class='ez-toc-page-1 ez-toc-heading-level-3'><a class=\"ez-toc-link ez-toc-heading-4\" href=\"https:\/\/www.stvvalves.com\/de\/china-plug-valve-manufacturer\/#China_Flange_Ball_Valve\" >China-Flanschkugelhahn<\/a><\/li><li class='ez-toc-page-1 ez-toc-heading-level-3'><a class=\"ez-toc-link ez-toc-heading-5\" href=\"https:\/\/www.stvvalves.com\/de\/china-plug-valve-manufacturer\/#China_Floating_Ball_Valve\" >Schwimmender Kugelhahn aus China<\/a><\/li><li class='ez-toc-page-1 ez-toc-heading-level-3'><a class=\"ez-toc-link ez-toc-heading-6\" href=\"https:\/\/www.stvvalves.com\/de\/china-plug-valve-manufacturer\/#China_Forged_Steel_Ball_Valve\" >China-Kugelhahn aus geschmiedetem Stahl<\/a><\/li><li class='ez-toc-page-1 ez-toc-heading-level-3'><a class=\"ez-toc-link ez-toc-heading-7\" href=\"https:\/\/www.stvvalves.com\/de\/china-plug-valve-manufacturer\/#China_Stainless_Steel_Ball_Valve\" >China-Edelstahl-Kugelhahn<\/a><\/li><li class='ez-toc-page-1 ez-toc-heading-level-3'><a class=\"ez-toc-link ez-toc-heading-8\" href=\"https:\/\/www.stvvalves.com\/de\/china-plug-valve-manufacturer\/#China_Threaded_Ball_Valve\" >China-Gewindekugelhahn<\/a><\/li><\/ul><\/li><li class='ez-toc-page-1 ez-toc-heading-level-2'><a class=\"ez-toc-link ez-toc-heading-9\" href=\"https:\/\/www.stvvalves.com\/de\/china-plug-valve-manufacturer\/#Questions_About_China_Plug_Valves\" >Questions About China Plug Valves<\/a><\/li><li class='ez-toc-page-1 ez-toc-heading-level-2'><a class=\"ez-toc-link ez-toc-heading-10\" href=\"https:\/\/www.stvvalves.com\/de\/china-plug-valve-manufacturer\/#Contact_Us\" >Kontaktiere uns<\/a><\/li><\/ul><\/nav><\/div>\n<h2 class='av-special-heading-tag'  ><span class=\"ez-toc-section\" id=\"China_Plug_Valve_Manufacturer_And_Supplier\"><\/span>China Plug Valve Manufacturer And Supplier<span class=\"ez-toc-section-end\"><\/span><\/h2><div class='special-heading-border'><div class='special-heading-inner-border' ><\/div><\/div><\/div><br \/>\n<section class=\"av_textblock_section\" ><div class='avia_textblock'  ><p>STV Valve Technology Group CO., LTD ist einer der f\u00fchrenden Hersteller <strong>China Plug Valve manufacturer and supplier<\/strong>. We proudly manufacture and supply a wide range of <strong>Plug Valves <\/strong>in China. Our <strong>Plug Valves<\/strong> have a long service life and reliable sealing feature which help our business partner throttling gases and vapors and are useful for low-flow situations, particularly in the oil and gas industry.<\/p>\n<\/div><\/section><\/p><\/div><div style='padding-bottom:10px;' class='av-special-heading av-special-heading-h2'><h2 class='av-special-heading-tag'  ><span class=\"ez-toc-section\" id=\"China_Plug_Valve_Product\"><\/span>China Plug Valve Product<span class=\"ez-toc-section-end\"><\/span><\/h2><div class='special-heading-border'><div class='special-heading-inner-border' ><\/div><\/div><\/div><\/p>\n<section class=\"av_textblock_section\" ><div class='avia_textblock'  ><p>Der Kugelhahn ist eine kosteng\u00fcnstige Alternative zu anderen Ventilen. China-Kugelh\u00e4hne verwenden eine Metallkugel mit einem Loch in der Mitte, das zwischen zwei Sitzen angeordnet ist, um den Gas- und Dampfstrom im Inneren zu steuern. Kugelh\u00e4hne werden in vielen Kohlenwasserstoffverfahren eingesetzt und k\u00f6nnen Gase und D\u00e4mpfe drosseln. Sie sind besonders hilfreich bei Bedingungen mit geringem Durchfluss. Diese Kugelh\u00e4hne \u00f6ffnen sich schnell und bieten einen sehr dichten Verschluss bei schwer zu haltenden Fl\u00fcssigkeiten. China-Kugelh\u00e4hne sind in der Industrie weit verbreitet.<\/p>\n<\/div><\/section>\n<div class=\"flex_column av_one_third  flex_column_div av-zero-column-padding first\" style='border-width:1px; border-color:#07385e; border-style:solid; border-radius:0px; '><p><div class='avia-image-container  av-styling- av-hover-grow   avia-align-center'  ><div class='avia-image-container-inner'><a href='https:\/\/www.stvvalves.com\/de\/wholesale\/ball-valve\/cast-steel-ball-valve\/' class='avia_image'  ><img class='avia_image' src='https:\/\/www.stvvalves.com\/wp-content\/uploads\/2021\/05\/Cast-Steel-Ball-Valve.jpg' alt='China Cast Steel Ball Valve' title='Kugelhahn aus Stahlguss'  \/><\/a><\/div><\/div><br \/>\n<section class=\"av_textblock_section\" ><div class='avia_textblock'  ><h3 class=\"main-title entry-title\" style=\"text-align: center;\"><span class=\"ez-toc-section\" id=\"China_Cast_Steel_Ball_Valve\"><\/span>China-Kugelhahn aus Stahlguss<span class=\"ez-toc-section-end\"><\/span><\/h3>\n<div class='avia-button-wrap avia-button-center'><a href='https:\/\/www.stvvalves.com\/de\/wholesale\/ball-valve\/cast-steel-ball-valve\/' class='avia-button   avia-icon_select-no avia-color-custom avia-size-small avia-position-center'  style='background-color:#07385e; border-color:#07385e; color:#ffffff; ' ><span class='avia_iconbox_title' >Mehr<\/span><\/a><\/div>\n<\/div><\/section><\/p><\/div>\n<div class=\"flex_column av_one_third  flex_column_div av-zero-column-padding\" style='border-width:1px; border-color:#07385e; border-style:solid; border-radius:0px; '><p><div class='avia-image-container  av-styling-    avia-align-center'  ><div class='avia-image-container-inner'><a href='https:\/\/www.stvvalves.com\/de\/wholesale\/ball-valve\/flange-ball-valve\/' class='avia_image'  ><img class='avia_image' src='https:\/\/www.stvvalves.com\/wp-content\/uploads\/2021\/05\/Flange-Ball-Valve.jpg' alt='China Flange Ball Valve' title='Flanschkugelhahn'  \/><\/a><\/div><\/div><br \/>\n<section class=\"av_textblock_section\" ><div class='avia_textblock'  ><h3 class=\"av-special-heading-tag\" style=\"text-align: center;\"><span class=\"ez-toc-section\" id=\"China_Flange_Ball_Valve\"><\/span>China-Flanschkugelhahn<span class=\"ez-toc-section-end\"><\/span><\/h3>\n<div class='avia-button-wrap avia-button-center'><a href='https:\/\/www.stvvalves.com\/de\/wholesale\/ball-valve\/flange-ball-valve\/' class='avia-button   avia-icon_select-no avia-color-custom avia-size-small avia-position-center'  style='background-color:#07385e; border-color:#07385e; color:#ffffff; ' ><span class='avia_iconbox_title' >Mehr<\/span><\/a><\/div>\n<\/div><\/section><\/p><\/div>\n<div class=\"flex_column av_one_third  flex_column_div av-zero-column-padding\" style='border-width:1px; border-color:#07385e; border-style:solid; border-radius:0px; '><p><div class='avia-image-container  av-styling-    avia-align-center'  ><div class='avia-image-container-inner'><a href='https:\/\/www.stvvalves.com\/de\/wholesale\/ball-valve\/floating-ball-valve\/' class='avia_image'  ><img class='avia_image' src='https:\/\/www.stvvalves.com\/wp-content\/uploads\/2021\/05\/Floating-Ball-Valve.jpg' alt='China floating ball valve' title='Schwimmender Kugelhahn'  \/><\/a><\/div><\/div><br \/>\n<section class=\"av_textblock_section\" ><div class='avia_textblock'  ><h3 class=\"av-special-heading-tag\" style=\"text-align: center;\"><span class=\"ez-toc-section\" id=\"China_Floating_Ball_Valve\"><\/span>Schwimmender Kugelhahn aus China<span class=\"ez-toc-section-end\"><\/span><\/h3>\n<div class='avia-button-wrap avia-button-center'><a href='https:\/\/www.stvvalves.com\/de\/wholesale\/ball-valve\/floating-ball-valve\/' class='avia-button   avia-icon_select-no avia-color-custom avia-size-small avia-position-center'  style='background-color:#07385e; border-color:#07385e; color:#ffffff; ' ><span class='avia_iconbox_title' >Mehr<\/span><\/a><\/div>\n<\/div><\/section><\/p><\/div>\n<div class=\"flex_column av_one_third  flex_column_div av-zero-column-padding first\" style='border-width:1px; border-color:#07385e; border-style:solid; border-radius:0px; '><p><div class='avia-image-container  av-styling-    avia-align-center'  ><div class='avia-image-container-inner'><a href='https:\/\/www.stvvalves.com\/de\/wholesale\/ball-valve\/forged-steel-ball-valve\/' class='avia_image'  ><img class='avia_image' src='https:\/\/www.stvvalves.com\/wp-content\/uploads\/2021\/05\/Forged-Steel-Ball-Valve.jpg' alt='china forged ball valve' title='Kugelhahn aus geschmiedetem Stahl'  \/><\/a><\/div><\/div><br \/>\n<section class=\"av_textblock_section\" ><div class='avia_textblock'  ><h3 class=\"main-title entry-title\" style=\"text-align: center;\"><span class=\"ez-toc-section\" id=\"China_Forged_Steel_Ball_Valve\"><\/span>China-Kugelhahn aus geschmiedetem Stahl<span class=\"ez-toc-section-end\"><\/span><\/h3>\n<div class='avia-button-wrap avia-button-center'><a href='https:\/\/www.stvvalves.com\/de\/wholesale\/ball-valve\/forged-steel-ball-valve\/' class='avia-button   avia-icon_select-no avia-color-custom avia-size-small avia-position-center'  style='background-color:#07385e; border-color:#07385e; color:#ffffff; ' ><span class='avia_iconbox_title' >Mehr<\/span><\/a><\/div>\n<\/div><\/section><\/p><\/div>\n<div class=\"flex_column av_one_third  flex_column_div av-zero-column-padding\" style='border-width:1px; border-color:#07385e; border-style:solid; border-radius:0px; '><p><div class='avia-image-container  av-styling-    avia-align-center'  ><div class='avia-image-container-inner'><a href='https:\/\/www.stvvalves.com\/de\/wholesale\/ball-valve\/stainless-steel-ball-valve\/' class='avia_image'  ><img class='avia_image' src='https:\/\/www.stvvalves.com\/wp-content\/uploads\/2021\/05\/Stainless-Steal-Ball-Valve.jpg' alt='china stainless steel ball valve' title='Kugelhahn aus Edelstahl'  \/><\/a><\/div><\/div><br \/>\n<section class=\"av_textblock_section\" ><div class='avia_textblock'  ><h3 class=\"main-title entry-title\" style=\"text-align: center;\"><span class=\"ez-toc-section\" id=\"China_Stainless_Steel_Ball_Valve\"><\/span>China-Edelstahl-Kugelhahn<span class=\"ez-toc-section-end\"><\/span><\/h3>\n<div class='avia-button-wrap avia-button-center'><a href='https:\/\/www.stvvalves.com\/de\/wholesale\/ball-valve\/stainless-steel-ball-valve\/' class='avia-button   avia-icon_select-no avia-color-custom avia-size-small avia-position-center'  style='background-color:#07385e; border-color:#07385e; color:#ffffff; ' ><span class='avia_iconbox_title' >Mehr<\/span><\/a><\/div>\n<\/div><\/section><\/p><\/div>\n<div class=\"flex_column av_one_third  flex_column_div av-zero-column-padding\" style='border-width:1px; border-color:#07385e; border-style:solid; border-radius:0px; '><p><div class='avia-image-container  av-styling-    avia-align-center'  ><div class='avia-image-container-inner'><a href='https:\/\/www.stvvalves.com\/de\/wholesale\/ball-valve\/threaded-ball-valve\/' class='avia_image'  ><img class='avia_image' src='https:\/\/www.stvvalves.com\/wp-content\/uploads\/2021\/05\/Threaded-Ball-Valve.jpg' alt='Threaded Ball Valve' title='Kugelhahn mit Gewinde'  \/><\/a><\/div><\/div><br \/>\n<section class=\"av_textblock_section\" ><div class='avia_textblock'  ><h3 class=\"main-title entry-title\" style=\"text-align: center;\"><span class=\"ez-toc-section\" id=\"China_Threaded_Ball_Valve\"><\/span>China-Gewindekugelhahn<span class=\"ez-toc-section-end\"><\/span><\/h3>\n<div class='avia-button-wrap avia-button-center'><a href='https:\/\/www.stvvalves.com\/de\/wholesale\/ball-valve\/threaded-ball-valve\/' class='avia-button   avia-icon_select-no avia-color-custom avia-size-small avia-position-center'  style='background-color:#07385e; border-color:#07385e; color:#ffffff; ' ><span class='avia_iconbox_title' >Mehr<\/span><\/a><\/div>\n<\/div><\/section><\/p><\/div>\n<div style='padding-bottom:10px;' class='av-special-heading av-special-heading-h2'><h2 class='av-special-heading-tag'  ><span class=\"ez-toc-section\" id=\"Questions_About_China_Plug_Valves\"><\/span>Questions About China Plug Valves<span class=\"ez-toc-section-end\"><\/span><\/h2><div class='special-heading-border'><div class='special-heading-inner-border' ><\/div><\/div><\/div>\n<div class=\"togglecontainer   toggle_close_all\" >\n<section class=\"av_toggle_section\"  >    <div class=\"single_toggle\" data-tags=\"{Alle} \"  >        <p data-fake-id=\"#toggle-id-1\" class=\"toggler\"  >What are plug valves used for?<span class=\"toggle_icon\" >        <span class=\"vert_icon\"><\/span><span class=\"hor_icon\"><\/span><\/span><\/p>        <div id=\"toggle-id-1-container\" class=\"toggle_wrap\"  >            <div class=\"toggle_content invers-color\"   ><p>A plug valve is most commonly used as a shut-off valve.<\/p>\n<p>Plug valves are quarter-turn valves used to start, stop, or divert the flow of liquids and gases, ideal for quick shutoff and handling tough fluids like slurries, sludge, corrosive chemicals, and high-pressure applications in industries like oil &amp; gas, chemical processing, water treatment, and power generation. They feature a cylindrical or tapered plug with a channel that rotates 90 degrees to align with the pipe, providing reliable flow control and tight sealing.<\/p>\n            <\/div>        <\/div>    <\/div><\/section>\n<section class=\"av_toggle_section\"  >    <div class=\"single_toggle\" data-tags=\"{Alle} \"  >        <p data-fake-id=\"#toggle-id-2\" class=\"toggler\"  >Wie funktioniert ein Kugelhahn?<span class=\"toggle_icon\" >        <span class=\"vert_icon\"><\/span><span class=\"hor_icon\"><\/span><\/span><\/p>        <div id=\"toggle-id-2-container\" class=\"toggle_wrap\"  >            <div class=\"toggle_content invers-color\"   ><p>Ein Kugelhahn ist ein Absperrventil, das den Durchfluss einer Fl\u00fcssigkeit oder eines Gases mithilfe einer rotierenden Kugel mit einer Bohrung steuert. Durch Drehen der Kugel um eine Vierteldrehung (90 Grad) um ihre Achse kann das Medium durchstr\u00f6men oder wird blockiert. Sie zeichnen sich durch eine lange Lebensdauer aus und sorgen \u00fcber die gesamte Lebensdauer f\u00fcr eine zuverl\u00e4ssige Abdichtung, auch wenn das Ventil l\u00e4ngere Zeit nicht verwendet wird. Daher sind sie als Absperrventile beliebter als beispielsweise Absperrschieber.<\/p>\n<p>In Sonderausf\u00fchrungen werden Kugelh\u00e4hne auch als Regelventil eingesetzt. Diese Anwendung ist aufgrund der relativ begrenzten Genauigkeit der Durchflussregelung im Vergleich zu anderen Arten von Regelventilen weniger verbreitet. Allerdings bietet der Kugelhahn auch hier einige Vorteile. So sorgt das Ventil beispielsweise auch bei verschmutzten Medien f\u00fcr eine zuverl\u00e4ssige Abdichtung.<\/p>\n            <\/div>        <\/div>    <\/div><\/section>\n<section class=\"av_toggle_section\"  >    <div class=\"single_toggle\" data-tags=\"{Alle} \"  >        <p data-fake-id=\"#toggle-id-3\" class=\"toggler\"  >Auswahl des Kugelhahns<span class=\"toggle_icon\" >        <span class=\"vert_icon\"><\/span><span class=\"hor_icon\"><\/span><\/span><\/p>        <div id=\"toggle-id-3-container\" class=\"toggle_wrap\"  >            <div class=\"toggle_content invers-color\"   ><p>Kugelh\u00e4hne werden f\u00fcr FO-Anwendungen nicht empfohlen. Im Allgemeinen ist es m\u00f6glich, die \u00d6ffnungszeit des bei Ausfall ge\u00f6ffneten Ventils zu verk\u00fcrzen, indem am Bedienfeld ein Schnellentl\u00fcftungsventil installiert wird, um die Instrumentenluft im Ausfallmodus schnell aus dem pneumatischen Antrieb abzulassen. Allerdings ber\u00fchren sich Sitz und Teller eines Kugelhahns beim \u00d6ffnen und Schlie\u00dfen, was die FO gef\u00e4hrden kann. Dar\u00fcber hinaus erfordert das Bewegen der relativ gro\u00dfen und schweren Kugel ein h\u00f6heres Spindeldrehmoment, einen gr\u00f6\u00dferen Aktuator und m\u00f6glicherweise eine l\u00e4ngere \u00d6ffnungszeit. Der Kugelhahnhersteller wurde nach der M\u00f6glichkeit gefragt, f\u00fcr diese Anwendung einen Weichsitz-Kugelhahn zu verwenden. Der Hersteller ging davon aus, dass der FO des Weichsitz-Kugelhahns in 2 s aufgrund des sehr schnellen Kontakts mit der Kugel zu Sch\u00e4den am Weichsitz f\u00fchren k\u00f6nnte. Andererseits gibt der Hersteller an, dass mit einem Metallsitz-Kugelhahn eine \u00d6ffnungszeit von 2 s erreicht werden kann. Allerdings hat ein Metallsitz im Gegensatz zu einem Weichsitz den Nachteil m\u00f6glicher Leckagen und ist aufgrund des Ventils und des gro\u00dfen montierten Stellantriebs eine kostspieligere L\u00f6sung als Absperrklappen und Axialregelventile.<\/p>\n<p>Im Gegensatz zu FO-Anwendungen ist ein Kugelhahn eine gute Wahl als Abblaseventil mit k\u00fcrzerer \u00d6ffnungszeit als ein FO-Ventil. Abb. 12.25 zeigt einen Abblasekugelhahn, um im Notfall die unter \u00dcberdruck stehende Fl\u00fcssigkeit aus dem Ger\u00e4t abzulassen. Bei dem Abblasekugelhahn handelt es sich um einen 18-Zoll-Kugelhahn der Klasse 2500 mit einem 6MO-Geh\u00e4use und einem metallischen Inconel 625-Sitz, dessen \u00d6ffnung m\u00f6glicherweise 18 Sekunden dauert. Abblase- oder FO-Ventile an Fackelleitungen weisen aufgrund des Druckabfalls des freigesetzten Gases normalerweise niedrige Betriebstemperaturen auf. Der Gasdruckabfall reduziert die Betriebstemperatur auf \u2013 46 \u00b0C oder sogar weniger, sodass die minimale Auslegungstemperatur typischerweise unter \u2013 100 \u00b0C liegt. Aufgrund der Anwendung bei niedrigen Temperaturen ist es unpraktisch, 22Cr-Duplex mit einer minimalen Auslegungstemperatur von \u221246 \u00b0C f\u00fcr das Ventil zu verwenden. Daher sind 6MO oder Inconel 625 die richtige Materialwahl. F\u00fcr das Ventil wird eine verl\u00e4ngerte Haube verwendet, um die Packung vom relativ kalten Betrieb fernzuhalten, \u00e4hnlich wie bei Kryoventilen.<\/p>\n            <\/div>        <\/div>    <\/div><\/section>\n<\/div>\n<div style='height:50px' class='hr hr-invisible'><span class='hr-inner' ><span class='hr-inner-style'><\/span><\/span><\/div>\n<div class=\"flex_column av_one_full  flex_column_div av-zero-column-padding first\" style='border-radius:0px; '><div class='avia-image-container  av-styling-    avia-align-center'  ><div class='avia-image-container-inner'><img class='avia_image' src='https:\/\/www.stvvalves.com\/wp-content\/uploads\/2021\/05\/ball-valve-china-product.jpg' alt='China C Valve Supplier' title='Kugelhahn-Porzellanprodukt'   \/><\/div><\/div><\/div>\n<div class=\"flex_column av_one_half  flex_column_div av-zero-column-padding first\" style='border-radius:0px; '><p><div style='padding-bottom:10px;' class='av-special-heading av-special-heading-h2'><h2 class='av-special-heading-tag'  ><span class=\"ez-toc-section\" id=\"Contact_Us\"><\/span>Kontaktiere uns<span class=\"ez-toc-section-end\"><\/span><\/h2><div class='special-heading-border'><div class='special-heading-inner-border' ><\/div><\/div><\/div><br \/>\n<section class=\"av_textblock_section\" ><div class='avia_textblock'  ><p>STV ist ein chinesischer Hersteller von Kugelh\u00e4hnen mit Sitz im Yongqiang High-Tech Industrial Park, Stadt Wenzhou, Provinz Zhejiang, und ein auf Industrieventile und Rohrverbindungsger\u00e4te spezialisiertes Unternehmen.<\/p>\n<p>Z\u00f6gern Sie nicht, uns zu kontaktieren, wenn Sie Fragen zu den Industrieventilen haben oder ein Angebot anfordern. Unsere erfahrenen Ventilexperten geben Ihnen innerhalb von 24 Stunden Feedback und stellen Ihnen eine ma\u00dfgeschneiderte Ventill\u00f6sung zur Verf\u00fcgung.<\/p>\n<p>Herr Jalen Lee<\/p>\n<p>Hinzuf\u00fcgen: 88#, Jifeng Road, Stadt Wenzhou, Provinz Zhejiang, 325025<\/p>\n<p>Email: <a href=\"mailto:sales@stvvalves.com\">sales@stvvalves.com<\/a><\/p>\n<p>Tel. 1:\u00a0<a href=\"tel:0086-0577-85987444\">+86-0577-85987444<\/a><\/p>\n<p>Tel. 2:\u00a0<a href=\"tel:008615157766245\">+8615157766245<\/a><\/p>\n<\/div><\/section><\/p><\/div>\n<div class=\"flex_column av_one_half  flex_column_div av-zero-column-padding\" style='border-radius:0px; '><section class=\"av_textblock_section\" ><div class='avia_textblock'  >\n<div class=\"wpcf7 no-js\" id=\"wpcf7-f3466-o1\" lang=\"en-US\" dir=\"ltr\" data-wpcf7-id=\"3466\">\n<div class=\"screen-reader-response\"><p role=\"status\" aria-live=\"polite\" aria-atomic=\"true\"><\/p> <ul><\/ul><\/div>\n<form action=\"\/de\/wp-json\/wp\/v2\/pages\/8646#wpcf7-f3466-o1\" method=\"post\" class=\"wpcf7-form init\" aria-label=\"Kontakt Formular\" novalidate=\"novalidate\" data-status=\"init\" data-trp-original-action=\"\/de\/wp-json\/wp\/v2\/pages\/8646#wpcf7-f3466-o1\">\n<fieldset class=\"hidden-fields-container\"><input type=\"hidden\" name=\"_wpcf7\" value=\"3466\" \/><input type=\"hidden\" name=\"_wpcf7_version\" value=\"6.1.5\" \/><input type=\"hidden\" name=\"_wpcf7_locale\" value=\"en_US\" \/><input type=\"hidden\" name=\"_wpcf7_unit_tag\" value=\"wpcf7-f3466-o1\" \/><input type=\"hidden\" name=\"_wpcf7_container_post\" value=\"0\" \/><input type=\"hidden\" name=\"_wpcf7_posted_data_hash\" value=\"\" \/>\n<\/fieldset>\n<p>Dein Telefon<br \/>\n<span class=\"wpcf7-form-control-wrap\" data-name=\"your-name\"><input size=\"40\" maxlength=\"400\" class=\"wpcf7-form-control wpcf7-text wpcf7-validates-as-required text_input\" aria-required=\"true\" aria-invalid=\"false\" value=\"\" type=\"text\" name=\"your-name\" \/><\/span><br \/>\nDeine E-Mail<br \/>\n<span class=\"wpcf7-form-control-wrap\" data-name=\"your-email\"><input size=\"40\" maxlength=\"400\" class=\"wpcf7-form-control wpcf7-email wpcf7-validates-as-required wpcf7-text wpcf7-validates-as-email text_input\" aria-required=\"true\" aria-invalid=\"false\" value=\"\" type=\"email\" name=\"your-email\" \/><\/span><br \/>\nIhre Nachricht<br \/>\n<span class=\"wpcf7-form-control-wrap\" data-name=\"your-message\"><textarea cols=\"40\" rows=\"10\" maxlength=\"2000\" class=\"wpcf7-form-control wpcf7-textarea wpcf7-validates-as-required text_area\" aria-required=\"true\" aria-invalid=\"false\" name=\"your-message\"><\/textarea><\/span><br \/>\n<input class=\"wpcf7-form-control wpcf7-submit has-spinner\" type=\"submit\" value=\"Schicken\" \/>\n<\/p><div class=\"wpcf7-response-output\" aria-hidden=\"true\"><\/div>\n<input type=\"hidden\" name=\"trp-form-language\" value=\"de\"\/><\/form>\n<\/div>\n\n<\/div><\/section><\/div>","protected":false},"excerpt":{"rendered":"","protected":false},"author":290641,"featured_media":0,"parent":0,"menu_order":0,"comment_status":"closed","ping_status":"closed","template":"","meta":{"footnotes":""},"class_list":["post-8646","page","type-page","status-publish","hentry"],"_links":{"self":[{"href":"https:\/\/www.stvvalves.com\/de\/wp-json\/wp\/v2\/pages\/8646","targetHints":{"allow":["GET"]}}],"collection":[{"href":"https:\/\/www.stvvalves.com\/de\/wp-json\/wp\/v2\/pages"}],"about":[{"href":"https:\/\/www.stvvalves.com\/de\/wp-json\/wp\/v2\/types\/page"}],"author":[{"embeddable":true,"href":"https:\/\/www.stvvalves.com\/de\/wp-json\/wp\/v2\/users\/290641"}],"replies":[{"embeddable":true,"href":"https:\/\/www.stvvalves.com\/de\/wp-json\/wp\/v2\/comments?post=8646"}],"version-history":[{"count":1,"href":"https:\/\/www.stvvalves.com\/de\/wp-json\/wp\/v2\/pages\/8646\/revisions"}],"predecessor-version":[{"id":8649,"href":"https:\/\/www.stvvalves.com\/de\/wp-json\/wp\/v2\/pages\/8646\/revisions\/8649"}],"wp:attachment":[{"href":"https:\/\/www.stvvalves.com\/de\/wp-json\/wp\/v2\/media?parent=8646"}],"curies":[{"name":"wp","href":"https:\/\/api.w.org\/{rel}","templated":true}]}}