{"id":3830,"date":"2018-11-22T16:25:32","date_gmt":"2018-11-22T16:25:32","guid":{"rendered":"https:\/\/www.stvvalves.com\/?post_type=product&#038;p=3830"},"modified":"2025-02-19T19:52:23","modified_gmt":"2025-02-19T11:52:23","slug":"2-piece-full-port-ball-valve-cf8-body-1000wog-npt-end","status":"publish","type":"product","link":"https:\/\/www.stvvalves.com\/de\/products\/2-piece-full-port-ball-valve-cf8-body-1000wog-npt-end\/","title":{"rendered":"2-teiliger Kugelhahn mit vollem Durchgang, CF8-Geh\u00e4use, 1000WOG, NPT-Ende"},"content":{"rendered":"<p>Der 2-teilige Kugelhahn mit vollem Durchgang ist ein nicht wartbarer Kugelhahn mit vollem Durchgang. Gew\u00e4hrleistung eines sicheren Betriebs sowohl f\u00fcr allgemeine als auch f\u00fcr industrielle chemische Anwendungen.<\/p>\n<p>Allzweck-Kugelhahn, der zuverl\u00e4ssig ist. Geh\u00e4use aus Edelstahl und Sitz aus kohlenstoffgef\u00fclltem PTFE.<\/p>\n<p>Verf\u00fcgt \u00fcber einen ausblassicheren Stiel und einen isolierten Griff sowie einen abschlie\u00dfbaren Hebelgriff.<\/p>\n<p>Geh\u00e4use aus Edelstahl CF8M 316<br \/>\nGeschraubtes BSP, NPT<br \/>\nGr\u00f6\u00dfen: 1\/4\u2033 bis 4\u2033<br \/>\nTemperaturbereich: -20 \u00b0C bis +200 \u00b0C<br \/>\nBetriebsdruck: 1000 PSI (1\/4\u2033 bis 2\u2033) und 800 PSI (2 1\/2\u2033 bis 4\u2033)<br \/>\nBewegung: 90\u00b0-Drehung<\/p>\n<table>\n<tbody>\n<tr>\n<td width=\"200\"><strong>Produktname<\/strong><\/td>\n<td width=\"481\">2-teiliger Kugelhahn mit vollem Durchgang, CF8-Geh\u00e4use, 1000WOG, NPT-Ende<\/td>\n<\/tr>\n<tr>\n<td width=\"200\">1. Material<\/td>\n<td width=\"481\">CF8<\/td>\n<\/tr>\n<tr>\n<td width=\"200\">2. Gr\u00f6\u00dfe<\/td>\n<td width=\"481\">2&quot;<\/td>\n<\/tr>\n<tr>\n<td width=\"200\">4. Hafen<\/td>\n<td width=\"481\">Vollst\u00e4ndiger Port<\/td>\n<\/tr>\n<tr>\n<td width=\"200\">5. Arbeitsdruck<\/td>\n<td width=\"481\">1000WOG<\/td>\n<\/tr>\n<tr>\n<td width=\"200\">6. Verbindung endet<\/td>\n<td width=\"481\">NVV<\/td>\n<\/tr>\n<tr>\n<td width=\"200\">7. Arbeitstemperatur.<\/td>\n<td width=\"481\">-29~180 \u00b0C,<\/td>\n<\/tr>\n<tr>\n<td width=\"200\">8. Geeignetes Medium<\/td>\n<td width=\"481\">Wasser, Erdgas, \u00d6l und einige \u00e4tzende Fl\u00fcssigkeiten<\/td>\n<\/tr>\n<tr>\n<td width=\"200\">9. Betrieben<\/td>\n<td width=\"481\">Handrad<\/td>\n<\/tr>\n<tr>\n<td width=\"200\">10. Inspektion und Pr\u00fcfung<\/td>\n<td width=\"481\">Gem\u00e4\u00df API598<\/td>\n<\/tr>\n<tr>\n<td width=\"200\"><strong>Sendung<\/strong><\/td>\n<td width=\"481\"><\/td>\n<\/tr>\n<tr>\n<td width=\"200\">Lieferzeit<\/td>\n<td width=\"481\">30 Tage<\/td>\n<\/tr>\n<tr>\n<td width=\"200\">Paket<\/td>\n<td width=\"481\">Standard-Export-Sperrholzkiste<\/td>\n<\/tr>\n<tr>\n<td width=\"200\">Hafen<\/td>\n<td width=\"481\">Ningbo\/Shanghai, China<\/td>\n<\/tr>\n<tr>\n<td width=\"200\">Versandbedingungen<\/td>\n<td width=\"481\">Exw, FOB, CFR, CIF usw.<\/td>\n<\/tr>\n<tr>\n<td width=\"200\">Zahlungsbedingungen<\/td>\n<td width=\"481\">T\/T, Western Union, PayPal usw.<\/td>\n<\/tr>\n<tr>\n<td width=\"200\"><\/td>\n<td width=\"481\">30% Vorauszahlung, 70% Restbetrag vor dem Versand bezahlt<\/td>\n<\/tr>\n<tr>\n<td width=\"200\">Herkunftsland<\/td>\n<td width=\"481\">Stadt Wenzhou, China<\/td>\n<\/tr>\n<tr>\n<td width=\"200\">Produktionskapazit\u00e4t<\/td>\n<td width=\"481\">6000 Tonnen\/Jahr<\/td>\n<\/tr>\n<tr>\n<td width=\"200\">Mindestbestellmenge<\/td>\n<td width=\"481\">1 St\u00fcck\/Gr\u00f6\u00dfe<\/td>\n<\/tr>\n<\/tbody>\n<\/table>","protected":false},"excerpt":{"rendered":"<p>Modell:Q11F-2-1000WOG-2\u2033<\/p>\n<p>STV Valve Technology Group Co., Ltd ist ein professioneller Marktf\u00fchrer in China f\u00fcr 1-Zoll-Kugelh\u00e4hne, 2-Zoll-Kugelh\u00e4hne, 3-Zoll-Kugelh\u00e4hne, 4-Zoll-Kugelh\u00e4hne, Gas-Kugelh\u00e4hne, Kugelh\u00e4hne, schwimmende Kugelh\u00e4hne, Edelstahl-Kugelh\u00e4hne mit Gewinde Kugelhahn, Kugelhahn mit vollem Durchgang, abschlie\u00dfbarer Kugelhahn, Hebelkugelhahn, kleiner Kugelhahn Hersteller mit hoher Qualit\u00e4t und wettbewerbsf\u00e4higem Preis.<\/p>\n<p>F\u00fcr weitere Materialien und Details wenden Sie sich bitte an sales@stvvalve.com.<\/p>\n<p>Datumsblatt:<a href=\"https:\/\/www.stvvalves.com\/wp-content\/uploads\/2018\/11\/2-Piece-Full-Port-Ball-Valve-CF8-Body-1000WOG-NPT-End-drawing.jpg\">2-teiliger Kugelhahn mit vollem Durchgang, CF8-Geh\u00e4use, 1000WOG, NPT-Ende<\/a><\/p>","protected":false},"featured_media":3831,"template":"","meta":[],"product_brand":[],"product_cat":[43,79],"product_tag":[166,158,167,168,125,156,170,996,157,161,686,159,169],"class_list":{"0":"post-3830","1":"product","2":"type-product","3":"status-publish","4":"has-post-thumbnail","6":"product_cat-ball-valve","7":"product_cat-threaded-ball-valve","8":"product_tag-1-inch-ball-valve","9":"product_tag-2-inch-ball-valve","10":"product_tag-3-inch-ball-valv","11":"product_tag-4-inch-ball-valve","12":"product_tag-floating-ball-valve","13":"product_tag-full-port-ball-valve","14":"product_tag-gas-ball-valve","15":"product_tag-lever-ball-valve","16":"product_tag-lockable-ball-valve","17":"product_tag-small-ball-valve","18":"product_tag-stainless-steel-ball-valve","19":"product_tag-threaded-ball-valve","20":"product_tag-water-ball-valve","22":"first","23":"instock","24":"shipping-taxable","25":"product-type-grouped"},"_links":{"self":[{"href":"https:\/\/www.stvvalves.com\/de\/wp-json\/wp\/v2\/product\/3830","targetHints":{"allow":["GET"]}}],"collection":[{"href":"https:\/\/www.stvvalves.com\/de\/wp-json\/wp\/v2\/product"}],"about":[{"href":"https:\/\/www.stvvalves.com\/de\/wp-json\/wp\/v2\/types\/product"}],"wp:featuredmedia":[{"embeddable":true,"href":"https:\/\/www.stvvalves.com\/de\/wp-json\/wp\/v2\/media\/3831"}],"wp:attachment":[{"href":"https:\/\/www.stvvalves.com\/de\/wp-json\/wp\/v2\/media?parent=3830"}],"wp:term":[{"taxonomy":"product_brand","embeddable":true,"href":"https:\/\/www.stvvalves.com\/de\/wp-json\/wp\/v2\/product_brand?post=3830"},{"taxonomy":"product_cat","embeddable":true,"href":"https:\/\/www.stvvalves.com\/de\/wp-json\/wp\/v2\/product_cat?post=3830"},{"taxonomy":"product_tag","embeddable":true,"href":"https:\/\/www.stvvalves.com\/de\/wp-json\/wp\/v2\/product_tag?post=3830"}],"curies":[{"name":"wp","href":"https:\/\/api.w.org\/{rel}","templated":true}]}}