{"id":3843,"date":"2018-11-23T06:05:24","date_gmt":"2018-11-23T06:05:24","guid":{"rendered":"https:\/\/www.stvvalves.com\/?post_type=product&#038;p=3843"},"modified":"2025-02-19T19:51:52","modified_gmt":"2025-02-19T11:51:52","slug":"3-way-ball-valve-t-port-cf8m-body-npt-end","status":"publish","type":"product","link":"https:\/\/www.stvvalves.com\/de\/products\/3-way-ball-valve-t-port-cf8m-body-npt-end\/","title":{"rendered":"3-Wege-Kugelhahn, T-Anschluss, CF8M-Geh\u00e4use, NPT-Ende"},"content":{"rendered":"<p>Der 3-Wege-Kugelhahn bietet einen sicheren Betrieb f\u00fcr allgemeine und industrielle chemische Anwendungen. Ein reduzierter 3-Wege-Kugelhahn mit Edelstahlgeh\u00e4use, PTFE-Sitz und ISO-Montageoberteil zur Bet\u00e4tigung.<\/p>\n<p>Verf\u00fcgt \u00fcber einen ausblassicheren Schaft und eine selbstnachstellende Schaftdichtung.<\/p>\n<p>Hauptmerkmale:<br \/>\nVerf\u00fcgbare Gr\u00f6\u00dfen: 1\/4\u2033 bis 4\u2033.<br \/>\nTemperaturbereich: -20 \u00b0C bis 260 \u00b0C.<br \/>\nEndanschluss: BSP oder NPT verschraubt<br \/>\nDreiwege, L- oder T-Anschluss, reduziert.<br \/>\nPTFE-Sitz und ISO-Montageoberteil<br \/>\nIsolierter Griff, abschlie\u00dfbarer Hebelgriff.<br \/>\nBewegung: 90\u00b0-Drehung.<br \/>\nFeinguss mit geringem Drehmoment. Weitere Gr\u00f6\u00dfen und Anschl\u00fcsse auf Anfrage erh\u00e4ltlich.<\/p>\n<table>\n<tbody>\n<tr>\n<td width=\"200\"><strong>Produktname<\/strong><\/td>\n<td width=\"481\">3-Wege-Kugelhahn, T-Anschluss, CF8M-Geh\u00e4use, NPT-Ende<\/td>\n<\/tr>\n<tr>\n<td width=\"200\">1. Material<\/td>\n<td width=\"481\">316<\/td>\n<\/tr>\n<tr>\n<td width=\"200\">2. Gr\u00f6\u00dfe<\/td>\n<td width=\"481\">1&quot;<\/td>\n<\/tr>\n<tr>\n<td width=\"200\">4. Hafen<\/td>\n<td width=\"481\">Reduzieranschluss<\/td>\n<\/tr>\n<tr>\n<td width=\"200\">5. Arbeitsdruck<\/td>\n<td width=\"481\">1000WOG<\/td>\n<\/tr>\n<tr>\n<td width=\"200\">6. Verbindung endet<\/td>\n<td width=\"481\">NVV<\/td>\n<\/tr>\n<tr>\n<td width=\"200\">7. Arbeitstemperatur.<\/td>\n<td width=\"481\">-29~180 \u00b0C,<\/td>\n<\/tr>\n<tr>\n<td width=\"200\">8. Geeignetes Medium<\/td>\n<td width=\"481\">Wasser, Erdgas, \u00d6l und einige \u00e4tzende Fl\u00fcssigkeiten<\/td>\n<\/tr>\n<tr>\n<td width=\"200\">9. Betrieben<\/td>\n<td width=\"481\">Handrad<\/td>\n<\/tr>\n<tr>\n<td width=\"200\">10. Inspektion und Pr\u00fcfung<\/td>\n<td width=\"481\">Gem\u00e4\u00df API598<\/td>\n<\/tr>\n<tr>\n<td width=\"200\"><strong>Sendung<\/strong><\/td>\n<td width=\"481\"><\/td>\n<\/tr>\n<tr>\n<td width=\"200\">Lieferzeit<\/td>\n<td width=\"481\">30 Tage<\/td>\n<\/tr>\n<tr>\n<td width=\"200\">Paket<\/td>\n<td width=\"481\">Standard-Export-Sperrholzkiste<\/td>\n<\/tr>\n<tr>\n<td width=\"200\">Hafen<\/td>\n<td width=\"481\">Ningbo\/Shanghai, China<\/td>\n<\/tr>\n<tr>\n<td width=\"200\">Versandbedingungen<\/td>\n<td width=\"481\">Exw, FOB, CFR, CIF usw.<\/td>\n<\/tr>\n<tr>\n<td width=\"200\">Zahlungsbedingungen<\/td>\n<td width=\"481\">T\/T, Western Union, PayPal usw.<\/td>\n<\/tr>\n<tr>\n<td width=\"200\"><\/td>\n<td width=\"481\">30% Vorauszahlung, 70% Restbetrag vor dem Versand bezahlt<\/td>\n<\/tr>\n<tr>\n<td width=\"200\">Herkunftsland<\/td>\n<td width=\"481\">Stadt Wenzhou, China<\/td>\n<\/tr>\n<tr>\n<td width=\"200\">Produktionskapazit\u00e4t<\/td>\n<td width=\"481\">6000 Tonnen\/Jahr<\/td>\n<\/tr>\n<tr>\n<td width=\"200\">Mindestbestellmenge<\/td>\n<td width=\"481\">1 St\u00fcck\/Gr\u00f6\u00dfe<\/td>\n<\/tr>\n<\/tbody>\n<\/table>","protected":false},"excerpt":{"rendered":"<p>Der 3-Wege-Kugelhahn bietet einen sicheren Betrieb f\u00fcr allgemeine und industrielle chemische Anwendungen. Ein reduzierter 3-Wege-Kugelhahn mit Edelstahlgeh\u00e4use, PTFE-Sitz und ISO-Montageoberteil zur Bet\u00e4tigung.<\/p>\n<p>Verf\u00fcgt \u00fcber einen ausblassicheren Schaft und eine selbstnachstellende Schaftdichtung.<\/p>\n<p>&nbsp;<\/p>\n<p>STV Valve Technology Group Co., Ltd ist ein professioneller Marktf\u00fchrer f\u00fcr China 1000 WOG-Kugelh\u00e4hne, 3-Wege-Kugelh\u00e4hne, CF8M-Kugelh\u00e4hne, T-Port-Kugelh\u00e4hne, Edelstahl-Kugelh\u00e4hne, schwimmende Kugelh\u00e4hne, 2-Zoll-Kugelh\u00e4hne und 1-Zoll-Kugelh\u00e4hne ,3-Zoll-Kugelhahn, 4-Zoll-Kugelhahn, Wasserkugelhahn, Gaskugelhahn Gaskugelhahn, Gewindekugelhahn, abschlie\u00dfbarer Kugelhahn Hersteller mit hoher Qualit\u00e4t und wettbewerbsf\u00e4higem Preis.<\/p>\n<p>F\u00fcr weitere Materialien und Details wenden Sie sich bitte an sales@stvvalve.com.<\/p>\n<p>Datenblatt: 3-Wege-Kugelhahn, T-Anschluss, CF8M-Geh\u00e4use, NPT-Ende<\/p>","protected":false},"featured_media":3844,"template":"","meta":[],"product_brand":[],"product_cat":[43,79],"product_tag":[166,173,158,1003,171,168,174,125,170,157,686,172,159,169],"class_list":{"0":"post-3843","1":"product","2":"type-product","3":"status-publish","4":"has-post-thumbnail","6":"product_cat-ball-valve","7":"product_cat-threaded-ball-valve","8":"product_tag-1-inch-ball-valve","9":"product_tag-1000-wog-ball-valve","10":"product_tag-2-inch-ball-valve","11":"product_tag-3-inch-ball-valve","12":"product_tag-3-way-ball-valve","13":"product_tag-4-inch-ball-valve","14":"product_tag-cf8m-ball-valve","15":"product_tag-floating-ball-valve","16":"product_tag-gas-ball-valve","17":"product_tag-lockable-ball-valve","18":"product_tag-stainless-steel-ball-valve","19":"product_tag-t-port-ball-valve","20":"product_tag-threaded-ball-valve","21":"product_tag-water-ball-valve","23":"first","24":"instock","25":"shipping-taxable","26":"product-type-simple"},"_links":{"self":[{"href":"https:\/\/www.stvvalves.com\/de\/wp-json\/wp\/v2\/product\/3843","targetHints":{"allow":["GET"]}}],"collection":[{"href":"https:\/\/www.stvvalves.com\/de\/wp-json\/wp\/v2\/product"}],"about":[{"href":"https:\/\/www.stvvalves.com\/de\/wp-json\/wp\/v2\/types\/product"}],"wp:featuredmedia":[{"embeddable":true,"href":"https:\/\/www.stvvalves.com\/de\/wp-json\/wp\/v2\/media\/3844"}],"wp:attachment":[{"href":"https:\/\/www.stvvalves.com\/de\/wp-json\/wp\/v2\/media?parent=3843"}],"wp:term":[{"taxonomy":"product_brand","embeddable":true,"href":"https:\/\/www.stvvalves.com\/de\/wp-json\/wp\/v2\/product_brand?post=3843"},{"taxonomy":"product_cat","embeddable":true,"href":"https:\/\/www.stvvalves.com\/de\/wp-json\/wp\/v2\/product_cat?post=3843"},{"taxonomy":"product_tag","embeddable":true,"href":"https:\/\/www.stvvalves.com\/de\/wp-json\/wp\/v2\/product_tag?post=3843"}],"curies":[{"name":"wp","href":"https:\/\/api.w.org\/{rel}","templated":true}]}}