{"id":3850,"date":"2018-11-23T06:31:47","date_gmt":"2018-11-23T06:31:47","guid":{"rendered":"https:\/\/www.stvvalves.com\/?post_type=product&#038;p=3850"},"modified":"2025-02-19T19:50:47","modified_gmt":"2025-02-19T11:50:47","slug":"1pc-ball-valve-reducer-port-cf8-body-lever-operated","status":"publish","type":"product","link":"https:\/\/www.stvvalves.com\/de\/products\/1pc-ball-valve-reducer-port-cf8-body-lever-operated\/","title":{"rendered":"1 Kugelhahn, Reduzieranschluss, CF8-Geh\u00e4use, hebelbet\u00e4tigt"},"content":{"rendered":"<p>Hauptmerkmale:<br \/>\nScrewed BSP or NPT End Connections<br \/>\nCF8M Stainless Steel<br \/>\nPTFE Seat<br \/>\nSizes: 1\/4&#8243; to 4&#8243;<br \/>\nTemperature range: -20 \u00b0C to +180 \u00b0C<br \/>\nOperating pressure: 1000\u00a0 WOG<br \/>\nBewegung: 90\u00b0-Drehung<\/p>\n<table>\n<tbody>\n<tr>\n<td width=\"200\"><strong>Produktname<\/strong><\/td>\n<td width=\"481\">1 Kugelhahn, Reduzieranschluss, CF8-Geh\u00e4use, hebelbet\u00e4tigt<\/td>\n<\/tr>\n<tr>\n<td width=\"200\">1. Material<\/td>\n<td width=\"481\">CF8<\/td>\n<\/tr>\n<tr>\n<td width=\"200\">2. Gr\u00f6\u00dfe<\/td>\n<td width=\"481\">2&quot;<\/td>\n<\/tr>\n<tr>\n<td width=\"200\">4. Hafen<\/td>\n<td width=\"481\">Vollst\u00e4ndiger Port<\/td>\n<\/tr>\n<tr>\n<td width=\"200\">5. Arbeitsdruck<\/td>\n<td width=\"481\">1000WOG<\/td>\n<\/tr>\n<tr>\n<td width=\"200\">6. Verbindung endet<\/td>\n<td width=\"481\">NVV<\/td>\n<\/tr>\n<tr>\n<td width=\"200\">7. Arbeitstemperatur.<\/td>\n<td width=\"481\">-29~120 \u00b0C,<\/td>\n<\/tr>\n<tr>\n<td width=\"200\">8. Geeignetes Medium<\/td>\n<td width=\"481\">Wasser, Erdgas, \u00d6l und einige \u00e4tzende Fl\u00fcssigkeiten<\/td>\n<\/tr>\n<tr>\n<td width=\"200\">9. Betrieben<\/td>\n<td width=\"481\">Handrad<\/td>\n<\/tr>\n<tr>\n<td width=\"200\">10. Inspektion und Pr\u00fcfung<\/td>\n<td width=\"481\">Gem\u00e4\u00df API598<\/td>\n<\/tr>\n<tr>\n<td width=\"200\"><strong>Sendung<\/strong><\/td>\n<td width=\"481\"><\/td>\n<\/tr>\n<tr>\n<td width=\"200\">Lieferzeit<\/td>\n<td width=\"481\">30 Tage<\/td>\n<\/tr>\n<tr>\n<td width=\"200\">Paket<\/td>\n<td width=\"481\">Standard-Export-Sperrholzkiste<\/td>\n<\/tr>\n<tr>\n<td width=\"200\">Hafen<\/td>\n<td width=\"481\">Ningbo\/Shanghai, China<\/td>\n<\/tr>\n<tr>\n<td width=\"200\">Versandbedingungen<\/td>\n<td width=\"481\">Exw, FOB, CFR, CIF usw.<\/td>\n<\/tr>\n<tr>\n<td width=\"200\">Zahlungsbedingungen<\/td>\n<td width=\"481\">T\/T, Western Union, PayPal usw.<\/td>\n<\/tr>\n<tr>\n<td width=\"200\"><\/td>\n<td width=\"481\">30% Vorauszahlung, 70% Restbetrag vor dem Versand bezahlt<\/td>\n<\/tr>\n<tr>\n<td width=\"200\">Herkunftsland<\/td>\n<td width=\"481\">Stadt Wenzhou, China<\/td>\n<\/tr>\n<tr>\n<td width=\"200\">Produktionskapazit\u00e4t<\/td>\n<td width=\"481\">6000 Tonnen\/Jahr<\/td>\n<\/tr>\n<tr>\n<td width=\"200\">Mindestbestellmenge<\/td>\n<td width=\"481\">1 St\u00fcck\/Gr\u00f6\u00dfe<\/td>\n<\/tr>\n<\/tbody>\n<\/table>","protected":false},"excerpt":{"rendered":"<p>Model:Q11F-1-1000WOG-2\u2033<\/p>\n<p>1PC Ball Valve,Reducer Port,CF8 Body,Lever Operated is a non-maintainable one piece, reduced bore, female\/female ball valve; providing safe operation for both general and industrial chemical applications.<\/p>\n<p>An economical, compact and reliable ball valve with CF8M Stainless Steel body and PTFE seat.<\/p>\n<p>Used to &#8216;shut-off&#8217; medium flows on a wide range of liquid and gaseous duties including drain and blow down, gauge isolation and test points.<\/p>\n<p>Verf\u00fcgt \u00fcber einen ausblassicheren Stiel und einen isolierten Griff sowie einen abschlie\u00dfbaren Hebelgriff.<\/p>\n<p>STV Valve Technology Group Co., Ltd is a professional leader China 1Pc Ball Valve , CF8M Ball Valve, Reducer Port Ball Valve, Casting Ball Vave,NPT End Ball Ball Valve, 2 inch ball valve,3 inch ball valve,4 inch ball valve,water ball valve,gas ball valve,threaded ball valve,lockable ball valve,lever ball valve,small ball valve,mini ball valve Manufacturer with high quality and competitive price.<\/p>\n<p>F\u00fcr weitere Materialien und Details wenden Sie sich bitte an sales@stvvalve.com.Datenblatt:<br \/>\n<a href=\"https:\/\/www.stvvalves.com\/wp-content\/uploads\/2018\/11\/1PC-Ball-Valve-Reducer-Port-CF8-Body-Lever-Operated-Drawing.pdf\">1PC Ball Valve<\/a><\/p>","protected":false},"featured_media":3852,"template":"","meta":[],"product_brand":[],"product_cat":[43,79],"product_tag":[176,158,1003,168,1001,174,170,996,157,202,1002,175,161,159,169],"class_list":{"0":"post-3850","1":"product","2":"type-product","3":"status-publish","4":"has-post-thumbnail","6":"product_cat-ball-valve","7":"product_cat-threaded-ball-valve","8":"product_tag-1pc-ball-valve","9":"product_tag-2-inch-ball-valve","10":"product_tag-3-inch-ball-valve","11":"product_tag-4-inch-ball-valve","12":"product_tag-casting-ball-vave","13":"product_tag-cf8m-ball-valve","14":"product_tag-gas-ball-valve","15":"product_tag-lever-ball-valve","16":"product_tag-lockable-ball-valve","17":"product_tag-mini-ball-valve","18":"product_tag-npt-end-ball-ball-valve","19":"product_tag-reducer-port-ball-valve","20":"product_tag-small-ball-valve","21":"product_tag-threaded-ball-valve","22":"product_tag-water-ball-valve","24":"first","25":"instock","26":"shipping-taxable","27":"product-type-simple"},"_links":{"self":[{"href":"https:\/\/www.stvvalves.com\/de\/wp-json\/wp\/v2\/product\/3850","targetHints":{"allow":["GET"]}}],"collection":[{"href":"https:\/\/www.stvvalves.com\/de\/wp-json\/wp\/v2\/product"}],"about":[{"href":"https:\/\/www.stvvalves.com\/de\/wp-json\/wp\/v2\/types\/product"}],"wp:featuredmedia":[{"embeddable":true,"href":"https:\/\/www.stvvalves.com\/de\/wp-json\/wp\/v2\/media\/3852"}],"wp:attachment":[{"href":"https:\/\/www.stvvalves.com\/de\/wp-json\/wp\/v2\/media?parent=3850"}],"wp:term":[{"taxonomy":"product_brand","embeddable":true,"href":"https:\/\/www.stvvalves.com\/de\/wp-json\/wp\/v2\/product_brand?post=3850"},{"taxonomy":"product_cat","embeddable":true,"href":"https:\/\/www.stvvalves.com\/de\/wp-json\/wp\/v2\/product_cat?post=3850"},{"taxonomy":"product_tag","embeddable":true,"href":"https:\/\/www.stvvalves.com\/de\/wp-json\/wp\/v2\/product_tag?post=3850"}],"curies":[{"name":"wp","href":"https:\/\/api.w.org\/{rel}","templated":true}]}}