{"id":3864,"date":"2018-11-24T07:12:54","date_gmt":"2018-11-24T07:12:54","guid":{"rendered":"https:\/\/www.stvvalves.com\/?post_type=product&#038;p=3864"},"modified":"2025-02-17T18:17:56","modified_gmt":"2025-02-17T10:17:56","slug":"screwed-stainless-steel-gate-valve-200psi-cf8m-body-npt-end","status":"publish","type":"product","link":"https:\/\/www.stvvalves.com\/de\/products\/screwed-stainless-steel-gate-valve-200psi-cf8m-body-npt-end\/","title":{"rendered":"Geschraubter Absperrschieber aus Edelstahl, 200 PSI, CF8M-K\u00f6rper, NPT-Ende"},"content":{"rendered":"<p>Material; Edelstahl 304\/316<\/p>\n<p>Gewindeende: BSP. BSPT, NPT, DIN2999<\/p>\n<p>Druck: 200 WOG<\/p>\n<p>Geeignete Medien: Wasser, \u00d6l, Gas<\/p>\n<p>Die Spezifikationen k\u00f6nnen entsprechend den speziellen Anforderungen der Kunden gestaltet und erf\u00fcllt werden<\/p>\n<p>Wenn Sie Interesse haben, kontaktieren Sie uns bitte kostenlos.<\/p>\n<table>\n<tbody>\n<tr>\n<td width=\"200\"><strong><b>Produktname<\/b><\/strong><\/td>\n<td width=\"481\">Geschraubter Absperrschieber aus Edelstahl, 200 PSI, CF8M-K\u00f6rper, NPT-Ende<\/td>\n<\/tr>\n<tr>\n<td width=\"200\">1. Material<\/td>\n<td width=\"481\">304<\/td>\n<\/tr>\n<tr>\n<td width=\"200\">2. Gr\u00f6\u00dfe<\/td>\n<td width=\"481\">11\/4&quot;<\/td>\n<\/tr>\n<tr>\n<td width=\"200\">4. Hafen<\/td>\n<td width=\"481\">Vollst\u00e4ndiger Port<\/td>\n<\/tr>\n<tr>\n<td width=\"200\">5. Arbeitsdruck<\/td>\n<td width=\"481\">200 Wog<\/td>\n<\/tr>\n<tr>\n<td width=\"200\">6. Verbindung endet<\/td>\n<td width=\"481\">NVV<\/td>\n<\/tr>\n<tr>\n<td width=\"200\">7. Arbeitstemperatur.<\/td>\n<td width=\"481\">-29~120 \u00b0C,<\/td>\n<\/tr>\n<tr>\n<td width=\"200\">8. Geeignetes Medium<\/td>\n<td width=\"481\">Wasser, Erdgas, \u00d6l und einige \u00e4tzende Fl\u00fcssigkeiten<\/td>\n<\/tr>\n<tr>\n<td width=\"200\">9. Betrieben<\/td>\n<td width=\"481\">Handrad<\/td>\n<\/tr>\n<tr>\n<td width=\"200\">10. Inspektion und Pr\u00fcfung<\/td>\n<td width=\"481\">Gem\u00e4\u00df API 598<\/td>\n<\/tr>\n<tr>\n<td width=\"200\"><strong><b>Sendung<\/b><\/strong><\/td>\n<td width=\"481\"><\/td>\n<\/tr>\n<tr>\n<td width=\"200\">Lieferzeit<\/td>\n<td width=\"481\">30 Tage<\/td>\n<\/tr>\n<tr>\n<td width=\"200\">Paket<\/td>\n<td width=\"481\">Standard-Export-Sperrholzkiste<\/td>\n<\/tr>\n<tr>\n<td width=\"200\">Hafen<\/td>\n<td width=\"481\">Ningbo\/Shanghai, China<\/td>\n<\/tr>\n<tr>\n<td width=\"200\">Versandbedingungen<\/td>\n<td width=\"481\">Exw, FOB, CFR, CIF usw.<\/td>\n<\/tr>\n<tr>\n<td width=\"200\">Zahlungsbedingungen<\/td>\n<td width=\"481\">T\/T, Western Union, PayPal usw.<\/td>\n<\/tr>\n<tr>\n<td width=\"200\"><\/td>\n<td width=\"481\">30% Vorauszahlung, 70% Restbetrag vor dem Versand bezahlt<\/td>\n<\/tr>\n<tr>\n<td width=\"200\">Herkunftsland<\/td>\n<td width=\"481\">Stadt Wenzhou, China<\/td>\n<\/tr>\n<tr>\n<td width=\"200\">Produktionskapazit\u00e4t<\/td>\n<td width=\"481\">6000 Tonnen\/Jahr<\/td>\n<\/tr>\n<tr>\n<td width=\"200\">Mindestbestellmenge<\/td>\n<td width=\"481\">10 St\u00fcck\/Gr\u00f6\u00dfe<\/td>\n<\/tr>\n<\/tbody>\n<\/table>","protected":false},"excerpt":{"rendered":"<p>Modell: KZ15W-200WOG-11\/4<\/p>\n<p>Geschraubter Absperrschieber aus Edelstahl, 200 PSI, CF8M-K\u00f6rper, NPT-Ende<br \/>\nUnser geschraubter Absperrschieber aus Edelstahl eignet sich f\u00fcr allgemeine Industrieanwendungen, Fl\u00fcssigkeiten und aggressive Chemikalien. Ein robustes, f\u00fcr 200 PSI ausgelegtes Handventil mit Edelstahlgeh\u00e4use und nicht steigender Spindel, Handradbetrieb in verschraubten BSP-Endanschl\u00fcssen und 200 PSI Nennleistung.<\/p>\n<p>Verschraubte Absperrschieber aus Edelstahl sind wartungsfrei, wirtschaftlich und verf\u00fcgen \u00fcber ein Geh\u00e4use, eine Haube aus Edelstahl 316 und ein lackiertes Handrad aus duktilem Eisen.<\/p>\n<p>Hauptmerkmale:<br \/>\nErh\u00e4ltlich mit BSP- oder NPT-Gewinde<br \/>\nGr\u00f6\u00dfen: 1\/2\u2033 bis 4\u2033.<br \/>\nEdelstahlgeh\u00e4use mit PTFE-Dichtungen.<br \/>\nTemperaturbereich: -20 \u00b0C bis 180 \u00b0C.<br \/>\nDruckstufe: 200 PSI.<br \/>\nDesign: Handrad, nicht steigender Schaft<br \/>\nHersteller STV<br \/>\nSTV Valve Technology Group Co., Ltd ist ein professioneller Marktf\u00fchrer in der Herstellung von geschraubten Edelstahl-Absperrschiebern, 200PSI-Absperrschiebern, CF8M-Absperrschiebern und NPT-Endabsperrschiebern in China mit hoher Qualit\u00e4t und wettbewerbsf\u00e4higen Preisen.<\/p>\n<p>F\u00fcr weitere Materialien und Details wenden Sie sich bitte an sales@stvvalve.com.<br \/>\nDatumsblatt:<\/p>\n<p><a href=\"https:\/\/www.stvvalves.com\/wp-content\/uploads\/2018\/11\/Screwed-Stainless-Steel-Gate-Valve-200PSI-CF8M-Body-NPT-End-drawing.pdf\">Geschraubter Absperrschieber aus Edelstahl<\/a><\/p>","protected":false},"featured_media":3865,"template":"","meta":[],"product_brand":[],"product_cat":[44,60],"product_tag":[163,179,180],"class_list":{"0":"post-3864","1":"product","2":"type-product","3":"status-publish","4":"has-post-thumbnail","6":"product_cat-gate-valve","7":"product_cat-stainless-steel-gate-valve","8":"product_tag-gate-valve","9":"product_tag-screwed-gate-valve","10":"product_tag-screwed-stainless-steel-gate-valve","12":"first","13":"instock","14":"shipping-taxable","15":"product-type-simple"},"_links":{"self":[{"href":"https:\/\/www.stvvalves.com\/de\/wp-json\/wp\/v2\/product\/3864","targetHints":{"allow":["GET"]}}],"collection":[{"href":"https:\/\/www.stvvalves.com\/de\/wp-json\/wp\/v2\/product"}],"about":[{"href":"https:\/\/www.stvvalves.com\/de\/wp-json\/wp\/v2\/types\/product"}],"wp:featuredmedia":[{"embeddable":true,"href":"https:\/\/www.stvvalves.com\/de\/wp-json\/wp\/v2\/media\/3865"}],"wp:attachment":[{"href":"https:\/\/www.stvvalves.com\/de\/wp-json\/wp\/v2\/media?parent=3864"}],"wp:term":[{"taxonomy":"product_brand","embeddable":true,"href":"https:\/\/www.stvvalves.com\/de\/wp-json\/wp\/v2\/product_brand?post=3864"},{"taxonomy":"product_cat","embeddable":true,"href":"https:\/\/www.stvvalves.com\/de\/wp-json\/wp\/v2\/product_cat?post=3864"},{"taxonomy":"product_tag","embeddable":true,"href":"https:\/\/www.stvvalves.com\/de\/wp-json\/wp\/v2\/product_tag?post=3864"}],"curies":[{"name":"wp","href":"https:\/\/api.w.org\/{rel}","templated":true}]}}