{"id":3897,"date":"2018-11-24T14:47:41","date_gmt":"2018-11-24T14:47:41","guid":{"rendered":"https:\/\/www.stvvalves.com\/?post_type=product&#038;p=3897"},"modified":"2024-12-25T15:00:17","modified_gmt":"2024-12-25T07:00:17","slug":"screwed-stainless-steel-globe-valve","status":"publish","type":"product","link":"https:\/\/www.stvvalves.com\/de\/products\/screwed-stainless-steel-globe-valve\/","title":{"rendered":"Geschraubtes Kugelventil aus Edelstahl"},"content":{"rendered":"<p>Endgewinde: ANSI B2.1, BS 21:1973,<br \/>\nDIN 259\/2999, ISO 228<br \/>\nStruktur: Kugelventil<br \/>\nDruck: 200 PSI<br \/>\nAnschlussgr\u00f6\u00dfe: Standard<br \/>\nMaterial: WCB,304,316<br \/>\nSize: 1\/2\u2033-4\u2033<br \/>\nGriffrad<\/p>\n<table>\n<tbody>\n<tr>\n<td width=\"200\"><strong>Produktname<\/strong><\/td>\n<td width=\"481\">Kugelventil aus Edelstahl, CF8,3 Zoll, 200 WOG, NPT-Ende<\/td>\n<\/tr>\n<tr>\n<td width=\"200\">1. Material<\/td>\n<td width=\"481\">CF8M<\/td>\n<\/tr>\n<tr>\n<td width=\"200\">2. Gr\u00f6\u00dfe<\/td>\n<td width=\"481\">11\/2&quot;<\/td>\n<\/tr>\n<tr>\n<td width=\"200\">4. Hafen<\/td>\n<td width=\"481\">Vollst\u00e4ndiger Port<\/td>\n<\/tr>\n<tr>\n<td width=\"200\">5. Arbeitsdruck<\/td>\n<td width=\"481\">200WOG<\/td>\n<\/tr>\n<tr>\n<td width=\"200\">6. Verbindung endet<\/td>\n<td width=\"481\">NVV<\/td>\n<\/tr>\n<tr>\n<td width=\"200\">7. Arbeitstemperatur.<\/td>\n<td width=\"481\">-29~120 \u00b0C,<\/td>\n<\/tr>\n<tr>\n<td width=\"200\">8. Geeignetes Medium<\/td>\n<td width=\"481\">Wasser, Erdgas, \u00d6l und einige \u00e4tzende Fl\u00fcssigkeiten<\/td>\n<\/tr>\n<tr>\n<td width=\"200\">9. Betrieben<\/td>\n<td width=\"481\">Handrad<\/td>\n<\/tr>\n<tr>\n<td width=\"200\">10. Inspektion und Pr\u00fcfung<\/td>\n<td width=\"481\">Gem\u00e4\u00df API598<\/td>\n<\/tr>\n<tr>\n<td width=\"200\"><strong>Sendung<\/strong><\/td>\n<td width=\"481\"><\/td>\n<\/tr>\n<tr>\n<td width=\"200\">Lieferzeit<\/td>\n<td width=\"481\">30 Tage<\/td>\n<\/tr>\n<tr>\n<td width=\"200\">Paket<\/td>\n<td width=\"481\">Standard-Export-Sperrholzkiste<\/td>\n<\/tr>\n<tr>\n<td width=\"200\">Hafen<\/td>\n<td width=\"481\">Ningbo\/Shanghai, China<\/td>\n<\/tr>\n<tr>\n<td width=\"200\">Versandbedingungen<\/td>\n<td width=\"481\">Exw, FOB, CFR, CIF usw.<\/td>\n<\/tr>\n<tr>\n<td width=\"200\">Zahlungsbedingungen<\/td>\n<td width=\"481\">T\/T, Western Union, PayPal usw.<\/td>\n<\/tr>\n<tr>\n<td width=\"200\"><\/td>\n<td width=\"481\">30% Vorauszahlung, 70% Restbetrag vor dem Versand bezahlt<\/td>\n<\/tr>\n<tr>\n<td width=\"200\">Herkunftsland<\/td>\n<td width=\"481\">Stadt Wenzhou, China<\/td>\n<\/tr>\n<tr>\n<td width=\"200\">Produktionskapazit\u00e4t<\/td>\n<td width=\"481\">6000 Tonnen\/Jahr<\/td>\n<\/tr>\n<tr>\n<td width=\"200\">Mindestbestellmenge<\/td>\n<td width=\"481\">1 St\u00fcck\/Gr\u00f6\u00dfe<\/td>\n<\/tr>\n<\/tbody>\n<\/table>","protected":false},"excerpt":{"rendered":"<p>Geschraubtes Kugelventil aus Edelstahl<br \/>\nUnser geschraubtes Edelstahl-Absperrventil eignet sich f\u00fcr industrielle Anwendungen, einschlie\u00dflich Chemiefabriken, Krankenh\u00e4user, Farbenherstellung und Installationen, in denen aggressive Fl\u00fcssigkeiten verwendet werden. Ideal geeignet f\u00fcr Isolationsaufgaben und Medien wie Luft, Gas, \u00d6l und Wasser. Ein handradbetriebenes, verschraubtes Kugelventil mit ansteigender Spindel, Geh\u00e4use, Oberteil und Scheibe aus Edelstahl.<\/p>\n<p>Bietet eine leckagefreie Absperrung mit der M\u00f6glichkeit, den Durchfluss teilweise offen zu regulieren.<\/p>\n<p>Hauptmerkmale:<br \/>\nErh\u00e4ltlich in den Gr\u00f6\u00dfen: 1\/4\u2033 bis 4\u2033.<br \/>\nTemperaturbereich: -20 \u00b0C bis 180 \u00b0C.<br \/>\nDruckstufe: 200 PSI.<br \/>\nEin wartungsfreies Ventil, perfekt f\u00fcr die Isolierung.<br \/>\nGeh\u00e4usematerial:304.316.<br \/>\nHersteller: STV-Ventil<\/p>\n<p>STV Valve Technology Group Co., Ltd ist ein professioneller Marktf\u00fchrer in China. Hersteller von 200-PSI-Absperrventilen, Absperrventilen, verschraubten Absperrventilen, Absperrventilen aus Edelstahl, NPT-Absperrventilen mit Innengewinde, 1-Zoll-Absperrventilen, 2-Zoll-Absperrventilen und 316-NPT-Absperrventilen mit hoher Qualit\u00e4t und wettbewerbsf\u00e4higem Preis.<\/p>\n<p>F\u00fcr weitere Materialien und Details wenden Sie sich bitte an sales@stvvalve.com.<\/p>\n<p>Datumsblatt:<br \/>\n<a href=\"https:\/\/www.stvvalves.com\/wp-content\/uploads\/2018\/11\/Screwed-Stainless-Steel-Globe-Valve-DRAWING.pdf\">Geschraubtes Kugelventil aus Edelstahl<\/a><\/p>","protected":false},"featured_media":3902,"template":"","meta":[],"product_brand":[],"product_cat":[45,189],"product_tag":[884,193,1021,1019,190,1020,191,192],"class_list":{"0":"post-3897","1":"product","2":"type-product","3":"status-publish","4":"has-post-thumbnail","6":"product_cat-globe-valve","7":"product_cat-stainless-steel-globe-valve","8":"product_tag-2-inch-globe-valve","9":"product_tag-200-psi-globe-valve","10":"product_tag-316-npt-globe-valve","11":"product_tag-female-npt-globe-valve","12":"product_tag-globe-valve","13":"product_tag-i-inch-globe-valve","14":"product_tag-screwed-globe-valve","15":"product_tag-stainless-steel-globe-valve","17":"first","18":"instock","19":"shipping-taxable","20":"product-type-simple"},"_links":{"self":[{"href":"https:\/\/www.stvvalves.com\/de\/wp-json\/wp\/v2\/product\/3897","targetHints":{"allow":["GET"]}}],"collection":[{"href":"https:\/\/www.stvvalves.com\/de\/wp-json\/wp\/v2\/product"}],"about":[{"href":"https:\/\/www.stvvalves.com\/de\/wp-json\/wp\/v2\/types\/product"}],"wp:featuredmedia":[{"embeddable":true,"href":"https:\/\/www.stvvalves.com\/de\/wp-json\/wp\/v2\/media\/3902"}],"wp:attachment":[{"href":"https:\/\/www.stvvalves.com\/de\/wp-json\/wp\/v2\/media?parent=3897"}],"wp:term":[{"taxonomy":"product_brand","embeddable":true,"href":"https:\/\/www.stvvalves.com\/de\/wp-json\/wp\/v2\/product_brand?post=3897"},{"taxonomy":"product_cat","embeddable":true,"href":"https:\/\/www.stvvalves.com\/de\/wp-json\/wp\/v2\/product_cat?post=3897"},{"taxonomy":"product_tag","embeddable":true,"href":"https:\/\/www.stvvalves.com\/de\/wp-json\/wp\/v2\/product_tag?post=3897"}],"curies":[{"name":"wp","href":"https:\/\/api.w.org\/{rel}","templated":true}]}}