{"id":3909,"date":"2018-11-24T15:45:23","date_gmt":"2018-11-24T15:45:23","guid":{"rendered":"https:\/\/www.stvvalves.com\/?post_type=product&#038;p=3909"},"modified":"2025-02-17T18:17:50","modified_gmt":"2025-02-17T10:17:50","slug":"forged-steel-gate-valve-class-800","status":"publish","type":"product","link":"https:\/\/www.stvvalves.com\/de\/products\/forged-steel-gate-valve-class-800\/","title":{"rendered":"Absperrschieber aus geschmiedetem Stahl, Klasse 800"},"content":{"rendered":"<p>Design-Merkmale<br \/>\n1. Voller Port oder konventioneller Port<br \/>\n2. Au\u00dfenschraube und Joch (OS&amp;Y)<br \/>\n3. Zweiteilige selbstausrichtende Stopfbuchse<br \/>\n4. Verschraubte Motorhaube mit Spiraldichtung, geschwei\u00dfte Motorhaube mit Gewinde und Dichtung oder Motorhaube mit Gewinde und Druckdichtung<br \/>\n5. Integrierter R\u00fccksitz<br \/>\n6. Erh\u00e4ltlich in ANSI 150-2500LB, Gr\u00f6\u00dfen: 1\/2\u2033 bis 2\u2033.<br \/>\n7.Materialien: A105N, LF2, F304, F316, F11, F22, F5, F91, legierter Stahl usw.<br \/>\n8. Temperaturbereich: 0 \u00b0C bis 600 \u00b0C.<br \/>\n9.Port: Reduzierer-Port und Voll-Port.<br \/>\n10.Endverbindung: NPT, BW, SW, RF, RTJ.<\/p>\n<table>\n<tbody>\n<tr>\n<td width=\"200\"><strong><b>Produktname<\/b><\/strong><\/td>\n<td width=\"481\">Absperrschieber aus geschmiedetem Stahl, Klasse 800<\/td>\n<\/tr>\n<tr>\n<td width=\"200\">1. Material<\/td>\n<td width=\"481\">A105N<\/td>\n<\/tr>\n<tr>\n<td width=\"200\">2. Gr\u00f6\u00dfe<\/td>\n<td width=\"481\">2&quot;<\/td>\n<\/tr>\n<tr>\n<td width=\"200\">4. Hafen<\/td>\n<td width=\"481\">Reduzieranschluss<\/td>\n<\/tr>\n<tr>\n<td width=\"200\">5. Arbeitsdruck<\/td>\n<td width=\"481\">800 Pfund<\/td>\n<\/tr>\n<tr>\n<td width=\"200\">6. Verbindung endet<\/td>\n<td width=\"481\">Muffenschwei\u00dfende<\/td>\n<\/tr>\n<tr>\n<td width=\"200\">7. Arbeitstemperatur.<\/td>\n<td width=\"481\">-29~425 \u00b0C,<\/td>\n<\/tr>\n<tr>\n<td width=\"200\">8. Geeignetes Medium<\/td>\n<td width=\"481\">Wasser, Erdgas, \u00d6l und einige \u00e4tzende Fl\u00fcssigkeiten<\/td>\n<\/tr>\n<tr>\n<td width=\"200\">9. Betrieben<\/td>\n<td width=\"481\">Handrad<\/td>\n<\/tr>\n<tr>\n<td width=\"200\">10. Inspektion und Pr\u00fcfung<\/td>\n<td width=\"481\">Gem\u00e4\u00df API 598<\/td>\n<\/tr>\n<tr>\n<td width=\"200\"><strong><b>Sendung<\/b><\/strong><\/td>\n<td width=\"481\">&nbsp;<\/td>\n<\/tr>\n<tr>\n<td width=\"200\">Lieferzeit<\/td>\n<td width=\"481\">30 Tage<\/td>\n<\/tr>\n<tr>\n<td width=\"200\">Paket<\/td>\n<td width=\"481\">Standard-Export-Sperrholzkiste<\/td>\n<\/tr>\n<tr>\n<td width=\"200\">Hafen<\/td>\n<td width=\"481\">Ningbo\/Shanghai, China<\/td>\n<\/tr>\n<tr>\n<td width=\"200\">Versandbedingungen<\/td>\n<td width=\"481\">Exw, FOB, CFR, CIF usw.<\/td>\n<\/tr>\n<tr>\n<td width=\"200\">Zahlungsbedingungen<\/td>\n<td width=\"481\">T\/T, Western Union, PayPal usw.<\/td>\n<\/tr>\n<tr>\n<td width=\"200\">&nbsp;<\/td>\n<td width=\"481\">30% Vorauszahlung, 70% Restbetrag vor dem Versand bezahlt<\/td>\n<\/tr>\n<tr>\n<td width=\"200\">Herkunftsland<\/td>\n<td width=\"481\">Stadt Wenzhou, China<\/td>\n<\/tr>\n<tr>\n<td width=\"200\">Produktionskapazit\u00e4t<\/td>\n<td width=\"481\">6000 Tonnen\/Jahr<\/td>\n<\/tr>\n<tr>\n<td width=\"200\">Mindestbestellmenge<\/td>\n<td width=\"481\">10 St\u00fcck\/Gr\u00f6\u00dfe<\/td>\n<\/tr>\n<\/tbody>\n<\/table>","protected":false},"excerpt":{"rendered":"<p>Modell: Z11H-800LB<br \/>\nAbsperrschieber aus geschmiedetem Stahl der Klasse 800 eignen sich f\u00fcr die anspruchsvollsten Prozessanwendungen. Im ge\u00f6ffneten Zustand flie\u00dfen die Medien mit minimaler Turbulenz und minimalem Druckabfall durch das Ventil und Branchen, in denen die Isolierung von viskosen Fl\u00fcssigkeiten und Fl\u00fcssigkeiten erforderlich ist.<\/p>\n<p>Das Ventil entspricht API 602 und verf\u00fcgt \u00fcber eine Au\u00dfenschraube und ein Joch mit ansteigendem Schaft. Das Handrad bet\u00e4tigt den Absperrschieber nur f\u00fcr beide Isolationsanwendungen.<\/p>\n<p>Warum Absperrschieber verwenden: Diese Ventile sorgen in horizontaler oder vertikaler Position f\u00fcr eine dichte Absperrung von Prozessfl\u00fcssigkeiten in Rohrleitungen. Sie bieten auch ein geringes Ma\u00df an Kontrolle und werden zum Drosseln von Dampf, Gas oder Fl\u00fcssigkeiten verwendet. Einfach zu bedienen und von Ingenieuren zur Isolierung von Auffangstationen die bevorzugte Wahl gegen\u00fcber Kugelh\u00e4hnen.<\/p>\n<p>Typische Anwendungen:<\/p>\n<p>Turbinenraum<br \/>\nIsolierung<br \/>\nKondensatleitungen<br \/>\nVor teurem Anlagenequipment<br \/>\n\u00d6lbrennerleitungen<br \/>\nTypische Branchen:<\/p>\n<p>Brennstoffleitung der Kesselanlage<br \/>\nRecyclinganlagen<br \/>\nChemieindustrie<br \/>\nDampfanlage<br \/>\nKrankenh\u00e4user, Schulen und HVAC<\/p>\n<p>Datumsblatt:<br \/>\n<a href=\"https:\/\/www.stvvalves.com\/wp-content\/uploads\/2018\/11\/Forged-Steel-Gate-Valve-Class-800-Drawing.pdf\">Absperrschieber aus geschmiedetem Stahl, Klasse 800<\/a><\/p>\n<p>&nbsp;<\/p>","protected":false},"featured_media":3911,"template":"","meta":[],"product_brand":[],"product_cat":[59,44],"product_tag":[196,194,195],"class_list":{"0":"post-3909","1":"product","2":"type-product","3":"status-publish","4":"has-post-thumbnail","6":"product_cat-forged-steel-gate-valve","7":"product_cat-gate-valve","8":"product_tag-bolt-bonnet-gate-valve","9":"product_tag-forged-steel-gate-valve","10":"product_tag-high-pressure-gate-valve","12":"first","13":"instock","14":"shipping-taxable","15":"product-type-simple"},"_links":{"self":[{"href":"https:\/\/www.stvvalves.com\/de\/wp-json\/wp\/v2\/product\/3909","targetHints":{"allow":["GET"]}}],"collection":[{"href":"https:\/\/www.stvvalves.com\/de\/wp-json\/wp\/v2\/product"}],"about":[{"href":"https:\/\/www.stvvalves.com\/de\/wp-json\/wp\/v2\/types\/product"}],"wp:featuredmedia":[{"embeddable":true,"href":"https:\/\/www.stvvalves.com\/de\/wp-json\/wp\/v2\/media\/3911"}],"wp:attachment":[{"href":"https:\/\/www.stvvalves.com\/de\/wp-json\/wp\/v2\/media?parent=3909"}],"wp:term":[{"taxonomy":"product_brand","embeddable":true,"href":"https:\/\/www.stvvalves.com\/de\/wp-json\/wp\/v2\/product_brand?post=3909"},{"taxonomy":"product_cat","embeddable":true,"href":"https:\/\/www.stvvalves.com\/de\/wp-json\/wp\/v2\/product_cat?post=3909"},{"taxonomy":"product_tag","embeddable":true,"href":"https:\/\/www.stvvalves.com\/de\/wp-json\/wp\/v2\/product_tag?post=3909"}],"curies":[{"name":"wp","href":"https:\/\/api.w.org\/{rel}","templated":true}]}}