{"id":3920,"date":"2018-11-24T16:33:40","date_gmt":"2018-11-24T16:33:40","guid":{"rendered":"https:\/\/www.stvvalves.com\/?post_type=product&#038;p=3920"},"modified":"2025-02-18T14:17:12","modified_gmt":"2025-02-18T06:17:12","slug":"forged-steel-globe-valve-class-800","status":"publish","type":"product","link":"https:\/\/www.stvvalves.com\/de\/products\/forged-steel-globe-valve-class-800\/","title":{"rendered":"Absperrventil aus geschmiedetem Stahl, Klasse 800"},"content":{"rendered":"<p>Hauptmerkmale:<br \/>\nHandradantrieb<br \/>\nVerschraubte Haube, Schwei\u00dfhaube, Druckdichtungshaube<br \/>\nGeschraubtes BSP, NPT oder Muffenschwei\u00dfen, Stumpfschwei\u00dfen<br \/>\nGr\u00f6\u00dfen 1\/2\u2033 bis 3\u2033<br \/>\nGeh\u00e4usematerial: A105, F304, F316, F5, F91, F11, F22, legierter Stahl usw.<br \/>\nTemperaturbereich: -29 \u00b0C bis 550 \u00b0C<br \/>\nDruck 150LB-2500LB<br \/>\n<img loading=\"lazy\" decoding=\"async\" class=\"alignnone size-full wp-image-3921\" src=\"https:\/\/www.stvvalves.com\/wp-content\/uploads\/2018\/11\/forged-steel-globe-valve-class-800.jpg\" alt=\"\" width=\"2339\" height=\"1653\" srcset=\"https:\/\/www.stvvalves.com\/wp-content\/uploads\/2018\/11\/forged-steel-globe-valve-class-800.jpg 2339w, https:\/\/www.stvvalves.com\/wp-content\/uploads\/2018\/11\/forged-steel-globe-valve-class-800-600x424.jpg 600w, https:\/\/www.stvvalves.com\/wp-content\/uploads\/2018\/11\/forged-steel-globe-valve-class-800-300x212.jpg 300w, https:\/\/www.stvvalves.com\/wp-content\/uploads\/2018\/11\/forged-steel-globe-valve-class-800-768x543.jpg 768w, https:\/\/www.stvvalves.com\/wp-content\/uploads\/2018\/11\/forged-steel-globe-valve-class-800-1030x728.jpg 1030w, https:\/\/www.stvvalves.com\/wp-content\/uploads\/2018\/11\/forged-steel-globe-valve-class-800-1500x1060.jpg 1500w, https:\/\/www.stvvalves.com\/wp-content\/uploads\/2018\/11\/forged-steel-globe-valve-class-800-260x185.jpg 260w, https:\/\/www.stvvalves.com\/wp-content\/uploads\/2018\/11\/forged-steel-globe-valve-class-800-705x498.jpg 705w\" sizes=\"auto, (max-width: 2339px) 100vw, 2339px\" \/><\/p>","protected":false},"excerpt":{"rendered":"<p>Modell: J61Y-800LB<br \/>\nKugelventile aus geschmiedetem Stahl der Klasse 800 eignen sich f\u00fcr anspruchsvolle Prozessanwendungen und Branchen, in denen die Isolierung von Dampf, Gas oder Fl\u00fcssigkeit erforderlich ist.<\/p>\n<p>Das nach API 602 entwickelte und nach API 598 getestete Ventil verf\u00fcgt \u00fcber eine Au\u00dfenschraube und ein Joch mit ansteigendem Schaft. Das Handrad bet\u00e4tigt das Kugelventil sowohl f\u00fcr Absperr- als auch f\u00fcr Drosselanwendungen.<\/p>\n<p>Warum Absperrventile verwenden: Diese Ventile sorgen in horizontaler oder vertikaler Position f\u00fcr eine formschl\u00fcssige, dichte Absperrung von Prozessfl\u00fcssigkeiten in Rohrleitungen. Sie bieten auch ein geringes Ma\u00df an Kontrolle und werden zum Drosseln von Dampf, Gas oder Fl\u00fcssigkeiten verwendet. Einfach zu bedienen und von Ingenieuren zur Isolierung von Auffangstationen die bevorzugte Wahl gegen\u00fcber Kugelh\u00e4hnen.<\/p>\n<p>Typische Anwendungen:<\/p>\n<p>Einfanglinien und Stationen<br \/>\nIsolierung<br \/>\nKondensatleitungen<br \/>\nVor teurem Anlagenequipment<br \/>\n\u00d6lbrennerleitungen<br \/>\nTypische Branchen:<\/p>\n<p>Brennstoffleitung der Kesselanlage<br \/>\nRecyclinganlagen<br \/>\nChemieindustrie<br \/>\nDampfanlage<br \/>\nKrankenh\u00e4user, Schulen und HVAC<\/p>\n<p>STV Valve Technology Group Co., Ltd ist ein professioneller Marktf\u00fchrer f\u00fcr 800LB-Absperrventile in China, API 602-Absperrventile, Absperrventile aus geschmiedetem Kohlenstoffstahl, Absperrventile aus geschmiedetem Edelstahl, Absperrventile aus geschmiedetem Stahl, Absperrventile aus geschmiedetem Stahl der Klasse 800 und Hochdruck-Absperrventile ,Kugelventil mit Muffenschwei\u00dfung, Hersteller von Kugelventilen A105N mit hoher Qualit\u00e4t und wettbewerbsf\u00e4higem Preis.<\/p>\n<p>F\u00fcr weitere Materialien und Details wenden Sie sich bitte an sales@stvvalve.com.<\/p>\n<p>Datumsblatt:<br \/>\n<a href=\"https:\/\/www.stvvalves.com\/wp-content\/uploads\/2018\/11\/Globe-Valve-A105-sw.pdf\">Absperrventil aus geschmiedetem Stahl, Klasse 800<\/a><\/p>","protected":false},"featured_media":3932,"template":"","meta":[],"product_brand":[],"product_cat":[64,45],"product_tag":[198,1018,212,439,438,197,440,199,211],"class_list":{"0":"post-3920","1":"product","2":"type-product","3":"status-publish","4":"has-post-thumbnail","6":"product_cat-foreged-steel-globe-valve","7":"product_cat-globe-valve","8":"product_tag-800lb-globe-valve","9":"product_tag-a105n-globe-valve","10":"product_tag-api-602-globe-valve","11":"product_tag-forged-carbon-steel-globe-valve","12":"product_tag-forged-stainless-steel-globe-valve","13":"product_tag-forged-steel-globe-valve","14":"product_tag-forged-steel-globe-valve-class-800","15":"product_tag-high-pressure-globe-valve","16":"product_tag-socket-weld-globe-valve","18":"first","19":"instock","20":"shipping-taxable","21":"product-type-simple"},"_links":{"self":[{"href":"https:\/\/www.stvvalves.com\/de\/wp-json\/wp\/v2\/product\/3920","targetHints":{"allow":["GET"]}}],"collection":[{"href":"https:\/\/www.stvvalves.com\/de\/wp-json\/wp\/v2\/product"}],"about":[{"href":"https:\/\/www.stvvalves.com\/de\/wp-json\/wp\/v2\/types\/product"}],"wp:featuredmedia":[{"embeddable":true,"href":"https:\/\/www.stvvalves.com\/de\/wp-json\/wp\/v2\/media\/3932"}],"wp:attachment":[{"href":"https:\/\/www.stvvalves.com\/de\/wp-json\/wp\/v2\/media?parent=3920"}],"wp:term":[{"taxonomy":"product_brand","embeddable":true,"href":"https:\/\/www.stvvalves.com\/de\/wp-json\/wp\/v2\/product_brand?post=3920"},{"taxonomy":"product_cat","embeddable":true,"href":"https:\/\/www.stvvalves.com\/de\/wp-json\/wp\/v2\/product_cat?post=3920"},{"taxonomy":"product_tag","embeddable":true,"href":"https:\/\/www.stvvalves.com\/de\/wp-json\/wp\/v2\/product_tag?post=3920"}],"curies":[{"name":"wp","href":"https:\/\/api.w.org\/{rel}","templated":true}]}}