{"id":3937,"date":"2018-11-26T02:17:18","date_gmt":"2018-11-26T02:17:18","guid":{"rendered":"https:\/\/www.stvvalves.com\/?post_type=product&#038;p=3937"},"modified":"2025-02-17T18:17:26","modified_gmt":"2025-02-17T10:17:26","slug":"3pc-flange-end-ball-valve","status":"publish","type":"product","link":"https:\/\/www.stvvalves.com\/de\/products\/3pc-flange-end-ball-valve\/","title":{"rendered":"3-teiliger Kugelhahn mit Flanschende"},"content":{"rendered":"<p>Hauptmerkmale:<br \/>\n3-teilig, voller Durchgang<br \/>\nA351 CF8M-Karosserie<br \/>\nKugel aus Edelstahl 316<br \/>\nFlansch PN16<br \/>\nPTFE- oder PPL-Sitze<br \/>\nGr\u00f6\u00dfen 1\/2\u2033 bis 4\u2033<\/p>\n<table>\n<tbody>\n<tr>\n<td width=\"200\"><strong>Produktname<\/strong><\/td>\n<td width=\"481\">3-teiliger Kugelhahn mit Flanschende<\/td>\n<\/tr>\n<tr>\n<td width=\"200\">1. Material<\/td>\n<td width=\"481\">316<\/td>\n<\/tr>\n<tr>\n<td width=\"200\">2. Gr\u00f6\u00dfe<\/td>\n<td width=\"481\">4&quot;<\/td>\n<\/tr>\n<tr>\n<td width=\"200\">4. Hafen<\/td>\n<td width=\"481\">Vollst\u00e4ndiger Port<\/td>\n<\/tr>\n<tr>\n<td width=\"200\">5. Arbeitsdruck<\/td>\n<td width=\"481\">150 Pfund<\/td>\n<\/tr>\n<tr>\n<td width=\"200\">6. Verbindung endet<\/td>\n<td width=\"481\">RF<\/td>\n<\/tr>\n<tr>\n<td width=\"200\">7. Arbeitstemperatur.<\/td>\n<td width=\"481\">-29~180 \u00b0C,<\/td>\n<\/tr>\n<tr>\n<td width=\"200\">8. Geeignetes Medium<\/td>\n<td width=\"481\">Wasser, Erdgas, \u00d6l und einige \u00e4tzende Fl\u00fcssigkeiten<\/td>\n<\/tr>\n<tr>\n<td width=\"200\">9. Betrieben<\/td>\n<td width=\"481\">Handrad<\/td>\n<\/tr>\n<tr>\n<td width=\"200\">10. Inspektion und Pr\u00fcfung<\/td>\n<td width=\"481\">Gem\u00e4\u00df API598<\/td>\n<\/tr>\n<tr>\n<td width=\"200\"><strong>Sendung<\/strong><\/td>\n<td width=\"481\"><\/td>\n<\/tr>\n<tr>\n<td width=\"200\">Lieferzeit<\/td>\n<td width=\"481\">30 Tage<\/td>\n<\/tr>\n<tr>\n<td width=\"200\">Paket<\/td>\n<td width=\"481\">Standard-Export-Sperrholzkiste<\/td>\n<\/tr>\n<tr>\n<td width=\"200\">Hafen<\/td>\n<td width=\"481\">Ningbo\/Shanghai, China<\/td>\n<\/tr>\n<tr>\n<td width=\"200\">Versandbedingungen<\/td>\n<td width=\"481\">Exw, FOB, CFR, CIF usw.<\/td>\n<\/tr>\n<tr>\n<td width=\"200\">Zahlungsbedingungen<\/td>\n<td width=\"481\">T\/T, Western Union, PayPal usw.<\/td>\n<\/tr>\n<tr>\n<td width=\"200\"><\/td>\n<td width=\"481\">30% Vorauszahlung, 70% Restbetrag vor dem Versand bezahlt<\/td>\n<\/tr>\n<tr>\n<td width=\"200\">Herkunftsland<\/td>\n<td width=\"481\">Stadt Wenzhou, China<\/td>\n<\/tr>\n<tr>\n<td width=\"200\">Produktionskapazit\u00e4t<\/td>\n<td width=\"481\">6000 Tonnen\/Jahr<\/td>\n<\/tr>\n<tr>\n<td width=\"200\">Mindestbestellmenge<\/td>\n<td width=\"481\">1 St\u00fcck\/Gr\u00f6\u00dfe<\/td>\n<\/tr>\n<\/tbody>\n<\/table>","protected":false},"excerpt":{"rendered":"<p>Modell: Q41F-3-PN16<br \/>\n3-teiliger Kugelhahn mit Flanschende<\/p>\n<p>Ein dreiteiliger Kugelhahn mit PN16-Flansch und vollem Durchgang aus Edelstahl. A351 CF8M-Geh\u00e4use und Kugel, wahlweise mit PPL- und PTFE-Sitzen.<\/p>\n<p>Das Ventil entspricht der ISO 5211-Direktmontageplatte f\u00fcr eine einfache Bet\u00e4tigung und wird mit einem abschlie\u00dfbaren Hebelgriff geliefert.<\/p>\n<p>Das Ventil bietet einen sicheren Betrieb in vielen industriellen und chemischen Anwendungen und eignet sich sowohl f\u00fcr die manuelle Isolierung als auch f\u00fcr die einfache Bet\u00e4tigung, da es \u00fcber ein niedriges Drehmoment und hohe Durchflussraten verf\u00fcgt<\/p>\n<p>Hauptmerkmale:<br \/>\n3-teilig, voller Durchgang<br \/>\nA351 CF8M-Karosserie<br \/>\nKugel aus Edelstahl 316<br \/>\nFlansch PN16<br \/>\nPTFE- oder PPL-Sitze<br \/>\nGr\u00f6\u00dfen 1\/2\u2033 bis 4\u2033<\/p>\n<p>STV Valve Technology Group Co., Ltd ist ein professioneller Marktf\u00fchrer in der Branche der Ventilunternehmen, China 3PC Flanschkugelh\u00e4hne, 3PC Flanschkugelh\u00e4hne, 3PC ASME 150lbs Kugelhahn mit Flanschende, 3PC DIN Kugelhahn mit Flanschende, 3PC Flanschkugelhahn aus Edelstahl, WCB 3PC Hersteller von Flanschend-Kugelh\u00e4hnen mit hoher Qualit\u00e4t und wettbewerbsf\u00e4higem Preis. F\u00fcr weitere Materialien und Details wenden Sie sich bitte an sales@stvvalve.com.<\/p>\n<p>F\u00fcr weitere Materialien und Details wenden Sie sich bitte an sales@stvvalve.com.<\/p>\n<p>Datumsblatt:<br \/>\n<a href=\"https:\/\/www.stvvalves.com\/wp-content\/uploads\/2018\/11\/3PC-Flange-End-Ball-Valve-Drawing.pdf\">3-teiliger Kugelhahn mit Flanschende\u00a0<\/a><\/p>","protected":false},"featured_media":3939,"template":"","meta":[],"product_brand":[],"product_cat":[43,80,78,53],"product_tag":[201,200,989,990,991],"class_list":{"0":"post-3937","1":"product","2":"type-product","3":"status-publish","4":"has-post-thumbnail","6":"product_cat-ball-valve","7":"product_cat-flange-ball-valve","8":"product_cat-floating-ball-valve","9":"product_cat-stainless-steel-ball-valve","10":"product_tag-3pc-flange-ball-valve","11":"product_tag-3pc-flanged-end-asme-150lbs-ball-valve","12":"product_tag-3pc-flanged-end-din-ball-valve","13":"product_tag-stainless-steel-3pc-flange-ball-vlave","14":"product_tag-wcb-3pc-flange-end-ball-valve","16":"first","17":"instock","18":"shipping-taxable","19":"product-type-simple"},"_links":{"self":[{"href":"https:\/\/www.stvvalves.com\/de\/wp-json\/wp\/v2\/product\/3937","targetHints":{"allow":["GET"]}}],"collection":[{"href":"https:\/\/www.stvvalves.com\/de\/wp-json\/wp\/v2\/product"}],"about":[{"href":"https:\/\/www.stvvalves.com\/de\/wp-json\/wp\/v2\/types\/product"}],"wp:featuredmedia":[{"embeddable":true,"href":"https:\/\/www.stvvalves.com\/de\/wp-json\/wp\/v2\/media\/3939"}],"wp:attachment":[{"href":"https:\/\/www.stvvalves.com\/de\/wp-json\/wp\/v2\/media?parent=3937"}],"wp:term":[{"taxonomy":"product_brand","embeddable":true,"href":"https:\/\/www.stvvalves.com\/de\/wp-json\/wp\/v2\/product_brand?post=3937"},{"taxonomy":"product_cat","embeddable":true,"href":"https:\/\/www.stvvalves.com\/de\/wp-json\/wp\/v2\/product_cat?post=3937"},{"taxonomy":"product_tag","embeddable":true,"href":"https:\/\/www.stvvalves.com\/de\/wp-json\/wp\/v2\/product_tag?post=3937"}],"curies":[{"name":"wp","href":"https:\/\/api.w.org\/{rel}","templated":true}]}}