{"id":3989,"date":"2018-11-27T01:11:23","date_gmt":"2018-11-27T01:11:23","guid":{"rendered":"https:\/\/www.stvvalves.com\/?post_type=product&#038;p=3989"},"modified":"2025-02-17T18:18:52","modified_gmt":"2025-02-17T10:18:52","slug":"forged-steel-globe-valve-class-2500","status":"publish","type":"product","link":"https:\/\/www.stvvalves.com\/de\/products\/forged-steel-globe-valve-class-2500\/","title":{"rendered":"Absperrventil aus geschmiedetem Stahl, Klasse 2500"},"content":{"rendered":"<p><img loading=\"lazy\" decoding=\"async\" class=\"alignnone size-full wp-image-3990\" src=\"https:\/\/www.stvvalves.com\/wp-content\/uploads\/2018\/11\/Forged-Steel-Globe-Valve-Class-2500-Drawing.jpg\" alt=\"\" width=\"2199\" height=\"1700\" srcset=\"https:\/\/www.stvvalves.com\/wp-content\/uploads\/2018\/11\/Forged-Steel-Globe-Valve-Class-2500-Drawing.jpg 2199w, https:\/\/www.stvvalves.com\/wp-content\/uploads\/2018\/11\/Forged-Steel-Globe-Valve-Class-2500-Drawing-600x464.jpg 600w, https:\/\/www.stvvalves.com\/wp-content\/uploads\/2018\/11\/Forged-Steel-Globe-Valve-Class-2500-Drawing-300x232.jpg 300w, https:\/\/www.stvvalves.com\/wp-content\/uploads\/2018\/11\/Forged-Steel-Globe-Valve-Class-2500-Drawing-768x594.jpg 768w, https:\/\/www.stvvalves.com\/wp-content\/uploads\/2018\/11\/Forged-Steel-Globe-Valve-Class-2500-Drawing-1030x796.jpg 1030w, https:\/\/www.stvvalves.com\/wp-content\/uploads\/2018\/11\/Forged-Steel-Globe-Valve-Class-2500-Drawing-1500x1160.jpg 1500w, https:\/\/www.stvvalves.com\/wp-content\/uploads\/2018\/11\/Forged-Steel-Globe-Valve-Class-2500-Drawing-705x545.jpg 705w\" sizes=\"auto, (max-width: 2199px) 100vw, 2199px\" \/><\/p>","protected":false},"excerpt":{"rendered":"<p>Modell: J61Y-2500LB-3\/8<\/p>\n<p>Das Absperrventil der Klasse 2500 aus geschmiedetem Stahl eignet sich f\u00fcr anspruchsvolle Prozessanwendungen und Branchen, in denen die Isolierung von Dampf, Gas oder Fl\u00fcssigkeit erforderlich ist.<\/p>\n<p>Das nach API 602 entwickelte und nach API 598 getestete Ventil verf\u00fcgt \u00fcber eine Au\u00dfenschraube und ein Joch mit ansteigendem Schaft. Das Handrad bet\u00e4tigt das Kugelventil sowohl f\u00fcr Absperr- als auch f\u00fcr Drosselanwendungen.<\/p>\n<p>Warum Absperrventile verwenden: Diese Ventile sorgen in horizontaler oder vertikaler Position f\u00fcr eine formschl\u00fcssige, dichte Absperrung von Prozessfl\u00fcssigkeiten in Rohrleitungen. Sie bieten auch ein geringes Ma\u00df an Kontrolle und werden zum Drosseln von Dampf, Gas oder Fl\u00fcssigkeiten verwendet. Einfach zu bedienen und von Ingenieuren zur Isolierung von Auffangstationen die bevorzugte Wahl gegen\u00fcber Kugelh\u00e4hnen.<\/p>\n<p>Typische Anwendungen:<\/p>\n<p>Einfanglinien und Stationen<br \/>\nIsolierung<br \/>\nKondensatleitungen<br \/>\nVor teurem Anlagenequipment<br \/>\n\u00d6lbrennerleitungen<br \/>\nTypische Branchen:<\/p>\n<p>Brennstoffleitung der Kesselanlage<br \/>\nRecyclinganlagen<br \/>\nChemieindustrie<br \/>\nDampfanlage<br \/>\nKrankenh\u00e4user, Schulen und HVAC<br \/>\nHauptmerkmale:<br \/>\nHandradantrieb<br \/>\nDichtungshaube, Schwei\u00dfhaube, Bolzenhaube.<br \/>\nMit BSP-, NPT- oder Muffenschwei\u00dfung verschraubt. Stumpfschwei\u00dfung<br \/>\nGr\u00f6\u00dfen 1\/2\u2033 bis 2\u2033<br \/>\nMaterial: A105, LF2, F5, F11, F22, 304, 316, 316L usw.<br \/>\nTemperaturbereich: -29 \u00b0C bis 560 \u00b0C<br \/>\nDruck bis 420bar<\/p>\n<p>STV Valve Technology Group Co., Ltd ist ein professioneller Hersteller von 2500LB-Absperrventilen, API 602-Absperrventilen, Hochdruck-Absperrventilen, PSB-Absperrventilen, Muffenschwei\u00df-Absperrventilen, A105N-Absperrventilen und 2-Zoll-Absperrventilen in China mit hoher Qualit\u00e4t und Wettbewerbsf\u00e4higkeit Preis.<\/p>\n<p>F\u00fcr weitere Materialien und Details wenden Sie sich bitte an sales@stvvalve.com.<\/p>\n<p>Datumsblatt:<br \/>\n<a href=\"https:\/\/www.stvvalves.com\/wp-content\/uploads\/2018\/11\/Forged-Steel-Globe-Valve-Class-2500-Drawing.pdf\">Absperrventil aus geschmiedetem Stahl, Klasse 2500<\/a><\/p>","protected":false},"featured_media":3992,"template":"","meta":[],"product_brand":[],"product_cat":[64,45],"product_tag":[884,210,1018,212,199,209,211],"class_list":{"0":"post-3989","1":"product","2":"type-product","3":"status-publish","4":"has-post-thumbnail","6":"product_cat-foreged-steel-globe-valve","7":"product_cat-globe-valve","8":"product_tag-2-inch-globe-valve","9":"product_tag-2500lb-globe-valve","10":"product_tag-a105n-globe-valve","11":"product_tag-api-602-globe-valve","12":"product_tag-high-pressure-globe-valve","13":"product_tag-psb-globe-valve","14":"product_tag-socket-weld-globe-valve","16":"first","17":"instock","18":"shipping-taxable","19":"product-type-simple"},"_links":{"self":[{"href":"https:\/\/www.stvvalves.com\/de\/wp-json\/wp\/v2\/product\/3989","targetHints":{"allow":["GET"]}}],"collection":[{"href":"https:\/\/www.stvvalves.com\/de\/wp-json\/wp\/v2\/product"}],"about":[{"href":"https:\/\/www.stvvalves.com\/de\/wp-json\/wp\/v2\/types\/product"}],"wp:featuredmedia":[{"embeddable":true,"href":"https:\/\/www.stvvalves.com\/de\/wp-json\/wp\/v2\/media\/3992"}],"wp:attachment":[{"href":"https:\/\/www.stvvalves.com\/de\/wp-json\/wp\/v2\/media?parent=3989"}],"wp:term":[{"taxonomy":"product_brand","embeddable":true,"href":"https:\/\/www.stvvalves.com\/de\/wp-json\/wp\/v2\/product_brand?post=3989"},{"taxonomy":"product_cat","embeddable":true,"href":"https:\/\/www.stvvalves.com\/de\/wp-json\/wp\/v2\/product_cat?post=3989"},{"taxonomy":"product_tag","embeddable":true,"href":"https:\/\/www.stvvalves.com\/de\/wp-json\/wp\/v2\/product_tag?post=3989"}],"curies":[{"name":"wp","href":"https:\/\/api.w.org\/{rel}","templated":true}]}}