{"id":4005,"date":"2018-11-27T07:17:54","date_gmt":"2018-11-27T07:17:54","guid":{"rendered":"https:\/\/www.stvvalves.com\/?post_type=product&#038;p=4005"},"modified":"2025-02-17T18:18:49","modified_gmt":"2025-02-17T10:18:49","slug":"3-piece-stainless-steel-sanitary-ball-valve","status":"publish","type":"product","link":"https:\/\/www.stvvalves.com\/de\/products\/3-piece-stainless-steel-sanitary-ball-valve\/","title":{"rendered":"3-teiliger Sanit\u00e4r-Kugelhahn aus Edelstahl"},"content":{"rendered":"<p><img loading=\"lazy\" decoding=\"async\" class=\"alignnone size-full wp-image-4011\" src=\"https:\/\/www.stvvalves.com\/wp-content\/uploads\/2018\/11\/3-piece-stainless-steel-sanitary-ball-valve-drawing.jpg\" alt=\"\" width=\"1654\" height=\"2339\" srcset=\"https:\/\/www.stvvalves.com\/wp-content\/uploads\/2018\/11\/3-piece-stainless-steel-sanitary-ball-valve-drawing.jpg 1654w, https:\/\/www.stvvalves.com\/wp-content\/uploads\/2018\/11\/3-piece-stainless-steel-sanitary-ball-valve-drawing-600x848.jpg 600w, https:\/\/www.stvvalves.com\/wp-content\/uploads\/2018\/11\/3-piece-stainless-steel-sanitary-ball-valve-drawing-212x300.jpg 212w, https:\/\/www.stvvalves.com\/wp-content\/uploads\/2018\/11\/3-piece-stainless-steel-sanitary-ball-valve-drawing-768x1086.jpg 768w, https:\/\/www.stvvalves.com\/wp-content\/uploads\/2018\/11\/3-piece-stainless-steel-sanitary-ball-valve-drawing-728x1030.jpg 728w, https:\/\/www.stvvalves.com\/wp-content\/uploads\/2018\/11\/3-piece-stainless-steel-sanitary-ball-valve-drawing-1061x1500.jpg 1061w, https:\/\/www.stvvalves.com\/wp-content\/uploads\/2018\/11\/3-piece-stainless-steel-sanitary-ball-valve-drawing-499x705.jpg 499w\" sizes=\"auto, (max-width: 1654px) 100vw, 1654px\" \/><\/p>","protected":false},"excerpt":{"rendered":"<p>Modell: STV-Q11F-3<\/p>\n<p>Der dreiteilige Sanit\u00e4rkugelhahn mit ISO-Direktmontageplatte ist f\u00fcr die Lebensmittelbiologie, Pharmazie oder \u00e4hnliche Branchen konzipiert. Die Option mit gef\u00fclltem Hohlraum tr\u00e4gt dazu bei, dass das Medium nicht in der K\u00f6rperh\u00f6hle verbleibt, um ein Verderben oder Vermischen zu verhindern. Hohlraumf\u00fcllsitze tragen auch dazu bei, den Ventilanschluss leicht zu reinigen.<br \/>\nDie Optionen f\u00fcr die Endtypen k\u00f6nnen T-Klemme, Rohrschwei\u00dfende und verl\u00e4ngertes Rohrschwei\u00dfende sein. F\u00fcr unterschiedliche Arbeitsbedingungen sind unterschiedliche Materialien der Softkits anwendbar.<br \/>\nDer ASME\/BPE-Standard (f\u00fcr SS316L) ist f\u00fcr 302SD verf\u00fcgbar, mit niedrigem Ferrit- und niedrigem Schwefelgehalt (0,005 bis 0,017). Die Oberfl\u00e4che ist f\u00fcr Ra 40 uin oder Ra 25 u-in erh\u00e4ltlich.<br \/>\nDer Standardtyp mit freiem Schaft eignet sich gut f\u00fcr die direkte Montage des Stellantriebs.<br \/>\nStv bietet pneumatische\/elektrische Stellantriebe und Endschalterboxen\/Magnetventile\/modulierende Regler an. Montage ohne weitere Kosten.<\/p>\n<p>2. Technische Parameter:<br \/>\nDesign und Funktionen<br \/>\nGeh\u00e4use und Endkappen aus hochwertigem Feinguss<br \/>\nmit ISO 5211-Direktmontagepad<br \/>\nEinstellbare Vorbaupackung<br \/>\nErh\u00e4ltlich in Edelstahl oder Kohlenstoffstahl<br \/>\nAusblassicheres Schaftdesign<br \/>\n100 Lufttests unter Wasser bei 80\u2013100 psi<\/p>\n<p>Datumsblatt:<br \/>\n<a href=\"https:\/\/www.stvvalves.com\/wp-content\/uploads\/2018\/11\/3-piece-stainless-steel-sanitary-ball-valve-drawing.pdf\">3-teiliger Sanit\u00e4r-Kugelhahn aus Edelstahl<\/a><\/p>","protected":false},"featured_media":4006,"template":"","meta":[],"product_brand":[],"product_cat":[966,969],"product_tag":[217,220,219,221,218,222],"class_list":{"0":"post-4005","1":"product","2":"type-product","3":"status-publish","4":"has-post-thumbnail","6":"product_cat-pipe-fitting","7":"product_cat-sanitary-pipe-fitting-and-valves","8":"product_tag-3pcs-sanitary-clamp-ball-valve","9":"product_tag-3pcs-sanitary-t-clamp-high-cycle-direct-mount-ball-valve","10":"product_tag-anitary-3pcs-butt-weld-ball-valve-with-iso5211-mounting-pad","11":"product_tag-sanitary-three-piece-without-pad-butt-weld-ball-valve","12":"product_tag-stainless-steel-three-piece-sanitary-male-male-ball-valve","13":"product_tag-three-piece-sanitary-t-clamp-ball-valve","15":"first","16":"instock","17":"shipping-taxable","18":"product-type-simple"},"_links":{"self":[{"href":"https:\/\/www.stvvalves.com\/de\/wp-json\/wp\/v2\/product\/4005","targetHints":{"allow":["GET"]}}],"collection":[{"href":"https:\/\/www.stvvalves.com\/de\/wp-json\/wp\/v2\/product"}],"about":[{"href":"https:\/\/www.stvvalves.com\/de\/wp-json\/wp\/v2\/types\/product"}],"wp:featuredmedia":[{"embeddable":true,"href":"https:\/\/www.stvvalves.com\/de\/wp-json\/wp\/v2\/media\/4006"}],"wp:attachment":[{"href":"https:\/\/www.stvvalves.com\/de\/wp-json\/wp\/v2\/media?parent=4005"}],"wp:term":[{"taxonomy":"product_brand","embeddable":true,"href":"https:\/\/www.stvvalves.com\/de\/wp-json\/wp\/v2\/product_brand?post=4005"},{"taxonomy":"product_cat","embeddable":true,"href":"https:\/\/www.stvvalves.com\/de\/wp-json\/wp\/v2\/product_cat?post=4005"},{"taxonomy":"product_tag","embeddable":true,"href":"https:\/\/www.stvvalves.com\/de\/wp-json\/wp\/v2\/product_tag?post=4005"}],"curies":[{"name":"wp","href":"https:\/\/api.w.org\/{rel}","templated":true}]}}