{"id":4013,"date":"2018-11-27T07:42:50","date_gmt":"2018-11-27T07:42:50","guid":{"rendered":"https:\/\/www.stvvalves.com\/?post_type=product&#038;p=4013"},"modified":"2025-02-18T14:16:55","modified_gmt":"2025-02-18T06:16:55","slug":"forged-steel-flange-gate-valve","status":"publish","type":"product","link":"https:\/\/www.stvvalves.com\/de\/products\/forged-steel-flange-gate-valve\/","title":{"rendered":"Flanschschieber aus geschmiedetem Stahl"},"content":{"rendered":"<p>Design-Merkmale<br \/>\n1. Voller Port oder konventioneller Port<br \/>\n2. Au\u00dfenschraube und Joch (OS&amp;Y)<br \/>\n3. Zweiteilige selbstausrichtende Stopfbuchse<br \/>\n4. Verschraubte Motorhaube mit Spiraldichtung, geschwei\u00dfte Motorhaube mit Gewinde und Dichtung oder Motorhaube mit Gewinde und Druckdichtung<br \/>\n5. Integrierter R\u00fccksitz<br \/>\n6. Erh\u00e4ltlich in ANSI 150-2500LB, Gr\u00f6\u00dfen: 1\/2\u2033 bis 2\u2033.<br \/>\n7.Materialien: A105N, LF2, F304, F316, F11, F22, F5, F91, legierter Stahl usw.<br \/>\n8. Temperaturbereich: 0 \u00b0C bis 538 \u00b0C.<br \/>\n9.Port: Reduzierer-Port und Voll-Port.<br \/>\n10.Endverbindung: NPT, BW, SW, RF, RTJ.<\/p>\n<table>\n<tbody>\n<tr>\n<td width=\"200\"><strong><b>Produktname<\/b><\/strong><\/td>\n<td width=\"481\">Flanschschieber aus geschmiedetem Stahl<\/td>\n<\/tr>\n<tr>\n<td width=\"200\">1. Material<\/td>\n<td width=\"481\">A105N<\/td>\n<\/tr>\n<tr>\n<td width=\"200\">2. Gr\u00f6\u00dfe<\/td>\n<td width=\"481\">2&quot;<\/td>\n<\/tr>\n<tr>\n<td width=\"200\">4. Hafen<\/td>\n<td width=\"481\">Reduzieranschluss<\/td>\n<\/tr>\n<tr>\n<td width=\"200\">5. Arbeitsdruck<\/td>\n<td width=\"481\">800 Pfund<\/td>\n<\/tr>\n<tr>\n<td width=\"200\">6. Verbindung endet<\/td>\n<td width=\"481\">Muffenschwei\u00dfende<\/td>\n<\/tr>\n<tr>\n<td width=\"200\">7. Arbeitstemperatur.<\/td>\n<td width=\"481\">-29~425 \u00b0C,<\/td>\n<\/tr>\n<tr>\n<td width=\"200\">8. Geeignetes Medium<\/td>\n<td width=\"481\">Wasser, Erdgas, \u00d6l und einige \u00e4tzende Fl\u00fcssigkeiten<\/td>\n<\/tr>\n<tr>\n<td width=\"200\">9. Betrieben<\/td>\n<td width=\"481\">Handrad<\/td>\n<\/tr>\n<tr>\n<td width=\"200\">10. Inspektion und Pr\u00fcfung<\/td>\n<td width=\"481\">Gem\u00e4\u00df API 598<\/td>\n<\/tr>\n<tr>\n<td width=\"200\"><strong><b>Sendung<\/b><\/strong><\/td>\n<td width=\"481\">&nbsp;<\/td>\n<\/tr>\n<tr>\n<td width=\"200\">Lieferzeit<\/td>\n<td width=\"481\">30 Tage<\/td>\n<\/tr>\n<tr>\n<td width=\"200\">Paket<\/td>\n<td width=\"481\">Standard-Export-Sperrholzkiste<\/td>\n<\/tr>\n<tr>\n<td width=\"200\">Hafen<\/td>\n<td width=\"481\">Ningbo\/Shanghai, China<\/td>\n<\/tr>\n<tr>\n<td width=\"200\">Versandbedingungen<\/td>\n<td width=\"481\">Exw, FOB, CFR, CIF usw.<\/td>\n<\/tr>\n<tr>\n<td width=\"200\">Zahlungsbedingungen<\/td>\n<td width=\"481\">T\/T, Western Union, PayPal usw.<\/td>\n<\/tr>\n<tr>\n<td width=\"200\">&nbsp;<\/td>\n<td width=\"481\">30% Vorauszahlung, 70% Restbetrag vor dem Versand bezahlt<\/td>\n<\/tr>\n<tr>\n<td width=\"200\">Herkunftsland<\/td>\n<td width=\"481\">Stadt Wenzhou, China<\/td>\n<\/tr>\n<tr>\n<td width=\"200\">Produktionskapazit\u00e4t<\/td>\n<td width=\"481\">6000 Tonnen\/Jahr<\/td>\n<\/tr>\n<tr>\n<td width=\"200\">Mindestbestellmenge<\/td>\n<td width=\"481\">10 St\u00fcck\/Gr\u00f6\u00dfe<\/td>\n<\/tr>\n<\/tbody>\n<\/table>\n<p>&nbsp;<\/p>","protected":false},"excerpt":{"rendered":"<p>Flanschschieber aus geschmiedetem Stahl<br \/>\nUnser Flanschschieber aus geschmiedetem Stahl eignet sich f\u00fcr den Einbau zwischen ANSI 150- oder ANSI 2500-Flanschen (je nach Konfiguration) und ist f\u00fcr Hochleistungs-, Industrie- und Dampfanwendungen konzipiert. Dampf, Wasser, \u00d6l, D\u00e4mpfe und Gas. Ein handradbet\u00e4tigter Handschieber mit Flansch, ansteigender Spindel, Sitz aus Edelstahl 316 und Geh\u00e4use aus A105N.<\/p>\n<p>Hauptmerkmale:<br \/>\nErh\u00e4ltlich in ANSI 150 oder ANSI 2500, Gr\u00f6\u00dfen: 1\/2\u2033 bis 2\u2033.<br \/>\nGeh\u00e4use und Motorhaube aus geschmiedetem A105N-Stahl mit Sitz aus Edelstahl 316.<br \/>\nTemperaturbereich: 0 \u00b0C bis 550 \u00b0C.<br \/>\nDruckstufe: Klasse 150 oder Klasse 2500.<br \/>\nEin wirtschaftliches, wartungsfreies Ventil! Design nach API 602.<br \/>\nMaterial: A105, F304, F316, F5, F91, F11, F22, legierter Stahl usw.<\/p>\n<p>Datumsblatt:<br \/>\n<a href=\"https:\/\/www.stvvalves.com\/wp-content\/uploads\/2018\/11\/forged-steel-flange-gate-valve-drawing.pdf\">Flanschschieber aus geschmiedetem Stahl<\/a><\/p>","protected":false},"featured_media":4017,"template":"","meta":[],"product_brand":[],"product_cat":[59,44],"product_tag":[223,224,195],"class_list":{"0":"post-4013","1":"product","2":"type-product","3":"status-publish","4":"has-post-thumbnail","6":"product_cat-forged-steel-gate-valve","7":"product_cat-gate-valve","8":"product_tag-api-602-gate-valve","9":"product_tag-flange-gate-valve","10":"product_tag-high-pressure-gate-valve","12":"first","13":"instock","14":"shipping-taxable","15":"product-type-simple"},"_links":{"self":[{"href":"https:\/\/www.stvvalves.com\/de\/wp-json\/wp\/v2\/product\/4013","targetHints":{"allow":["GET"]}}],"collection":[{"href":"https:\/\/www.stvvalves.com\/de\/wp-json\/wp\/v2\/product"}],"about":[{"href":"https:\/\/www.stvvalves.com\/de\/wp-json\/wp\/v2\/types\/product"}],"wp:featuredmedia":[{"embeddable":true,"href":"https:\/\/www.stvvalves.com\/de\/wp-json\/wp\/v2\/media\/4017"}],"wp:attachment":[{"href":"https:\/\/www.stvvalves.com\/de\/wp-json\/wp\/v2\/media?parent=4013"}],"wp:term":[{"taxonomy":"product_brand","embeddable":true,"href":"https:\/\/www.stvvalves.com\/de\/wp-json\/wp\/v2\/product_brand?post=4013"},{"taxonomy":"product_cat","embeddable":true,"href":"https:\/\/www.stvvalves.com\/de\/wp-json\/wp\/v2\/product_cat?post=4013"},{"taxonomy":"product_tag","embeddable":true,"href":"https:\/\/www.stvvalves.com\/de\/wp-json\/wp\/v2\/product_tag?post=4013"}],"curies":[{"name":"wp","href":"https:\/\/api.w.org\/{rel}","templated":true}]}}