{"id":4027,"date":"2018-11-28T03:23:32","date_gmt":"2018-11-28T03:23:32","guid":{"rendered":"https:\/\/www.stvvalves.com\/?post_type=product&#038;p=4027"},"modified":"2025-02-17T18:18:48","modified_gmt":"2025-02-17T10:18:48","slug":"stainless-steel-dual-plate-wafer-check-valve","status":"publish","type":"product","link":"https:\/\/www.stvvalves.com\/de\/products\/stainless-steel-dual-plate-wafer-check-valve\/","title":{"rendered":"Doppelplatten-R\u00fcckschlagventil aus Edelstahl"},"content":{"rendered":"<h3>Hauptmerkmale:<\/h3>\n<ul>\n<li>Erh\u00e4ltlich in den Gr\u00f6\u00dfen: 2\u2033 bis 24\u2033.<\/li>\n<li>Designstandard: API 594, API 6D.<\/li>\n<li>Von Angesicht zu Angesicht: API 594, API 6D, DIN 3202.<\/li>\n<li>Flanschenden: ANSI B16.5, DIN 2543~48.<\/li>\n<li>Test und Inspektion: API 598, DIN 3230.<\/li>\n<li>Temperaturbereich: -20 \u00b0C bis 550 \u00b0C.<\/li>\n<li>Druckstufe: 16 Bar.<\/li>\n<li>Niedriger \u00d6ffnungsdruck.<\/li>\n<li>Platzsparendes Design.<\/li>\n<li>\n<table>\n<tbody>\n<tr>\n<td width=\"200\"><strong>Produktname<\/strong><\/td>\n<td width=\"481\">Doppelplatten-R\u00fcckschlagventil aus Edelstahl<\/td>\n<\/tr>\n<tr>\n<td width=\"200\">1. Material<\/td>\n<td width=\"481\">CF8<\/td>\n<\/tr>\n<tr>\n<td width=\"200\">2. Gr\u00f6\u00dfe<\/td>\n<td width=\"481\">4&quot;<\/td>\n<\/tr>\n<tr>\n<td width=\"200\">4. Hafen<\/td>\n<td width=\"481\">Vollst\u00e4ndiger Port<\/td>\n<\/tr>\n<tr>\n<td width=\"200\">5. Arbeitsdruck<\/td>\n<td width=\"481\">150 Pfund<\/td>\n<\/tr>\n<tr>\n<td width=\"200\">6. Verbindung endet<\/td>\n<td width=\"481\">RF<\/td>\n<\/tr>\n<tr>\n<td width=\"200\">7. Arbeitstemperatur.<\/td>\n<td width=\"481\">-29~300 \u00b0C,<\/td>\n<\/tr>\n<tr>\n<td width=\"200\">8. Geeignetes Medium<\/td>\n<td width=\"481\">Wasser, Erdgas, \u00d6l und einige \u00e4tzende Fl\u00fcssigkeiten<\/td>\n<\/tr>\n<tr>\n<td width=\"200\">9. Betrieben<\/td>\n<td width=\"481\">\/<\/td>\n<\/tr>\n<tr>\n<td width=\"200\">10. Inspektion und Pr\u00fcfung<\/td>\n<td width=\"481\">Gem\u00e4\u00df API598<\/td>\n<\/tr>\n<tr>\n<td width=\"200\"><strong>Sendung<\/strong><\/td>\n<td width=\"481\"><\/td>\n<\/tr>\n<tr>\n<td width=\"200\">Lieferzeit<\/td>\n<td width=\"481\">30 Tage<\/td>\n<\/tr>\n<tr>\n<td width=\"200\">Paket<\/td>\n<td width=\"481\">Standard-Export-Sperrholzkiste<\/td>\n<\/tr>\n<tr>\n<td width=\"200\">Hafen<\/td>\n<td width=\"481\">Ningbo\/Shanghai, China<\/td>\n<\/tr>\n<tr>\n<td width=\"200\">Versandbedingungen<\/td>\n<td width=\"481\">Exw, FOB, CFR, CIF usw.<\/td>\n<\/tr>\n<tr>\n<td width=\"200\">Zahlungsbedingungen<\/td>\n<td width=\"481\">T\/T, Western Union, PayPal usw.<\/td>\n<\/tr>\n<tr>\n<td width=\"200\"><\/td>\n<td width=\"481\">30% Vorauszahlung, 70% Restbetrag vor dem Versand bezahlt<\/td>\n<\/tr>\n<tr>\n<td width=\"200\">Herkunftsland<\/td>\n<td width=\"481\">Stadt Wenzhou, China<\/td>\n<\/tr>\n<tr>\n<td width=\"200\">Produktionskapazit\u00e4t<\/td>\n<td width=\"481\">6000 Tonnen\/Jahr<\/td>\n<\/tr>\n<tr>\n<td width=\"200\">Mindestbestellmenge<\/td>\n<td width=\"481\">1 St\u00fcck\/Gr\u00f6\u00dfe<\/td>\n<\/tr>\n<\/tbody>\n<\/table>\n<\/li>\n<\/ul>","protected":false},"excerpt":{"rendered":"<p>Modell: H76H-PN16<\/p>\n<p>Unser Doppelplatten-R\u00fcckschlagventil mit Wafer-Muster bietet hervorragende Dichtungseigenschaften sowohl f\u00fcr hohe als auch niedrige Dr\u00fccke; Zu den allgemeinen, industriellen und HVAC-Anwendungen geh\u00f6ren Wasser-, Heizungs-, Klimaanlagen und Druckluftsysteme. Ein wirtschaftliches, platzsparendes federbelastetes Doppelplattenventil mit Edelstahlgeh\u00e4use und Viton-Dichtung.<\/p>\n<p>Entweder vertikal (nur nach oben) oder horizontal installiert.<\/p>\n<ul>\n<li><\/li>\n<\/ul>\n<p>STV Valve Technology Group Co., Ltd ist ein professioneller Hersteller von Doppelr\u00fcckschlagventilen, federbelasteten R\u00fcckschlagventilen, Wafer-R\u00fcckschlagventilen, Wafer-R\u00fcckschlagventilen und Edelstahl-R\u00fcckschlagventilen in China mit hoher Qualit\u00e4t und wettbewerbsf\u00e4higen Preisen.<\/p>\n<p>F\u00fcr weitere Materialien und Details wenden Sie sich bitte an sales@stvvalve.com.<\/p>\n<p>Datumsblatt:<br \/>\n<a href=\"https:\/\/www.stvvalves.com\/wp-content\/uploads\/2018\/11\/stainless-steel-dual-plate-wafer-check-valve-drawing.pdf\">Doppelplatten-R\u00fcckschlagventil aus Edelstahl<\/a><\/p>","protected":false},"featured_media":4030,"template":"","meta":[],"product_brand":[],"product_cat":[46,84],"product_tag":[226,227,633,225,228],"class_list":{"0":"post-4027","1":"product","2":"type-product","3":"status-publish","4":"has-post-thumbnail","6":"product_cat-check-valves","7":"product_cat-wafer-check-valve","8":"product_tag-dual-check-valve","9":"product_tag-spring-loaded-check-valve","10":"product_tag-stainless-steel-check-valve","11":"product_tag-wafer-check-valve","12":"product_tag-wafer-swing-check-valve","14":"first","15":"instock","16":"shipping-taxable","17":"product-type-simple"},"_links":{"self":[{"href":"https:\/\/www.stvvalves.com\/de\/wp-json\/wp\/v2\/product\/4027","targetHints":{"allow":["GET"]}}],"collection":[{"href":"https:\/\/www.stvvalves.com\/de\/wp-json\/wp\/v2\/product"}],"about":[{"href":"https:\/\/www.stvvalves.com\/de\/wp-json\/wp\/v2\/types\/product"}],"wp:featuredmedia":[{"embeddable":true,"href":"https:\/\/www.stvvalves.com\/de\/wp-json\/wp\/v2\/media\/4030"}],"wp:attachment":[{"href":"https:\/\/www.stvvalves.com\/de\/wp-json\/wp\/v2\/media?parent=4027"}],"wp:term":[{"taxonomy":"product_brand","embeddable":true,"href":"https:\/\/www.stvvalves.com\/de\/wp-json\/wp\/v2\/product_brand?post=4027"},{"taxonomy":"product_cat","embeddable":true,"href":"https:\/\/www.stvvalves.com\/de\/wp-json\/wp\/v2\/product_cat?post=4027"},{"taxonomy":"product_tag","embeddable":true,"href":"https:\/\/www.stvvalves.com\/de\/wp-json\/wp\/v2\/product_tag?post=4027"}],"curies":[{"name":"wp","href":"https:\/\/api.w.org\/{rel}","templated":true}]}}