{"id":4045,"date":"2018-11-29T02:36:00","date_gmt":"2018-11-29T02:36:00","guid":{"rendered":"https:\/\/www.stvvalves.com\/?post_type=product&#038;p=4045"},"modified":"2025-02-17T18:18:47","modified_gmt":"2025-02-17T10:18:47","slug":"cast-steel-y-type-flange-strainer","status":"publish","type":"product","link":"https:\/\/www.stvvalves.com\/de\/products\/cast-steel-y-type-flange-strainer\/","title":{"rendered":"Y-Flanschfilter aus Gussstahl"},"content":{"rendered":"<p><img loading=\"lazy\" decoding=\"async\" class=\"alignnone size-full wp-image-4051\" src=\"https:\/\/www.stvvalves.com\/wp-content\/uploads\/2018\/11\/cast-steel-y-type-flange-strainer-drawing.jpg\" alt=\"\" width=\"2339\" height=\"1654\" srcset=\"https:\/\/www.stvvalves.com\/wp-content\/uploads\/2018\/11\/cast-steel-y-type-flange-strainer-drawing.jpg 2339w, https:\/\/www.stvvalves.com\/wp-content\/uploads\/2018\/11\/cast-steel-y-type-flange-strainer-drawing-600x424.jpg 600w, https:\/\/www.stvvalves.com\/wp-content\/uploads\/2018\/11\/cast-steel-y-type-flange-strainer-drawing-300x212.jpg 300w, https:\/\/www.stvvalves.com\/wp-content\/uploads\/2018\/11\/cast-steel-y-type-flange-strainer-drawing-768x543.jpg 768w, https:\/\/www.stvvalves.com\/wp-content\/uploads\/2018\/11\/cast-steel-y-type-flange-strainer-drawing-1030x728.jpg 1030w, https:\/\/www.stvvalves.com\/wp-content\/uploads\/2018\/11\/cast-steel-y-type-flange-strainer-drawing-1500x1061.jpg 1500w, https:\/\/www.stvvalves.com\/wp-content\/uploads\/2018\/11\/cast-steel-y-type-flange-strainer-drawing-260x185.jpg 260w, https:\/\/www.stvvalves.com\/wp-content\/uploads\/2018\/11\/cast-steel-y-type-flange-strainer-drawing-705x499.jpg 705w\" sizes=\"auto, (max-width: 2339px) 100vw, 2339px\" \/><\/p>","protected":false},"excerpt":{"rendered":"<p>Modell: GL41H-150LB<\/p>\n<p>Unser Y-Flanschsieb aus Gussstahl ist kompakt, leicht zu reinigen und verf\u00fcgt \u00fcber einen abnehmbaren Ablassstopfen und ein Siebgewebe aus Edelstahl. Es stellt eine wirtschaftliche L\u00f6sung dar und wird f\u00fcr Anwendungen empfohlen, bei denen Sch\u00e4den an Ventilen und anderen zugeh\u00f6rigen mechanischen Ger\u00e4ten vermieden werden m\u00fcssen.<\/p>\n<p>Pipeline-R\u00fcckst\u00e4nde, einschlie\u00dflich Schmutz und Ablagerungen, sind h\u00e4ufig die Ursache f\u00fcr Ausf\u00e4lle, Sch\u00e4den, Energieverluste und eine Verringerung der Produktivit\u00e4t.<\/p>\n<p>Hauptmerkmale:<br \/>\nErh\u00e4ltlich mit PN16\/40- oder ANSI-Flansch, JIS-Flansch<br \/>\nGr\u00f6\u00dfen: 1\/2\u2033 bis 24\u2033<br \/>\nTemperaturbereich: -29 bis 560 \u00b0C.<br \/>\nDruckstufe: DIN PN16-PN40 oder ANSI 150LB-1500LB, JIS10K-30K<br \/>\nK\u00f6rpermaterial, WCB, CF8, CF8M, WC6 UND WC9 usw.<br \/>\nUm einen st\u00f6rungsfreien Betrieb zu gew\u00e4hrleisten, wird immer der Einbau eines Schmutzf\u00e4ngers empfohlen<\/p>\n<p>STV Valve Technology Group Co., Ltd ist ein professioneller Marktf\u00fchrer in ChinaAnsi 150-Flanschfilter, ANSI-Flanschfilter, Y-Sieb aus Stahlguss, Flanschsieb, Y-Sieb, JIS 10k-Flansch-Y-Sieb, Hersteller von Y-Sieb aus Kohlenstoffstahl mit hoher Qualit\u00e4t und konkurrenzf\u00e4higer Preis.<\/p>\n<p>F\u00fcr weitere Materialien und Details wenden Sie sich bitte an sales@stvvalve.com.<\/p>\n<p>Datumsblatt:<br \/>\n<a href=\"https:\/\/www.stvvalves.com\/wp-content\/uploads\/2018\/11\/cast-steel-y-type-flange-strainer-drawing.pdf\">Y-Flanschfilter aus Gussstahl<\/a><\/p>\n<p>&nbsp;<\/p>","protected":false},"featured_media":4047,"template":"","meta":[],"product_brand":[],"product_cat":[72,48],"product_tag":[234,235,1022,233,232,567,236],"class_list":{"0":"post-4045","1":"product","2":"type-product","3":"status-publish","4":"has-post-thumbnail","6":"product_cat-cast-steel-y-type-strainer","7":"product_cat-y-strainer","8":"product_tag-ansi-150-flanged-strainer","9":"product_tag-ansi-flange-filter","10":"product_tag-carbon-steel-y-strainer","11":"product_tag-cast-steel-y-type-strainer","12":"product_tag-flanged-strainer","13":"product_tag-jis-10k-flange-y-strainer","14":"product_tag-y-type-strainer","16":"first","17":"instock","18":"shipping-taxable","19":"product-type-simple"},"_links":{"self":[{"href":"https:\/\/www.stvvalves.com\/de\/wp-json\/wp\/v2\/product\/4045","targetHints":{"allow":["GET"]}}],"collection":[{"href":"https:\/\/www.stvvalves.com\/de\/wp-json\/wp\/v2\/product"}],"about":[{"href":"https:\/\/www.stvvalves.com\/de\/wp-json\/wp\/v2\/types\/product"}],"wp:featuredmedia":[{"embeddable":true,"href":"https:\/\/www.stvvalves.com\/de\/wp-json\/wp\/v2\/media\/4047"}],"wp:attachment":[{"href":"https:\/\/www.stvvalves.com\/de\/wp-json\/wp\/v2\/media?parent=4045"}],"wp:term":[{"taxonomy":"product_brand","embeddable":true,"href":"https:\/\/www.stvvalves.com\/de\/wp-json\/wp\/v2\/product_brand?post=4045"},{"taxonomy":"product_cat","embeddable":true,"href":"https:\/\/www.stvvalves.com\/de\/wp-json\/wp\/v2\/product_cat?post=4045"},{"taxonomy":"product_tag","embeddable":true,"href":"https:\/\/www.stvvalves.com\/de\/wp-json\/wp\/v2\/product_tag?post=4045"}],"curies":[{"name":"wp","href":"https:\/\/api.w.org\/{rel}","templated":true}]}}