{"id":4061,"date":"2018-11-29T06:03:40","date_gmt":"2018-11-29T06:03:40","guid":{"rendered":"https:\/\/www.stvvalves.com\/?post_type=product&#038;p=4061"},"modified":"2025-02-17T18:18:44","modified_gmt":"2025-02-17T10:18:44","slug":"stainless-steel-flange-foot-valve","status":"publish","type":"product","link":"https:\/\/www.stvvalves.com\/de\/products\/stainless-steel-flange-foot-valve\/","title":{"rendered":"Edelstahl-Flanschfu\u00dfventil"},"content":{"rendered":"<p><img loading=\"lazy\" decoding=\"async\" class=\"alignnone size-full wp-image-4062\" src=\"https:\/\/www.stvvalves.com\/wp-content\/uploads\/2018\/11\/stainless-steel-flange-foot-valve-drawing.jpg\" alt=\"\" width=\"1653\" height=\"2338\" srcset=\"https:\/\/www.stvvalves.com\/wp-content\/uploads\/2018\/11\/stainless-steel-flange-foot-valve-drawing.jpg 1653w, https:\/\/www.stvvalves.com\/wp-content\/uploads\/2018\/11\/stainless-steel-flange-foot-valve-drawing-600x849.jpg 600w, https:\/\/www.stvvalves.com\/wp-content\/uploads\/2018\/11\/stainless-steel-flange-foot-valve-drawing-212x300.jpg 212w, https:\/\/www.stvvalves.com\/wp-content\/uploads\/2018\/11\/stainless-steel-flange-foot-valve-drawing-768x1086.jpg 768w, https:\/\/www.stvvalves.com\/wp-content\/uploads\/2018\/11\/stainless-steel-flange-foot-valve-drawing-728x1030.jpg 728w, https:\/\/www.stvvalves.com\/wp-content\/uploads\/2018\/11\/stainless-steel-flange-foot-valve-drawing-1061x1500.jpg 1061w, https:\/\/www.stvvalves.com\/wp-content\/uploads\/2018\/11\/stainless-steel-flange-foot-valve-drawing-498x705.jpg 498w\" sizes=\"auto, (max-width: 1653px) 100vw, 1653px\" \/><\/p>","protected":false},"excerpt":{"rendered":"<p>Das Edelstahl-Flanschfu\u00dfventil ist eine Art Energiesparventil, das normalerweise am Boden des Pumpensaugrohrs installiert wird, um zu verhindern, dass das Medium im Rohr zur\u00fcck zur Wasserquelle flie\u00dft. Der Ventildeckel verf\u00fcgt \u00fcber viele Einlassl\u00f6cher und Verst\u00e4rkungsrippen, sodass das Rohr nicht so leicht verstopft wird.<\/p>\n<p>Das Fu\u00dfventil besteht aus einem Oberteil, einer Scheibe, einer Buchse, einem Dichtungsring usw. Durch das Oberteil dringt Wasser in das Ventilgeh\u00e4use ein. Unter dem Einfluss des Str\u00f6mungsdrucks wird die Scheibe ge\u00f6ffnet. Bei Stopp wird die Scheibe durch den Druck im Auslassrohr sofort geschlossen, sodass kein Wasser mehr zur Wasserquelle zur\u00fcckflie\u00dft. Es sorgt f\u00fcr ein reibungsloses Pumpen und verhindert Wasserverluste.<\/p>\n<p>Produktdetails:<\/p>\n<p>1.Designstandard: API, ANSI, DIN, JIS, BS, GOST, GB usw.;<br \/>\n2.Nenndurchmesser: 1\/2\u201c \u2013 48\u201c (DN15-DN1200);<br \/>\n3.Nenndruck: Klasse 150 \u2013 Klasse 2500 (PN6-PN420);<br \/>\n4. Hauptmaterial: WCB, WC6, LCB, LC1, C5, CF8, CF8M, CF3, CF3M, CF8C, CN7M, Hastelloy C usw.<br \/>\n5.Wir k\u00f6nnen die Ventile auch nach den speziellen Anforderungen der Kunden gie\u00dfen und produzieren.<\/p>\n<p>STV Valve Technology Group Co., Ltd ist ein professioneller Marktf\u00fchrer in China, Hersteller von Fu\u00dfventilen, Feder-Edelstahl-Fu\u00dfventilen, Edelstahl-Fu\u00dfventilen und Edelstahl-Wasserpumpen-Fu\u00dfventilen mit Flansch mit hoher Qualit\u00e4t und wettbewerbsf\u00e4higen Preisen.<\/p>\n<p>F\u00fcr weitere Materialien und Details wenden Sie sich bitte an sales@stvvalve.com.<\/p>\n<p>Datumsblatt:<br \/>\n<a href=\"https:\/\/www.stvvalves.com\/wp-content\/uploads\/2018\/11\/stainless-steel-flange-foot-valve-drawing.pdf\">Edelstahl-Flanschfu\u00dfventil<\/a><\/p>","protected":false},"featured_media":4064,"template":"","meta":[],"product_brand":[],"product_cat":[46,67],"product_tag":[241,242,244,243],"class_list":{"0":"post-4061","1":"product","2":"type-product","3":"status-publish","4":"has-post-thumbnail","6":"product_cat-check-valves","7":"product_cat-stainless-steel-check-valve","8":"product_tag-foot-valve","9":"product_tag-spring-stainless-steel-foot-valve","10":"product_tag-stainless-steel-foot-valve","11":"product_tag-stainless-steel-water-pump-foot-valve-with-flange-end","13":"first","14":"instock","15":"shipping-taxable","16":"product-type-simple"},"_links":{"self":[{"href":"https:\/\/www.stvvalves.com\/de\/wp-json\/wp\/v2\/product\/4061","targetHints":{"allow":["GET"]}}],"collection":[{"href":"https:\/\/www.stvvalves.com\/de\/wp-json\/wp\/v2\/product"}],"about":[{"href":"https:\/\/www.stvvalves.com\/de\/wp-json\/wp\/v2\/types\/product"}],"wp:featuredmedia":[{"embeddable":true,"href":"https:\/\/www.stvvalves.com\/de\/wp-json\/wp\/v2\/media\/4064"}],"wp:attachment":[{"href":"https:\/\/www.stvvalves.com\/de\/wp-json\/wp\/v2\/media?parent=4061"}],"wp:term":[{"taxonomy":"product_brand","embeddable":true,"href":"https:\/\/www.stvvalves.com\/de\/wp-json\/wp\/v2\/product_brand?post=4061"},{"taxonomy":"product_cat","embeddable":true,"href":"https:\/\/www.stvvalves.com\/de\/wp-json\/wp\/v2\/product_cat?post=4061"},{"taxonomy":"product_tag","embeddable":true,"href":"https:\/\/www.stvvalves.com\/de\/wp-json\/wp\/v2\/product_tag?post=4061"}],"curies":[{"name":"wp","href":"https:\/\/api.w.org\/{rel}","templated":true}]}}