{"id":4078,"date":"2018-11-29T08:57:16","date_gmt":"2018-11-29T08:57:16","guid":{"rendered":"https:\/\/www.stvvalves.com\/?post_type=product&#038;p=4078"},"modified":"2025-02-17T18:18:42","modified_gmt":"2025-02-17T10:18:42","slug":"screwed-stainless-steel-y-type-strainer","status":"publish","type":"product","link":"https:\/\/www.stvvalves.com\/de\/products\/screwed-stainless-steel-y-type-strainer\/","title":{"rendered":"Verschraubter Y-Sieb aus Edelstahl"},"content":{"rendered":"<p><img loading=\"lazy\" decoding=\"async\" class=\"alignnone size-full wp-image-4079\" src=\"https:\/\/www.stvvalves.com\/wp-content\/uploads\/2018\/11\/Screwed-Stainless-Steel-Y-Type-Strainer-drawing.jpg\" alt=\"\" width=\"1653\" height=\"2338\" srcset=\"https:\/\/www.stvvalves.com\/wp-content\/uploads\/2018\/11\/Screwed-Stainless-Steel-Y-Type-Strainer-drawing.jpg 1653w, https:\/\/www.stvvalves.com\/wp-content\/uploads\/2018\/11\/Screwed-Stainless-Steel-Y-Type-Strainer-drawing-600x849.jpg 600w, https:\/\/www.stvvalves.com\/wp-content\/uploads\/2018\/11\/Screwed-Stainless-Steel-Y-Type-Strainer-drawing-212x300.jpg 212w, https:\/\/www.stvvalves.com\/wp-content\/uploads\/2018\/11\/Screwed-Stainless-Steel-Y-Type-Strainer-drawing-768x1086.jpg 768w, https:\/\/www.stvvalves.com\/wp-content\/uploads\/2018\/11\/Screwed-Stainless-Steel-Y-Type-Strainer-drawing-728x1030.jpg 728w, https:\/\/www.stvvalves.com\/wp-content\/uploads\/2018\/11\/Screwed-Stainless-Steel-Y-Type-Strainer-drawing-1061x1500.jpg 1061w, https:\/\/www.stvvalves.com\/wp-content\/uploads\/2018\/11\/Screwed-Stainless-Steel-Y-Type-Strainer-drawing-498x705.jpg 498w\" sizes=\"auto, (max-width: 1653px) 100vw, 1653px\" \/><\/p>","protected":false},"excerpt":{"rendered":"<p>Modell: GL11H-1000WOG<\/p>\n<p>Unser geschraubtes Edelstahl-Y-Sieb ist kompakt, leicht zu reinigen und verf\u00fcgt \u00fcber einen abnehmbaren Ablassstopfen und ein 1-mm-Siebgewebe aus Edelstahl 316 mit einer Teilung von 2 mm. Es stellt eine wirtschaftliche L\u00f6sung dar und wird f\u00fcr Anwendungen empfohlen, bei denen Sch\u00e4den an Ventilen und anderen zugeh\u00f6rigen mechanischen Ger\u00e4ten vermieden werden m\u00fcssen.<\/p>\n<p>Pipeline-R\u00fcckst\u00e4nde, einschlie\u00dflich Schmutz und Ablagerungen, sind h\u00e4ufig die Ursache f\u00fcr Ausf\u00e4lle, Sch\u00e4den, Energieverluste und eine Verringerung der Produktivit\u00e4t.<\/p>\n<p>Geeignet f\u00fcr halbaggressive Anwendungen in der Chemie- und Prozessindustrie.<\/p>\n<p>Hauptmerkmale:<br \/>\nErh\u00e4ltlich mit Geh\u00e4use aus 316 (CF8M) und Kappe aus BSPP mit Schraubgewinde.<br \/>\nGr\u00f6\u00dfen: 1\/4\u2033 bis 4\u2033.<br \/>\nGeh\u00e4use aus Feinguss SS 316<br \/>\nArbeitsdruck von 800 psi<br \/>\nGeeignet f\u00fcr alle Fl\u00fcssigkeiten und Gase (WOG)<br \/>\nTemperaturbereich: -20 \u00b0C bis 180 \u00b0C.<br \/>\nErh\u00e4ltlich in Sieben mit 20 Mesh (\u2248 1 mm) oder 140 Mesh (\u2248 100 mc).<br \/>\nFxF NPT-Gewindeenden nach ANSI B1.20.1<br \/>\nBezeichnung \u2013 Material<\/p>\n<p>K\u00f6rper \u2013 SS 316 (CF8M)<\/p>\n<p>Motorhaube \u2013 SS 316 (CF8M)<\/p>\n<p>Dichtung \u2013 PTFE<\/p>\n<p>Bildschirm \u2013 SS 304<\/p>\n<p>STV Valve Technology Group Co., Ltd ist ein professioneller Marktf\u00fchrer in China. Hersteller von weiblichen Bspp-Y-Sieben mit hoher Qualit\u00e4t und wettbewerbsf\u00e4higem Preis.<\/p>\n<p>F\u00fcr weitere Materialien und Details wenden Sie sich bitte an sales@stvvalve.com.<\/p>\n<p>Datumsblatt:<br \/>\n<a href=\"https:\/\/www.stvvalves.com\/wp-content\/uploads\/2018\/11\/Screwed-Stainless-Steel-Y-Type-Strainer-drawing.pdf\">Verschraubter Y-Sieb aus Edelstahl<\/a><\/p>","protected":false},"featured_media":4081,"template":"","meta":[],"product_brand":[],"product_cat":[85,48],"product_tag":[257,1028,1027,256,1026,253,255,236],"class_list":{"0":"post-4078","1":"product","2":"type-product","3":"status-publish","4":"has-post-thumbnail","6":"product_cat-stainless-steel-y-type-strainer","7":"product_cat-y-strainer","8":"product_tag-800-wog-y-strainer","9":"product_tag-female-bspp-y-strainer","10":"product_tag-npt-y-strainer","11":"product_tag-screwed-strainer","12":"product_tag-screwed-y-strainer-screwed-y-strainer","13":"product_tag-stainless-steel-316-y-strainer","14":"product_tag-stainless-steel-strainer","15":"product_tag-y-type-strainer","17":"first","18":"instock","19":"shipping-taxable","20":"product-type-simple"},"_links":{"self":[{"href":"https:\/\/www.stvvalves.com\/de\/wp-json\/wp\/v2\/product\/4078","targetHints":{"allow":["GET"]}}],"collection":[{"href":"https:\/\/www.stvvalves.com\/de\/wp-json\/wp\/v2\/product"}],"about":[{"href":"https:\/\/www.stvvalves.com\/de\/wp-json\/wp\/v2\/types\/product"}],"wp:featuredmedia":[{"embeddable":true,"href":"https:\/\/www.stvvalves.com\/de\/wp-json\/wp\/v2\/media\/4081"}],"wp:attachment":[{"href":"https:\/\/www.stvvalves.com\/de\/wp-json\/wp\/v2\/media?parent=4078"}],"wp:term":[{"taxonomy":"product_brand","embeddable":true,"href":"https:\/\/www.stvvalves.com\/de\/wp-json\/wp\/v2\/product_brand?post=4078"},{"taxonomy":"product_cat","embeddable":true,"href":"https:\/\/www.stvvalves.com\/de\/wp-json\/wp\/v2\/product_cat?post=4078"},{"taxonomy":"product_tag","embeddable":true,"href":"https:\/\/www.stvvalves.com\/de\/wp-json\/wp\/v2\/product_tag?post=4078"}],"curies":[{"name":"wp","href":"https:\/\/api.w.org\/{rel}","templated":true}]}}