{"id":4088,"date":"2018-11-29T13:08:18","date_gmt":"2018-11-29T13:08:18","guid":{"rendered":"https:\/\/www.stvvalves.com\/?post_type=product&#038;p=4088"},"modified":"2025-02-17T18:18:40","modified_gmt":"2025-02-17T10:18:40","slug":"stainless-steel-spring-disc-check-valve","status":"publish","type":"product","link":"https:\/\/www.stvvalves.com\/de\/products\/stainless-steel-spring-disc-check-valve\/","title":{"rendered":"R\u00fcckschlagventil mit Federscheibe aus Edelstahl"},"content":{"rendered":"<p>TECHNISCHE EIGENSCHAFTEN:<br \/>\nWafer-R\u00fcckschlagventil (Einzelscheibe)<br \/>\nGeh\u00e4useventil, Scheibe und Feder:<br \/>\nEdelstahl Aisi 316<br \/>\nMontage zwischen Flanschen:<br \/>\nDIN PN 10\/40 und ANSI 150 lbs<br \/>\nNennarbeitsdruck: 40 bar (25 bar f\u00fcr<br \/>\nDN125, 150 und 200)<br \/>\n\u00d6ffnungsdruck:<br \/>\nMindest. 0,025 bar max. 0,045 bar<br \/>\nTemperaturbereich: 0\u00b0C bis 200\u00b0C.<br \/>\nInstallation: horizontaler, vertikaler oder geneigter Durchfluss<\/p>\n<table>\n<tbody>\n<tr>\n<td width=\"200\"><strong>Produktname<\/strong><\/td>\n<td width=\"481\">R\u00fcckschlagventil mit Federscheibe aus Edelstahl<\/td>\n<\/tr>\n<tr>\n<td width=\"200\">1. Material<\/td>\n<td width=\"481\">CF8<\/td>\n<\/tr>\n<tr>\n<td width=\"200\">2. Gr\u00f6\u00dfe<\/td>\n<td width=\"481\">4&quot;<\/td>\n<\/tr>\n<tr>\n<td width=\"200\">4. Hafen<\/td>\n<td width=\"481\">Vollst\u00e4ndiger Port<\/td>\n<\/tr>\n<tr>\n<td width=\"200\">5. Arbeitsdruck<\/td>\n<td width=\"481\">150 Pfund<\/td>\n<\/tr>\n<tr>\n<td width=\"200\">6. Verbindung endet<\/td>\n<td width=\"481\">RF<\/td>\n<\/tr>\n<tr>\n<td width=\"200\">7. Arbeitstemperatur.<\/td>\n<td width=\"481\">-29~300 \u00b0C,<\/td>\n<\/tr>\n<tr>\n<td width=\"200\">8. Geeignetes Medium<\/td>\n<td width=\"481\">Wasser, Erdgas, \u00d6l und einige \u00e4tzende Fl\u00fcssigkeiten<\/td>\n<\/tr>\n<tr>\n<td width=\"200\">9. Betrieben<\/td>\n<td width=\"481\">\/<\/td>\n<\/tr>\n<tr>\n<td width=\"200\">10. Inspektion und Pr\u00fcfung<\/td>\n<td width=\"481\">Gem\u00e4\u00df API594<\/td>\n<\/tr>\n<tr>\n<td width=\"200\"><strong>Sendung<\/strong><\/td>\n<td width=\"481\"><\/td>\n<\/tr>\n<tr>\n<td width=\"200\">Lieferzeit<\/td>\n<td width=\"481\">30 Tage<\/td>\n<\/tr>\n<tr>\n<td width=\"200\">Paket<\/td>\n<td width=\"481\">Standard-Export-Sperrholzkiste<\/td>\n<\/tr>\n<tr>\n<td width=\"200\">Hafen<\/td>\n<td width=\"481\">Ningbo\/Shanghai, China<\/td>\n<\/tr>\n<tr>\n<td width=\"200\">Versandbedingungen<\/td>\n<td width=\"481\">Exw, FOB, CFR, CIF usw.<\/td>\n<\/tr>\n<tr>\n<td width=\"200\">Zahlungsbedingungen<\/td>\n<td width=\"481\">T\/T, Western Union, PayPal usw.<\/td>\n<\/tr>\n<tr>\n<td width=\"200\"><\/td>\n<td width=\"481\">30% Vorauszahlung, 70% Restbetrag vor dem Versand bezahlt<\/td>\n<\/tr>\n<tr>\n<td width=\"200\">Herkunftsland<\/td>\n<td width=\"481\">Stadt Wenzhou, China<\/td>\n<\/tr>\n<tr>\n<td width=\"200\">Produktionskapazit\u00e4t<\/td>\n<td width=\"481\">6000 Tonnen\/Jahr<\/td>\n<\/tr>\n<tr>\n<td width=\"200\">Mindestbestellmenge<\/td>\n<td width=\"481\">1 St\u00fcck\/Gr\u00f6\u00dfe<\/td>\n<\/tr>\n<\/tbody>\n<\/table>","protected":false},"excerpt":{"rendered":"<p>Modell:H71H-150LB-1\u2033<\/p>\n<p>Unser Wafer-Muster f\u00fcr R\u00fcckschlagventile mit Federscheiben aus Edelstahl bietet hervorragende Dichtungseigenschaften sowohl f\u00fcr hohe als auch niedrige Dr\u00fccke; Zu den allgemeinen, industriellen und HVAC-Anwendungen geh\u00f6ren Wasser-, Heizungs-, Klimaanlagen und Druckluftsysteme. Ein wirtschaftliches, platzsparendes federbelastetes Ventil mit Edelstahlgeh\u00e4use und Metalldichtung.<\/p>\n<p>Entweder vertikal (nur nach oben) oder horizontal installiert.<\/p>\n<p>&nbsp;<\/p>\n<p>STV Valve Technology Group Co., Ltd ist ein professioneller Marktf\u00fchrer f\u00fcr Scheibenr\u00fcckschlagventile in China, Doppelscheiben-R\u00fcckschlagventile, federbelastete Scheiben-R\u00fcckschlagventile, Edelstahl-Federscheiben-R\u00fcckschlagventile, Wafer-Scheiben-R\u00fcckschlagventile, Hersteller von Wafer-Scheiben-R\u00fcckschlagventilen aus China. Scheibenr\u00fcckschlagventil aus Edelstahl mit Wafer-Muster, Scheibenr\u00fcckschlagventile im Wafer-Stil, R\u00fcckschlagventile im Wafer-Typ, Einscheiben-R\u00fcckschlagventil im Wafer-Typ Hersteller mit hoher Qualit\u00e4t und wettbewerbsf\u00e4higem Preis.<\/p>\n<p>F\u00fcr weitere Materialien und Details wenden Sie sich bitte an sales@stvvalve.com.<\/p>\n<p>Datumsblatt:<\/p>\n<p><a href=\"https:\/\/www.stvvalves.com\/wp-content\/uploads\/2018\/11\/stainless-steel-spring-disc-check-valve-drawing.pdf\">R\u00fcckschlagventil mit Federscheibe aus Edelstahl<\/a><\/p>","protected":false},"featured_media":4094,"template":"","meta":[],"product_brand":[],"product_cat":[46,84],"product_tag":[263,267,266,260,259,264,265,262,261,258],"class_list":{"0":"post-4088","1":"product","2":"type-product","3":"status-publish","4":"has-post-thumbnail","6":"product_cat-check-valves","7":"product_cat-wafer-check-valve","8":"product_tag-disc-check-valve","9":"product_tag-dual-disc-check-valves","10":"product_tag-spring-loaded-disc-type-check-valves","11":"product_tag-stainless-steel-spring-disc-check-valve","12":"product_tag-wafer-disc-check-valves","13":"product_tag-wafer-disc-check-valves-manufacturer-from-china","14":"product_tag-wafer-pattern-stainless-steel-disc-check-valve","15":"product_tag-wafer-style-disc-check-valves","16":"product_tag-wafer-type-check-valves","17":"product_tag-wafer-type-single-disc-lift-check-valve","19":"first","20":"instock","21":"shipping-taxable","22":"product-type-simple"},"_links":{"self":[{"href":"https:\/\/www.stvvalves.com\/de\/wp-json\/wp\/v2\/product\/4088","targetHints":{"allow":["GET"]}}],"collection":[{"href":"https:\/\/www.stvvalves.com\/de\/wp-json\/wp\/v2\/product"}],"about":[{"href":"https:\/\/www.stvvalves.com\/de\/wp-json\/wp\/v2\/types\/product"}],"wp:featuredmedia":[{"embeddable":true,"href":"https:\/\/www.stvvalves.com\/de\/wp-json\/wp\/v2\/media\/4094"}],"wp:attachment":[{"href":"https:\/\/www.stvvalves.com\/de\/wp-json\/wp\/v2\/media?parent=4088"}],"wp:term":[{"taxonomy":"product_brand","embeddable":true,"href":"https:\/\/www.stvvalves.com\/de\/wp-json\/wp\/v2\/product_brand?post=4088"},{"taxonomy":"product_cat","embeddable":true,"href":"https:\/\/www.stvvalves.com\/de\/wp-json\/wp\/v2\/product_cat?post=4088"},{"taxonomy":"product_tag","embeddable":true,"href":"https:\/\/www.stvvalves.com\/de\/wp-json\/wp\/v2\/product_tag?post=4088"}],"curies":[{"name":"wp","href":"https:\/\/api.w.org\/{rel}","templated":true}]}}