{"id":4112,"date":"2018-12-01T02:27:02","date_gmt":"2018-12-01T02:27:02","guid":{"rendered":"https:\/\/www.stvvalves.com\/?post_type=product&#038;p=4112"},"modified":"2025-02-17T18:18:40","modified_gmt":"2025-02-17T10:18:40","slug":"api-602-forged-steel-y-strainer-800lb","status":"publish","type":"product","link":"https:\/\/www.stvvalves.com\/de\/products\/api-602-forged-steel-y-strainer-800lb\/","title":{"rendered":"API 602 Y-Sieb aus geschmiedetem Stahl, 800 LB"},"content":{"rendered":"<p>1. Schraubenhaube, Schraubenhaube,<br \/>\nStumpfgeschwei\u00dfte Motorhaube<br \/>\n2. Voller Anschluss und reduzierender Anschluss<br \/>\n3. Eine Gewinde- und Druckdichtungshaube<br \/>\n4. Materialien entsprechen ANSI\/ASTM<\/p>\n<p>Standard: 1. Designstandard: API602, BS5352<br \/>\n2. Materialdruck-Temperaturstandard: ASME B16.34<br \/>\n3. Standard f\u00fcr Face-to-Face-Abmessungen: ASME B16.10<br \/>\n4. Flanschabmessungsstandard: ASME B16.5<br \/>\n5. Die geschwei\u00dften Enden entsprechen ANSI B16.11<br \/>\n6. Schraubenenden entsprechen ANSI B1.20.1<br \/>\n7. Inspektions- und Teststandard: API598<\/p>\n<p>&nbsp;<\/p>\n<p>Gr\u00f6\u00dfe: 1\/4\u2033~2\u201c<\/p>\n<p>Druckstufe: Klasse 150\u20132500 LB<\/p>\n<p>Geh\u00e4usematerial: ASTM A105, ASTM A182 LF2, ASTM A182 F11, ASTM A182 F22, ASTM A182 F51, ASTM A182 F91, ASTM A182 F304, ASTM A182 F316, ASTM A182 F304L, ASTM A182 F316L usw.<\/p>\n<p>Endanschluss: NPT,BW,SW,RF,RTJ.<\/p>\n<p>Arbeitstemperatur: -29\u2103~650\u2103<\/p>\n<table>\n<tbody>\n<tr>\n<td width=\"200\"><strong>Produktname<\/strong><\/td>\n<td width=\"481\">API 602 Y-Sieb aus geschmiedetem Stahl, 800 LB<\/td>\n<\/tr>\n<tr>\n<td width=\"200\">1. Material<\/td>\n<td width=\"481\">A105N<\/td>\n<\/tr>\n<tr>\n<td width=\"200\">2. Gr\u00f6\u00dfe<\/td>\n<td width=\"481\">1&quot;<\/td>\n<\/tr>\n<tr>\n<td width=\"200\">4. Hafen<\/td>\n<td width=\"481\">\u00a0Reduzieranschluss<\/td>\n<\/tr>\n<tr>\n<td width=\"200\">5. Arbeitsdruck<\/td>\n<td width=\"481\">800 Pfund<\/td>\n<\/tr>\n<tr>\n<td width=\"200\">6. Verbindung endet<\/td>\n<td width=\"481\">BW<\/td>\n<\/tr>\n<tr>\n<td width=\"200\">7. Arbeitstemperatur.<\/td>\n<td width=\"481\">-29~425 \u00b0C,<\/td>\n<\/tr>\n<tr>\n<td width=\"200\">8. Geeignetes Medium<\/td>\n<td width=\"481\">Wasser, Erdgas, \u00d6l und einige \u00e4tzende Fl\u00fcssigkeiten<\/td>\n<\/tr>\n<tr>\n<td width=\"200\">9. Betrieben<\/td>\n<td width=\"481\"><\/td>\n<\/tr>\n<tr>\n<td width=\"200\">10. Inspektion und Pr\u00fcfung<\/td>\n<td width=\"481\">Gem\u00e4\u00df API598<\/td>\n<\/tr>\n<tr>\n<td width=\"200\"><strong>Sendung<\/strong><\/td>\n<td width=\"481\"><\/td>\n<\/tr>\n<tr>\n<td width=\"200\">Lieferzeit<\/td>\n<td width=\"481\">30 Tage<\/td>\n<\/tr>\n<tr>\n<td width=\"200\">Paket<\/td>\n<td width=\"481\">Standard-Export-Sperrholzkiste<\/td>\n<\/tr>\n<tr>\n<td width=\"200\">Hafen<\/td>\n<td width=\"481\">Ningbo\/Shanghai, China<\/td>\n<\/tr>\n<tr>\n<td width=\"200\">Versandbedingungen<\/td>\n<td width=\"481\">Exw, FOB, CFR, CIF usw.<\/td>\n<\/tr>\n<tr>\n<td width=\"200\">Zahlungsbedingungen<\/td>\n<td width=\"481\">T\/T, Western Union, PayPal usw.<\/td>\n<\/tr>\n<tr>\n<td width=\"200\"><\/td>\n<td width=\"481\">30% Vorauszahlung, 70% Restbetrag vor dem Versand bezahlt<\/td>\n<\/tr>\n<tr>\n<td width=\"200\">Herkunftsland<\/td>\n<td width=\"481\">Stadt Wenzhou, China<\/td>\n<\/tr>\n<tr>\n<td width=\"200\">Produktionskapazit\u00e4t<\/td>\n<td width=\"481\">6000 Tonnen\/Jahr<\/td>\n<\/tr>\n<tr>\n<td width=\"200\">Mindestbestellmenge<\/td>\n<td width=\"481\">1 St\u00fcck\/Gr\u00f6\u00dfe<\/td>\n<\/tr>\n<\/tbody>\n<\/table>","protected":false},"excerpt":{"rendered":"<p>Modell: FGL11H-800LB<br \/>\nEin Sieb aus geschmiedetem Stahl der Klasse 800 wird verwendet, um teure, in einer Rohrleitung installierte Ger\u00e4te vor Schmutz, Ablagerungen und Partikeln zu sch\u00fctzen. Verf\u00fcgt \u00fcber eine verschraubte Haube, die Sicherheit gew\u00e4hrleistet, gepaart mit einfacher Entfernung des Standard-Feinsiebs, das eine effektive Filterung bis zu 20 Mesh (920 \u03bcm oder 0,037 Zoll) erm\u00f6glicht.<br \/>\nErh\u00e4ltlich aus geschmiedetem Stahl und gem\u00e4\u00df API 602 und ASME B16.34. Wird mit verschiedenen Endanschl\u00fcssen f\u00fcr den Einsatz in einer Vielzahl von Anwendungen angeboten, darunter Dampf, Thermal\u00f6l, Luft, Gas und Wasser.<\/p>\n<p>Gr\u00f6\u00dfe: 1\/4&quot;~2&quot;(DN7~DN50)<\/p>\n<p>Bewertung: 150 Pfund ~ 2500 Pfund (PN100 ~ PN420)<\/p>\n<p>Materialien: Geschmiedeter Kohlenstoffstahl \/ Edelstahl \/ legierter Stahl \/ Spezialstahl (Monel \/ Inconel \/ Hastelly usw.), legierter Stahl \/ Albronze<\/p>\n<p>Endverbindung: RF\/RTJ\/BW\/SW\/Gewinde<\/p>\n<p>Haubentyp: Bolzenhaube, Schwei\u00dfhaube, Druckdichtungshaube.<\/p>\n<p>Optionale Funktionen :<\/p>\n<p>Ablassschraube<\/p>\n<p>Sieb aus Edelstahl<\/p>\n<p>&nbsp;<\/p>\n<p>STV Valve Technology Group Co., Ltd ist ein professioneller Marktf\u00fchrer in China f\u00fcr geschmiedete Edelstahl-Y-Siebe, GESCHMIEDETER STAHL, KLASSE 2500, \u201eY\u201c-TYP, GESCHWEISSTE ABDECKUNG, geschmiedeter Y-Sieb, geschmiedeter Y-Sieb der Klasse 800 und Y-Typ aus geschmiedetem Stahl Siebe, Y-f\u00f6rmige Siebe aus geschmiedetem Stahl, NPT- oder BW-ENDE, Y-Siebe und Filter, Hersteller von Y-Sieben mit hoher Qualit\u00e4t und wettbewerbsf\u00e4higem Preis.<\/p>\n<p>F\u00fcr weitere Materialien und Details wenden Sie sich bitte an sales@stvvalve.com.<\/p>\n<p>Datumsblatt:<br \/>\n<a href=\"http:\/\/api-602-forged-steel-y-strainer-800lb-DRAWING\">API 602 Y-Sieb aus geschmiedetem Stahl, 800 LB<\/a><\/p>","protected":false},"featured_media":4123,"template":"","meta":[],"product_brand":[],"product_cat":[964,48],"product_tag":[288,283,284,280,282,281,286,285,287,236],"class_list":{"0":"post-4112","1":"product","2":"type-product","3":"status-publish","4":"has-post-thumbnail","6":"product_cat-forged-steel-y-type-strainer","7":"product_cat-y-strainer","8":"product_tag-forged-stainless-steel-y-strainer","9":"product_tag-forged-steel-class-2500-y-type-welded-cover-strainer","10":"product_tag-forged-steel-y-type-strainer","11":"product_tag-forged-steel-y-type-strainer-class-800","12":"product_tag-forged-steel-y-type-strainers","13":"product_tag-forged-steel-y-pattern-strainer","14":"product_tag-npt-or-bw-end","15":"product_tag-sw","16":"product_tag-y-type-strainers-and-filters","17":"product_tag-y-type-strainer","19":"first","20":"instock","21":"shipping-taxable","22":"product-type-simple"},"_links":{"self":[{"href":"https:\/\/www.stvvalves.com\/de\/wp-json\/wp\/v2\/product\/4112","targetHints":{"allow":["GET"]}}],"collection":[{"href":"https:\/\/www.stvvalves.com\/de\/wp-json\/wp\/v2\/product"}],"about":[{"href":"https:\/\/www.stvvalves.com\/de\/wp-json\/wp\/v2\/types\/product"}],"wp:featuredmedia":[{"embeddable":true,"href":"https:\/\/www.stvvalves.com\/de\/wp-json\/wp\/v2\/media\/4123"}],"wp:attachment":[{"href":"https:\/\/www.stvvalves.com\/de\/wp-json\/wp\/v2\/media?parent=4112"}],"wp:term":[{"taxonomy":"product_brand","embeddable":true,"href":"https:\/\/www.stvvalves.com\/de\/wp-json\/wp\/v2\/product_brand?post=4112"},{"taxonomy":"product_cat","embeddable":true,"href":"https:\/\/www.stvvalves.com\/de\/wp-json\/wp\/v2\/product_cat?post=4112"},{"taxonomy":"product_tag","embeddable":true,"href":"https:\/\/www.stvvalves.com\/de\/wp-json\/wp\/v2\/product_tag?post=4112"}],"curies":[{"name":"wp","href":"https:\/\/api.w.org\/{rel}","templated":true}]}}