{"id":4134,"date":"2018-12-04T02:22:33","date_gmt":"2018-12-04T02:22:33","guid":{"rendered":"https:\/\/www.stvvalves.com\/?post_type=product&#038;p=4134"},"modified":"2025-02-17T18:18:37","modified_gmt":"2025-02-17T10:18:37","slug":"forged-stainless-steel-swing-check-valve-class-800","status":"publish","type":"product","link":"https:\/\/www.stvvalves.com\/de\/products\/forged-stainless-steel-swing-check-valve-class-800\/","title":{"rendered":"R\u00fcckschlagklappe aus geschmiedetem Edelstahl, Klasse 800"},"content":{"rendered":"<dl class=\"list_box\">\n<dd class=\"txt\">Ventilmaterial: ASTM A105, A182 F304\/ F316\/ F11\/ F22\/ F304L\/ F316L<br \/>\nVentilleistung: 800LB-2500LB<br \/>\nPortgr\u00f6\u00dfe: Standardport \/ Vollport<br \/>\nGr\u00f6\u00dfenbereich: 1\/4\u2033 \u2013 2\u2033<br \/>\nEndanschl\u00fcsse: Gewinde (NPT, BSPT, DIN), Muffenschwei\u00dfung, Stumpfschwei\u00dfung<br \/>\nArbeitstemperatur: (A105) -20 \u00b0F ~ 800 \u00b0F, (SS) -20 \u00b0F ~ 950 \u00b0F<br \/>\nServiceanwendung: Hydraulik, Dampf, Chemie, \u00d6l\/Gas, Energie, Petrochemie, Schifffahrt, Bergbau, Bauwesen.<\/dd>\n<\/dl>\n<dl class=\"list_box\">\n<dt class=\"title\">Merkmale<\/dt>\n<dd class=\"txt\">Swing-Typ<br \/>\nVerschraubte Kappe<br \/>\nOptional: Schwei\u00dfkappe<br \/>\nScheibe: API600 Trim Nr. nach Kundenwunsch<br \/>\nHerstellung und Design: API602 \/ ANSI B16.34<br \/>\nHydrostatischer Test: Schale 3000 PSI \/ Sitz 2200 PSI<br \/>\nLufttest: 80 \u2013 100 PSI<br \/>\nEin kompaktes, aber \u00e4u\u00dferst robustes Design f\u00fcr den Einsatz bei hohem Druck und Temperatur<br \/>\nInspektion und Test: API 598<\/dd>\n<dd>\n<table>\n<tbody>\n<tr>\n<td width=\"200\"><strong>Produktname<\/strong><\/td>\n<td width=\"481\">R\u00fcckschlagklappe aus geschmiedetem Edelstahl, Klasse 800<\/td>\n<\/tr>\n<tr>\n<td width=\"200\">1. Material<\/td>\n<td width=\"481\">A105N<\/td>\n<\/tr>\n<tr>\n<td width=\"200\">2. Gr\u00f6\u00dfe<\/td>\n<td width=\"481\">1&quot;<\/td>\n<\/tr>\n<tr>\n<td width=\"200\">4. Hafen<\/td>\n<td width=\"481\">Vollst\u00e4ndiger Port<\/td>\n<\/tr>\n<tr>\n<td width=\"200\">5. Arbeitsdruck<\/td>\n<td width=\"481\">800 Pfund<\/td>\n<\/tr>\n<tr>\n<td width=\"200\">6. Verbindung endet<\/td>\n<td width=\"481\">SW<\/td>\n<\/tr>\n<tr>\n<td width=\"200\">7. Arbeitstemperatur.<\/td>\n<td width=\"481\">-29~425 \u00b0C,<\/td>\n<\/tr>\n<tr>\n<td width=\"200\">8. Geeignetes Medium<\/td>\n<td width=\"481\">Wasser, Erdgas, \u00d6l und einige \u00e4tzende Fl\u00fcssigkeiten<\/td>\n<\/tr>\n<tr>\n<td width=\"200\">9. Betrieben<\/td>\n<td width=\"481\">\/<\/td>\n<\/tr>\n<tr>\n<td width=\"200\">10. Inspektion und Pr\u00fcfung<\/td>\n<td width=\"481\">Gem\u00e4\u00df API598<\/td>\n<\/tr>\n<tr>\n<td width=\"200\"><strong>Sendung<\/strong><\/td>\n<td width=\"481\"><\/td>\n<\/tr>\n<tr>\n<td width=\"200\">Lieferzeit<\/td>\n<td width=\"481\">30 Tage<\/td>\n<\/tr>\n<tr>\n<td width=\"200\">Paket<\/td>\n<td width=\"481\">Standard-Export-Sperrholzkiste<\/td>\n<\/tr>\n<tr>\n<td width=\"200\">Hafen<\/td>\n<td width=\"481\">Ningbo\/Shanghai, China<\/td>\n<\/tr>\n<tr>\n<td width=\"200\">Versandbedingungen<\/td>\n<td width=\"481\">Exw, FOB, CFR, CIF usw.<\/td>\n<\/tr>\n<tr>\n<td width=\"200\">Zahlungsbedingungen<\/td>\n<td width=\"481\">T\/T, Western Union, PayPal usw.<\/td>\n<\/tr>\n<tr>\n<td width=\"200\"><\/td>\n<td width=\"481\">30% Vorauszahlung, 70% Restbetrag vor dem Versand bezahlt<\/td>\n<\/tr>\n<tr>\n<td width=\"200\">Herkunftsland<\/td>\n<td width=\"481\">Stadt Wenzhou, China<\/td>\n<\/tr>\n<tr>\n<td width=\"200\">Produktionskapazit\u00e4t<\/td>\n<td width=\"481\">6000 Tonnen\/Jahr<\/td>\n<\/tr>\n<tr>\n<td width=\"200\">Mindestbestellmenge<\/td>\n<td width=\"481\">1 St\u00fcck\/Gr\u00f6\u00dfe<\/td>\n<\/tr>\n<\/tbody>\n<\/table>\n<\/dd>\n<\/dl>","protected":false},"excerpt":{"rendered":"<p>Modell: H61H-800LB-316L<\/p>\n<p>R\u00fcckschlagklappe aus geschmiedetem Edelstahl 316L der Klasse 800lb mit verschraubtem Oberteil und konform mit API 602 und ASME B16.34.<\/p>\n<p>Erh\u00e4ltlich mit verschiedenen Endanschl\u00fcssen, einschlie\u00dflich BSPT, NPT oder Muffenschwei\u00dfung, f\u00fcr den Einsatz in einer Vielzahl von Anwendungen, darunter: \u2013 Dampf, Thermal\u00f6l, Luft, Gas und Wasser.<\/p>\n<p>Mit hervorragenden Dichtungseigenschaften, sowohl in vertikaler als auch in horizontaler Ausrichtung installiert.<\/p>\n<p>Zu den typischen Anwendungen geh\u00f6ren: Prozessleitungen, Kondensatleitungen, Hei\u00df- und Kaltwassersysteme und Thermal\u00f6lsysteme.<\/p>\n<p>Typische Branchen sind: Kesselanlagen, W\u00e4schereien, Dampfanlagen und Prozessanlagen.<\/p>\n<dl class=\"list_box\"><\/dl>\n<dl class=\"list_box\">\n<dd class=\"txt\"><\/dd>\n<dd><\/dd>\n<dd class=\"txt\">STV Valve Technology Group Co., Ltd ist ein professioneller Marktf\u00fchrer f\u00fcr geschmiedete R\u00fcckschlagventile der Klasse 800LB in China, R\u00fcckschlagventile aus geschmiedetem Stahl API 602, R\u00fcckschlagventile aus geschmiedetem Edelstahl 316L der Klasse 800, R\u00fcckschlagventile aus geschmiedetem Stahl der Klasse 800, R\u00fcckschlagventile F316 und geschmiedete R\u00fcckschlagventile Ventil, R\u00fcckschlagventil aus geschmiedetem Edelstahl, R\u00fcckschlagventil aus geschmiedetem Stahl, Hersteller von Hochdruck-R\u00fcckschlagventilen mit hoher Qualit\u00e4t und wettbewerbsf\u00e4higem Preis.<\/dd>\n<dd><\/dd>\n<dd class=\"txt\">F\u00fcr weitere Materialien und Details wenden Sie sich bitte an sales@stvvalve.com.Datenblatt:<br \/>\n<a href=\"https:\/\/www.stvvalves.com\/wp-content\/uploads\/2018\/12\/forged-stainless-steel-swing-check-valve-class-800-drawing.pdf\">R\u00fcckschlagklappe aus geschmiedetem Edelstahl, Klasse 800<\/a><\/dd>\n<\/dl>\n<p>&nbsp;<\/p>\n<p>&nbsp;<\/p>","protected":false},"featured_media":4135,"template":"","meta":[],"product_brand":[],"product_cat":[46,66],"product_tag":[298,301,305,304,299,297,302,303,300],"class_list":{"0":"post-4134","1":"product","2":"type-product","3":"status-publish","4":"has-post-thumbnail","6":"product_cat-check-valves","7":"product_cat-swing-check-valve","8":"product_tag-800lb-forged-check-valve","9":"product_tag-api-602-forged-steel-check-valves","10":"product_tag-class-800-forged-stainless-steel-316l-swing-check-valve","11":"product_tag-class-800-forged-steel-swing-check-valve","12":"product_tag-f316-swing-check-valve","13":"product_tag-forged-check-valve","14":"product_tag-forged-stainless-lift-steel-check-valve","15":"product_tag-forged-steel-check-valve","16":"product_tag-high-pressure-swing-check-valve","18":"first","19":"instock","20":"shipping-taxable","21":"product-type-simple"},"_links":{"self":[{"href":"https:\/\/www.stvvalves.com\/de\/wp-json\/wp\/v2\/product\/4134","targetHints":{"allow":["GET"]}}],"collection":[{"href":"https:\/\/www.stvvalves.com\/de\/wp-json\/wp\/v2\/product"}],"about":[{"href":"https:\/\/www.stvvalves.com\/de\/wp-json\/wp\/v2\/types\/product"}],"wp:featuredmedia":[{"embeddable":true,"href":"https:\/\/www.stvvalves.com\/de\/wp-json\/wp\/v2\/media\/4135"}],"wp:attachment":[{"href":"https:\/\/www.stvvalves.com\/de\/wp-json\/wp\/v2\/media?parent=4134"}],"wp:term":[{"taxonomy":"product_brand","embeddable":true,"href":"https:\/\/www.stvvalves.com\/de\/wp-json\/wp\/v2\/product_brand?post=4134"},{"taxonomy":"product_cat","embeddable":true,"href":"https:\/\/www.stvvalves.com\/de\/wp-json\/wp\/v2\/product_cat?post=4134"},{"taxonomy":"product_tag","embeddable":true,"href":"https:\/\/www.stvvalves.com\/de\/wp-json\/wp\/v2\/product_tag?post=4134"}],"curies":[{"name":"wp","href":"https:\/\/api.w.org\/{rel}","templated":true}]}}