{"id":4139,"date":"2018-12-04T02:51:54","date_gmt":"2018-12-04T02:51:54","guid":{"rendered":"https:\/\/www.stvvalves.com\/?post_type=product&#038;p=4139"},"modified":"2025-02-17T18:18:35","modified_gmt":"2025-02-17T10:18:35","slug":"class-800-forged-stainless-steel-gate-valve","status":"publish","type":"product","link":"https:\/\/www.stvvalves.com\/de\/products\/class-800-forged-stainless-steel-gate-valve\/","title":{"rendered":"Absperrschieber aus geschmiedetem Edelstahl der Klasse 800"},"content":{"rendered":"<p>Hauptmerkmale:<br \/>\nAPI 602 \/ ASME B16.34<br \/>\nSpiraldichtung mit SS304\/Graphit oder SS316\/Graphit<br \/>\nSolider Keil<br \/>\nAu\u00dfenschraube und Joch (OS&amp;Y)<br \/>\nZweiteilige selbstausrichtende Stopfbuchse<br \/>\nKompakte und robuste Konstruktion f\u00fcr den Einsatz bei hohem Druck und Temperatur<br \/>\nAustausch des Handrads ohne Beeintr\u00e4chtigung der Torposition.<\/p>\n<p>Material des Geh\u00e4uses\/der Haube: ASTM A105\/F316\/F316L\/F304\/F304L\/F11\/F22\/<br \/>\nVentilleistung: KLASSE 800 (PN130) und KLASSE 1500 (PN260)<br \/>\nPortgr\u00f6\u00dfe: Standardport \/ Vollport<br \/>\nGr\u00f6\u00dfenbereich: 1\/4\u2033 \u2013 2\u2033 (8 mm \u2013 50 mm)<br \/>\nEndanschl\u00fcsse: Gewinde (NPT\/BSPT\/DIN), Muffenschwei\u00dfen<br \/>\nArbeitstemperatur: (F\u00fcr A105) -29\u00b0C~425\u00b0C;<br \/>\nServiceanwendung: Hydraulik, Dampf, Chemie, \u00d6l\/Gas<br \/>\nEnergie, Petrochemie, Marine, Bergbau<br \/>\nKonstruktion<\/p>\n<table>\n<tbody>\n<tr>\n<td width=\"200\"><strong><b>Produktname<\/b><\/strong><\/td>\n<td width=\"481\">Absperrschieber aus geschmiedetem Edelstahl der Klasse 800<\/td>\n<\/tr>\n<tr>\n<td width=\"200\">1. Material<\/td>\n<td width=\"481\">F304<\/td>\n<\/tr>\n<tr>\n<td width=\"200\">2. Gr\u00f6\u00dfe<\/td>\n<td width=\"481\">2&quot;<\/td>\n<\/tr>\n<tr>\n<td width=\"200\">4. Hafen<\/td>\n<td width=\"481\">Reduzieranschluss<\/td>\n<\/tr>\n<tr>\n<td width=\"200\">5. Arbeitsdruck<\/td>\n<td width=\"481\">800 Pfund<\/td>\n<\/tr>\n<tr>\n<td width=\"200\">6. Verbindung endet<\/td>\n<td width=\"481\">Muffenschwei\u00dfende<\/td>\n<\/tr>\n<tr>\n<td width=\"200\">7. Arbeitstemperatur.<\/td>\n<td width=\"481\">-29~425 \u00b0C,<\/td>\n<\/tr>\n<tr>\n<td width=\"200\">8. Geeignetes Medium<\/td>\n<td width=\"481\">Wasser, Erdgas, \u00d6l und einige \u00e4tzende Fl\u00fcssigkeiten<\/td>\n<\/tr>\n<tr>\n<td width=\"200\">9. Betrieben<\/td>\n<td width=\"481\">Handrad<\/td>\n<\/tr>\n<tr>\n<td width=\"200\">10. Inspektion und Pr\u00fcfung<\/td>\n<td width=\"481\">Gem\u00e4\u00df API 598<\/td>\n<\/tr>\n<tr>\n<td width=\"200\"><strong><b>Sendung<\/b><\/strong><\/td>\n<td width=\"481\"><\/td>\n<\/tr>\n<tr>\n<td width=\"200\">Lieferzeit<\/td>\n<td width=\"481\">30 Tage<\/td>\n<\/tr>\n<tr>\n<td width=\"200\">Paket<\/td>\n<td width=\"481\">Standard-Export-Sperrholzkiste<\/td>\n<\/tr>\n<tr>\n<td width=\"200\">Hafen<\/td>\n<td width=\"481\">Ningbo\/Shanghai, China<\/td>\n<\/tr>\n<tr>\n<td width=\"200\">Versandbedingungen<\/td>\n<td width=\"481\">Exw, FOB, CFR, CIF usw.<\/td>\n<\/tr>\n<tr>\n<td width=\"200\">Zahlungsbedingungen<\/td>\n<td width=\"481\">T\/T, Western Union, PayPal usw.<\/td>\n<\/tr>\n<tr>\n<td width=\"200\"><\/td>\n<td width=\"481\">30% Vorauszahlung, 70% Restbetrag vor dem Versand bezahlt<\/td>\n<\/tr>\n<tr>\n<td width=\"200\">Herkunftsland<\/td>\n<td width=\"481\">Stadt Wenzhou, China<\/td>\n<\/tr>\n<tr>\n<td width=\"200\">Produktionskapazit\u00e4t<\/td>\n<td width=\"481\">6000 Tonnen\/Jahr<\/td>\n<\/tr>\n<tr>\n<td width=\"200\">Mindestbestellmenge<\/td>\n<td width=\"481\">10 St\u00fcck\/Gr\u00f6\u00dfe<\/td>\n<\/tr>\n<\/tbody>\n<\/table>","protected":false},"excerpt":{"rendered":"<p>Absperrschieber aus geschmiedetem Edelstahl der Klasse 800 mit verschraubtem Oberteil werden zur Isolierung in Rohrleitungen sowie am Anfang und Ende von Auffangstationen verwendet.<\/p>\n<p>Dieses wirtschaftliche und dennoch zuverl\u00e4ssige Ventil hat eine Vielzahl von Einsatzm\u00f6glichkeiten, einschlie\u00dflich der Drosselung und halbgenauen Steuerung von Prozessfl\u00fcssigkeiten in Hochtemperatur- und Hochdruckanwendungen.<\/p>\n<p>Das nach API602 entwickelte und nach API598 getestete Ventil verf\u00fcgt \u00fcber eine Au\u00dfenschraube und ein Joch mit ansteigendem Schaft. Das Handrad bet\u00e4tigt das Kugelventil sowohl f\u00fcr Absperr- als auch f\u00fcr Drosselanwendungen.<\/p>\n<p>Diese Ventile sorgen in horizontaler oder vertikaler Position f\u00fcr eine dichte Absperrung von Prozessfl\u00fcssigkeiten in Rohrleitungen. Sie bieten auch ein geringes Ma\u00df an Kontrolle und werden zum Drosseln von Dampf, Gas oder Fl\u00fcssigkeiten verwendet. Einfach zu bedienen und von Ingenieuren zur Isolierung von Auffangstationen die bevorzugte Wahl gegen\u00fcber Kugelh\u00e4hnen.<\/p>\n<p>Zu den typischen Anwendungen geh\u00f6ren: Auffangleitungen und -stationen, Isolierung, Kondensatleitungen, vor teuren Anlagenausr\u00fcstungen und \u00d6lbrennerleitungen.<\/p>\n<p>Typische Branchen sind: Brennstoffleitungen f\u00fcr Kesselanlagen, Recyclinganlagen, chemische Industrie, Dampfkraftwerke, Krankenh\u00e4user, Schulen und Heizungs-, L\u00fcftungs- und Klimatechnik<\/p>\n<p>&nbsp;<\/p>\n<p>F\u00fcr weitere Materialien und Details wenden Sie sich bitte an sales@stvvalve.com.<\/p>\n<p>Datumsblatt:<br \/>\n<a href=\"https:\/\/www.stvvalves.com\/wp-content\/uploads\/2018\/12\/class-800-forged-stainless-steel-gate-valve-drawing.pdf\">Absperrschieber aus geschmiedetem Edelstahl der Klasse 800<\/a><\/p>\n<p>&nbsp;<\/p>","protected":false},"featured_media":4142,"template":"","meta":[],"product_brand":[],"product_cat":[59,44],"product_tag":[309,307,308,194,306],"class_list":{"0":"post-4139","1":"product","2":"type-product","3":"status-publish","4":"has-post-thumbnail","6":"product_cat-forged-steel-gate-valve","7":"product_cat-gate-valve","8":"product_tag-800lb-forged-steel-gate-valve-china-manufacturer","9":"product_tag-api-602-forged-steel-gate-valve","10":"product_tag-bolted-bonnetforged-gate-valve","11":"product_tag-forged-steel-gate-valve","12":"product_tag-forged-steel-gate-valves","14":"first","15":"instock","16":"shipping-taxable","17":"product-type-simple"},"_links":{"self":[{"href":"https:\/\/www.stvvalves.com\/de\/wp-json\/wp\/v2\/product\/4139","targetHints":{"allow":["GET"]}}],"collection":[{"href":"https:\/\/www.stvvalves.com\/de\/wp-json\/wp\/v2\/product"}],"about":[{"href":"https:\/\/www.stvvalves.com\/de\/wp-json\/wp\/v2\/types\/product"}],"wp:featuredmedia":[{"embeddable":true,"href":"https:\/\/www.stvvalves.com\/de\/wp-json\/wp\/v2\/media\/4142"}],"wp:attachment":[{"href":"https:\/\/www.stvvalves.com\/de\/wp-json\/wp\/v2\/media?parent=4139"}],"wp:term":[{"taxonomy":"product_brand","embeddable":true,"href":"https:\/\/www.stvvalves.com\/de\/wp-json\/wp\/v2\/product_brand?post=4139"},{"taxonomy":"product_cat","embeddable":true,"href":"https:\/\/www.stvvalves.com\/de\/wp-json\/wp\/v2\/product_cat?post=4139"},{"taxonomy":"product_tag","embeddable":true,"href":"https:\/\/www.stvvalves.com\/de\/wp-json\/wp\/v2\/product_tag?post=4139"}],"curies":[{"name":"wp","href":"https:\/\/api.w.org\/{rel}","templated":true}]}}