{"id":4160,"date":"2018-12-05T15:31:22","date_gmt":"2018-12-05T15:31:22","guid":{"rendered":"https:\/\/www.stvvalves.com\/?post_type=product&#038;p=4160"},"modified":"2025-02-18T14:16:46","modified_gmt":"2025-02-18T06:16:46","slug":"high-pressure-power-station-2500lb-globe-valve","status":"publish","type":"product","link":"https:\/\/www.stvvalves.com\/de\/products\/high-pressure-power-station-2500lb-globe-valve\/","title":{"rendered":"Hochdruckkraftwerk 2500LB Kugelventil"},"content":{"rendered":"<p>Produktreferenzstandard:<\/p>\n<p>Design und Herstellung: B16.34 E101 ANSI<\/p>\n<p>Strukturl\u00e4nge: B16.10 E101 ANSI<\/p>\n<p>Drucktemperaturbewertung: B16.34 E101 ANSI<\/p>\n<p>Experimentieren und testen: E101 API598<\/p>\n<p>Gr\u00f6\u00dfe: 2\u2033~60\u2033<\/p>\n<p>Druckstufe: Klasse 150\u20132500 LB<\/p>\n<p>Geh\u00e4usematerial: ASTM A216 WCB, A217 WC6, A351 CF8, A351 CF8M,<\/p>\n<p>A351 CF3, A351 CF3M, A351 CN7M usw.<\/p>\n<p>Endanschluss: RF, RTJ, BW<\/p>\n<p>Arbeitstemperatur: -29\u2103~650\u2103<\/p>\n<p>Bedienung: Handrad, Getriebe, elektrisch usw.<\/p>\n<table>\n<tbody>\n<tr>\n<td width=\"200\"><strong>Produktname<\/strong><\/td>\n<td width=\"481\">Hochdruckkraftwerk 2500LB Kugelventil<\/td>\n<\/tr>\n<tr>\n<td width=\"200\">1. Material<\/td>\n<td width=\"481\">WCB<\/td>\n<\/tr>\n<tr>\n<td width=\"200\">2. Gr\u00f6\u00dfe<\/td>\n<td width=\"481\">6&quot;<\/td>\n<\/tr>\n<tr>\n<td width=\"200\">4. Hafen<\/td>\n<td width=\"481\">Vollst\u00e4ndiger Port<\/td>\n<\/tr>\n<tr>\n<td width=\"200\">5. Arbeitsdruck<\/td>\n<td width=\"481\">2500 Pfund<\/td>\n<\/tr>\n<tr>\n<td width=\"200\">6. Verbindung endet<\/td>\n<td width=\"481\">RF<\/td>\n<\/tr>\n<tr>\n<td width=\"200\">7. Arbeitstemperatur.<\/td>\n<td width=\"481\">-29~425 \u00b0C,<\/td>\n<\/tr>\n<tr>\n<td width=\"200\">8. Geeignetes Medium<\/td>\n<td width=\"481\">Wasser, Erdgas, \u00d6l und einige \u00e4tzende Fl\u00fcssigkeiten<\/td>\n<\/tr>\n<tr>\n<td width=\"200\">9. Betrieben<\/td>\n<td width=\"481\">Getriebe<\/td>\n<\/tr>\n<tr>\n<td width=\"200\">10. Inspektion und Pr\u00fcfung<\/td>\n<td width=\"481\">Gem\u00e4\u00df API598<\/td>\n<\/tr>\n<tr>\n<td width=\"200\"><strong>Sendung<\/strong><\/td>\n<td width=\"481\"><\/td>\n<\/tr>\n<tr>\n<td width=\"200\">Lieferzeit<\/td>\n<td width=\"481\">30 Tage<\/td>\n<\/tr>\n<tr>\n<td width=\"200\">Paket<\/td>\n<td width=\"481\">Standard-Export-Sperrholzkiste<\/td>\n<\/tr>\n<tr>\n<td width=\"200\">Hafen<\/td>\n<td width=\"481\">Ningbo\/Shanghai, China<\/td>\n<\/tr>\n<tr>\n<td width=\"200\">Versandbedingungen<\/td>\n<td width=\"481\">Exw, FOB, CFR, CIF usw.<\/td>\n<\/tr>\n<tr>\n<td width=\"200\">Zahlungsbedingungen<\/td>\n<td width=\"481\">T\/T, Western Union, PayPal usw.<\/td>\n<\/tr>\n<tr>\n<td width=\"200\"><\/td>\n<td width=\"481\">30% Vorauszahlung, 70% Restbetrag vor dem Versand bezahlt<\/td>\n<\/tr>\n<tr>\n<td width=\"200\">Herkunftsland<\/td>\n<td width=\"481\">Stadt Wenzhou, China<\/td>\n<\/tr>\n<tr>\n<td width=\"200\">Produktionskapazit\u00e4t<\/td>\n<td width=\"481\">6000 Tonnen\/Jahr<\/td>\n<\/tr>\n<tr>\n<td width=\"200\">Mindestbestellmenge<\/td>\n<td width=\"481\">1 St\u00fcck\/Gr\u00f6\u00dfe<\/td>\n<\/tr>\n<\/tbody>\n<\/table>","protected":false},"excerpt":{"rendered":"<p>Modell: J561Y-2500LB-6<br \/>\nUnser 2500 LB-Absperrventil f\u00fcr Hochdruckkraftwerke wird h\u00e4ufig unter Hochdruck- und Hochtemperatur-Arbeitsbedingungen in Kraftwerken eingesetzt. Das Hochtemperatur- und Hochdruckkraftwerksventil ist f\u00fcr die Klasse 1500 ANSI ~ 2500 LB und eine Betriebstemperatur von -29 bis 570 \u00b0C geeignet \u00d6l-, Chemie-, W\u00e4rmekraftwerke und andere Betriebsbedingungen der Pipeline, abgeschnitten oder mit den Medien verbunden. Anwendbares Medium: Wasser, Dampf usw.. Betriebsmethoden sind: manuell, Getriebe, elektrisch usw.<\/p>\n<p>Produktreferenzstandard:<\/p>\n<p>Design und Herstellung: B16.34 E101 ANSI<\/p>\n<p>Strukturl\u00e4nge: B16.10 E101 ANSI<\/p>\n<p>Drucktemperaturbewertung: B16.34 E101 ANSI<\/p>\n<p>Experimentieren und testen: E101 API598<\/p>\n<p>Produktstrukturmerkmale:<\/p>\n<p>1 Produktdesign und -herstellung gem\u00e4\u00df E101, ANSIB16.34-Standard, kann mit importierter Ausr\u00fcstung ausgestattet werden.<\/p>\n<p>2 Ventile im Hohlraum mit druckselbstdichter Dichtungsstruktur. Je h\u00f6her der Innendruck, desto besser die Dichtungsleistung.<\/p>\n<p>3 Die Ventilklappe und die Ventilsitz-Dichtfl\u00e4che mit Stellite-Legierung auf Stellite-Kobaltbasis und Dichtfl\u00e4che<\/p>\n<p>4 Ventildeckel-Stopftiefe angemessen, F\u00fcllstoff und Inhibitor, zuverl\u00e4ssige Abdichtung, reibungsloser Schalter.<\/p>\n<p>5-Ventil mit einer Struktur, die sicherstellt, dass das Ventil offen ist, ohne dass der Ventilschaft ausl\u00e4uft.<\/p>\n<p>6 Das \u00d6ffnen und Schlie\u00dfen des elektrischen Absperrventils wird durch das elektrische Ger\u00e4t gesteuert, und das elektrische Ger\u00e4t ist jeweils mit einem Spezialmotor, einem Drehzahlminderer, einem Drehmomentsteuermechanismus, einem Feldbet\u00e4tigungsmechanismus, einer Hand und einem elektrischen Ger\u00e4t ausgestattet Schaltmechanismus. Neben der lokalen Bedienung, aber auch zur Remote-Bedienung.<\/p>\n<p>STV Valve Technology Group Co., Ltd ist ein professioneller Marktf\u00fchrer f\u00fcr 2500LB-Absperrventile in China, Hersteller von Hochtemperatur-Hochdruck-Absperrventilen in China, Absperrventile f\u00fcr Kraftwerke in China, Absperrventile f\u00fcr Hochtemperatur- und Hochdruckkraftwerke, druckdichte Absperrventile, 2500LB WC9-Absperrventile Ventil, 2500LB WC6 Kugelventilhersteller mit hoher Qualit\u00e4t und wettbewerbsf\u00e4higem Preis.<\/p>\n<p>F\u00fcr weitere Materialien und Details wenden Sie sich bitte an sales@stvvalve.com.<\/p>\n<p>Datumsblatt:<br \/>\n<a href=\"https:\/\/www.stvvalves.com\/wp-content\/uploads\/2018\/12\/High-Pressure-Power-Station-2500LB-Globe-Valve-Drawing.pdf\">Hochdruckkraftwerk 2500LB Kugelventil<\/a><\/p>","protected":false},"featured_media":4163,"template":"","meta":[],"product_brand":[],"product_cat":[63,45],"product_tag":[210,1013,1012,320,319,318,321],"class_list":{"0":"post-4160","1":"product","2":"type-product","3":"status-publish","4":"has-post-thumbnail","6":"product_cat-cast-steel-globe-valve","7":"product_cat-globe-valve","8":"product_tag-2500lb-globe-valve","9":"product_tag-2500lb-wc6-globe-valve","10":"product_tag-2500lb-wc9-globe-valve","11":"product_tag-china-high-temperature-high-pressure-globe-valve-manufacturers","12":"product_tag-china-power-station-globe-valve","13":"product_tag-high-temperature-and-high-pressure-power-station-stop-valve","14":"product_tag-pressure-seal-globe-valve","16":"first","17":"instock","18":"shipping-taxable","19":"product-type-simple"},"_links":{"self":[{"href":"https:\/\/www.stvvalves.com\/de\/wp-json\/wp\/v2\/product\/4160","targetHints":{"allow":["GET"]}}],"collection":[{"href":"https:\/\/www.stvvalves.com\/de\/wp-json\/wp\/v2\/product"}],"about":[{"href":"https:\/\/www.stvvalves.com\/de\/wp-json\/wp\/v2\/types\/product"}],"wp:featuredmedia":[{"embeddable":true,"href":"https:\/\/www.stvvalves.com\/de\/wp-json\/wp\/v2\/media\/4163"}],"wp:attachment":[{"href":"https:\/\/www.stvvalves.com\/de\/wp-json\/wp\/v2\/media?parent=4160"}],"wp:term":[{"taxonomy":"product_brand","embeddable":true,"href":"https:\/\/www.stvvalves.com\/de\/wp-json\/wp\/v2\/product_brand?post=4160"},{"taxonomy":"product_cat","embeddable":true,"href":"https:\/\/www.stvvalves.com\/de\/wp-json\/wp\/v2\/product_cat?post=4160"},{"taxonomy":"product_tag","embeddable":true,"href":"https:\/\/www.stvvalves.com\/de\/wp-json\/wp\/v2\/product_tag?post=4160"}],"curies":[{"name":"wp","href":"https:\/\/api.w.org\/{rel}","templated":true}]}}