{"id":4165,"date":"2018-12-05T16:14:27","date_gmt":"2018-12-05T16:14:27","guid":{"rendered":"https:\/\/www.stvvalves.com\/?post_type=product&#038;p=4165"},"modified":"2025-02-18T14:16:45","modified_gmt":"2025-02-18T06:16:45","slug":"150lb-cast-steel-flange-globe-valve","status":"publish","type":"product","link":"https:\/\/www.stvvalves.com\/de\/products\/150lb-cast-steel-flange-globe-valve\/","title":{"rendered":"150LB Flansch-Absperrventil aus Stahlguss"},"content":{"rendered":"<p>Design nach ASME B16.34<br \/>\nFace-to-Face\/End-to-End: ASME B16.10<br \/>\nFlanschabmessungen: ASME B16.5<br \/>\nSchwei\u00dfende: ASME B.16.25<br \/>\nGrundentwurf: BS 1873<br \/>\nTests nach API 598<\/p>\n<p>Gr\u00f6\u00dfe: 2\u2033~60\u2033<\/p>\n<p>Druckstufe: Klasse 150\u20132500 LB<\/p>\n<p>Geh\u00e4usematerial: ASTM A216 WCB, A217 WC6, A351 CF8, A351 CF8M,<\/p>\n<p>A351 CF3, A351 CF3M, A351 CN7M usw.<\/p>\n<p>Endanschluss: RF, RTJ, BW<\/p>\n<p>Arbeitstemperatur: -29\u2103~650\u2103<\/p>\n<p>Bedienung: Handrad, Getriebe, elektrisch usw<\/p>\n<table>\n<tbody>\n<tr>\n<td width=\"200\"><strong>Produktname<\/strong><\/td>\n<td width=\"481\">150LB Flansch-Absperrventil aus Stahlguss<\/td>\n<\/tr>\n<tr>\n<td width=\"200\">1. Material<\/td>\n<td width=\"481\">WCB<\/td>\n<\/tr>\n<tr>\n<td width=\"200\">2. Gr\u00f6\u00dfe<\/td>\n<td width=\"481\">4&quot;<\/td>\n<\/tr>\n<tr>\n<td width=\"200\">4. Hafen<\/td>\n<td width=\"481\">Vollst\u00e4ndiger Port<\/td>\n<\/tr>\n<tr>\n<td width=\"200\">5. Arbeitsdruck<\/td>\n<td width=\"481\">150 Pfund<\/td>\n<\/tr>\n<tr>\n<td width=\"200\">6. Verbindung endet<\/td>\n<td width=\"481\">RF<\/td>\n<\/tr>\n<tr>\n<td width=\"200\">7. Arbeitstemperatur.<\/td>\n<td width=\"481\">-29~425 \u00b0C,<\/td>\n<\/tr>\n<tr>\n<td width=\"200\">8. Geeignetes Medium<\/td>\n<td width=\"481\">Wasser, Erdgas, \u00d6l und einige \u00e4tzende Fl\u00fcssigkeiten<\/td>\n<\/tr>\n<tr>\n<td width=\"200\">9. Betrieben<\/td>\n<td width=\"481\">Handrad<\/td>\n<\/tr>\n<tr>\n<td width=\"200\">10. Inspektion und Pr\u00fcfung<\/td>\n<td width=\"481\">Gem\u00e4\u00df API598<\/td>\n<\/tr>\n<tr>\n<td width=\"200\"><strong>Sendung<\/strong><\/td>\n<td width=\"481\"><\/td>\n<\/tr>\n<tr>\n<td width=\"200\">Lieferzeit<\/td>\n<td width=\"481\">30 Tage<\/td>\n<\/tr>\n<tr>\n<td width=\"200\">Paket<\/td>\n<td width=\"481\">Standard-Export-Sperrholzkiste<\/td>\n<\/tr>\n<tr>\n<td width=\"200\">Hafen<\/td>\n<td width=\"481\">Ningbo\/Shanghai, China<\/td>\n<\/tr>\n<tr>\n<td width=\"200\">Versandbedingungen<\/td>\n<td width=\"481\">Exw, FOB, CFR, CIF usw.<\/td>\n<\/tr>\n<tr>\n<td width=\"200\">Zahlungsbedingungen<\/td>\n<td width=\"481\">T\/T, Western Union, PayPal usw.<\/td>\n<\/tr>\n<tr>\n<td width=\"200\"><\/td>\n<td width=\"481\">30% Vorauszahlung, 70% Restbetrag vor dem Versand bezahlt<\/td>\n<\/tr>\n<tr>\n<td width=\"200\">Herkunftsland<\/td>\n<td width=\"481\">Stadt Wenzhou, China<\/td>\n<\/tr>\n<tr>\n<td width=\"200\">Produktionskapazit\u00e4t<\/td>\n<td width=\"481\">6000 Tonnen\/Jahr<\/td>\n<\/tr>\n<tr>\n<td width=\"200\">Mindestbestellmenge<\/td>\n<td width=\"481\">1 St\u00fcck\/Gr\u00f6\u00dfe<\/td>\n<\/tr>\n<\/tbody>\n<\/table>","protected":false},"excerpt":{"rendered":"<p>Modell: J41Y-150LB-4<br \/>\nUnser Kugelventil aus Gussstahl entspricht in Design, Herstellung und Abnahme strikt den API-Standards, hat eine kompakte Struktur, eine zuverl\u00e4ssige Abdichtung und einen flexiblen Betrieb und ist in der Petrochemie, der Elektrizit\u00e4tswirtschaft, der Metallurgie, der Textilindustrie und anderen Industriezweigen anwendbar.<br \/>\nSpezifikation<br \/>\nDesign nach ASME B16.34<br \/>\nFace-to-Face\/End-to-End: ASME B16.10<br \/>\nFlanschabmessungen: ASME B16.5<br \/>\nSchwei\u00dfende: ASME B.16.25<br \/>\nGrundentwurf: BS 1873<br \/>\nTests nach API 598<\/p>\n<p>&nbsp;<\/p>\n<p>Hauptmerkmale:<br \/>\nDie Karosseriekonstruktion aus Gussstahl bietet gro\u00dfz\u00fcgige Festigkeit f\u00fcr die meisten Bedingungen<br \/>\nIntegrales Joch und Motorhaube; Au\u00dfenschraube und Joch, verschraubte Motorhaube.<br \/>\nDer dichtgeschwei\u00dfte Sitzring eliminiert Leckpfade hinter den Ringen und sorgt f\u00fcr einen langen, st\u00f6rungsfreien Betrieb.<br \/>\nErh\u00e4ltlich mit Flanschanschluss; Stumpfschwei\u00dfenden sind ebenfalls erh\u00e4ltlich.<br \/>\nVentil gem\u00e4\u00df API 598 getestet.<\/p>\n<p>STV Valve Technology Group Co., Ltd ist ein professioneller Marktf\u00fchrer in China: Absperrventile mit verschraubter Haube, Absperrventile aus Stahlguss, Absperrventile mit Flansch, Absperrventile mit Au\u00dfengewinde und Joch, Absperrventile mit steigendem Schaft, Absperrventile nach BS 1873, Absperrventile aus Kohlenstoffstahl, 150LB-Flanschventile Ventilhersteller mit hoher Qualit\u00e4t und wettbewerbsf\u00e4higem Preis.<\/p>\n<p>F\u00fcr weitere Materialien und Details wenden Sie sich bitte an sales@stvvalve.com.<\/p>\n<p>Datumsblatt:<br \/>\n<a href=\"https:\/\/www.stvvalves.com\/wp-content\/uploads\/2018\/12\/150lb-cast-steel-flange-globe-valve-drawing.pdf\">150LB Flansch-Absperrventil aus Stahlguss<\/a><\/p>","protected":false},"featured_media":4166,"template":"","meta":[],"product_brand":[],"product_cat":[63,45],"product_tag":[1016,324,1014,1015,323,322,326,325],"class_list":{"0":"post-4165","1":"product","2":"type-product","3":"status-publish","4":"has-post-thumbnail","6":"product_cat-cast-steel-globe-valve","7":"product_cat-globe-valve","8":"product_tag-150lb-flange-globe-valve","9":"product_tag-bolted-bonnet-globe-valve","10":"product_tag-bs-1873-globe-valve","11":"product_tag-carbon-steel-globe-valve","12":"product_tag-cast-steel-globe-valve","13":"product_tag-flanged-globe-valve","14":"product_tag-outside-screwyoke-globe-valve","15":"product_tag-rising-stem-globe-valve","17":"first","18":"instock","19":"shipping-taxable","20":"product-type-simple"},"_links":{"self":[{"href":"https:\/\/www.stvvalves.com\/de\/wp-json\/wp\/v2\/product\/4165","targetHints":{"allow":["GET"]}}],"collection":[{"href":"https:\/\/www.stvvalves.com\/de\/wp-json\/wp\/v2\/product"}],"about":[{"href":"https:\/\/www.stvvalves.com\/de\/wp-json\/wp\/v2\/types\/product"}],"wp:featuredmedia":[{"embeddable":true,"href":"https:\/\/www.stvvalves.com\/de\/wp-json\/wp\/v2\/media\/4166"}],"wp:attachment":[{"href":"https:\/\/www.stvvalves.com\/de\/wp-json\/wp\/v2\/media?parent=4165"}],"wp:term":[{"taxonomy":"product_brand","embeddable":true,"href":"https:\/\/www.stvvalves.com\/de\/wp-json\/wp\/v2\/product_brand?post=4165"},{"taxonomy":"product_cat","embeddable":true,"href":"https:\/\/www.stvvalves.com\/de\/wp-json\/wp\/v2\/product_cat?post=4165"},{"taxonomy":"product_tag","embeddable":true,"href":"https:\/\/www.stvvalves.com\/de\/wp-json\/wp\/v2\/product_tag?post=4165"}],"curies":[{"name":"wp","href":"https:\/\/api.w.org\/{rel}","templated":true}]}}