{"id":4170,"date":"2018-12-06T13:23:49","date_gmt":"2018-12-06T13:23:49","guid":{"rendered":"https:\/\/www.stvvalves.com\/?post_type=product&#038;p=4170"},"modified":"2026-01-17T20:47:41","modified_gmt":"2026-01-17T12:47:41","slug":"wafer-single-disc-swing-check-valve-150lb","status":"publish","type":"product","link":"https:\/\/www.stvvalves.com\/de\/products\/wafer-single-disc-swing-check-valve-150lb\/","title":{"rendered":"Wafer-Einzelscheiben-R\u00fcckschlagventil 150LB"},"content":{"rendered":"<p>Hauptparameterspezifikation<\/p>\n<p>Design und Herstellung: API594, API 6D<br \/>\nVon Angesicht zu Angesicht und von Ende zu Ende: API594, API6D, DIN3202<br \/>\nDruck-Temperatur-Bewertung: ASME B16.34, DIN2410<br \/>\nInspektion und Test: API598<br \/>\nRohrflansch: ASME B16.5,DIN2543~2548,GB\/T13402,API605,ASME B16.47.<\/p>\n<p>Produktauswahl<\/p>\n<p>Geh\u00e4usematerial: Kohlenstoffstahl, Edelstahl, legierter Stahl, Bronze<\/p>\n<p>Nenndurchmesser: 1\/2\u2033~48\u2033(DN15~DN1200)<\/p>\n<p>Endverbindung: RF, RTJ<\/p>\n<p>Druckbereich: Klasse 150\u2013900 (PN16\u2013PN150).<\/p>\n<p>Arbeitstemperatur: -196\u2103~+560\u2103<\/p>\n<table>\n<tbody>\n<tr>\n<td width=\"200\"><strong>Produktname<\/strong><\/td>\n<td width=\"481\">Wafer-Einzelscheiben-R\u00fcckschlagventil 150LB<\/td>\n<\/tr>\n<tr>\n<td width=\"200\">1. Material<\/td>\n<td width=\"481\">F316<\/td>\n<\/tr>\n<tr>\n<td width=\"200\">2. Gr\u00f6\u00dfe<\/td>\n<td width=\"481\">4&quot;<\/td>\n<\/tr>\n<tr>\n<td width=\"200\">4. Hafen<\/td>\n<td width=\"481\">Vollst\u00e4ndiger Port<\/td>\n<\/tr>\n<tr>\n<td width=\"200\">5. Arbeitsdruck<\/td>\n<td width=\"481\">150 Pfund<\/td>\n<\/tr>\n<tr>\n<td width=\"200\">6. Verbindung endet<\/td>\n<td width=\"481\">RF<\/td>\n<\/tr>\n<tr>\n<td width=\"200\">7. Arbeitstemperatur.<\/td>\n<td width=\"481\">-29~300 \u00b0C,<\/td>\n<\/tr>\n<tr>\n<td width=\"200\">8. Geeignetes Medium<\/td>\n<td width=\"481\">Wasser, Erdgas, \u00d6l und einige \u00e4tzende Fl\u00fcssigkeiten<\/td>\n<\/tr>\n<tr>\n<td width=\"200\">9. Betrieben<\/td>\n<td width=\"481\">\/<\/td>\n<\/tr>\n<tr>\n<td width=\"200\">10. Inspektion und Pr\u00fcfung<\/td>\n<td width=\"481\">Gem\u00e4\u00df API594<\/td>\n<\/tr>\n<tr>\n<td width=\"200\"><strong>Sendung<\/strong><\/td>\n<td width=\"481\"><\/td>\n<\/tr>\n<tr>\n<td width=\"200\">Lieferzeit<\/td>\n<td width=\"481\">30 Tage<\/td>\n<\/tr>\n<tr>\n<td width=\"200\">Paket<\/td>\n<td width=\"481\">Standard-Export-Sperrholzkiste<\/td>\n<\/tr>\n<tr>\n<td width=\"200\">Hafen<\/td>\n<td width=\"481\">Ningbo\/Shanghai, China<\/td>\n<\/tr>\n<tr>\n<td width=\"200\">Versandbedingungen<\/td>\n<td width=\"481\">Exw, FOB, CFR, CIF usw.<\/td>\n<\/tr>\n<tr>\n<td width=\"200\">Zahlungsbedingungen<\/td>\n<td width=\"481\">T\/T, Western Union, PayPal usw.<\/td>\n<\/tr>\n<tr>\n<td width=\"200\"><\/td>\n<td width=\"481\">30% Vorauszahlung, 70% Restbetrag vor dem Versand bezahlt<\/td>\n<\/tr>\n<tr>\n<td width=\"200\">Herkunftsland<\/td>\n<td width=\"481\">Stadt Wenzhou, China<\/td>\n<\/tr>\n<tr>\n<td width=\"200\">Produktionskapazit\u00e4t<\/td>\n<td width=\"481\">6000 Tonnen\/Jahr<\/td>\n<\/tr>\n<tr>\n<td width=\"200\">Mindestbestellmenge<\/td>\n<td width=\"481\">1 St\u00fcck\/Gr\u00f6\u00dfe<\/td>\n<\/tr>\n<\/tbody>\n<\/table>","protected":false},"excerpt":{"rendered":"<p>Modell: H74F-150LB-3<br \/>\nDas Wafer Single Disc Swing Check Valve ist ein ultrad\u00fcnnes R\u00fcckschlagventil, das die Vorteile einer einfachen Struktur, eines sch\u00f6nen Aussehens, eines geringen Gewichts und einer bequemen Installation bietet. Das d\u00fcnne R\u00fcckschlagventil eignet sich haupts\u00e4chlich f\u00fcr Wasserversorgungssysteme, Erd\u00f6l-, Chemie-, Metallurgie- und andere Industriebereiche und eignet sich am besten f\u00fcr Orte mit eingeschr\u00e4nktem Installationsraum.<\/p>\n<p>Kurze Baul\u00e4nge, nur 1\/4\u20131\/8 der L\u00e4nge eines herk\u00f6mmlichen Flansch-R\u00fcckschlagventils;<\/p>\n<p>Geringes Volumen, geringes Gewicht, nur 1\/4\u20131\/20 des herk\u00f6mmlichen Flansch-R\u00fcckschlagventils;<\/p>\n<p>Schnelles Schlie\u00dfen der Ventilscheibe, geringer Wasserschlagdruck;<\/p>\n<p>Anwendbar und einfach zu installieren f\u00fcr vertikale oder horizontale Rohrleitungen;<\/p>\n<p>Glatter Str\u00f6mungskanal und geringer Fl\u00fcssigkeitswiderstand;<\/p>\n<p>Flexible Wirkung und gute Dichtleistung;<\/p>\n<p>Schmaler Ventilhub und geringer Schlie\u00dfsto\u00df;<\/p>\n<p>Integrierte Struktur, einfach und kompakt, in sch\u00f6ner Form;<\/p>\n<p>Lange Lebensdauer und gute Zuverl\u00e4ssigkeit.<\/p>\n<p>&nbsp;<\/p>\n<p>F\u00fcr weitere Materialien und Details wenden Sie sich bitte an unseren Vertrieb.<\/p>\n<p>Datumsblatt:<br \/>\n<a href=\"https:\/\/www.stvvalves.com\/wp-content\/uploads\/2018\/12\/wafer-single-disc-swing-check-valve-150lb-DRAWING.pdf\">Wafer-Einzelscheiben-R\u00fcckschlagventil 150LB<\/a><\/p>","protected":false},"featured_media":4171,"template":"","meta":[],"product_brand":[],"product_cat":[46,84],"product_tag":[185,328,330,333,332,334,327,329,225,331],"class_list":{"0":"post-4170","1":"product","2":"type-product","3":"status-publish","4":"has-post-thumbnail","6":"product_cat-check-valves","7":"product_cat-wafer-check-valve","8":"product_tag-check-valve","9":"product_tag-single-disc-check-valve-class-150","10":"product_tag-single-disc-swing-check-valve","11":"product_tag-single-disc-swing-check-valveforging-body","12":"product_tag-single-disc-wafer-swing-check-valve","13":"product_tag-single-plate-wafer-check-valves","14":"product_tag-thin-type-swing-check-valve","15":"product_tag-thin-type-wafer-check-valve","16":"product_tag-wafer-check-valve","17":"product_tag-wafer-type-single-disc-swing-check-valve","19":"first","20":"instock","21":"shipping-taxable","22":"product-type-simple"},"_links":{"self":[{"href":"https:\/\/www.stvvalves.com\/de\/wp-json\/wp\/v2\/product\/4170","targetHints":{"allow":["GET"]}}],"collection":[{"href":"https:\/\/www.stvvalves.com\/de\/wp-json\/wp\/v2\/product"}],"about":[{"href":"https:\/\/www.stvvalves.com\/de\/wp-json\/wp\/v2\/types\/product"}],"wp:featuredmedia":[{"embeddable":true,"href":"https:\/\/www.stvvalves.com\/de\/wp-json\/wp\/v2\/media\/4171"}],"wp:attachment":[{"href":"https:\/\/www.stvvalves.com\/de\/wp-json\/wp\/v2\/media?parent=4170"}],"wp:term":[{"taxonomy":"product_brand","embeddable":true,"href":"https:\/\/www.stvvalves.com\/de\/wp-json\/wp\/v2\/product_brand?post=4170"},{"taxonomy":"product_cat","embeddable":true,"href":"https:\/\/www.stvvalves.com\/de\/wp-json\/wp\/v2\/product_cat?post=4170"},{"taxonomy":"product_tag","embeddable":true,"href":"https:\/\/www.stvvalves.com\/de\/wp-json\/wp\/v2\/product_tag?post=4170"}],"curies":[{"name":"wp","href":"https:\/\/api.w.org\/{rel}","templated":true}]}}