{"id":4177,"date":"2018-12-06T13:45:02","date_gmt":"2018-12-06T13:45:02","guid":{"rendered":"https:\/\/www.stvvalves.com\/?post_type=product&#038;p=4177"},"modified":"2025-02-18T14:16:42","modified_gmt":"2025-02-18T06:16:42","slug":"cast-steel-swing-check-valve-150lb-12-inch-flange-end","status":"publish","type":"product","link":"https:\/\/www.stvvalves.com\/de\/products\/cast-steel-swing-check-valve-150lb-12-inch-flange-end\/","title":{"rendered":"R\u00fcckschlagventil aus Stahlguss, 150 LB, 12 Zoll, Flanschende"},"content":{"rendered":"<p>Design und Herstellung: BS 1868, ASME B16.34, API 6D<\/p>\n<p>Inspektion und Test: API598, API600 oder API 6D<\/p>\n<p>Endflanschabmessungen: ASME B16.5 (f\u00fcr NPS \u2264 24, ASME B 16.47 Serie B, API 605, ASME B16.47 A-Serie, MSS SP-44 (f\u00fcr NPS &gt; 24)<\/p>\n<p>BW-Endabmessung: ASME B16.25<\/p>\n<p>Face-to-Face und End-to-End: ASME B16.10<\/p>\n<p>Druck-Temperatur-Bewertungen: ASME B16.34<\/p>\n<p>Wandst\u00e4rke: API 600, BS 1868<\/p>\n<p>Produktauswahl<\/p>\n<p>Geh\u00e4usematerial: Kohlenstoffstahl, Edelstahl, legierter Stahl, Bronze<\/p>\n<p>Nenndurchmesser: 1\/2\u2033~48\u2033(DN15~DN1200)<\/p>\n<p>Endverbindung: RF, RTJ, BW<\/p>\n<p>Druckbereich: Klasse 150\u20132500 (PN16\u2013PN420).<\/p>\n<p>Arbeitstemperatur: -196\u2103~+560\u2103<\/p>\n<table style=\"height: 339px;\" width=\"705\">\n<tbody>\n<tr>\n<td>Produktname:<\/td>\n<td>R\u00fcckschlagventil aus Stahlguss, 150 LB, 12 Zoll, Flanschende<\/td>\n<\/tr>\n<tr>\n<td>Ventilk\u00f6rpermaterial:<\/td>\n<td>WCB<\/td>\n<\/tr>\n<tr>\n<td>Hafen<\/td>\n<td>Vollst\u00e4ndiger Port<\/td>\n<\/tr>\n<tr>\n<td>Mex-Arbeitsdruck:<\/td>\n<td>150 Pfund<\/td>\n<\/tr>\n<tr>\n<td>Max. Arbeitstemperatur:<\/td>\n<td>-29\u2013425 \u00b0C<\/td>\n<\/tr>\n<tr>\n<td>Verf\u00fcgbare Gr\u00f6\u00dfe:<\/td>\n<td>DN50-DN1000<\/td>\n<\/tr>\n<tr>\n<td>Verf\u00fcgbarer Anschluss:<\/td>\n<td>RF, BW, RTJ<\/td>\n<\/tr>\n<tr>\n<td>Standardm\u00e4\u00dfig lieferbar:<\/td>\n<td>ANSI<\/td>\n<\/tr>\n<tr>\n<td>Betrieben:<\/td>\n<td>\/<\/td>\n<\/tr>\n<tr>\n<td>Zertifikat:<\/td>\n<td>ISO, API600, API 6D<\/td>\n<\/tr>\n<tr>\n<td>Geeignetes Medium:<\/td>\n<td>\u00a0Wasser, Dampf, \u00d6l und Erdgas usw.<\/td>\n<\/tr>\n<\/tbody>\n<\/table>","protected":false},"excerpt":{"rendered":"<p>Modell:H44H-150LB-12\u2033<\/p>\n<p>R\u00fcckschlagventil aus Gussstahl bezieht sich auf ein Ventil, das die Ventilklappe automatisch durch den Fluss des Mediums selbst \u00f6ffnet und schlie\u00dft und dazu dient, den R\u00fcckfluss des Mediums zu verhindern, das auch als R\u00fcckschlagventil, R\u00fcckschlagventil, bezeichnet wird , ein R\u00fcckflussventil und ein Gegendruckventil. Die Funktion dieses Ventiltyps besteht darin, das Medium nur in eine Richtung flie\u00dfen zu lassen und den Fluss in diese Richtung zu verhindern. Normalerweise wird das Ventil automatisch bet\u00e4tigt und die Ventilklappe wird durch den in eine Richtung flie\u00dfenden Fl\u00fcssigkeitsdruck ge\u00f6ffnet; Wenn die Fl\u00fcssigkeit in die entgegengesetzte Richtung flie\u00dft, wirken der Fl\u00fcssigkeitsdruck und die selbstschlie\u00dfende Ventilklappe des Ventiltellers auf den Ventilsitz und unterbrechen den Durchfluss.<br \/>\nDie R\u00fcckschlagklappe aus Gussstahl eignet sich f\u00fcr Rohrleitungen mit unterschiedlichen Arbeitsbedingungen wie Erd\u00f6l-, Chemie-, Hydraulik-, W\u00e4rmekraftwerken usw. zum Schneiden oder Verbinden des Mediums. Anwendbares Medium: Wasser, \u00d6l, Dampf usw.<\/p>\n<p>Hauptparameterspezifikation<\/p>\n<p>Design und Herstellung: R\u00fcckschlagventil aus Stahlguss nach BS 1868, ASME B16.34, API 6D<\/p>\n<p>Inspektion und Test: API598, API600 oder API 6D<\/p>\n<p>Endflanschabmessungen: ASME B16.5 (f\u00fcr NPS \u2264 24, ASME B 16.47 Serie B, API 605, ASME B16.47 A-Serie, MSS SP-44 (f\u00fcr NPS &gt; 24)<\/p>\n<p>BW-Endabmessung: ASME B16.25<\/p>\n<p>Face-to-Face und End-to-End: ASME B16.10<\/p>\n<p>Druck-Temperatur-Bewertungen: ASME B16.34<\/p>\n<p>Wandst\u00e4rke: API 600, BS 1868<\/p>\n<p>Produktauswahl<\/p>\n<p>Geh\u00e4usematerial: Kohlenstoffstahl, Edelstahl, legierter Stahl, Bronze<\/p>\n<p>Nenndurchmesser: 1\/2\u2033~48\u2033(DN15~DN1200)<\/p>\n<p>Endverbindung: RF, RTJ, BW<\/p>\n<p>Druckbereich: Klasse 150\u20132500 (PN16\u2013PN420).<\/p>\n<p>Arbeitstemperatur: -196\u2103~+560\u2103<\/p>\n<p>STV Valve Technology Group Co., Ltd ist ein professioneller Marktf\u00fchrer f\u00fcr China ANSI-R\u00fcckschlagventile, API 600-R\u00fcckschlagventile, R\u00fcckschlagventile aus Stahlguss, R\u00fcckschlagventile, R\u00fcckschlagventile mit Flanschende, R\u00fcckschlagventile, WCB-R\u00fcckschlagventile, 150LB-Schwenkventile R\u00fcckschlagventil, R\u00fcckschlagventil aus Stahlguss, R\u00fcckschlagventil aus Kohlenstoffstahl Hersteller mit hoher Qualit\u00e4t und wettbewerbsf\u00e4higem Preis.<\/p>\n<p>F\u00fcr weitere Materialien und Details wenden Sie sich bitte an sales@stvvalve.com.<\/p>\n<p>Datumsblatt:<br \/>\n<a href=\"https:\/\/www.stvvalves.com\/wp-content\/uploads\/2018\/12\/cast-steel-swing-check-valve-150lb-drawing.pdf\">R\u00fcckschlagventil aus Stahlguss, 150 LB, 12 Zoll, Flanschende<\/a><\/p>\n<p>&nbsp;<\/p>\n<p>&nbsp;<\/p>","protected":false},"featured_media":4181,"template":"","meta":[],"product_brand":[],"product_cat":[83,46],"product_tag":[335,338,337,185,339,152,336],"class_list":{"0":"post-4177","1":"product","2":"type-product","3":"status-publish","4":"has-post-thumbnail","6":"product_cat-cast-steel-check-valve","7":"product_cat-check-valves","8":"product_tag-ansi-swing-check-valve","9":"product_tag-api-600-swing-check-valve","10":"product_tag-cast-steel-swing-check-valve","11":"product_tag-check-valve","12":"product_tag-flange-end-swing-check-valve","13":"product_tag-swing-check-valve","14":"product_tag-wcb-swing-check-valve","16":"first","17":"instock","18":"shipping-taxable","19":"product-type-simple"},"_links":{"self":[{"href":"https:\/\/www.stvvalves.com\/de\/wp-json\/wp\/v2\/product\/4177","targetHints":{"allow":["GET"]}}],"collection":[{"href":"https:\/\/www.stvvalves.com\/de\/wp-json\/wp\/v2\/product"}],"about":[{"href":"https:\/\/www.stvvalves.com\/de\/wp-json\/wp\/v2\/types\/product"}],"wp:featuredmedia":[{"embeddable":true,"href":"https:\/\/www.stvvalves.com\/de\/wp-json\/wp\/v2\/media\/4181"}],"wp:attachment":[{"href":"https:\/\/www.stvvalves.com\/de\/wp-json\/wp\/v2\/media?parent=4177"}],"wp:term":[{"taxonomy":"product_brand","embeddable":true,"href":"https:\/\/www.stvvalves.com\/de\/wp-json\/wp\/v2\/product_brand?post=4177"},{"taxonomy":"product_cat","embeddable":true,"href":"https:\/\/www.stvvalves.com\/de\/wp-json\/wp\/v2\/product_cat?post=4177"},{"taxonomy":"product_tag","embeddable":true,"href":"https:\/\/www.stvvalves.com\/de\/wp-json\/wp\/v2\/product_tag?post=4177"}],"curies":[{"name":"wp","href":"https:\/\/api.w.org\/{rel}","templated":true}]}}