{"id":4195,"date":"2018-12-07T12:05:51","date_gmt":"2018-12-07T12:05:51","guid":{"rendered":"https:\/\/www.stvvalves.com\/?post_type=product&#038;p=4195"},"modified":"2025-02-17T18:19:30","modified_gmt":"2025-02-17T10:19:30","slug":"1500lb-wc9-high-pressure-flange-globe-valve","status":"publish","type":"product","link":"https:\/\/www.stvvalves.com\/de\/products\/1500lb-wc9-high-pressure-flange-globe-valve\/","title":{"rendered":"1500LB WC9 Hochdruck-Flansch-Absperrventil"},"content":{"rendered":"<p>Implementierungsstandards f\u00fcr WC9-Hochdruckflansch-Absperrventile:<\/p>\n<p>Design und Herstellung: ANSI B16.34 E101<\/p>\n<p>Strukturl\u00e4nge: ANSI B16.10 E101<\/p>\n<p>Drucktemperaturbewertung: ANSI B16.34 E101<\/p>\n<p>Experimentieren und testen: E101 API598<\/p>\n<p>Material: A216 WCB, WCC, A217 WC6, WC9, C5, C12A, A352 LCB, LCC<br \/>\nA351 CF8, CF8M, CF3M, CF8C, CN3MN, CK3MCUN, CN7M,<br \/>\nA890 4A(CD3MN), 5A(CE3MN), 6A(CD3MWCuN),<br \/>\nASTM B 148 C95800, C95500<\/p>\n<p>Druck: Klasse 150 bis 2500<\/p>\n<table>\n<tbody>\n<tr>\n<td width=\"200\"><strong>Produktname<\/strong><\/td>\n<td width=\"481\">1500LB WC9 Hochdruck-Flansch-Absperrventil<\/td>\n<\/tr>\n<tr>\n<td width=\"200\">1. Material<\/td>\n<td width=\"481\">WC9<\/td>\n<\/tr>\n<tr>\n<td width=\"200\">2. Gr\u00f6\u00dfe<\/td>\n<td width=\"481\">10&quot;<\/td>\n<\/tr>\n<tr>\n<td width=\"200\">4. Hafen<\/td>\n<td width=\"481\">Vollst\u00e4ndiger Port<\/td>\n<\/tr>\n<tr>\n<td width=\"200\">5. Arbeitsdruck<\/td>\n<td width=\"481\">1500 Pfund<\/td>\n<\/tr>\n<tr>\n<td width=\"200\">6. Verbindung endet<\/td>\n<td width=\"481\">RF<\/td>\n<\/tr>\n<tr>\n<td width=\"200\">7. Arbeitstemperatur.<\/td>\n<td width=\"481\">-29~560 \u00b0C,<\/td>\n<\/tr>\n<tr>\n<td width=\"200\">8. Geeignetes Medium<\/td>\n<td width=\"481\">Wasser, Erdgas, \u00d6l und einige \u00e4tzende Fl\u00fcssigkeiten<\/td>\n<\/tr>\n<tr>\n<td width=\"200\">9. Betrieben<\/td>\n<td width=\"481\">Handrad<\/td>\n<\/tr>\n<tr>\n<td width=\"200\">10. Inspektion und Pr\u00fcfung<\/td>\n<td width=\"481\">Gem\u00e4\u00df API598<\/td>\n<\/tr>\n<tr>\n<td width=\"200\"><strong>Sendung<\/strong><\/td>\n<td width=\"481\"><\/td>\n<\/tr>\n<tr>\n<td width=\"200\">Lieferzeit<\/td>\n<td width=\"481\">30 Tage<\/td>\n<\/tr>\n<tr>\n<td width=\"200\">Paket<\/td>\n<td width=\"481\">Standard-Export-Sperrholzkiste<\/td>\n<\/tr>\n<tr>\n<td width=\"200\">Hafen<\/td>\n<td width=\"481\">Ningbo\/Shanghai, China<\/td>\n<\/tr>\n<tr>\n<td width=\"200\">Versandbedingungen<\/td>\n<td width=\"481\">Exw, FOB, CFR, CIF usw.<\/td>\n<\/tr>\n<tr>\n<td width=\"200\">Zahlungsbedingungen<\/td>\n<td width=\"481\">T\/T, Western Union, PayPal usw.<\/td>\n<\/tr>\n<tr>\n<td width=\"200\"><\/td>\n<td width=\"481\">30% Vorauszahlung, 70% Restbetrag vor dem Versand bezahlt<\/td>\n<\/tr>\n<tr>\n<td width=\"200\">Herkunftsland<\/td>\n<td width=\"481\">Stadt Wenzhou, China<\/td>\n<\/tr>\n<tr>\n<td width=\"200\">Produktionskapazit\u00e4t<\/td>\n<td width=\"481\">6000 Tonnen\/Jahr<\/td>\n<\/tr>\n<tr>\n<td width=\"200\">Mindestbestellmenge<\/td>\n<td width=\"481\">1 St\u00fcck\/Gr\u00f6\u00dfe<\/td>\n<\/tr>\n<\/tbody>\n<\/table>","protected":false},"excerpt":{"rendered":"<p>Modell: J541Y-1500lb-12\u2033-WC9<\/p>\n<p>Strukturmerkmale des Hochdruck-Flanschventils WC9:<\/p>\n<p>1 Produktdesign und -herstellung gem\u00e4\u00df E101, ANSI B 16.34-Standard, kann mit importierter Ausr\u00fcstung ausgestattet werden.<\/p>\n<p>2 Ventile im Hohlraum mit druckselbstdichter Dichtungsstruktur. Je h\u00f6her der Innendruck, desto besser die Dichtungsleistung. Rohrenden bis<\/p>\n<p>3 Die Ventilklappe und die Ventilsitzdichtfl\u00e4che mit Stellite-Kobaltlegierungsoberfl\u00e4che und Dichtfl\u00e4che<\/p>\n<p>4 Ventildeckel-Stopftiefe angemessen, F\u00fcllstoff und Inhibitor, zuverl\u00e4ssige Abdichtung, reibungsloser Schalter.<\/p>\n<p>5-Ventil mit einer Struktur, die sicherstellt, dass das Ventil offen ist, ohne dass der Ventilschaft ausl\u00e4uft.<\/p>\n<p>6 Das \u00d6ffnen und Schlie\u00dfen des elektrischen Absperrventils wird durch das elektrische Ger\u00e4t gesteuert, und das elektrische Ger\u00e4t ist jeweils mit einem Spezialmotor, einem Drehzahlminderer, einem Drehmomentsteuermechanismus, einem Feldbet\u00e4tigungsmechanismus, einer Hand und einem elektrischen Ger\u00e4t ausgestattet Schaltmechanismus. Neben der lokalen Bedienung, aber auch zur Remote-Bedienung.<\/p>\n<p>Funktionsprinzip des WC9-Hochdruck-Flansch-Absperrventils. Produktdesign und Herstellung gem\u00e4\u00df E101-Standard, die Struktur ist angemessen, die Leistung ist gut, die Modellierung ist sch\u00f6n. Je besser das Ventil im Hohlraum ist, desto besser ist die Dichtungsleistung. Rohrenden verschwei\u00dfte Struktur. Die Schwei\u00dfnut kann dem Standard oder den Benutzeranforderungen angepasst werden. Klappenventil, Ventilsitzdichtfl\u00e4che mit Stellite-Legierung auf Stellite-Kobaltbasis, Verschlei\u00dffestigkeit, hohe Temperaturbest\u00e4ndigkeit, gute Abriebfestigkeit, lange Lebensdauer. Stamm durch Abschrecken und Anlassen und Oberfl\u00e4chennitrierbehandlung, gute Korrosionsbest\u00e4ndigkeit und Kratzfestigkeit. Die Tiefe des Stopfbuchsdeckels ist angemessen, die F\u00fcllung und der Korrosionsinhibitor sind hinzugef\u00fcgt und die Dichtung ist zuverl\u00e4ssig. Schwei\u00dfanschlussventil f\u00fcr den Nenndruck von 20,0 \u2013 32,0 MPa und P54100V \u2013 P57170V und eine Arbeitstemperatur von gleich oder weniger als 540 \u00b0C (P57170VT Temperatur f\u00fcr 570 \u00b0C) in der Erd\u00f6l-, chemischen Industrie, Wasserkraft- und W\u00e4rmekraftwerken und anderen Anlagen Verschiedene Bedingungen des Rohrs, abgeschnitten oder mit dem Medium verbunden. Anwendbares Medium: Wasser, \u00d6l, Dampf usw.. Betriebsmethoden sind: manuell, Getriebe, elektrisch usw.<\/p>\n<p>STV Valve Technology Group Co., Ltd ist ein professioneller Marktf\u00fchrer in China ASTM A217 WC9 Kugelventil, 10-Zoll-Kugelventil, Klasse 1500 LB Kugelventil, RF-Kugelventil, ASME B16.34 Kugelventil, BS 1873 Kugelventil, ASME B16.10 Kugelventil, Hersteller von Kugelventilen aus Kohlenstoffstahl mit hoher Qualit\u00e4t und wettbewerbsf\u00e4higem Preis.<\/p>\n<p>F\u00fcr weitere Materialien und Details wenden Sie sich bitte an unseren Vertrieb.<\/p>\n<p>Datumsblatt:<br \/>\n<a href=\"https:\/\/www.stvvalves.com\/wp-content\/uploads\/2018\/12\/1500LB-WC9-High-Pressure-Globe-Valve-Drawing.pdf\">1500LB WC9 Hochdruck-Flansch-Absperrventil<\/a><\/p>\n<p>&nbsp;<\/p>","protected":false},"featured_media":4197,"template":"","meta":[],"product_brand":[],"product_cat":[63,45],"product_tag":[346,347,190,348,349],"class_list":{"0":"post-4195","1":"product","2":"type-product","3":"status-publish","4":"has-post-thumbnail","6":"product_cat-cast-steel-globe-valve","7":"product_cat-globe-valve","8":"product_tag-cast-steel-globe-valves","9":"product_tag-china-ansi-wc9-class1500-flange-globe-valve","10":"product_tag-globe-valve","11":"product_tag-pressure-seal-cast-globe-valves","12":"product_tag-wc9-high-pressure-flanged-globe-valve","14":"first","15":"instock","16":"shipping-taxable","17":"product-type-simple"},"_links":{"self":[{"href":"https:\/\/www.stvvalves.com\/de\/wp-json\/wp\/v2\/product\/4195","targetHints":{"allow":["GET"]}}],"collection":[{"href":"https:\/\/www.stvvalves.com\/de\/wp-json\/wp\/v2\/product"}],"about":[{"href":"https:\/\/www.stvvalves.com\/de\/wp-json\/wp\/v2\/types\/product"}],"wp:featuredmedia":[{"embeddable":true,"href":"https:\/\/www.stvvalves.com\/de\/wp-json\/wp\/v2\/media\/4197"}],"wp:attachment":[{"href":"https:\/\/www.stvvalves.com\/de\/wp-json\/wp\/v2\/media?parent=4195"}],"wp:term":[{"taxonomy":"product_brand","embeddable":true,"href":"https:\/\/www.stvvalves.com\/de\/wp-json\/wp\/v2\/product_brand?post=4195"},{"taxonomy":"product_cat","embeddable":true,"href":"https:\/\/www.stvvalves.com\/de\/wp-json\/wp\/v2\/product_cat?post=4195"},{"taxonomy":"product_tag","embeddable":true,"href":"https:\/\/www.stvvalves.com\/de\/wp-json\/wp\/v2\/product_tag?post=4195"}],"curies":[{"name":"wp","href":"https:\/\/api.w.org\/{rel}","templated":true}]}}