{"id":4200,"date":"2018-12-07T12:46:27","date_gmt":"2018-12-07T12:46:27","guid":{"rendered":"https:\/\/www.stvvalves.com\/?post_type=product&#038;p=4200"},"modified":"2025-02-17T18:19:48","modified_gmt":"2025-02-17T10:19:48","slug":"high-pressure-seal-gate-valve-wc9-body-2500lb-3-inch","status":"publish","type":"product","link":"https:\/\/www.stvvalves.com\/de\/products\/high-pressure-seal-gate-valve-wc9-body-2500lb-3-inch\/","title":{"rendered":"Hochdruck-Absperrschieber, WC9-Geh\u00e4use, 2500 LB, 3 Zoll"},"content":{"rendered":"<p>Diese Art von Absperrschieber zeichnet sich nicht nur durch eine einfache Struktur und zuverl\u00e4ssige Verwendung aus, sondern ist auch in der Lage, eine leichte flexible Verformung zu erzeugen, um die Abweichung des Dichtfl\u00e4chenwinkels, die w\u00e4hrend der Verarbeitung entsteht, auszugleichen und so die Prozessleistung zu verbessern. Dar\u00fcber hinaus sind die Dichtungsfl\u00e4chen am Sitz und an der Anschnittscheibe f\u00fcr eine lange Lebensdauer mit einer Legierung auf Eisenbasis, einer Legierung auf Co-Basis oder einer Karbidlegierung \u00fcberzogen.<\/p>\n<p>Hauptparameterspezifikation<\/p>\n<p>Design und Herstellung: Absperrschieber aus Stahlguss nach API 600 (ISO 10434) und API 6D; Absperrschieber aus Edelstahlguss nach API 603 und API 600<\/p>\n<p>Inspektion und Test: API598, API600 oder API 6D<\/p>\n<p>Endflanschabmessungen: ASME B16.5 (f\u00fcr NPS \u2264 24, ASME B 16.47 Serie B, API 605, ASME B16.47 A-Serie, MSS SP-44 (f\u00fcr NPS &gt; 24)<\/p>\n<p>BW-Endabmessung: ASME B16.25<\/p>\n<p>Face-to-Face und End-to-End: ASME B16.10<\/p>\n<p>Druck-Temperatur-Bewertungen: ASME B16.34<\/p>\n<p>Produktauswahl<\/p>\n<p>Geh\u00e4usematerial: Kohlenstoffstahl, Edelstahl, legierter Stahl<\/p>\n<p>Nenndurchmesser: 2\u2033~36\u2033(DN50~DN900)<\/p>\n<p>Endverbindung: RF, RTJ, BW<\/p>\n<p>Druckbereich: Klasse 150\u20132500 (PN16\u2013PN420).<\/p>\n<p>Arbeitstemperatur: -29\u2103~+560\u2103<\/p>\n<p>Bedienung: Handrad, Getriebe, elektrischer Stellantrieb usw.<\/p>\n<table>\n<tbody>\n<tr>\n<td width=\"200\"><strong>Produktname<\/strong><\/td>\n<td width=\"481\">Hochdruck-Absperrschieber, WC9-Geh\u00e4use, 2500 LB, 3 Zoll<\/td>\n<\/tr>\n<tr>\n<td width=\"200\">1. Material<\/td>\n<td width=\"481\">WC9<\/td>\n<\/tr>\n<tr>\n<td width=\"200\">2. Gr\u00f6\u00dfe<\/td>\n<td width=\"481\">3&quot;<\/td>\n<\/tr>\n<tr>\n<td width=\"200\">4. Hafen<\/td>\n<td width=\"481\">Vollst\u00e4ndiger Port<\/td>\n<\/tr>\n<tr>\n<td width=\"200\">5. Arbeitsdruck<\/td>\n<td width=\"481\">2500 Pfund<\/td>\n<\/tr>\n<tr>\n<td width=\"200\">6. Verbindung endet<\/td>\n<td width=\"481\">BW<\/td>\n<\/tr>\n<tr>\n<td width=\"200\">7. Arbeitstemperatur.<\/td>\n<td width=\"481\">-29~540 \u00b0C,<\/td>\n<\/tr>\n<tr>\n<td width=\"200\">8. Geeignetes Medium<\/td>\n<td width=\"481\">Wasser, Erdgas, \u00d6l und einige \u00e4tzende Fl\u00fcssigkeiten<\/td>\n<\/tr>\n<tr>\n<td width=\"200\">9. Betrieben<\/td>\n<td width=\"481\">Handrad<\/td>\n<\/tr>\n<tr>\n<td width=\"200\">10. Inspektion und Pr\u00fcfung<\/td>\n<td width=\"481\">Gem\u00e4\u00df API598<\/td>\n<\/tr>\n<tr>\n<td width=\"200\"><strong>Sendung<\/strong><\/td>\n<td width=\"481\"><\/td>\n<\/tr>\n<tr>\n<td width=\"200\">Lieferzeit<\/td>\n<td width=\"481\">30 Tage<\/td>\n<\/tr>\n<tr>\n<td width=\"200\">Paket<\/td>\n<td width=\"481\">Standard-Export-Sperrholzkiste<\/td>\n<\/tr>\n<tr>\n<td width=\"200\">Hafen<\/td>\n<td width=\"481\">Ningbo\/Shanghai, China<\/td>\n<\/tr>\n<tr>\n<td width=\"200\">Versandbedingungen<\/td>\n<td width=\"481\">Exw, FOB, CFR, CIF usw.<\/td>\n<\/tr>\n<tr>\n<td width=\"200\">Zahlungsbedingungen<\/td>\n<td width=\"481\">T\/T, Western Union, PayPal usw.<\/td>\n<\/tr>\n<tr>\n<td width=\"200\"><\/td>\n<td width=\"481\">30% Vorauszahlung, 70% Restbetrag vor dem Versand bezahlt<\/td>\n<\/tr>\n<tr>\n<td width=\"200\">Herkunftsland<\/td>\n<td width=\"481\">Stadt Wenzhou, China<\/td>\n<\/tr>\n<tr>\n<td width=\"200\">Produktionskapazit\u00e4t<\/td>\n<td width=\"481\">6000 Tonnen\/Jahr<\/td>\n<\/tr>\n<tr>\n<td width=\"200\">Mindestbestellmenge<\/td>\n<td width=\"481\">1 St\u00fcck\/Gr\u00f6\u00dfe<\/td>\n<\/tr>\n<\/tbody>\n<\/table>","protected":false},"excerpt":{"rendered":"<p>Modell: Z61Y-2500LB-3\u2033<\/p>\n<p>Hochdruck-Absperrschieber sind f\u00fcr den Einsatz bei hohen Temperaturen und hohem Druck ausgelegt und werden h\u00e4ufig in Kraftwerken mit fossilen Brennstoffen eingesetzt. Im Vergleich zu Ventilen mit verschraubter Haubenverbindung<\/p>\n<p>Es sorgt f\u00fcr eine absolut zuverl\u00e4ssige Abdichtung der Motorhaubenverbindung, sodass die Druckverschlussventile kompakter und steifer sind und auch bei hohen Temperaturen und hohem Druck kosteng\u00fcnstiger gewartet werden k\u00f6nnen.<\/p>\n<p>&nbsp;<\/p>\n<p>STV Valve Technology Group Co., Ltd ist ein professioneller Marktf\u00fchrer in China Hersteller von Keilschieberventilen mit hoher Qualit\u00e4t und wettbewerbsf\u00e4higem Preis.<\/p>\n<p>F\u00fcr weitere Materialien und Details wenden Sie sich bitte an sales@stvvalve.com.<\/p>\n<p>Datumsblatt:<br \/>\n<a href=\"https:\/\/www.stvvalves.com\/wp-content\/uploads\/2018\/12\/high-pressure-seal-gate-valve-wc9-body-2500lb-4-inch-drawing.pdf\">Hochdruck-Absperrschieber, WC9-Geh\u00e4use, 2500 LB, 3 Zoll<\/a><\/p>","protected":false},"featured_media":4201,"template":"","meta":[],"product_brand":[],"product_cat":[58,44],"product_tag":[351,354,350,163,355,352,353,356],"class_list":{"0":"post-4200","1":"product","2":"type-product","3":"status-publish","4":"has-post-thumbnail","6":"product_cat-cast-steel-gate-valve","7":"product_cat-gate-valve","8":"product_tag-2500-pressure-seal-gate-valve","9":"product_tag-api-600-pressure-seal-gate-valves","10":"product_tag-china-pressure-seal-gate-valve","11":"product_tag-gate-valve","12":"product_tag-high-temperature-pressure-gatevalve","13":"product_tag-pressure-seal-gate-valve","14":"product_tag-pressure-seal-valves","15":"product_tag-pressure-seal-wedge-gate-valve","17":"first","18":"instock","19":"shipping-taxable","20":"product-type-simple"},"_links":{"self":[{"href":"https:\/\/www.stvvalves.com\/de\/wp-json\/wp\/v2\/product\/4200","targetHints":{"allow":["GET"]}}],"collection":[{"href":"https:\/\/www.stvvalves.com\/de\/wp-json\/wp\/v2\/product"}],"about":[{"href":"https:\/\/www.stvvalves.com\/de\/wp-json\/wp\/v2\/types\/product"}],"wp:featuredmedia":[{"embeddable":true,"href":"https:\/\/www.stvvalves.com\/de\/wp-json\/wp\/v2\/media\/4201"}],"wp:attachment":[{"href":"https:\/\/www.stvvalves.com\/de\/wp-json\/wp\/v2\/media?parent=4200"}],"wp:term":[{"taxonomy":"product_brand","embeddable":true,"href":"https:\/\/www.stvvalves.com\/de\/wp-json\/wp\/v2\/product_brand?post=4200"},{"taxonomy":"product_cat","embeddable":true,"href":"https:\/\/www.stvvalves.com\/de\/wp-json\/wp\/v2\/product_cat?post=4200"},{"taxonomy":"product_tag","embeddable":true,"href":"https:\/\/www.stvvalves.com\/de\/wp-json\/wp\/v2\/product_tag?post=4200"}],"curies":[{"name":"wp","href":"https:\/\/api.w.org\/{rel}","templated":true}]}}