{"id":4211,"date":"2018-12-11T12:50:56","date_gmt":"2018-12-11T12:50:56","guid":{"rendered":"https:\/\/www.stvvalves.com\/?post_type=product&#038;p=4211"},"modified":"2026-01-07T09:13:42","modified_gmt":"2026-01-07T01:13:42","slug":"ansi-bellow-seal-wcb-globe-valve-150lb-21-2-rf-end","status":"publish","type":"product","link":"https:\/\/www.stvvalves.com\/de\/products\/ansi-bellow-seal-wcb-globe-valve-150lb-21-2-rf-end\/","title":{"rendered":"ANSI Bellow Seal WCB Globe Valve,150LB,21\/2&#8243;,RF End"},"content":{"rendered":"<h2>ANSI Bellow Seal WCB Globe Valve,150LB,21\/2&#8243;,RF End<\/h2>\n<p>1. Dieses Produkt verf\u00fcgt \u00fcber eine logische Struktur, eine zuverl\u00e4ssige Abdichtung, eine hervorragende Leistung und ein sch\u00f6nes Design.<br \/>\n2. Die Dichtungsoberfl\u00e4che ist mit einer Co-Hartlegierung auftragsgeschwei\u00dft, die abriebfest, korrosionsbest\u00e4ndig, gut reibungsbest\u00e4ndig und langlebig ist.<br \/>\n3. Der Schaft wird verg\u00fctet und seine Oberfl\u00e4che wird durch Stickstoffbehandlung behandelt, wodurch er eine gute Korrosionsbest\u00e4ndigkeit und Reibungsbest\u00e4ndigkeit aufweist.<br \/>\n4. Es verf\u00fcgt \u00fcber eine doppelte Dichtungsf\u00e4higkeit und ist daher zuverl\u00e4ssiger.<br \/>\n5. Der Vorbau zeigt m\u00f6glicherweise die Hubposition an, sodass sie klarer ist.<br \/>\n6. Das Teilmaterial, der Flansch und die Abmessungen des Stumpfschwei\u00dfendes k\u00f6nnen entsprechend den aktuellen Betriebsbedingungen und den Anforderungen des Benutzers ausgew\u00e4hlt werden, um den Anforderungen verschiedener technischer Verfahren gerecht zu werden.<br \/>\nStrukturbildung: BB-BG-OS&amp;Y<br \/>\n7, Materialien: WCB, WC6, SS304, SS316<br \/>\n8, Balgmaterialien: SS304, SS316, SS316L, SS310, Hastelly C.<br \/>\n9, Gr\u00f6\u00dfenbereich: 2\u2033-16\u2033<br \/>\n10, Druck: 150LB-900LB<br \/>\n11.Fahrweise: Handbetrieben, elektrisch bet\u00e4tigt<\/p>\n<p>Globe valve with bellow seal acc. to ANSI is applicable to the cutting and connection of pipelines medium that are used in various industries such as peroleum, chemical industry,pharmacy,chemical fertilizer,electric power industry etc under nominal pressure of CLASS150-900LBS and working tem\u00acperature of-29~350&#8217;C.<\/p>\n<p>Structural Features<br \/>\n1 .This product has logical structure,reliable seal, excellent performance and nice design.<br \/>\n2.The seal surface is build-up welding with Co hard alloy, which is attrition-resistant, corrosion-resistant, has good friction resistant and long life.<br \/>\n3.The stem is quenched and tempered, and its surface is treated by nitriding treatment, thus it has good corrosion resistant and friction resistant.<br \/>\n4.It has double seal capability, thus is more reliable.<br \/>\n5.The stem may show the position of lift, thus it is clearer.<br \/>\n6.The part material, flange and butt weld end dimension may be selected according to current operating condition and users&#8217; requirement, so that meet the requirements of various engineering.<\/p>\n<p>Technical Specificastion<br \/>\nStructural formation\uff1a BB-BG-OS &amp; Y<br \/>\nDriving maner\uff1a Hand-operated, Electric-actuated<br \/>\nDesign standard\uff1a AMSE B16.10\u3001BS1873<br \/>\nFace to face\uff1a ASME B16.10<br \/>\nFlange ends : ASME B16.5<br \/>\nTest &amp; inspection\uff1a API598<br \/>\n<img decoding=\"async\" src=\"https:\/\/www.lonzevalve.com\/zyupload\/201910\/15\/1-201910151537083676.jpg\" alt=\"\" \/><\/p>\n<table>\n<tbody>\n<tr>\n<td width=\"200\"><strong>Produktname<\/strong><\/td>\n<td width=\"481\">ANSI Bellow Seal WCB Globe Valve,150LB,21\/2&#8243;,RF End<\/td>\n<\/tr>\n<tr>\n<td width=\"200\">1. Material<\/td>\n<td width=\"481\">WCB<\/td>\n<\/tr>\n<tr>\n<td width=\"200\">2. Gr\u00f6\u00dfe<\/td>\n<td width=\"481\">2&quot;<\/td>\n<\/tr>\n<tr>\n<td width=\"200\">4. Hafen<\/td>\n<td width=\"481\">Vollst\u00e4ndiger Port<\/td>\n<\/tr>\n<tr>\n<td width=\"200\">5. Arbeitsdruck<\/td>\n<td width=\"481\">150 Pfund<\/td>\n<\/tr>\n<tr>\n<td width=\"200\">6. Verbindung endet<\/td>\n<td width=\"481\">RF<\/td>\n<\/tr>\n<tr>\n<td width=\"200\">7. Arbeitstemperatur.<\/td>\n<td width=\"481\">-29~425 \u00b0C,<\/td>\n<\/tr>\n<tr>\n<td width=\"200\">8. Geeignetes Medium<\/td>\n<td width=\"481\">Wasser, Erdgas, \u00d6l und einige \u00e4tzende Fl\u00fcssigkeiten<\/td>\n<\/tr>\n<tr>\n<td width=\"200\">9. Betrieben<\/td>\n<td width=\"481\">Handrad<\/td>\n<\/tr>\n<tr>\n<td width=\"200\">10. Inspektion und Pr\u00fcfung<\/td>\n<td width=\"481\">Gem\u00e4\u00df API598<\/td>\n<\/tr>\n<tr>\n<td width=\"200\"><strong>Sendung<\/strong><\/td>\n<td width=\"481\"><\/td>\n<\/tr>\n<tr>\n<td width=\"200\">Lieferzeit<\/td>\n<td width=\"481\">30 Tage<\/td>\n<\/tr>\n<tr>\n<td width=\"200\">Paket<\/td>\n<td width=\"481\">Standard-Export-Sperrholzkiste<\/td>\n<\/tr>\n<tr>\n<td width=\"200\">Hafen<\/td>\n<td width=\"481\">Ningbo\/Shanghai, China<\/td>\n<\/tr>\n<tr>\n<td width=\"200\">Versandbedingungen<\/td>\n<td width=\"481\">Exw, FOB, CFR, CIF usw.<\/td>\n<\/tr>\n<tr>\n<td width=\"200\">Zahlungsbedingungen<\/td>\n<td width=\"481\">T\/T, Western Union, PayPal usw.<\/td>\n<\/tr>\n<tr>\n<td width=\"200\"><\/td>\n<td width=\"481\">30% Vorauszahlung, 70% Restbetrag vor dem Versand bezahlt<\/td>\n<\/tr>\n<tr>\n<td width=\"200\">Herkunftsland<\/td>\n<td width=\"481\">Stadt Wenzhou, China<\/td>\n<\/tr>\n<tr>\n<td width=\"200\">Produktionskapazit\u00e4t<\/td>\n<td width=\"481\">6000 Tonnen\/Jahr<\/td>\n<\/tr>\n<tr>\n<td width=\"200\">Mindestbestellmenge<\/td>\n<td width=\"481\">1 St\u00fcck\/Gr\u00f6\u00dfe<\/td>\n<\/tr>\n<\/tbody>\n<\/table>","protected":false},"excerpt":{"rendered":"<p>Model:WJ41Y-150LB-21\/2&#8243;<\/p>\n<p>ANSI 150LB Bellow Globe Valve verwendet einen Faltenbalg als Ventilschaft-Dichtungselement, der ein Auslaufen des Ventilschafts verhindern kann, um das Austreten des Mediums zu verhindern. Kein Fl\u00fcssigkeitsverlust erh\u00f6ht die Energieeffizienz, erh\u00f6ht die Sicherheit der Produktionsanlagen, senkt die Wartungskosten und h\u00e4lt die Wartungskosten aufrecht. Es sorgt au\u00dferdem f\u00fcr eine saubere und sichere Arbeitsumgebung. Es eignet sich am besten f\u00fcr Rohrleitungen mit Dampf, brennbaren, explosiven Medien, W\u00e4rmetr\u00e4ger\u00f6l, hochreinen, giftigen und anderen Medien. Das Absperrventil wird f\u00fcr den Nenndruck 150LB-300LB verwendet und der Anschlussflansch ist ANSI B16.5. Bei hohen Temperaturen kommt die Spindel nicht mit dem Medium in Ber\u00fchrung, so dass keine Leckage der Spindel auftritt. Sorgen Sie gleichzeitig f\u00fcr ausreichende Festigkeit und Z\u00e4higkeit, sodass Sie Zehntausende Male wechseln k\u00f6nnen. Das Handrad ist ergonomisch gestaltet f\u00fcr eine l\u00e4ngere Lebensdauer und einfache Bedienung.<\/p>\n<p>Hauptmerkmal:<\/p>\n<p>1.Balgdichtungselement. Der Hauptbestandteil balggedichteter Absperrventile ist der innere Faltenbalg. Es handelt sich um die Verbindung zwischen Deckel und Stiel durch automatisches Rollschwei\u00dfen. Der mentale Balg verhindert, dass der Schaftteil ausl\u00e4uft.<br \/>\n2. Profitieren Sie von der konischen und stromlinienf\u00f6rmigen Formgebung, die Scheibe verf\u00fcgt \u00fcber eine zuverl\u00e4ssige Abdichtung und eine l\u00e4ngere Lebensdauer.<br \/>\n3.Doppelte Dichtungskonstruktion (Faltenbalg + Packung). Faltenbalg und Packung k\u00f6nnen vor Leckagen sch\u00fctzen und eine hervorragende Abdichtung bieten.<br \/>\n4.Schmiernippel. Es kann den Schaft, die Mutter und die H\u00fclse direkt schmieren.<br \/>\n5, die Positionsanzeige des Vorbauhubs, intuitiver;<br \/>\n6, Teilematerial, Flansch- und Stumpfschwei\u00dfnummerngr\u00f6\u00dfe k\u00f6nnen angemessen an die tats\u00e4chlichen Arbeitsbedingungen oder Benutzeranforderungen angepasst werden, um verschiedene technische Anforderungen zu erf\u00fcllen<br \/>\n7, Materialien: WCB, WC6, SS304, SS316<br \/>\n8, Balgmaterialien: SS304, SS316, SS316L, SS310, Hastelly C.<br \/>\n9, Gr\u00f6\u00dfenbereich: 2\u2033-16\u2033<br \/>\n10, Druck: 150LB-900LB<br \/>\nTechnische Spezifikation<br \/>\nDesignstandard: ASME B16.34<br \/>\nBaul\u00e4nge: ASME B16.10<br \/>\nFlanschenden: ASME B16.5<br \/>\nTest und Inspektion: API 598<br \/>\nLeistungsspezifikation<\/p>\n<p>STV Valve Technology Group Co., Ltd ist ein professioneller Marktf\u00fchrer f\u00fcr China-ANSI-Faltenbalg-Absperrventile, ANSI-Standard-Faltenbalg-Absperrventile, ANSI-150LB-Faltenbalg-Absperrventile, chinesische ANSI-Faltenbalg-Absperrventile aus Gussstahl, Flansch-Faltenbalg-Absperrventile und WCB-Absperrventile Hersteller von Balgdichtungs-Absperrventilen mit hoher Qualit\u00e4t und wettbewerbsf\u00e4higem Preis.<\/p>\n<p>F\u00fcr weitere Materialien und Details wenden Sie sich bitte an sales@stvvalve.com.<\/p>\n<h1>ANSI Bellow Seal WCB Globe Valve<\/h1>","protected":false},"featured_media":8802,"template":"","meta":[],"product_brand":[],"product_cat":[65,45],"product_tag":[370,365,371,369,368,366,367],"class_list":{"0":"post-4211","1":"product","2":"type-product","3":"status-publish","4":"has-post-thumbnail","6":"product_cat-bellow-seal-globe-valve","7":"product_cat-globe-valve","8":"product_tag-ansi-bellows-globe-valve","9":"product_tag-ansi-standard-bellows-seal-globe-valve","10":"product_tag-bellow-seal-globe-valve","11":"product_tag-bellows-seal-globe-valve-ansi-150lb","12":"product_tag-china-ansi-cast-steel-bellow-seal-globe-valve","13":"product_tag-flanged-bellow-seal-globe-valve","14":"product_tag-wcb-globe-valve","16":"first","17":"instock","18":"shipping-taxable","19":"product-type-simple"},"_links":{"self":[{"href":"https:\/\/www.stvvalves.com\/de\/wp-json\/wp\/v2\/product\/4211","targetHints":{"allow":["GET"]}}],"collection":[{"href":"https:\/\/www.stvvalves.com\/de\/wp-json\/wp\/v2\/product"}],"about":[{"href":"https:\/\/www.stvvalves.com\/de\/wp-json\/wp\/v2\/types\/product"}],"wp:featuredmedia":[{"embeddable":true,"href":"https:\/\/www.stvvalves.com\/de\/wp-json\/wp\/v2\/media\/8802"}],"wp:attachment":[{"href":"https:\/\/www.stvvalves.com\/de\/wp-json\/wp\/v2\/media?parent=4211"}],"wp:term":[{"taxonomy":"product_brand","embeddable":true,"href":"https:\/\/www.stvvalves.com\/de\/wp-json\/wp\/v2\/product_brand?post=4211"},{"taxonomy":"product_cat","embeddable":true,"href":"https:\/\/www.stvvalves.com\/de\/wp-json\/wp\/v2\/product_cat?post=4211"},{"taxonomy":"product_tag","embeddable":true,"href":"https:\/\/www.stvvalves.com\/de\/wp-json\/wp\/v2\/product_tag?post=4211"}],"curies":[{"name":"wp","href":"https:\/\/api.w.org\/{rel}","templated":true}]}}