{"id":4215,"date":"2018-12-11T16:02:56","date_gmt":"2018-12-11T16:02:56","guid":{"rendered":"https:\/\/www.stvvalves.com\/?post_type=product&#038;p=4215"},"modified":"2026-01-07T09:23:37","modified_gmt":"2026-01-07T01:23:37","slug":"din-pn16-cast-steel-bellow-globe-valve","status":"publish","type":"product","link":"https:\/\/www.stvvalves.com\/de\/products\/din-pn16-cast-steel-bellow-globe-valve\/","title":{"rendered":"DIN PN16 Balg-Absperrventil aus Stahlguss"},"content":{"rendered":"<p>Technische Spezifikation<\/p>\n<p>Konstruktionsnorm: DIN 3356<\/p>\n<p>Baul\u00e4nge: DIN 3202<\/p>\n<p>Flanschenden: DIN 2543-2545<\/p>\n<p>Pr\u00fcfung &amp; Inspektion: DIN 3230<\/p>\n<p>Anwendung: Hei\u00df\u00f6lsystem, Dampfsystem, Hei\u00df- und Kaltwassersystem usw.<\/p>\n<p>Medium: Dampf, Gase, Hei\u00dfwasser, Thermal\u00f6l, Ammoniak usw.<br \/>\nMaterialien: GG25 (EN-GJL-250), GGG40, 1.0619+N (GS-C25), 1.4308 (CF8), 1.4408 (CF8M)<br \/>\nMaterialien des Balgs: SS304, SS316, SS316L, SS 310S, Hastely C<br \/>\nGr\u00f6\u00dfenbereich: DN15-DN400<br \/>\nDruck: PN16-PN40<br \/>\nTemperatur: \u2264600 \u2103<\/p>\n<table>\n<tbody>\n<tr>\n<td width=\"200\"><strong>Produktname<\/strong><\/td>\n<td width=\"481\">DIN PN16 Balg-Absperrventil aus Stahlguss<\/td>\n<\/tr>\n<tr>\n<td width=\"200\">1. Material<\/td>\n<td width=\"481\">WCB<\/td>\n<\/tr>\n<tr>\n<td width=\"200\">2. Gr\u00f6\u00dfe<\/td>\n<td width=\"481\">2&quot;<\/td>\n<\/tr>\n<tr>\n<td width=\"200\">4. Hafen<\/td>\n<td width=\"481\">Vollst\u00e4ndiger Port<\/td>\n<\/tr>\n<tr>\n<td width=\"200\">5. Arbeitsdruck<\/td>\n<td width=\"481\">PN16<\/td>\n<\/tr>\n<tr>\n<td width=\"200\">6. Verbindung endet<\/td>\n<td width=\"481\">RF<\/td>\n<\/tr>\n<tr>\n<td width=\"200\">7. Arbeitstemperatur.<\/td>\n<td width=\"481\">-29~425 \u00b0C,<\/td>\n<\/tr>\n<tr>\n<td width=\"200\">8. Geeignetes Medium<\/td>\n<td width=\"481\">Wasser, Erdgas, \u00d6l und einige \u00e4tzende Fl\u00fcssigkeiten<\/td>\n<\/tr>\n<tr>\n<td width=\"200\">9. Betrieben<\/td>\n<td width=\"481\">Handrad<\/td>\n<\/tr>\n<tr>\n<td width=\"200\">10. Inspektion und Pr\u00fcfung<\/td>\n<td width=\"481\">Nach DIN 3230<\/td>\n<\/tr>\n<tr>\n<td width=\"200\"><strong>Sendung<\/strong><\/td>\n<td width=\"481\"><\/td>\n<\/tr>\n<tr>\n<td width=\"200\">Lieferzeit<\/td>\n<td width=\"481\">30 Tage<\/td>\n<\/tr>\n<tr>\n<td width=\"200\">Paket<\/td>\n<td width=\"481\">Standard-Export-Sperrholzkiste<\/td>\n<\/tr>\n<tr>\n<td width=\"200\">Hafen<\/td>\n<td width=\"481\">Ningbo\/Shanghai, China<\/td>\n<\/tr>\n<tr>\n<td width=\"200\">Versandbedingungen<\/td>\n<td width=\"481\">Exw, FOB, CFR, CIF usw.<\/td>\n<\/tr>\n<tr>\n<td width=\"200\">Zahlungsbedingungen<\/td>\n<td width=\"481\">T\/T, Western Union, PayPal usw.<\/td>\n<\/tr>\n<tr>\n<td width=\"200\"><\/td>\n<td width=\"481\">30% Vorauszahlung, 70% Restbetrag vor dem Versand bezahlt<\/td>\n<\/tr>\n<tr>\n<td width=\"200\">Herkunftsland<\/td>\n<td width=\"481\">Stadt Wenzhou, China<\/td>\n<\/tr>\n<tr>\n<td width=\"200\">Produktionskapazit\u00e4t<\/td>\n<td width=\"481\">6000 Tonnen\/Jahr<\/td>\n<\/tr>\n<tr>\n<td width=\"200\">Mindestbestellmenge<\/td>\n<td width=\"481\">1 St\u00fcck\/Gr\u00f6\u00dfe<\/td>\n<\/tr>\n<\/tbody>\n<\/table>","protected":false},"excerpt":{"rendered":"<p>Modell: WJ41H-WCB-PN16<br \/>\nDas Balg-Absperrventil aus Stahlguss eignet sich f\u00fcr Mitteldruck PN1,6 ~ 16 MPa, Arbeitstemperatur -29 ~ 350 \u00b0C, brennbare, explosive, hochgiftige, giftige Fl\u00fcssigkeiten, Hochtemperatur-W\u00e4rme\u00fcbertragungs\u00f6l, fl\u00fcssiges Ammoniak und andere Medien.<br \/>\nWeit verbreitet in: Petrochemie, Chemiefasertextilien, Kunststoffpapier, Elektrostahl, Druck- und F\u00e4rbegummi, Erdgas und anderen Gassystemen. Die Leistung ist sicher und zuverl\u00e4ssig und wird h\u00e4ufig in Industriefl\u00fcssigkeiten wie Ethylenglykol eingesetzt. Die Antriebsmethoden sind manuell, Zahnradgetriebe, elektrisch, pneumatisch und so weiter.<\/p>\n<p>&nbsp;<\/p>\n<p>Hauptmerkmal:<\/p>\n<p>1.Balgdichtungselement. Der Hauptbestandteil balggedichteter Absperrventile ist der Metallbalg. Es handelt sich um die Verbindung zwischen Deckel und Stiel durch automatisches Rollschwei\u00dfen. Der Metallbalg sorgt daf\u00fcr, dass der Schaftteil nicht ausl\u00e4uft.<\/p>\n<p>2. Profitieren Sie von der konischen und stromlinienf\u00f6rmigen Formgebung, die Scheibe verf\u00fcgt \u00fcber eine zuverl\u00e4ssige Abdichtung und eine l\u00e4ngere Lebensdauer.<\/p>\n<p>3.Doppelte Dichtungskonstruktion (Faltenbalg + Packung). Faltenbalg und Packung k\u00f6nnen vor Leckagen sch\u00fctzen und eine hervorragende Abdichtung bieten.<\/p>\n<p>4.Schmiernippel. Es kann den Schaft, die Mutter und die H\u00fclse direkt schmieren.<\/p>\n<p>5.Ergonomisches Handrad. Es sorgt f\u00fcr eine l\u00e4ngere Lebensdauer und eine einfachere Bedienung.<\/p>\n<p>&nbsp;<\/p>\n<p>STV Valve Technology Group Co., Ltd ist ein professioneller Marktf\u00fchrer in China mit Balgdichtungs-Absperrventilen, Balg-Absperrventilen aus Stahlguss, Balg-Absperrventilen aus Gussstahl mit Flansch PN 16, DIN-Absperrventilen mit Balgdichtung und WCB-Absperrventilen mit Balgdichtung und hoher Qualit\u00e4t und konkurrenzf\u00e4higer Preis.<\/p>\n<p>F\u00fcr weitere Materialien und Details wenden Sie sich bitte an sales@stvvalve.com.<\/p>\n<p>Datumsblatt:<br \/>\n<a href=\"https:\/\/www.stvvalves.com\/wp-content\/uploads\/2018\/12\/din-pn16-cast-steel-bellow-globe-valve-drawing.pdf\">DIN PN16 Balg-Absperrventil aus Stahlguss<\/a><\/p>","protected":false},"featured_media":4216,"template":"","meta":[],"product_brand":[],"product_cat":[65,45],"product_tag":[371,374,373,372,375],"class_list":{"0":"post-4215","1":"product","2":"type-product","3":"status-publish","4":"has-post-thumbnail","6":"product_cat-bellow-seal-globe-valve","7":"product_cat-globe-valve","8":"product_tag-bellow-seal-globe-valve","9":"product_tag-cast-steel-bellow-sealed-globe-valves","10":"product_tag-cast-steel-bellow-sealed-globe-valves-flanged-pn-16","11":"product_tag-din-bellow-seal-globe-valve","12":"product_tag-wcb-bellow-seal-globe-valve","14":"first","15":"instock","16":"shipping-taxable","17":"product-type-simple"},"_links":{"self":[{"href":"https:\/\/www.stvvalves.com\/de\/wp-json\/wp\/v2\/product\/4215","targetHints":{"allow":["GET"]}}],"collection":[{"href":"https:\/\/www.stvvalves.com\/de\/wp-json\/wp\/v2\/product"}],"about":[{"href":"https:\/\/www.stvvalves.com\/de\/wp-json\/wp\/v2\/types\/product"}],"wp:featuredmedia":[{"embeddable":true,"href":"https:\/\/www.stvvalves.com\/de\/wp-json\/wp\/v2\/media\/4216"}],"wp:attachment":[{"href":"https:\/\/www.stvvalves.com\/de\/wp-json\/wp\/v2\/media?parent=4215"}],"wp:term":[{"taxonomy":"product_brand","embeddable":true,"href":"https:\/\/www.stvvalves.com\/de\/wp-json\/wp\/v2\/product_brand?post=4215"},{"taxonomy":"product_cat","embeddable":true,"href":"https:\/\/www.stvvalves.com\/de\/wp-json\/wp\/v2\/product_cat?post=4215"},{"taxonomy":"product_tag","embeddable":true,"href":"https:\/\/www.stvvalves.com\/de\/wp-json\/wp\/v2\/product_tag?post=4215"}],"curies":[{"name":"wp","href":"https:\/\/api.w.org\/{rel}","templated":true}]}}