{"id":4230,"date":"2018-12-12T15:30:22","date_gmt":"2018-12-12T15:30:22","guid":{"rendered":"https:\/\/www.stvvalves.com\/?post_type=product&#038;p=4230"},"modified":"2025-02-17T18:19:24","modified_gmt":"2025-02-17T10:19:24","slug":"3-way-sanitary-ball-valve-aisi-316l","status":"publish","type":"product","link":"https:\/\/www.stvvalves.com\/de\/products\/3-way-sanitary-ball-valve-aisi-316l\/","title":{"rendered":"3-Wege-Sanit\u00e4r-Kugelhahn AISI 316L"},"content":{"rendered":"<p><img loading=\"lazy\" decoding=\"async\" class=\"alignnone size-full wp-image-4231\" src=\"https:\/\/www.stvvalves.com\/wp-content\/uploads\/2018\/12\/3-way-sanitary-ball-valve-aisi-316l-drawing.jpg\" alt=\"\" width=\"2200\" height=\"1700\" srcset=\"https:\/\/www.stvvalves.com\/wp-content\/uploads\/2018\/12\/3-way-sanitary-ball-valve-aisi-316l-drawing.jpg 2200w, https:\/\/www.stvvalves.com\/wp-content\/uploads\/2018\/12\/3-way-sanitary-ball-valve-aisi-316l-drawing-600x464.jpg 600w, https:\/\/www.stvvalves.com\/wp-content\/uploads\/2018\/12\/3-way-sanitary-ball-valve-aisi-316l-drawing-300x232.jpg 300w, https:\/\/www.stvvalves.com\/wp-content\/uploads\/2018\/12\/3-way-sanitary-ball-valve-aisi-316l-drawing-768x593.jpg 768w, https:\/\/www.stvvalves.com\/wp-content\/uploads\/2018\/12\/3-way-sanitary-ball-valve-aisi-316l-drawing-1030x796.jpg 1030w, https:\/\/www.stvvalves.com\/wp-content\/uploads\/2018\/12\/3-way-sanitary-ball-valve-aisi-316l-drawing-1500x1159.jpg 1500w, https:\/\/www.stvvalves.com\/wp-content\/uploads\/2018\/12\/3-way-sanitary-ball-valve-aisi-316l-drawing-705x545.jpg 705w\" sizes=\"auto, (max-width: 2200px) 100vw, 2200px\" \/><\/p>","protected":false},"excerpt":{"rendered":"<p>Modell: Q15F-1000WOG<\/p>\n<p>3-Wege-Sanit\u00e4rkugelh\u00e4hne werden standardm\u00e4\u00dfig mit einem vollst\u00e4ndig gekapselten oder hohlraumgef\u00fcllten Sitz geliefert \u2013 dies ist keine Option, da der vollst\u00e4ndig gekapselte Teflonsitz die Gefahr einer Kontamination bei kritischen Prozessen oder Produkten verringert. Bei 3-Wege-Kugelh\u00e4hnen sind f\u00fcr die Arbeit am Ventil vor Ort keine Spezialwerkzeuge erforderlich, was ein Pluspunkt im Hinblick auf einfache Wartung und niedrige Installationskosten ist. Wir haben jedes Ventil mit einer Kappe versehen und verpackt, so dass es keine Beulen an den Enden gibt. Dar\u00fcber hinaus sind Gr\u00f6\u00dfe, Legierung und W\u00e4rmezahl dauerhaft einge\u00e4tzt, um eine vollst\u00e4ndige R\u00fcckverfolgbarkeit zu gew\u00e4hrleisten.<br \/>\nSanit\u00e4r-3-Wege-Kugelh\u00e4hne aus Edelstahl werden in einer Vielzahl von Hochdruckanwendungen eingesetzt. Ein voller, ungehinderter Durchfluss erm\u00f6glicht keine Produktbeschr\u00e4nkungen durch das Ventil und erm\u00f6glicht so eine einfache Umleitung. Wir bieten Dreiwege-Kugelh\u00e4hne aus T316L (CF3M) Edelstahl mit leicht abnehmbaren PTFE-Sitzen an. Klemm- und Anschwei\u00dfenden sind Standard. Andere Anschl\u00fcsse sind auf Anfrage erh\u00e4ltlich. Kugelh\u00e4hne erf\u00fcllen die 3A-Anforderungen. L-Port ist Standard, T-Port ist jedoch auf Anfrage erh\u00e4ltlich. Wir f\u00fchren einen gro\u00dfen Bestand an hochwertigen Edelstahl-Sanit\u00e4r-3-Wege-Kugelh\u00e4hnen.<\/p>\n<p>Hauptmerkmal:<\/p>\n<p>Erh\u00e4ltlich in den Gr\u00f6\u00dfen 1\/2\u2033 \u2013 4\u2033<br \/>\nGeh\u00e4use und Endkappen aus hochwertigem Feinguss<br \/>\nErh\u00e4ltlich in Edelstahl AISI 304, AISI 316L<br \/>\nISO 5211-Direktmontagepad<br \/>\nEinstellbare Vorbaupackung<br \/>\nAusblassicheres Schaftdesign<br \/>\nErh\u00e4ltlich mit L-\/T-\/X-\/I-Anschluss<br \/>\n100% Luft getestet unter Wasser bei 80\u2013100 psi<br \/>\nTemperaturbereich -29 \u00b0C bis 120 \u00b0C<br \/>\nEndtyp: T-Klemme, Rohrschwei\u00dfverbindung, verl\u00e4ngerte Rohrschwei\u00dfverbindung<\/p>\n<p>F\u00fcr weitere Materialien und Details wenden Sie sich bitte an unseren Vertrieb.<\/p>\n<p>Datumsblatt:<br \/>\n<a href=\"https:\/\/www.stvvalves.com\/wp-content\/uploads\/2018\/12\/3-way-sanitary-ball-valve-aisi-316l.jpg\">3-Wege-Sanit\u00e4r-Kugelhahn AISI 316L<\/a><\/p>","protected":false},"featured_media":4233,"template":"","meta":[],"product_brand":[],"product_cat":[966,969],"product_tag":[397,394,390,396,392,393,391,395],"class_list":{"0":"post-4230","1":"product","2":"type-product","3":"status-publish","4":"has-post-thumbnail","6":"product_cat-pipe-fitting","7":"product_cat-sanitary-pipe-fitting-and-valves","8":"product_tag-3-way-ball-valves","9":"product_tag-3-way-multi-port-sanitary-stainless-steel-ball-valve","10":"product_tag-3-way-sanitary-ball-valves","11":"product_tag-3-way-sanitary-tri-clamp-valve","12":"product_tag-316l-stainless","13":"product_tag-sanitary-3-4-way-ball-valve","14":"product_tag-sanitary-3-way-ball-valve","15":"product_tag-t-port-three-way-sanitary-ball-valve","17":"first","18":"instock","19":"shipping-taxable","20":"product-type-simple"},"_links":{"self":[{"href":"https:\/\/www.stvvalves.com\/de\/wp-json\/wp\/v2\/product\/4230","targetHints":{"allow":["GET"]}}],"collection":[{"href":"https:\/\/www.stvvalves.com\/de\/wp-json\/wp\/v2\/product"}],"about":[{"href":"https:\/\/www.stvvalves.com\/de\/wp-json\/wp\/v2\/types\/product"}],"wp:featuredmedia":[{"embeddable":true,"href":"https:\/\/www.stvvalves.com\/de\/wp-json\/wp\/v2\/media\/4233"}],"wp:attachment":[{"href":"https:\/\/www.stvvalves.com\/de\/wp-json\/wp\/v2\/media?parent=4230"}],"wp:term":[{"taxonomy":"product_brand","embeddable":true,"href":"https:\/\/www.stvvalves.com\/de\/wp-json\/wp\/v2\/product_brand?post=4230"},{"taxonomy":"product_cat","embeddable":true,"href":"https:\/\/www.stvvalves.com\/de\/wp-json\/wp\/v2\/product_cat?post=4230"},{"taxonomy":"product_tag","embeddable":true,"href":"https:\/\/www.stvvalves.com\/de\/wp-json\/wp\/v2\/product_tag?post=4230"}],"curies":[{"name":"wp","href":"https:\/\/api.w.org\/{rel}","templated":true}]}}