{"id":4234,"date":"2018-12-14T12:52:59","date_gmt":"2018-12-14T12:52:59","guid":{"rendered":"https:\/\/www.stvvalves.com\/?post_type=product&#038;p=4234"},"modified":"2025-02-17T18:19:22","modified_gmt":"2025-02-17T10:19:22","slug":"pn16-flange-ball-valve-with-direct-mount","status":"publish","type":"product","link":"https:\/\/www.stvvalves.com\/de\/products\/pn16-flange-ball-valve-with-direct-mount\/","title":{"rendered":"PN16-Flanschkugelhahn mit Direktmontage"},"content":{"rendered":"<p>PN16-Flanschkugelhahn mit Direktmontage<\/p>\n<p>Produktmerkmale:<\/p>\n<p>Material aus gegossenem Edelstahl<\/p>\n<p>Massive Edelstahlkugel<\/p>\n<p>Ausblassicherer Edelstahlschaft<\/p>\n<p>Verst\u00e4rkte PTFE-Sitze<\/p>\n<p>Vollst\u00e4ndige \u00d6ffnung f\u00fcr uneingeschr\u00e4nkten Durchfluss<\/p>\n<p>Abschlie\u00dfbar in vollst\u00e4ndig ge\u00f6ffneter oder geschlossener Position<\/p>\n<p>Brandsicheres Design nach API 607 verf\u00fcgbar<\/p>\n<p>Montagepad f\u00fcr einfache Bet\u00e4tigung<\/p>\n<p>Verstellbare L\u00e4nge\/abnehmbare Griffe f\u00fcr den Einbau in Bereiche mit begrenztem Platzangebot<\/p>\n<p>Griff mit Verriegelung ist optional<\/p>\n<p>Zertifiziert, um den Anforderungen verschiedener M\u00e4rkte gerecht zu werden.<\/p>\n<p>Technische Spezifikationen:<\/p>\n<p>Design- und Herstellungsstandard: API 6D, API 608, BS 5351\/DIN3357\/JIS B2071<\/p>\n<p>Druck- und Temperaturstandard: ASME B16.34\/DIN3230<\/p>\n<p>Standard f\u00fcr Baul\u00e4ngenabmessungen: ASME B16.10\/DIN3202\/JIS B2002<\/p>\n<p>Flanschstandard: ASME B16.5, ASME B16.47\/DIN2543-2545-2501\/JIS B2220<\/p>\n<p>Test- und Inspektionsstandard: API 598, API 6D\/DIN2401\/JIS B2003.<\/p>\n<p><img loading=\"lazy\" decoding=\"async\" class=\"alignnone size-full wp-image-4235\" src=\"https:\/\/www.stvvalves.com\/wp-content\/uploads\/2018\/12\/pn16-flange-ball-valve-with-direct-mount-drawing.jpg\" alt=\"\" width=\"2339\" height=\"1653\" srcset=\"https:\/\/www.stvvalves.com\/wp-content\/uploads\/2018\/12\/pn16-flange-ball-valve-with-direct-mount-drawing.jpg 2339w, https:\/\/www.stvvalves.com\/wp-content\/uploads\/2018\/12\/pn16-flange-ball-valve-with-direct-mount-drawing-600x424.jpg 600w, https:\/\/www.stvvalves.com\/wp-content\/uploads\/2018\/12\/pn16-flange-ball-valve-with-direct-mount-drawing-300x212.jpg 300w, https:\/\/www.stvvalves.com\/wp-content\/uploads\/2018\/12\/pn16-flange-ball-valve-with-direct-mount-drawing-768x543.jpg 768w, https:\/\/www.stvvalves.com\/wp-content\/uploads\/2018\/12\/pn16-flange-ball-valve-with-direct-mount-drawing-1030x728.jpg 1030w, https:\/\/www.stvvalves.com\/wp-content\/uploads\/2018\/12\/pn16-flange-ball-valve-with-direct-mount-drawing-1500x1060.jpg 1500w, https:\/\/www.stvvalves.com\/wp-content\/uploads\/2018\/12\/pn16-flange-ball-valve-with-direct-mount-drawing-260x185.jpg 260w, https:\/\/www.stvvalves.com\/wp-content\/uploads\/2018\/12\/pn16-flange-ball-valve-with-direct-mount-drawing-705x498.jpg 705w\" sizes=\"auto, (max-width: 2339px) 100vw, 2339px\" \/><\/p>","protected":false},"excerpt":{"rendered":"<p>Modell: Q41F-PN40<\/p>\n<p>Unser PN 16-Flanschkugelhahn mit Direktmontage verf\u00fcgt \u00fcber ein hochwertiges Feingussgeh\u00e4use und -ende. Sie sind in den Gr\u00f6\u00dfen 1\/2 bis 6 Zoll erh\u00e4ltlich und haben einen regul\u00e4ren Anschluss. Ein hervorragender Leckschutz wird durch den Einsatz unseres patentierten \u201ePyramiden\u201c-Stammdichtungssystems erreicht, das in der Grafik unten dargestellt ist. Dieses fortschrittliche System sch\u00fctzt vor Verschlei\u00df und Leckagen, die bei herk\u00f6mmlichen Kugelh\u00e4hnen auftreten. Zweiteiliges Geh\u00e4use, schwimmende Kugel, voller Durchgang, ausblassicherer Schaft. Feuersicheres Design. Antistatische Vorrichtungen f\u00fcr den Kugelschaftk\u00f6rper.<\/p>\n<p>Erh\u00e4ltlich mit PN16\/40- und ANSI 150-Flanschoptionen und in Gr\u00f6\u00dfen von 1\/2\u2033 bis 6\u2033.<br \/>\nMit einem direkt montierten ISO 5211-Bet\u00e4tigungspad sind diese Ventile einfach zu bet\u00e4tigen.<\/p>\n<p>STV Valve Technology Group Co., Ltd ist ein professioneller Marktf\u00fchrer f\u00fcr 2-teilige schwimmende Kugelh\u00e4hne in China, 2-teiliger Kugelhahn mit direkter Montageplatte, 2-teiliger Kugelhahn mit vollem Durchgang und Flansch DIN PN16, Kugelhahn mit Flanschende und direkter Montageplatte Pn16\/40, China DIN Pn16\/Pn40 2PC Flanschkugelhahn, China Hochtemperatur-Direktmontage-Flanschkugelhahn PN16 Hersteller mit hoher Qualit\u00e4t und wettbewerbsf\u00e4higem Preis.<\/p>\n<p>F\u00fcr weitere Materialien und Details wenden Sie sich bitte an sales@stvvalve.com.<\/p>\n<p>Datumsblatt: <a href=\"https:\/\/www.stvvalves.com\/wp-content\/uploads\/2018\/12\/pn16-flange-ball-valve-with-direct-mount-drawing.pdf\">PN16-Flanschkugelhahn mit Direktmontage<\/a><\/p>\n<p>&nbsp;<\/p>","protected":false},"featured_media":4236,"template":"","meta":[],"product_brand":[],"product_cat":[43,80,78,53],"product_tag":[398,404,399,400,402,401,403],"class_list":{"0":"post-4234","1":"product","2":"type-product","3":"status-publish","4":"has-post-thumbnail","6":"product_cat-ball-valve","7":"product_cat-flange-ball-valve","8":"product_cat-floating-ball-valve","9":"product_cat-stainless-steel-ball-valve","10":"product_tag-2-piece-floating-ball-valve","11":"product_tag-2pc-ball-valve-with-direct-mounting-pad","12":"product_tag-ball-valve-2-pce-full-bore-flanged-din-pn16","13":"product_tag-ball-valve-flanged-end-direct-mounting-pad-pn16-40","14":"product_tag-china-din-pn16-pn40-2pc-flange-ball-valve","15":"product_tag-flanged-ball-valves","16":"product_tag-high-temperature-direct-mount-flanged-pn16-ball-valve","18":"first","19":"instock","20":"shipping-taxable","21":"product-type-simple"},"_links":{"self":[{"href":"https:\/\/www.stvvalves.com\/de\/wp-json\/wp\/v2\/product\/4234","targetHints":{"allow":["GET"]}}],"collection":[{"href":"https:\/\/www.stvvalves.com\/de\/wp-json\/wp\/v2\/product"}],"about":[{"href":"https:\/\/www.stvvalves.com\/de\/wp-json\/wp\/v2\/types\/product"}],"wp:featuredmedia":[{"embeddable":true,"href":"https:\/\/www.stvvalves.com\/de\/wp-json\/wp\/v2\/media\/4236"}],"wp:attachment":[{"href":"https:\/\/www.stvvalves.com\/de\/wp-json\/wp\/v2\/media?parent=4234"}],"wp:term":[{"taxonomy":"product_brand","embeddable":true,"href":"https:\/\/www.stvvalves.com\/de\/wp-json\/wp\/v2\/product_brand?post=4234"},{"taxonomy":"product_cat","embeddable":true,"href":"https:\/\/www.stvvalves.com\/de\/wp-json\/wp\/v2\/product_cat?post=4234"},{"taxonomy":"product_tag","embeddable":true,"href":"https:\/\/www.stvvalves.com\/de\/wp-json\/wp\/v2\/product_tag?post=4234"}],"curies":[{"name":"wp","href":"https:\/\/api.w.org\/{rel}","templated":true}]}}