{"id":4245,"date":"2018-12-17T14:51:05","date_gmt":"2018-12-17T14:51:05","guid":{"rendered":"https:\/\/www.stvvalves.com\/?post_type=product&#038;p=4245"},"modified":"2025-03-04T20:50:15","modified_gmt":"2025-03-04T12:50:15","slug":"ansi-150lb-3-way-ball-valve-flange-end-t-port-with-iso-direct-mounting-pad","status":"publish","type":"product","link":"https:\/\/www.stvvalves.com\/de\/products\/ansi-150lb-3-way-ball-valve-flange-end-t-port-with-iso-direct-mounting-pad\/","title":{"rendered":"ANSI 150LB 3-Wege-Kugelhahn, Flanschende, T-Anschluss, mit ISO-Direktmontageplatte"},"content":{"rendered":"<p>Geschraubte Karosseriekonstruktion<br \/>\nK\u00f6rper aus Feinguss<br \/>\n1\/2\u2033 \u2013 4\u2033; Halterung &amp; Kupplung 6\u2033)<br \/>\nEinstellbare, vorgespannte PTFE-Packung<br \/>\nEntwickelt und gebaut f\u00fcr \u00fcberragende Leistung<br \/>\nDruckauslegung f\u00fcr ANSI 150<br \/>\nL-Port- und T-Port-Optionen<br \/>\nZwangsabsperrung an jedem der drei Anschl\u00fcsse<br \/>\nIntegriertes ISO 5211-Direktmontagepad f\u00fcr einfache Automatisierung<br \/>\nDer ausblassichere Schaft sorgt f\u00fcr zus\u00e4tzliche Sicherheit und Zuverl\u00e4ssigkeit<br \/>\nKomplette Konstruktion aus Edelstahl 316<\/p>\n<p>&nbsp;<\/p>\n<table>\n<tbody>\n<tr>\n<td width=\"200\"><strong>Produktname<\/strong><\/td>\n<td width=\"481\">ANSI 150LB 3-Wege-Kugelhahn, Flanschende, T-Anschluss, mit ISO-Direktmontageplatte<\/td>\n<\/tr>\n<tr>\n<td width=\"200\">1. Material<\/td>\n<td width=\"481\">WCB<\/td>\n<\/tr>\n<tr>\n<td width=\"200\">2. Gr\u00f6\u00dfe3<\/td>\n<td width=\"481\">\u201d<\/td>\n<\/tr>\n<tr>\n<td width=\"200\">4. Hafen<\/td>\n<td width=\"481\">Vollst\u00e4ndiger Port<\/td>\n<\/tr>\n<tr>\n<td width=\"200\">5. Arbeitsdruck<\/td>\n<td width=\"481\">150 Pfund<\/td>\n<\/tr>\n<tr>\n<td width=\"200\">6. Verbindung endet<\/td>\n<td width=\"481\">RF<\/td>\n<\/tr>\n<tr>\n<td width=\"200\">7. Arbeitstemperatur.<\/td>\n<td width=\"481\">-29~180 \u00b0C,<\/td>\n<\/tr>\n<tr>\n<td width=\"200\">8. Geeignetes Medium<\/td>\n<td width=\"481\">Wasser, Erdgas, \u00d6l und einige \u00e4tzende Fl\u00fcssigkeiten<\/td>\n<\/tr>\n<tr>\n<td width=\"200\">9. Betrieben<\/td>\n<td width=\"481\">Handrad<\/td>\n<\/tr>\n<tr>\n<td width=\"200\">10. Inspektion und Pr\u00fcfung<\/td>\n<td width=\"481\">Gem\u00e4\u00df API598<\/td>\n<\/tr>\n<tr>\n<td width=\"200\"><strong>Sendung<\/strong><\/td>\n<td width=\"481\"><\/td>\n<\/tr>\n<tr>\n<td width=\"200\">Lieferzeit<\/td>\n<td width=\"481\">30 Tage<\/td>\n<\/tr>\n<tr>\n<td width=\"200\">Paket<\/td>\n<td width=\"481\">Standard-Export-Sperrholzkiste<\/td>\n<\/tr>\n<tr>\n<td width=\"200\">Hafen<\/td>\n<td width=\"481\">Ningbo\/Shanghai, China<\/td>\n<\/tr>\n<tr>\n<td width=\"200\">Versandbedingungen<\/td>\n<td width=\"481\">Exw, FOB, CFR, CIF usw.<\/td>\n<\/tr>\n<tr>\n<td width=\"200\">Zahlungsbedingungen<\/td>\n<td width=\"481\">T\/T, Western Union, PayPal usw.<\/td>\n<\/tr>\n<tr>\n<td width=\"200\"><\/td>\n<td width=\"481\">30% Vorauszahlung, 70% Restbetrag vor dem Versand bezahlt<\/td>\n<\/tr>\n<tr>\n<td width=\"200\">Herkunftsland<\/td>\n<td width=\"481\">Stadt Wenzhou, China<\/td>\n<\/tr>\n<tr>\n<td width=\"200\">Produktionskapazit\u00e4t<\/td>\n<td width=\"481\">6000 Tonnen\/Jahr<\/td>\n<\/tr>\n<tr>\n<td width=\"200\">Mindestbestellmenge<\/td>\n<td width=\"481\">1 St\u00fcck\/Gr\u00f6\u00dfe<\/td>\n<\/tr>\n<\/tbody>\n<\/table>","protected":false},"excerpt":{"rendered":"<p>Modell:Q45F-150LB-3\u2033<\/p>\n<p>Der Dreiwege-Kugelhahn ist ein relativ neuer Kugelhahntyp. Es hat eine kompakte Struktur, ein sch\u00f6nes Aussehen und eine gute Dichtungsleistung. Es kann nicht nur die Flie\u00dfrichtung des Mediums \u00e4ndern, sondern auch die drei Kan\u00e4le miteinander verbinden und jeden Kanal schlie\u00dfen, um einen anderen zu bilden. Die beiden Kan\u00e4le sind verbunden, um den Zusammenfluss oder die Trennung des Mediums in der Rohrleitung flexibel zu steuern. Es verf\u00fcgt \u00fcber einige einzigartige Vorteile, die sich aus seiner Struktur ergeben, wie z. B. keine Reibung des Schalters, keine leichte Abnutzung der Dichtung und ein geringes \u00d6ffnungs- und Schlie\u00dfmoment. Dadurch verringert sich die Gr\u00f6\u00dfe der mitgelieferten Aktoren. Mit elektrischen Drehantrieben kann das Medium eingestellt und dicht verschlossen werden. Es wird h\u00e4ufig in der Erd\u00f6l-, Chemie-, st\u00e4dtischen Wasserversorgung und -entsorgung sowie bei anderen Bedingungen eingesetzt, die ein strenges Schneiden erfordern.<\/p>\n<p>STV Valve Technology Group Co., Ltd ist ein professioneller Marktf\u00fchrer in China 150 lb ANSI-Flanschkugelhahn, 3-Wege-Kugelhahn, 3-Wege-Kugelhahn aus Edelstahl 316 L-Anschluss, 3-Wege-Kugelhahn aus Edelstahl 316 L-Anschluss, Kugelhahn 3-Wege ANSI 150lb Flansch-Kugelhahn mit vollem Durchgang aus Edelstahl, China 3-Wege-Kugelhahn ISO-Direktmontage-Pad ANSI 150lb, Flansch-Kugelhahn mit vollem Durchgang, Dreiwege-Flanschkugelhahn, China WCB ANSI 150 Flansch-Feuerschutzkugelhahn Hersteller mit hoher Qualit\u00e4t und wettbewerbsf\u00e4hig Preis.<\/p>\n<div class=\"woocommerce-product-details__short-description\">\n<p>F\u00fcr weitere Materialien und Details wenden Sie sich bitte an sales@stvvalve.com.<\/p>\n<p>Datumsblatt: <a href=\"https:\/\/www.stvvalves.com\/wp-content\/uploads\/2018\/12\/ansi-150LB-3-way-ball-valve-flange-end-t-port-with-iso-direct-mounting-pad-drawing.pdf\">ANSI150LB 3-Wege-Kugelhahn, Flanschende, T-Anschluss, mit ISO-Direktmontageplatte<\/a><\/p>\n<\/div>\n<form class=\"cart\" action=\"https:\/\/www.stvvalves.com\/de\/product\/carbon-steel-flange-ball-valve-dn50-150lb-304-trim-rf-end\/\" enctype=\"multipart\/form-data\" method=\"post\" data-trp-original-action=\"https:\/\/www.stvvalves.com\/product\/carbon-steel-flange-ball-valve-dn50-150lb-304-trim-rf-end\/\">\n<div class=\"wcpa_form_outer\"><\/div>\n<div class=\"quantity\"><\/div>\n<div class=\"addquotelistlink\">\n<div class=\"quotelistadd_prodpage\"><\/div>\n<\/div>\n<input type=\"hidden\" name=\"trp-form-language\" value=\"de\"\/><\/form>","protected":false},"featured_media":4248,"template":"","meta":[],"product_brand":[],"product_cat":[43,54,80,78,53],"product_tag":[414,171,417,415,413,419,416,418,405],"class_list":{"0":"post-4245","1":"product","2":"type-product","3":"status-publish","4":"has-post-thumbnail","6":"product_cat-ball-valve","7":"product_cat-cast-steel-ball-valve","8":"product_cat-flange-ball-valve","9":"product_cat-floating-ball-valve","10":"product_cat-stainless-steel-ball-valve","11":"product_tag-150-lb-ansi-flange-ball-valve","12":"product_tag-3-way-ball-valve","13":"product_tag-3-way-ball-valve-stainless-steel-316-l-port","14":"product_tag-316-stainless-steel-ansi-150-flanged-fire-safe-ball-valve-lever","15":"product_tag-ball-valve-3-way-flanged-ansi-150lb-full-bore-stainless-steel","16":"product_tag-china-3-way-ball-valve-iso-direct-mounting-pad-ansi-150lb","17":"product_tag-flange-full-port-ball-valve","18":"product_tag-three-way-flanged-ball-valves","19":"product_tag-wcb-ansi-150-flanged-fire-safe-ball-valve","21":"first","22":"instock","23":"shipping-taxable","24":"product-type-simple"},"_links":{"self":[{"href":"https:\/\/www.stvvalves.com\/de\/wp-json\/wp\/v2\/product\/4245","targetHints":{"allow":["GET"]}}],"collection":[{"href":"https:\/\/www.stvvalves.com\/de\/wp-json\/wp\/v2\/product"}],"about":[{"href":"https:\/\/www.stvvalves.com\/de\/wp-json\/wp\/v2\/types\/product"}],"wp:featuredmedia":[{"embeddable":true,"href":"https:\/\/www.stvvalves.com\/de\/wp-json\/wp\/v2\/media\/4248"}],"wp:attachment":[{"href":"https:\/\/www.stvvalves.com\/de\/wp-json\/wp\/v2\/media?parent=4245"}],"wp:term":[{"taxonomy":"product_brand","embeddable":true,"href":"https:\/\/www.stvvalves.com\/de\/wp-json\/wp\/v2\/product_brand?post=4245"},{"taxonomy":"product_cat","embeddable":true,"href":"https:\/\/www.stvvalves.com\/de\/wp-json\/wp\/v2\/product_cat?post=4245"},{"taxonomy":"product_tag","embeddable":true,"href":"https:\/\/www.stvvalves.com\/de\/wp-json\/wp\/v2\/product_tag?post=4245"}],"curies":[{"name":"wp","href":"https:\/\/api.w.org\/{rel}","templated":true}]}}