{"id":4250,"date":"2018-12-17T15:36:00","date_gmt":"2018-12-17T15:36:00","guid":{"rendered":"https:\/\/www.stvvalves.com\/?post_type=product&#038;p=4250"},"modified":"2025-02-17T18:19:17","modified_gmt":"2025-02-17T10:19:17","slug":"globe-valve-class-2500lb-f22-body-304-trim-flange-end","status":"publish","type":"product","link":"https:\/\/www.stvvalves.com\/de\/products\/globe-valve-class-2500lb-f22-body-304-trim-flange-end\/","title":{"rendered":"Kugelventil der Klasse 2500LB, F22-Geh\u00e4use, 304-Innengarnitur, Flanschende"},"content":{"rendered":"<p>Hauptparameterspezifikation:<br \/>\nDesign und Herstellung entsprechen BS 5352, ANSI B16.34<\/p>\n<p>Anschlussenden entsprechen:<\/p>\n<p>1. Die geschwei\u00dften Enden entsprechen ANSI B16.11<\/p>\n<p>2. Schraubenenden entsprechen ANSI B1.20.1<\/p>\n<p>3.Stumpfgeschwei\u00dfte Enden entsprechen ANSI B16.25<\/p>\n<p>4. Flanschenden entsprechen ANSI B16.5, JB79<\/p>\n<p>Tests und Inspektionen entsprechen: API 598<\/p>\n<p>Strukturmerkmale: Verschraubte Motorhaube, geschwei\u00dfte Motorhaube, Druckdichtungshaube, Au\u00dfenschraube und Joch<\/p>\n<p>Produktauswahl<\/p>\n<p>Geh\u00e4usematerial: Kohlenstoffstahl, Edelstahl, legierter Stahl<\/p>\n<p>Nenndurchmesser: 1\/2\u2033\uff5e2\u2033\uff08DN15~DN50\uff09<\/p>\n<p>Endverbindung: THR, SW, BW, RF, RTJ<\/p>\n<p>Druckbereich: Klasse 150\u20132500 (PN16\u2013PN420).<\/p>\n<p>Arbeitstemperatur: -196\u2103~+560\u2103<\/p>\n<p>Bedienung: Handrad<\/p>\n<p><img loading=\"lazy\" decoding=\"async\" class=\"alignnone size-full wp-image-4251\" src=\"https:\/\/www.stvvalves.com\/wp-content\/uploads\/2018\/12\/globe-valve-class-2500lb-f22-body-304-trim-flange-end-DRAWING.jpg\" alt=\"\" width=\"2338\" height=\"1653\" srcset=\"https:\/\/www.stvvalves.com\/wp-content\/uploads\/2018\/12\/globe-valve-class-2500lb-f22-body-304-trim-flange-end-DRAWING.jpg 2338w, https:\/\/www.stvvalves.com\/wp-content\/uploads\/2018\/12\/globe-valve-class-2500lb-f22-body-304-trim-flange-end-DRAWING-600x424.jpg 600w, https:\/\/www.stvvalves.com\/wp-content\/uploads\/2018\/12\/globe-valve-class-2500lb-f22-body-304-trim-flange-end-DRAWING-300x212.jpg 300w, https:\/\/www.stvvalves.com\/wp-content\/uploads\/2018\/12\/globe-valve-class-2500lb-f22-body-304-trim-flange-end-DRAWING-768x543.jpg 768w, https:\/\/www.stvvalves.com\/wp-content\/uploads\/2018\/12\/globe-valve-class-2500lb-f22-body-304-trim-flange-end-DRAWING-1030x728.jpg 1030w, https:\/\/www.stvvalves.com\/wp-content\/uploads\/2018\/12\/globe-valve-class-2500lb-f22-body-304-trim-flange-end-DRAWING-1500x1061.jpg 1500w, https:\/\/www.stvvalves.com\/wp-content\/uploads\/2018\/12\/globe-valve-class-2500lb-f22-body-304-trim-flange-end-DRAWING-260x185.jpg 260w, https:\/\/www.stvvalves.com\/wp-content\/uploads\/2018\/12\/globe-valve-class-2500lb-f22-body-304-trim-flange-end-DRAWING-705x498.jpg 705w\" sizes=\"auto, (max-width: 2338px) 100vw, 2338px\" \/><\/p>","protected":false},"excerpt":{"rendered":"<p>Modell: j41y-2500lb-F22<\/p>\n<p>Produktstrukturmerkmale:<br \/>\n1. Das Produkt wurde gem\u00e4\u00df den Standards ANSIB16.34 und E101 entwickelt und hergestellt und kann mit importierten Ger\u00e4ten verwendet werden.<br \/>\n2. Der Ventilhohlraum verf\u00fcgt \u00fcber eine druckselbstspannende Dichtungsstruktur. Je h\u00f6her der Innendruck im Hohlraum ist, desto besser ist die Dichtungsleistung. Die Enden des Abzweigrohrs sind 4. Die Dichte der Ventilscheibe und des Ventilsitzes<br \/>\nDie Abdeckung besteht aus einer Hartlegierung auf Stellite-Kobaltbasis und die Dichtfl\u00e4che betr\u00e4gt 6. Die Tiefe der Motorhaubenstopfbuchse ist angemessen und der F\u00fcllstoff wird mit Korrosionshemmung hinzugef\u00fcgt.<br \/>\nDas Mittel dichtet zuverl\u00e4ssig ab und der Schalter ist stabil.<br \/>\n7. Das Ventil verf\u00fcgt \u00fcber eine obere Dichtungsstruktur, um sicherzustellen, dass das Ventil beim \u00d6ffnen nicht au\u00dferhalb des Ventilschafts leckt.<br \/>\n8. Das \u00d6ffnen und Schlie\u00dfen des elektrischen Absperrventils wird durch ein elektrisches Ger\u00e4t gesteuert, und das elektrische Ger\u00e4t ist jeweils mit einem Spezialmotor, einem Drehzahlminderer und einem Drehmomentsteuermechanismus ausgestattet.<br \/>\nVor-Ort-Bedienmechanismus, Hand, elektrischer Schaltmechanismus. Neben der lokalen Bedienung ist auch eine Remote-Bedienung m\u00f6glich.<\/p>\n<p>STV Valve Technology Group Co., Ltd ist ein professioneller Marktf\u00fchrer f\u00fcr China 2500LB-Absperrventile, API 602-Absperrventile, geschmiedete Stahlabsperrventile, geschmiedete Stahlventile, druckdichte Absperrventile, F22-Absperrventile und Schwei\u00dfflansch-Absperrventile mit hoher Qualit\u00e4t und Wettbewerbsf\u00e4higkeit Preis.<\/p>\n<p>F\u00fcr weitere Materialien und Details wenden Sie sich bitte an sales@stvvalve.com.<\/p>\n<p>Datumsblatt:<a href=\"https:\/\/www.stvvalves.com\/wp-content\/uploads\/2018\/12\/globe-valve-class-2500lb-f22-body-304-trim-flange-end-DRAWING.jpg\">Kugelventil der Klasse 2500LB, F22-Geh\u00e4use, 304-Innengarnitur, Flanschende<\/a><\/p>","protected":false},"featured_media":4252,"template":"","meta":[],"product_brand":[],"product_cat":[64,45],"product_tag":[210,212,591,197,420,321,1017],"class_list":{"0":"post-4250","1":"product","2":"type-product","3":"status-publish","4":"has-post-thumbnail","6":"product_cat-foreged-steel-globe-valve","7":"product_cat-globe-valve","8":"product_tag-2500lb-globe-valve","9":"product_tag-api-602-globe-valve","10":"product_tag-f22-globe-valve","11":"product_tag-forged-steel-globe-valve","12":"product_tag-forged-steel-valve","13":"product_tag-pressure-seal-globe-valve","14":"product_tag-welding-flange-globe-valve","16":"first","17":"instock","18":"shipping-taxable","19":"product-type-simple"},"_links":{"self":[{"href":"https:\/\/www.stvvalves.com\/de\/wp-json\/wp\/v2\/product\/4250","targetHints":{"allow":["GET"]}}],"collection":[{"href":"https:\/\/www.stvvalves.com\/de\/wp-json\/wp\/v2\/product"}],"about":[{"href":"https:\/\/www.stvvalves.com\/de\/wp-json\/wp\/v2\/types\/product"}],"wp:featuredmedia":[{"embeddable":true,"href":"https:\/\/www.stvvalves.com\/de\/wp-json\/wp\/v2\/media\/4252"}],"wp:attachment":[{"href":"https:\/\/www.stvvalves.com\/de\/wp-json\/wp\/v2\/media?parent=4250"}],"wp:term":[{"taxonomy":"product_brand","embeddable":true,"href":"https:\/\/www.stvvalves.com\/de\/wp-json\/wp\/v2\/product_brand?post=4250"},{"taxonomy":"product_cat","embeddable":true,"href":"https:\/\/www.stvvalves.com\/de\/wp-json\/wp\/v2\/product_cat?post=4250"},{"taxonomy":"product_tag","embeddable":true,"href":"https:\/\/www.stvvalves.com\/de\/wp-json\/wp\/v2\/product_tag?post=4250"}],"curies":[{"name":"wp","href":"https:\/\/api.w.org\/{rel}","templated":true}]}}