{"id":4254,"date":"2018-12-18T02:46:04","date_gmt":"2018-12-18T02:46:04","guid":{"rendered":"https:\/\/www.stvvalves.com\/?post_type=product&#038;p=4254"},"modified":"2025-02-17T18:19:18","modified_gmt":"2025-02-17T10:19:18","slug":"316-thin-wafer-ball-valve-with-iso-direct-mounting-pad-pn16-flange-end","status":"publish","type":"product","link":"https:\/\/www.stvvalves.com\/de\/products\/316-thin-wafer-ball-valve-with-iso-direct-mounting-pad-pn16-flange-end\/","title":{"rendered":"316 d\u00fcnner Wafer-Kugelhahn mit ISO-Direktmontageplatte, PN16, Flanschende"},"content":{"rendered":"<p>Designstandard: ASME B16.34\/API 608<br \/>\nFlanschenden: ANSI B16.5 JIS B2220 BS 4504 DIN2543<br \/>\nVon Angesicht zu Angesicht: ANSI B16.10 JIS B2002<br \/>\nMontageplatte: ISO5211<br \/>\nVon Angesicht zu Angesicht: ANSI B16.10 JIS B2002<br \/>\nFeuersicheres Design: API607<br \/>\nArbeitsdruck: PN16\/PN25\/PN40\/PN63<br \/>\nStandard-Reduzierbohrung<br \/>\nGr\u00f6\u00dfe: 1\/2 Zoll-8 Zoll<br \/>\nMaterial: CF8(SS304)\/CF8M(SS316)\/CF3M(SS316L)\/WCB<br \/>\nGeh\u00e4use aus geschmiedetem Stahl oder Feinguss<br \/>\nGeeignete Temperatur: &lt;150\u2103 (PPL &lt;300\u2103)<br \/>\nGeeignetes Medium: Wasser, Gas, \u00d6l, Salpeters\u00e4ure, Essigs\u00e4ure usw.<br \/>\nGewindeenden: BSPT.NPT.DIN2999.ISO 228\/1&amp;ISO\/1<br \/>\nInspektion und Pr\u00fcfung: API598<br \/>\nOptionen: Schlie\u00dfvorrichtung verf\u00fcgbar<\/p>\n<p>&nbsp;<\/p>\n<table>\n<tbody>\n<tr>\n<td width=\"200\"><strong>Produktname<\/strong><\/td>\n<td width=\"481\">316 d\u00fcnner Wafer-Kugelhahn mit ISO-Direktmontageplatte, PN16, Flanschende<\/td>\n<\/tr>\n<tr>\n<td width=\"200\">1. Material<\/td>\n<td width=\"481\">316<\/td>\n<\/tr>\n<tr>\n<td width=\"200\">2. Gr\u00f6\u00dfe<\/td>\n<td width=\"481\">1&quot;<\/td>\n<\/tr>\n<tr>\n<td width=\"200\">4. Hafen<\/td>\n<td width=\"481\">\u00a0Reduzieranschluss<\/td>\n<\/tr>\n<tr>\n<td width=\"200\">5. Arbeitsdruck<\/td>\n<td width=\"481\">PN16<\/td>\n<\/tr>\n<tr>\n<td width=\"200\">6. Verbindung endet<\/td>\n<td width=\"481\">RF<\/td>\n<\/tr>\n<tr>\n<td width=\"200\">7. Arbeitstemperatur.<\/td>\n<td width=\"481\">-29~120 \u00b0C,<\/td>\n<\/tr>\n<tr>\n<td width=\"200\">8. Geeignetes Medium<\/td>\n<td width=\"481\">Wasser, Erdgas, \u00d6l und einige \u00e4tzende Fl\u00fcssigkeiten<\/td>\n<\/tr>\n<tr>\n<td width=\"200\">9. Betrieben<\/td>\n<td width=\"481\">Handrad<\/td>\n<\/tr>\n<tr>\n<td width=\"200\">10. Inspektion und Pr\u00fcfung<\/td>\n<td width=\"481\">Gem\u00e4\u00df API 598<\/td>\n<\/tr>\n<tr>\n<td width=\"200\"><strong>Sendung<\/strong><\/td>\n<td width=\"481\"><\/td>\n<\/tr>\n<tr>\n<td width=\"200\">Lieferzeit<\/td>\n<td width=\"481\">30 Tage<\/td>\n<\/tr>\n<tr>\n<td width=\"200\">Paket<\/td>\n<td width=\"481\">Standard-Export-Sperrholzkiste<\/td>\n<\/tr>\n<tr>\n<td width=\"200\">Hafen<\/td>\n<td width=\"481\">Ningbo\/Shanghai, China<\/td>\n<\/tr>\n<tr>\n<td width=\"200\">Versandbedingungen<\/td>\n<td width=\"481\">Exw, FOB, CFR, CIF usw.<\/td>\n<\/tr>\n<tr>\n<td width=\"200\">Zahlungsbedingungen<\/td>\n<td width=\"481\">T\/T, Western Union, PayPal usw.<\/td>\n<\/tr>\n<tr>\n<td width=\"200\"><\/td>\n<td width=\"481\">30% Vorauszahlung, 70% Restbetrag vor dem Versand bezahlt<\/td>\n<\/tr>\n<tr>\n<td width=\"200\">Herkunftsland<\/td>\n<td width=\"481\">Stadt Wenzhou, China<\/td>\n<\/tr>\n<tr>\n<td width=\"200\">Produktionskapazit\u00e4t<\/td>\n<td width=\"481\">6000 Tonnen\/Jahr<\/td>\n<\/tr>\n<tr>\n<td width=\"200\">Mindestbestellmenge<\/td>\n<td width=\"481\">10 St\u00fcck\/Gr\u00f6\u00dfe<\/td>\n<\/tr>\n<\/tbody>\n<\/table>","protected":false},"excerpt":{"rendered":"<p>Modell: Q71F-PN16-DN80<\/p>\n<p>Unser Wafer-Kugelhahn ist f\u00fcr den Einsatz konzipiert<br \/>\nin einem kompakten Rohrleitungssystem, bei dem Platz, Gewicht und Leichtigkeit von Bedeutung sind<br \/>\nInstallation sind vorrangige Themen. es hat \u00e4hnliches<br \/>\nMerkmale wie andere Eink\u00f6rper-Kugelh\u00e4hne, einschlie\u00dflich feuersicherem Design und<br \/>\ndas standardm\u00e4\u00dfige, ausblassichere Schaftdesign.<br \/>\nDas ISO 5211-Montagepad-Design erm\u00f6glicht dies ebenfalls<br \/>\nzur perfekten Verbindung mit Ventilautomatisierungsprodukten<br \/>\nIn Situationen, in denen das Rohrleitungssystem kompakt ist, verringert sich nicht nur die L\u00e4nge des Ventilk\u00f6rpers<br \/>\nDurch den k\u00fcrzeren Abstand verringert sich auch das Ventilgewicht<br \/>\nmaximal 40 im Vergleich zu anderen herk\u00f6mmlichen Flanschenden<br \/>\nEink\u00f6rper-Kugelhahn. Das Ventil kann in ein Rohrleitungssystem eingebaut werden<br \/>\nohne zus\u00e4tzliche Unterst\u00fctzung, unabh\u00e4ngig von der Rohrleitungsl\u00e4nge. Die Einheit<br \/>\nDas Karosseriedesign vermeidet die Verwendung unn\u00f6tiger Verbindungsfl\u00e4chen und<br \/>\nbeseitigt die M\u00f6glichkeit einer Leckage am Ventilk\u00f6rper.<br \/>\n\u00c4hnlich wie andere Eink\u00f6rper-Kugelh\u00e4hne bietet es optional eine feuersichere Konstruktion, um Leckagen zu reduzieren<br \/>\nProblem durch Feuer verursacht. Der Zweck dieses Entwurfs besteht darin, dass die<br \/>\nDas Ventil kann seinen Betrieb auch dann noch aufrechterhalten, wenn das weiche PTFE durch einen Brand besch\u00e4digt wurde<br \/>\nSitz. Anschlie\u00dfend kommt die pr\u00e4zise bearbeitete Ventilkugel in Kontakt<br \/>\nden Metallkontakt oder die Lippe und bildet eine neue Metall-auf-Metall-Dichtung.<br \/>\nAlle Kugelh\u00e4hne in Zwischenflanschausf\u00fchrung sind mit einer Ausblassicherung ausgestattet<br \/>\nDesign f\u00fcr den Vorbau. Der vorgespannte und selbsteinstellende Vorbau war<br \/>\nso konzipiert und hergestellt, dass es von einem hervorstehenden Ring umgeben ist<br \/>\nder Stammk\u00f6rper. Durch dieses spezielle Design bleibt der Stiel im<br \/>\nVentilk\u00f6rper, wenn im Rohrleitungssystem ein \u00dcberdruck auftritt.<\/p>\n<p>STV Valve Technology Group Co., Ltd ist ein professioneller Marktf\u00fchrer in China, Wafer-Flanschkugelhahn mit ISO-Pad, Wafer-Kompaktkugelhahn, Wafer-D\u00fcnnkugelhahn, Wafer-Kugelhahn aus Edelstahl, Wafer-Kugelhahn mit Montagepad, SS-Kugelhahn mit ISO-Montagepad, ISO-Direktmontagepad-Kugelhahn im Gro\u00dfhandel, China-Wafer-Kugelhahn aus Edelstahl 304\/316, China-Kugelhahn-Direktmontagepad-Hersteller mit hoher Qualit\u00e4t und wettbewerbsf\u00e4higem Preis.<\/p>\n<p>F\u00fcr weitere Materialien und Details wenden Sie sich bitte an sales@stvvalve.com.<\/p>\n<p>Datumsblatt:<a href=\"http:\/\/316-thin-wafer-ball-valve-with-iso-direct-mounting-pad-pn16-flange-end-drawing\">316 d\u00fcnner Wafer-Kugelhahn mit ISO-Direktmontageplatte, PN16, Flanschende<\/a><\/p>","protected":false},"featured_media":4257,"template":"","meta":[],"product_brand":[],"product_cat":[43,80,78,53],"product_tag":[166,424,423,422,427,421,429,428,426,425],"class_list":{"0":"post-4254","1":"product","2":"type-product","3":"status-publish","4":"has-post-thumbnail","6":"product_cat-ball-valve","7":"product_cat-flange-ball-valve","8":"product_cat-floating-ball-valve","9":"product_cat-stainless-steel-ball-valve","10":"product_tag-1-inch-ball-valve","11":"product_tag-ball-valve-direct-mounting-pad","12":"product_tag-china-stainless-steel-304-316-wafer-ball-valve","13":"product_tag-iso-direct-mounting-pad-ball-valve-wholesale","14":"product_tag-ss-ball-valve-with-iso-mounting-pad","15":"product_tag-wafer-ball-valve-with-mounting-pad","16":"product_tag-wafer-ball-valves-stainless-steel","17":"product_tag-wafer-thin-ball-valve","18":"product_tag-wafer-type-compact-ball-valve","19":"product_tag-wafer-type-flanged-ball-valve-with-iso-pad","21":"first","22":"instock","23":"shipping-taxable","24":"product-type-simple"},"_links":{"self":[{"href":"https:\/\/www.stvvalves.com\/de\/wp-json\/wp\/v2\/product\/4254","targetHints":{"allow":["GET"]}}],"collection":[{"href":"https:\/\/www.stvvalves.com\/de\/wp-json\/wp\/v2\/product"}],"about":[{"href":"https:\/\/www.stvvalves.com\/de\/wp-json\/wp\/v2\/types\/product"}],"wp:featuredmedia":[{"embeddable":true,"href":"https:\/\/www.stvvalves.com\/de\/wp-json\/wp\/v2\/media\/4257"}],"wp:attachment":[{"href":"https:\/\/www.stvvalves.com\/de\/wp-json\/wp\/v2\/media?parent=4254"}],"wp:term":[{"taxonomy":"product_brand","embeddable":true,"href":"https:\/\/www.stvvalves.com\/de\/wp-json\/wp\/v2\/product_brand?post=4254"},{"taxonomy":"product_cat","embeddable":true,"href":"https:\/\/www.stvvalves.com\/de\/wp-json\/wp\/v2\/product_cat?post=4254"},{"taxonomy":"product_tag","embeddable":true,"href":"https:\/\/www.stvvalves.com\/de\/wp-json\/wp\/v2\/product_tag?post=4254"}],"curies":[{"name":"wp","href":"https:\/\/api.w.org\/{rel}","templated":true}]}}