{"id":4263,"date":"2018-12-19T15:14:04","date_gmt":"2018-12-19T15:14:04","guid":{"rendered":"https:\/\/www.stvvalves.com\/?post_type=product&#038;p=4263"},"modified":"2025-02-27T15:09:05","modified_gmt":"2025-02-27T07:09:05","slug":"1500lb-pressure-seal-gate-valve-wc6-body-dn250-flange-end","status":"publish","type":"product","link":"https:\/\/www.stvvalves.com\/de\/products\/1500lb-pressure-seal-gate-valve-wc6-body-dn250-flange-end\/","title":{"rendered":"1500LB-Druckdichtungsschieber, WC6-Geh\u00e4use, DN250, Flanschende"},"content":{"rendered":"<p>Design und Herstellung: Absperrschieber aus Stahlguss nach API 600 (16.34)<\/p>\n<p>Inspektion und Test: API598, API600 oder API 6D<br \/>\nASME B16.5 (f\u00fcr NPS \u2264 24, ASME B 16.47 Serie B, API 605, ASME B16.47 A-Serie, MSS SP-44 (f\u00fcr NPS &gt; 24)<\/p>\n<p>BW-Endabmessung: ASME B16.25<\/p>\n<p>Face-to-Face und End-to-End: ASME B16.10<\/p>\n<p>Druck-Temperatur-Bewertungen: ASME B16.34<\/p>\n<p>Produktauswahl<\/p>\n<p>Geh\u00e4usematerial: Kohlenstoffstahl, Edelstahl, legierter Stahl<\/p>\n<p>Nenndurchmesser: 2\u2033~36\u2033(DN50~DN900)<\/p>\n<p>Endverbindung: RF, RTJ, BW<\/p>\n<p>Druckbereich: Klasse 150\u20132500 (PN16\u2013PN420).<\/p>\n<p>Arbeitstemperatur: -29\u2103~+560\u2103<\/p>\n<p>Bedienung: Handrad, Getriebe, elektrischer Stellantrieb usw.<\/p>\n<p>&nbsp;<\/p>\n<table>\n<tbody>\n<tr>\n<td width=\"200\"><strong>Produktname<\/strong><\/td>\n<td width=\"481\">1500LB-Druckdichtungsschieber, WC6-Geh\u00e4use, DN250, Flanschende<\/td>\n<\/tr>\n<tr>\n<td width=\"200\">1. Material<\/td>\n<td width=\"481\">WC6<\/td>\n<\/tr>\n<tr>\n<td width=\"200\">2. Gr\u00f6\u00dfe<\/td>\n<td width=\"481\">10&quot;<\/td>\n<\/tr>\n<tr>\n<td width=\"200\">4. Hafen<\/td>\n<td width=\"481\">Vollst\u00e4ndiger Port<\/td>\n<\/tr>\n<tr>\n<td width=\"200\">5. Arbeitsdruck<\/td>\n<td width=\"481\">1500 Pfund<\/td>\n<\/tr>\n<tr>\n<td width=\"200\">6. Verbindung endet<\/td>\n<td width=\"481\">RF<\/td>\n<\/tr>\n<tr>\n<td width=\"200\">7. Arbeitstemperatur.<\/td>\n<td width=\"481\">-29~520 \u00b0C,<\/td>\n<\/tr>\n<tr>\n<td width=\"200\">8. Geeignetes Medium<\/td>\n<td width=\"481\">Wasser, Erdgas, \u00d6l und einige \u00e4tzende Fl\u00fcssigkeiten<\/td>\n<\/tr>\n<tr>\n<td width=\"200\">9. Betrieben<\/td>\n<td width=\"481\">Getriebe<\/td>\n<\/tr>\n<tr>\n<td width=\"200\">10. Inspektion und Pr\u00fcfung<\/td>\n<td width=\"481\">Gem\u00e4\u00df API598<\/td>\n<\/tr>\n<tr>\n<td width=\"200\"><strong>Sendung<\/strong><\/td>\n<td width=\"481\"><\/td>\n<\/tr>\n<tr>\n<td width=\"200\">Lieferzeit<\/td>\n<td width=\"481\">30 Tage<\/td>\n<\/tr>\n<tr>\n<td width=\"200\">Paket<\/td>\n<td width=\"481\">Standard-Export-Sperrholzkiste<\/td>\n<\/tr>\n<tr>\n<td width=\"200\">Hafen<\/td>\n<td width=\"481\">Ningbo\/Shanghai, China<\/td>\n<\/tr>\n<tr>\n<td width=\"200\">Versandbedingungen<\/td>\n<td width=\"481\">Exw, FOB, CFR, CIF usw.<\/td>\n<\/tr>\n<tr>\n<td width=\"200\">Zahlungsbedingungen<\/td>\n<td width=\"481\">T\/T, Western Union, PayPal usw.<\/td>\n<\/tr>\n<tr>\n<td width=\"200\"><\/td>\n<td width=\"481\">30% Vorauszahlung, 70% Restbetrag vor dem Versand bezahlt<\/td>\n<\/tr>\n<tr>\n<td width=\"200\">Herkunftsland<\/td>\n<td width=\"481\">Stadt Wenzhou, China<\/td>\n<\/tr>\n<tr>\n<td width=\"200\">Produktionskapazit\u00e4t<\/td>\n<td width=\"481\">6000 Tonnen\/Jahr<\/td>\n<\/tr>\n<tr>\n<td width=\"200\">Mindestbestellmenge<\/td>\n<td width=\"481\">1 St\u00fcck\/Gr\u00f6\u00dfe<\/td>\n<\/tr>\n<\/tbody>\n<\/table>","protected":false},"excerpt":{"rendered":"<p>Modell: Z541Y-1500LB-10\u2033-WC6<\/p>\n<p>Der 1500-LB-Druckverschlussschieber wird haupts\u00e4chlich in der Rohrleitung der Feuerwache in einer Vielzahl von Systemen eingesetzt, bei denen die Rohrleitungsmedien abgeschnitten oder angeschlossen sind. Anwendbares Medium: Wasser, Dampf und andere nicht korrosive Medien. Im Vergleich zu Kraftwerksventilen und anderen Ventilprodukten zeichnen sich hohe Temperaturen und hoher Druck aus. Das einzigartige selbstdichtende Design sorgt f\u00fcr eine zuverl\u00e4ssigere Abdichtung, je h\u00f6her der Druck ist. Aufgrund der besonderen Eigenschaften technischer Merkmale k\u00f6nnen die Entstehungsbedingungen der Produkte nicht durch andere Produktmerkmale ersetzt werden.<\/p>\n<p>Im Vergleich zu Kraftwerksventilen und anderen Ventilprodukten zeichnen sie sich durch hohe Temperaturen und hohen Druck aus, und sei es nur aufgrund des niedrigen Drucks als das gemeinsame Ventil, sondern einfach aufgrund der Temperatur, die niedriger war als beim gemeinsamen Ventil. Aufgrund der besonderen Eigenschaften technischer Merkmale k\u00f6nnen die Entstehungsbedingungen der Produkte nicht durch andere Produktmerkmale ersetzt werden.<\/p>\n<p>STV Valve Technology Group Co., Ltd ist ein professioneller Marktf\u00fchrer in China 1500 Pfund Druckabsperrschieber aus Stahlguss, 1500 Pfund Gussstahlabsperrschieber, 1500 Pfund Druckabsperrschieber aus Gussstahl, Flanschschieber, Hochdruckabsperrschieber, Hersteller von Druckabsperrschieber mit hoher Qualit\u00e4t und wettbewerbsf\u00e4higem Preis.<\/p>\n<p>F\u00fcr weitere Materialien und Details wenden Sie sich bitte an sales@stvvalve.com.<\/p>\n<p>Datumsblatt:<a href=\"https:\/\/www.stvvalves.com\/wp-content\/uploads\/2018\/12\/1500lb-pressure-seal-gate-valve-wc6-body-dn250-flange-end-drawing.pdf\">1500LB-Druckdichtungsschieber, WC6-Geh\u00e4use, DN250, Flanschende<\/a><\/p>","protected":false},"featured_media":4264,"template":"","meta":[],"product_brand":[],"product_cat":[58,44],"product_tag":[435,437,436,224,195,352],"class_list":{"0":"post-4263","1":"product","2":"type-product","3":"status-publish","4":"has-post-thumbnail","6":"product_cat-cast-steel-gate-valve","7":"product_cat-gate-valve","8":"product_tag-1500lb-cast-steel-pressure-seal-gate-valve","9":"product_tag-cast-steel-gate-valve-1500lb","10":"product_tag-cast-steel-gate-valve-pressure-seal-1500-lb","11":"product_tag-flange-gate-valve","12":"product_tag-high-pressure-gate-valve","13":"product_tag-pressure-seal-gate-valve","15":"first","16":"instock","17":"featured","18":"shipping-taxable","19":"product-type-simple"},"_links":{"self":[{"href":"https:\/\/www.stvvalves.com\/de\/wp-json\/wp\/v2\/product\/4263","targetHints":{"allow":["GET"]}}],"collection":[{"href":"https:\/\/www.stvvalves.com\/de\/wp-json\/wp\/v2\/product"}],"about":[{"href":"https:\/\/www.stvvalves.com\/de\/wp-json\/wp\/v2\/types\/product"}],"wp:featuredmedia":[{"embeddable":true,"href":"https:\/\/www.stvvalves.com\/de\/wp-json\/wp\/v2\/media\/4264"}],"wp:attachment":[{"href":"https:\/\/www.stvvalves.com\/de\/wp-json\/wp\/v2\/media?parent=4263"}],"wp:term":[{"taxonomy":"product_brand","embeddable":true,"href":"https:\/\/www.stvvalves.com\/de\/wp-json\/wp\/v2\/product_brand?post=4263"},{"taxonomy":"product_cat","embeddable":true,"href":"https:\/\/www.stvvalves.com\/de\/wp-json\/wp\/v2\/product_cat?post=4263"},{"taxonomy":"product_tag","embeddable":true,"href":"https:\/\/www.stvvalves.com\/de\/wp-json\/wp\/v2\/product_tag?post=4263"}],"curies":[{"name":"wp","href":"https:\/\/api.w.org\/{rel}","templated":true}]}}