{"id":4272,"date":"2018-12-27T08:07:50","date_gmt":"2018-12-27T08:07:50","guid":{"rendered":"https:\/\/www.stvvalves.com\/?post_type=product&#038;p=4272"},"modified":"2025-02-17T18:19:12","modified_gmt":"2025-02-17T10:19:12","slug":"api-602-y-pattern-globe-valve-a105n-1-inch-2500-lb-sw-end","status":"publish","type":"product","link":"https:\/\/www.stvvalves.com\/de\/products\/api-602-y-pattern-globe-valve-a105n-1-inch-2500-lb-sw-end\/","title":{"rendered":"API 602 Y-f\u00f6rmiges Durchgangsventil, A105N, 1 Zoll, 2500 LB, SW-Ende"},"content":{"rendered":"<p>Hauptparameterspezifikation<\/p>\n<p>Design und Herstellung entsprechen BS 5352, ANSI B16.34<\/p>\n<p>Anschlussenden entsprechen:<\/p>\n<p>1. Die geschwei\u00dften Enden entsprechen ANSI B16.11<\/p>\n<p>2. Schraubenenden entsprechen ANSI B1.20.1<\/p>\n<p>3..Stumpfgeschwei\u00dfte Enden entsprechen ANSI B16.25<\/p>\n<p>Tests und Inspektionen entsprechen: API 598<\/p>\n<p>Strukturmerkmale: Verschraubte Motorhaube, geschwei\u00dfte Motorhaube, Druckdichtungshaube, Au\u00dfenschraube und Joch<\/p>\n<p>Produktauswahl<\/p>\n<p>Geh\u00e4usematerial: Kohlenstoffstahl, Edelstahl, legierter Stahl<\/p>\n<p>Nenndurchmesser: 1\/2\u2033\uff5e2\u2033\uff08DN15~DN50\uff09<\/p>\n<p>Endverbindung: BW, RF, RTJ<\/p>\n<p>Druckbereich: Klasse 150\u20132500 (PN16\u2013PN420).<\/p>\n<p>Arbeitstemperatur: -196\u2103~+560\u2103<\/p>\n<p>Bedienung: Handrad<\/p>\n<p><img loading=\"lazy\" decoding=\"async\" class=\"alignnone size-full wp-image-4275\" src=\"https:\/\/www.stvvalves.com\/wp-content\/uploads\/2018\/12\/api-602-y-pattern-globe-valve-a105n-1-inch-2500-lb-sw-end-DRAWING.jpg\" alt=\"\" width=\"2339\" height=\"1654\" srcset=\"https:\/\/www.stvvalves.com\/wp-content\/uploads\/2018\/12\/api-602-y-pattern-globe-valve-a105n-1-inch-2500-lb-sw-end-DRAWING.jpg 2339w, https:\/\/www.stvvalves.com\/wp-content\/uploads\/2018\/12\/api-602-y-pattern-globe-valve-a105n-1-inch-2500-lb-sw-end-DRAWING-600x424.jpg 600w, https:\/\/www.stvvalves.com\/wp-content\/uploads\/2018\/12\/api-602-y-pattern-globe-valve-a105n-1-inch-2500-lb-sw-end-DRAWING-300x212.jpg 300w, https:\/\/www.stvvalves.com\/wp-content\/uploads\/2018\/12\/api-602-y-pattern-globe-valve-a105n-1-inch-2500-lb-sw-end-DRAWING-768x543.jpg 768w, https:\/\/www.stvvalves.com\/wp-content\/uploads\/2018\/12\/api-602-y-pattern-globe-valve-a105n-1-inch-2500-lb-sw-end-DRAWING-1030x728.jpg 1030w, https:\/\/www.stvvalves.com\/wp-content\/uploads\/2018\/12\/api-602-y-pattern-globe-valve-a105n-1-inch-2500-lb-sw-end-DRAWING-1500x1061.jpg 1500w, https:\/\/www.stvvalves.com\/wp-content\/uploads\/2018\/12\/api-602-y-pattern-globe-valve-a105n-1-inch-2500-lb-sw-end-DRAWING-260x185.jpg 260w, https:\/\/www.stvvalves.com\/wp-content\/uploads\/2018\/12\/api-602-y-pattern-globe-valve-a105n-1-inch-2500-lb-sw-end-DRAWING-705x499.jpg 705w\" sizes=\"auto, (max-width: 2339px) 100vw, 2339px\" \/><\/p>","protected":false},"excerpt":{"rendered":"<p>Modell: PJ65Y-2500LB-A105N<\/p>\n<p>Unser API 602 Y-Muster-Absperrventil eignet sich haupts\u00e4chlich f\u00fcr verschiedene Systemrohre von W\u00e4rmekraftwerken, zum Schneiden oder Verbinden des Rohrleitungsmediums. Anwendbares Medium. Ventile zeichnen sich im Vergleich zu nicht korrosiven Medien wie geschmiedeten Stahld\u00e4mpfen durch hohe Temperaturen, hohe Temperaturen und hohen Druck im Vergleich zu anderen Produkten aus. Der einzigartige selbstdichtende Designdruck ist h\u00f6her und die Dichtung wird immer besser. Aufgrund der technischen Eigenschaften der Leistung und der besonderen Bedingungen der Arbeitsbedingungen stellt das Produkt auch ein Merkmal dar, das nicht durch andere Produkte ersetzt werden kann.<\/p>\n<p>Es gibt drei Arten des Muffenschwei\u00dfens von Y-geschmiedeten Stahl-Absperrventilk\u00f6rper-Verbindungsdesigns.<br \/>\n1.Bolzen-Motorhaubentyp. Der nach dieser Anschlussform gestaltete Ventilk\u00f6rper wird durch Schrauben mit dem Ventildeckel verbunden.<br \/>\nDie Verwendung einer Wunddichtung hat den Vorteil, dass die Wartung w\u00e4hrend des Gebrauchs erleichtert wird;<br \/>\n2. Schwei\u00dfhaubentyp. Der Ventilk\u00f6rper und der Ventildeckel sind alle entsprechend dem in dieser Verbindungsform konzipierten Ventil verschwei\u00dft und abgedichtet.<br \/>\nDer Vorteil besteht darin, dass keine externe Leckage auftritt;<br \/>\n3.Druckdichtungs-Motorhaubentyp. Der nach dieser Anschlussform gestaltete Ventilk\u00f6rper wird mit dem Ventildeckel und der Schnecke verbunden.<br \/>\nDer Innendruck wird vom Dichtungsring abgedichtet. Der Vorteil besteht darin, dass die Dichtleistung umso besser ist, je h\u00f6her der Innendruck ist.<br \/>\nSie k\u00f6nnen unser Ventil aus geschmiedetem Stahl entsprechend der tats\u00e4chlichen Situation ausw\u00e4hlen.<\/p>\n<p>F\u00fcr weitere Materialien und weitere Details wenden Sie sich bitte an sales@stvvalve.com.<\/p>\n<p>Datumsblatt:<a href=\"http:\/\/api-602-y-pattern-globe-valve-a105n-1-inch-2500-lb-sw-end-DRAWING\">API 602 Y-f\u00f6rmiges Durchgangsventil, A105N, 1 Zoll, 2500 LB, SW-Ende<\/a><\/p>","protected":false},"featured_media":4273,"template":"","meta":[],"product_brand":[],"product_cat":[64,45],"product_tag":[448,450,452,451,449],"class_list":{"0":"post-4272","1":"product","2":"type-product","3":"status-publish","4":"has-post-thumbnail","6":"product_cat-foreged-steel-globe-valve","7":"product_cat-globe-valve","8":"product_tag-api-602-forged-valves","9":"product_tag-china-api-602-y-type-globe-valve","10":"product_tag-forged-steel-y-globe-valve","11":"product_tag-sw-forged-y-globe-valve","12":"product_tag-y-pattern-globe-valves","14":"first","15":"instock","16":"shipping-taxable","17":"product-type-simple"},"_links":{"self":[{"href":"https:\/\/www.stvvalves.com\/de\/wp-json\/wp\/v2\/product\/4272","targetHints":{"allow":["GET"]}}],"collection":[{"href":"https:\/\/www.stvvalves.com\/de\/wp-json\/wp\/v2\/product"}],"about":[{"href":"https:\/\/www.stvvalves.com\/de\/wp-json\/wp\/v2\/types\/product"}],"wp:featuredmedia":[{"embeddable":true,"href":"https:\/\/www.stvvalves.com\/de\/wp-json\/wp\/v2\/media\/4273"}],"wp:attachment":[{"href":"https:\/\/www.stvvalves.com\/de\/wp-json\/wp\/v2\/media?parent=4272"}],"wp:term":[{"taxonomy":"product_brand","embeddable":true,"href":"https:\/\/www.stvvalves.com\/de\/wp-json\/wp\/v2\/product_brand?post=4272"},{"taxonomy":"product_cat","embeddable":true,"href":"https:\/\/www.stvvalves.com\/de\/wp-json\/wp\/v2\/product_cat?post=4272"},{"taxonomy":"product_tag","embeddable":true,"href":"https:\/\/www.stvvalves.com\/de\/wp-json\/wp\/v2\/product_tag?post=4272"}],"curies":[{"name":"wp","href":"https:\/\/api.w.org\/{rel}","templated":true}]}}