{"id":4278,"date":"2018-12-27T15:09:26","date_gmt":"2018-12-27T15:09:26","guid":{"rendered":"https:\/\/www.stvvalves.com\/?post_type=product&#038;p=4278"},"modified":"2025-02-17T18:19:11","modified_gmt":"2025-02-17T10:19:11","slug":"api-602-forged-steel-globe-valve-800lb-butt-weld-end-2","status":"publish","type":"product","link":"https:\/\/www.stvvalves.com\/de\/products\/api-602-forged-steel-globe-valve-800lb-butt-weld-end-2\/","title":{"rendered":"API 602 Kugelventil aus geschmiedetem Stahl, 800 LB, Stumpfschwei\u00dfende"},"content":{"rendered":"<p>Hauptparameterspezifikation<\/p>\n<p>Design und Herstellung entsprechen BS 5352, ANSI B16.34<\/p>\n<p>Anschlussenden entsprechen:<\/p>\n<p>1. Die geschwei\u00dften Enden entsprechen ANSI B16.11<\/p>\n<p>2. Schraubenenden entsprechen ANSI B1.20.1<\/p>\n<p>3..Stumpfgeschwei\u00dfte Enden entsprechen ANSI B16.25<\/p>\n<p>Tests und Inspektionen entsprechen: API 598<\/p>\n<p>Strukturmerkmale: Verschraubte Motorhaube, geschwei\u00dfte Motorhaube, Druckdichtungshaube, Au\u00dfenschraube und Joch<\/p>\n<p>Produktauswahl<\/p>\n<p>Geh\u00e4usematerial: Kohlenstoffstahl, Edelstahl, legierter Stahl<\/p>\n<p>Nenndurchmesser: 1\/2\u2033\uff5e2\u2033\uff08DN15~DN50\uff09<\/p>\n<p>Endverbindung: BW, RF, RTJ<\/p>\n<p>Druckbereich: Klasse 150\u20132500 (PN16\u2013PN420).<\/p>\n<p>Arbeitstemperatur: -196\u2103~+560\u2103<\/p>\n<p>Bedienung: Handrad<\/p>\n<p>&nbsp;<\/p>\n<p><img loading=\"lazy\" decoding=\"async\" class=\"alignnone size-full wp-image-4285\" src=\"https:\/\/www.stvvalves.com\/wp-content\/uploads\/2018\/12\/api-602-forged-steel-globe-valve-800lb-butt-weld-end-drawing.jpg\" alt=\"\" width=\"2339\" height=\"1653\" srcset=\"https:\/\/www.stvvalves.com\/wp-content\/uploads\/2018\/12\/api-602-forged-steel-globe-valve-800lb-butt-weld-end-drawing.jpg 2339w, https:\/\/www.stvvalves.com\/wp-content\/uploads\/2018\/12\/api-602-forged-steel-globe-valve-800lb-butt-weld-end-drawing-600x424.jpg 600w, https:\/\/www.stvvalves.com\/wp-content\/uploads\/2018\/12\/api-602-forged-steel-globe-valve-800lb-butt-weld-end-drawing-300x212.jpg 300w, https:\/\/www.stvvalves.com\/wp-content\/uploads\/2018\/12\/api-602-forged-steel-globe-valve-800lb-butt-weld-end-drawing-768x543.jpg 768w, https:\/\/www.stvvalves.com\/wp-content\/uploads\/2018\/12\/api-602-forged-steel-globe-valve-800lb-butt-weld-end-drawing-1030x728.jpg 1030w, https:\/\/www.stvvalves.com\/wp-content\/uploads\/2018\/12\/api-602-forged-steel-globe-valve-800lb-butt-weld-end-drawing-1500x1060.jpg 1500w, https:\/\/www.stvvalves.com\/wp-content\/uploads\/2018\/12\/api-602-forged-steel-globe-valve-800lb-butt-weld-end-drawing-260x185.jpg 260w, https:\/\/www.stvvalves.com\/wp-content\/uploads\/2018\/12\/api-602-forged-steel-globe-valve-800lb-butt-weld-end-drawing-705x498.jpg 705w\" sizes=\"auto, (max-width: 2339px) 100vw, 2339px\" \/><\/p>","protected":false},"excerpt":{"rendered":"<p>Hochwertige API 602-Absperrventile aus geschmiedetem Stahl Lieferanten, Unternehmen, kundenspezifisch, Marken, China API 602-Absperrventile aus geschmiedetem Stahl Gro\u00dfh\u00e4ndler, Preis, Herstellung, Gro\u00dfhandel, Werbeaktionen f\u00fcr API 602-Absperrventile aus geschmiedetem Stahl, jeder hat andere besondere Bedenken dar\u00fcber und was wir Ziel ist es, die Produktanforderungen jedes Kunden zu maximieren, sodass die Qualit\u00e4t unseres API 602-Absperrventils aus geschmiedetem Stahl bei vielen Kunden gut ankommt und in vielen L\u00e4ndern einen guten Ruf genie\u00dft. STV Valve Technology Group Co., Ltd bietet API 602-Absperrventile aus geschmiedetem Stahl mit charakteristischem Design, praktischer Leistung und wettbewerbsf\u00e4higem Preis.<\/p>\n<p>F\u00fcr weitere Materialien und weitere Details wenden Sie sich bitte an sales@stvvalve.com.<\/p>\n<p>Datumsblatt:<a href=\"https:\/\/www.stvvalves.com\/wp-content\/uploads\/2018\/12\/api-602-forged-steel-globe-valve-800lb-butt-weld-end-drawing.pdf\">API 602 Kugelventil aus geschmiedetem Stahl, 800 LB, Stumpfschwei\u00dfende<\/a><\/p>","protected":false},"featured_media":4283,"template":"","meta":[],"product_brand":[],"product_cat":[64,45],"product_tag":[448,454,197,453],"class_list":{"0":"post-4278","1":"product","2":"type-product","3":"status-publish","4":"has-post-thumbnail","6":"product_cat-foreged-steel-globe-valve","7":"product_cat-globe-valve","8":"product_tag-api-602-forged-valves","9":"product_tag-china-forged-steel-globe-valve","10":"product_tag-forged-steel-globe-valve","11":"product_tag-forged-steel-globe-valves-ansi-class-800","13":"first","14":"instock","15":"shipping-taxable","16":"product-type-simple"},"_links":{"self":[{"href":"https:\/\/www.stvvalves.com\/de\/wp-json\/wp\/v2\/product\/4278","targetHints":{"allow":["GET"]}}],"collection":[{"href":"https:\/\/www.stvvalves.com\/de\/wp-json\/wp\/v2\/product"}],"about":[{"href":"https:\/\/www.stvvalves.com\/de\/wp-json\/wp\/v2\/types\/product"}],"wp:featuredmedia":[{"embeddable":true,"href":"https:\/\/www.stvvalves.com\/de\/wp-json\/wp\/v2\/media\/4283"}],"wp:attachment":[{"href":"https:\/\/www.stvvalves.com\/de\/wp-json\/wp\/v2\/media?parent=4278"}],"wp:term":[{"taxonomy":"product_brand","embeddable":true,"href":"https:\/\/www.stvvalves.com\/de\/wp-json\/wp\/v2\/product_brand?post=4278"},{"taxonomy":"product_cat","embeddable":true,"href":"https:\/\/www.stvvalves.com\/de\/wp-json\/wp\/v2\/product_cat?post=4278"},{"taxonomy":"product_tag","embeddable":true,"href":"https:\/\/www.stvvalves.com\/de\/wp-json\/wp\/v2\/product_tag?post=4278"}],"curies":[{"name":"wp","href":"https:\/\/api.w.org\/{rel}","templated":true}]}}