{"id":4287,"date":"2018-12-27T16:02:54","date_gmt":"2018-12-27T16:02:54","guid":{"rendered":"https:\/\/www.stvvalves.com\/?post_type=product&#038;p=4287"},"modified":"2025-02-17T18:19:10","modified_gmt":"2025-02-17T10:19:10","slug":"stainless-steel-y-type-flange-strainer-din-pn16-dn80","status":"publish","type":"product","link":"https:\/\/www.stvvalves.com\/de\/products\/stainless-steel-y-type-flange-strainer-din-pn16-dn80\/","title":{"rendered":"Y-Flanschfilter aus Edelstahl, DIN PN16, DN80"},"content":{"rendered":"<p>Merkmale:<br \/>\nGr\u00f6\u00dfenbereich: DN15-DN400<br \/>\nKlasse: PN16-PN40<br \/>\nTemperatur: -29 \u2103-425 \u2103<br \/>\nMaterialien: WCB, WC6, SS304, SS316, SS316L<br \/>\nMedium: Dampf, Gase, Hei\u00dfwasser, Thermofl\u00fcssigkeiten, Hei\u00df\u00f6l, Prozesswasser, Vakuumanlagen, Ammoniak usw. (andere Durchflussmedien auf Anfrage)<br \/>\nAnwendung: Industrie, Kraftwerke, Rauchgasreinigungsanlagen, Aufbereitungstechnik, Gasversorgung, Dampfanlagen, Recyclinganlagen, Vakuumanlagen, Hei\u00dfwasser, Heiztechnik, Fernw\u00e4rme, Thermal\u00f6lanwendungen, allgemeiner Anlagenbau usw. (weitere Anwendungen auf Anfrage )<\/p>\n<p>Standards<br \/>\nDesign- und Herstellungsstandard entsprechen DIN EN13709:2003<br \/>\nDer Face-to-Face-Standard entspricht DIN3202 \/ EN 558-1:1995<br \/>\nDie Flanschnorm entspricht DIN2543-2545\/EN 1092-1:2002<br \/>\nPr\u00fcfung entspricht DIN 3230 \/ EN 12266:2003<\/p>\n<p>&nbsp;<\/p>\n<table>\n<tbody>\n<tr>\n<td width=\"200\"><strong>Produktname<\/strong><\/td>\n<td width=\"481\">Y-Flanschfilter aus Edelstahl, DIN PN16, DN80<\/td>\n<\/tr>\n<tr>\n<td width=\"200\">1. Material<\/td>\n<td width=\"481\">304<\/td>\n<\/tr>\n<tr>\n<td width=\"200\">2. Gr\u00f6\u00dfe<\/td>\n<td width=\"481\">3&quot;<\/td>\n<\/tr>\n<tr>\n<td width=\"200\">4. Hafen<\/td>\n<td width=\"481\">Vollst\u00e4ndiger Port<\/td>\n<\/tr>\n<tr>\n<td width=\"200\">5. Arbeitsdruck<\/td>\n<td width=\"481\">150 Pfund<\/td>\n<\/tr>\n<tr>\n<td width=\"200\">6. Verbindung endet<\/td>\n<td width=\"481\">RF<\/td>\n<\/tr>\n<tr>\n<td width=\"200\">7. Arbeitstemperatur.<\/td>\n<td width=\"481\">-29~300 \u00b0C,<\/td>\n<\/tr>\n<tr>\n<td width=\"200\">8. Geeignetes Medium<\/td>\n<td width=\"481\">Wasser, Erdgas, \u00d6l und einige \u00e4tzende Fl\u00fcssigkeiten<\/td>\n<\/tr>\n<tr>\n<td width=\"200\">9. Betrieben<\/td>\n<td width=\"481\">\/<\/td>\n<\/tr>\n<tr>\n<td width=\"200\">10. Inspektion und Pr\u00fcfung<\/td>\n<td width=\"481\">Gem\u00e4\u00df API598<\/td>\n<\/tr>\n<tr>\n<td width=\"200\"><strong>Sendung<\/strong><\/td>\n<td width=\"481\"><\/td>\n<\/tr>\n<tr>\n<td width=\"200\">Lieferzeit<\/td>\n<td width=\"481\">30 Tage<\/td>\n<\/tr>\n<tr>\n<td width=\"200\">Paket<\/td>\n<td width=\"481\">Standard-Export-Sperrholzkiste<\/td>\n<\/tr>\n<tr>\n<td width=\"200\">Hafen<\/td>\n<td width=\"481\">Ningbo\/Shanghai, China<\/td>\n<\/tr>\n<tr>\n<td width=\"200\">Versandbedingungen<\/td>\n<td width=\"481\">Exw, FOB, CFR, CIF usw.<\/td>\n<\/tr>\n<tr>\n<td width=\"200\">Zahlungsbedingungen<\/td>\n<td width=\"481\">T\/T, Western Union, PayPal usw.<\/td>\n<\/tr>\n<tr>\n<td width=\"200\"><\/td>\n<td width=\"481\">30% Vorauszahlung, 70% Restbetrag vor dem Versand bezahlt<\/td>\n<\/tr>\n<tr>\n<td width=\"200\">Herkunftsland<\/td>\n<td width=\"481\">Stadt Wenzhou, China<\/td>\n<\/tr>\n<tr>\n<td width=\"200\">Produktionskapazit\u00e4t<\/td>\n<td width=\"481\">6000 Tonnen\/Jahr<\/td>\n<\/tr>\n<tr>\n<td width=\"200\">Mindestbestellmenge<\/td>\n<td width=\"481\">1 St\u00fcck\/Gr\u00f6\u00dfe<\/td>\n<\/tr>\n<\/tbody>\n<\/table>","protected":false},"excerpt":{"rendered":"<p>Modell: GL41H-PN16-DN80<br \/>\nUnser Y-Flanschsieb aus Edelstahl ist kompakt, leicht zu reinigen und verf\u00fcgt \u00fcber einen abnehmbaren Ablassstopfen und ein Siebgewebe aus Edelstahl. Es stellt eine wirtschaftliche L\u00f6sung dar und wird f\u00fcr Anwendungen empfohlen, bei denen Sch\u00e4den an Ventilen und anderen zugeh\u00f6rigen mechanischen Ger\u00e4ten vermieden werden m\u00fcssen.<br \/>\nRohrleitungsr\u00fcckst\u00e4nde, einschlie\u00dflich Schmutz und Ablagerungen, sind h\u00e4ufig die Ursache f\u00fcr Ausf\u00e4lle, Sch\u00e4den, Energieverluste und eine Verringerung der Produktivit\u00e4t. Y-Flanschfilter aus Edelstahl werden typischerweise in Anwendungen eingesetzt, bei denen die Menge der zu entfernenden Feststoffe gering ist und bei denen h\u00e4ufige Reinigungen erforderlich sind. out ist nicht erforderlich. Sie werden am h\u00e4ufigsten in gasf\u00f6rmigen Dienstleistungen wie Dampf, Luft, Stickstoff, Erdgas usw. installiert. STV Valve Technology Group Co., Ltd ist ein professioneller Marktf\u00fchrer in China Edelstahl-Y-Flanschsieb, Flansch-Y-Sieb, Flanschsieb, Y Typ Sieb, WCB Y Typ Sieb, PN16 Y Typ Sieb Hersteller mit hoher Qualit\u00e4t und niedrigem Preis.<\/p>\n<p>F\u00fcr weitere Materialien und weitere Details wenden Sie sich bitte an sales@stvvalve.com.<\/p>\n<p>Datumsblatt:<a href=\"https:\/\/www.stvvalves.com\/wp-content\/uploads\/2018\/12\/stainless-steel-y-type-flange-strainer-din-pn16-dn80-drawing.pdf\">Y-Flanschfilter aus Edelstahl, DIN PN16, DN80<\/a><\/p>","protected":false},"featured_media":4288,"template":"","meta":[],"product_brand":[],"product_cat":[85,48],"product_tag":[458,455,459,461,456,457,460],"class_list":{"0":"post-4287","1":"product","2":"type-product","3":"status-publish","4":"has-post-thumbnail","6":"product_cat-stainless-steel-y-type-strainer","7":"product_cat-y-strainer","8":"product_tag-316-stainless-steel-ansi-150-flanged-y-strainer","9":"product_tag-flanged-y-type-strainer","10":"product_tag-stainless-steel-y-strainer-flanged-pn16","11":"product_tag-strainer-pn-100-y-type-with-flanged-end","12":"product_tag-strainers-y-type","13":"product_tag-y-type-flange-end-strainers","14":"product_tag-y-type-strainer-with-flanges-pn16","16":"first","17":"instock","18":"shipping-taxable","19":"product-type-simple"},"_links":{"self":[{"href":"https:\/\/www.stvvalves.com\/de\/wp-json\/wp\/v2\/product\/4287","targetHints":{"allow":["GET"]}}],"collection":[{"href":"https:\/\/www.stvvalves.com\/de\/wp-json\/wp\/v2\/product"}],"about":[{"href":"https:\/\/www.stvvalves.com\/de\/wp-json\/wp\/v2\/types\/product"}],"wp:featuredmedia":[{"embeddable":true,"href":"https:\/\/www.stvvalves.com\/de\/wp-json\/wp\/v2\/media\/4288"}],"wp:attachment":[{"href":"https:\/\/www.stvvalves.com\/de\/wp-json\/wp\/v2\/media?parent=4287"}],"wp:term":[{"taxonomy":"product_brand","embeddable":true,"href":"https:\/\/www.stvvalves.com\/de\/wp-json\/wp\/v2\/product_brand?post=4287"},{"taxonomy":"product_cat","embeddable":true,"href":"https:\/\/www.stvvalves.com\/de\/wp-json\/wp\/v2\/product_cat?post=4287"},{"taxonomy":"product_tag","embeddable":true,"href":"https:\/\/www.stvvalves.com\/de\/wp-json\/wp\/v2\/product_tag?post=4287"}],"curies":[{"name":"wp","href":"https:\/\/api.w.org\/{rel}","templated":true}]}}