{"id":4298,"date":"2018-12-28T13:29:58","date_gmt":"2018-12-28T13:29:58","guid":{"rendered":"https:\/\/www.stvvalves.com\/?post_type=product&#038;p=4298"},"modified":"2025-02-17T18:19:14","modified_gmt":"2025-02-17T10:19:14","slug":"api-600-1500lb-pressure-seal-gate-valve-wcb-body-6-inch-bw-end","status":"publish","type":"product","link":"https:\/\/www.stvvalves.com\/de\/products\/api-600-1500lb-pressure-seal-gate-valve-wcb-body-6-inch-bw-end\/","title":{"rendered":"API 600 1500LB Druckdichtungsschieber, WCB-Geh\u00e4use, 6 Zoll, BW-Ende"},"content":{"rendered":"<p>Design und Herstellung: Absperrschieber aus Stahlguss nach API 600 (ISO 10434) und API 6D; Absperrschieber aus Edelstahlguss nach API 603 und API 600<\/p>\n<p>Inspektion und Test: API598, API600 oder API 6D<\/p>\n<p>Endflanschabmessungen: ASME B16.5 (f\u00fcr NPS \u2264 24, ASME B 16.47 Serie B, API 605, ASME B16.47 A-Serie, MSS SP-44 (f\u00fcr NPS &gt; 24)<\/p>\n<p>BW-Endabmessung: ASME B16.25<\/p>\n<p>Face-to-Face und End-to-End: ASME B16.10<\/p>\n<p>Druck-Temperatur-Bewertungen: ASME B16.34<\/p>\n<p>Produktauswahl<\/p>\n<p>Geh\u00e4usematerial: Kohlenstoffstahl, Edelstahl, legierter Stahl<\/p>\n<p>Nenndurchmesser: 2\u2033~36\u2033(DN50~DN900)<\/p>\n<p>Endverbindung: RF, RTJ, BW<\/p>\n<p>Druckbereich: Klasse 150\u20132500 (PN16\u2013PN420).<\/p>\n<p>Arbeitstemperatur: -29\u2103~+560\u2103<\/p>\n<p>Bedienung: Handrad, Getriebe, elektrischer Stellantrieb usw.<\/p>\n<p>&nbsp;<\/p>\n<table>\n<tbody>\n<tr>\n<td width=\"200\"><strong>Produktname<\/strong><\/td>\n<td width=\"481\">API 600 1500LB Druckdichtungsschieber, WCB-Geh\u00e4use, 6 Zoll, BW-Ende<\/td>\n<\/tr>\n<tr>\n<td width=\"200\">1. Material<\/td>\n<td width=\"481\">WCB<\/td>\n<\/tr>\n<tr>\n<td width=\"200\">2. Gr\u00f6\u00dfe<\/td>\n<td width=\"481\">6&quot;<\/td>\n<\/tr>\n<tr>\n<td width=\"200\">4. Hafen<\/td>\n<td width=\"481\">Vollst\u00e4ndiger Port<\/td>\n<\/tr>\n<tr>\n<td width=\"200\">5. Arbeitsdruck<\/td>\n<td width=\"481\">1500 Pfund<\/td>\n<\/tr>\n<tr>\n<td width=\"200\">6. Verbindung endet<\/td>\n<td width=\"481\">BW<\/td>\n<\/tr>\n<tr>\n<td width=\"200\">7. Arbeitstemperatur.<\/td>\n<td width=\"481\">-29~425 \u00b0C,<\/td>\n<\/tr>\n<tr>\n<td width=\"200\">8. Geeignetes Medium<\/td>\n<td width=\"481\">Wasser, Erdgas, \u00d6l und einige \u00e4tzende Fl\u00fcssigkeiten<\/td>\n<\/tr>\n<tr>\n<td width=\"200\">9. Betrieben<\/td>\n<td width=\"481\">Getriebe<\/td>\n<\/tr>\n<tr>\n<td width=\"200\">10. Inspektion und Pr\u00fcfung<\/td>\n<td width=\"481\">Gem\u00e4\u00df API598<\/td>\n<\/tr>\n<tr>\n<td width=\"200\"><strong>Sendung<\/strong><\/td>\n<td width=\"481\"><\/td>\n<\/tr>\n<tr>\n<td width=\"200\">Lieferzeit<\/td>\n<td width=\"481\">30 Tage<\/td>\n<\/tr>\n<tr>\n<td width=\"200\">Paket<\/td>\n<td width=\"481\">Standard-Export-Sperrholzkiste<\/td>\n<\/tr>\n<tr>\n<td width=\"200\">Hafen<\/td>\n<td width=\"481\">Ningbo\/Shanghai, China<\/td>\n<\/tr>\n<tr>\n<td width=\"200\">Versandbedingungen<\/td>\n<td width=\"481\">Exw, FOB, CFR, CIF usw.<\/td>\n<\/tr>\n<tr>\n<td width=\"200\">Zahlungsbedingungen<\/td>\n<td width=\"481\">T\/T, Western Union, PayPal usw.<\/td>\n<\/tr>\n<tr>\n<td width=\"200\"><\/td>\n<td width=\"481\">30% Vorauszahlung, 70% Restbetrag vor dem Versand bezahlt<\/td>\n<\/tr>\n<tr>\n<td width=\"200\">Herkunftsland<\/td>\n<td width=\"481\">Stadt Wenzhou, China<\/td>\n<\/tr>\n<tr>\n<td width=\"200\">Produktionskapazit\u00e4t<\/td>\n<td width=\"481\">6000 Tonnen\/Jahr<\/td>\n<\/tr>\n<tr>\n<td width=\"200\">Mindestbestellmenge<\/td>\n<td width=\"481\">1 St\u00fcck\/Gr\u00f6\u00dfe<\/td>\n<\/tr>\n<\/tbody>\n<\/table>","protected":false},"excerpt":{"rendered":"<p>Model:Z61Y-1500LB-WCB-6<br \/>\nAPI 600 1500 LB Pressure Seal Gate Valve is in accordance with API 600, the High Pressure Seal Gate Valves has a beautiful shape, compact structure, reliable sealing. Valve for the Class 900 lb-Class 2500 lb various tubes on the road. High-pressure self-sealing valve has the following advantages:<br \/>\nThe pressure seal valves are designed\u00a0for service of high temperature and high pressure and are widely used in fossil fuel power plant. Compared with bolted bonnet joint valves,<br \/>\nEs sorgt f\u00fcr eine absolut zuverl\u00e4ssige Abdichtung der Motorhaubenverbindung, sodass die Druckverschlussventile kompakter und steifer sind und auch bei hohen Temperaturen und hohem Druck kosteng\u00fcnstiger gewartet werden k\u00f6nnen.<\/p>\n<p>Diese Art von Absperrschieber zeichnet sich nicht nur durch eine einfache Struktur und zuverl\u00e4ssige Verwendung aus, sondern ist auch in der Lage, eine leichte flexible Verformung zu erzeugen, um die Abweichung des Dichtfl\u00e4chenwinkels, die w\u00e4hrend der Verarbeitung entsteht, auszugleichen und so die Prozessleistung zu verbessern. Dar\u00fcber hinaus sind die Dichtungsfl\u00e4chen am Sitz und an der Anschnittscheibe f\u00fcr eine lange Lebensdauer mit einer Legierung auf Eisenbasis, einer Legierung auf Co-Basis oder einer Karbidlegierung \u00fcberzogen.<br \/>\nSTV Valve Technology Group Co., Ltd is a professional leader China Pressure seal gate valve,WCB pressure seal gate valve,pressure seal gate valve,1500lb \u00a0pressure seal gate valve,BW pressure seal gate valve manufacturer with high quality and low price.<\/p>\n<p>F\u00fcr weitere Materialien und Details wenden Sie sich bitte an sales@stvvalve.com.<\/p>\n<p>Datumsblatt:<a href=\"https:\/\/www.stvvalves.com\/wp-content\/uploads\/2018\/12\/api-600-1500lb-pressure-seal-gate-valve-wcb-body-6-inch-bw-end-drawing.pdf\">API 600 1500LB Druckdichtungsschieber, WCB-Geh\u00e4use, 6 Zoll, BW-Ende<\/a><\/p>\n<p>&nbsp;<\/p>","protected":false},"featured_media":4299,"template":"","meta":[],"product_brand":[],"product_cat":[58,44],"product_tag":[465,468,354,464,436,467,350,352,466],"class_list":{"0":"post-4298","1":"product","2":"type-product","3":"status-publish","4":"has-post-thumbnail","6":"product_cat-cast-steel-gate-valve","7":"product_cat-gate-valve","8":"product_tag-1500lb-pressure-seal-gate-valve","9":"product_tag-1500lb-psb-gate-valve","10":"product_tag-api-600-pressure-seal-gate-valves","11":"product_tag-bw-pressure-seal-gate-valve-manufacturer","12":"product_tag-cast-steel-gate-valve-pressure-seal-1500-lb","13":"product_tag-china-api-600-pressure-seal-bonnet-1500lb-gate-valve","14":"product_tag-china-pressure-seal-gate-valve","15":"product_tag-pressure-seal-gate-valve","16":"product_tag-wcb-pressure-seal-gate-valve","18":"first","19":"instock","20":"shipping-taxable","21":"product-type-simple"},"_links":{"self":[{"href":"https:\/\/www.stvvalves.com\/de\/wp-json\/wp\/v2\/product\/4298","targetHints":{"allow":["GET"]}}],"collection":[{"href":"https:\/\/www.stvvalves.com\/de\/wp-json\/wp\/v2\/product"}],"about":[{"href":"https:\/\/www.stvvalves.com\/de\/wp-json\/wp\/v2\/types\/product"}],"wp:featuredmedia":[{"embeddable":true,"href":"https:\/\/www.stvvalves.com\/de\/wp-json\/wp\/v2\/media\/4299"}],"wp:attachment":[{"href":"https:\/\/www.stvvalves.com\/de\/wp-json\/wp\/v2\/media?parent=4298"}],"wp:term":[{"taxonomy":"product_brand","embeddable":true,"href":"https:\/\/www.stvvalves.com\/de\/wp-json\/wp\/v2\/product_brand?post=4298"},{"taxonomy":"product_cat","embeddable":true,"href":"https:\/\/www.stvvalves.com\/de\/wp-json\/wp\/v2\/product_cat?post=4298"},{"taxonomy":"product_tag","embeddable":true,"href":"https:\/\/www.stvvalves.com\/de\/wp-json\/wp\/v2\/product_tag?post=4298"}],"curies":[{"name":"wp","href":"https:\/\/api.w.org\/{rel}","templated":true}]}}