{"id":4326,"date":"2019-01-01T09:40:19","date_gmt":"2019-01-01T09:40:19","guid":{"rendered":"https:\/\/www.stvvalves.com\/?post_type=product&#038;p=4326"},"modified":"2025-02-17T18:20:56","modified_gmt":"2025-02-17T10:20:56","slug":"api-600-1500lb-swing-check-valve-pressure-seal-bonnet-dn200-bw-end","status":"publish","type":"product","link":"https:\/\/www.stvvalves.com\/de\/products\/api-600-1500lb-swing-check-valve-pressure-seal-bonnet-dn200-bw-end\/","title":{"rendered":"API 600 1500LB R\u00fcckschlagventil, Druckdichtungshaube, DN200, BW-Ende"},"content":{"rendered":"<p>Design und Herstellung: R\u00fcckschlagventil aus Stahlguss nach BS 1868, ASME B16.34, API 6D<\/p>\n<p>Inspektion und Test: API598, API600 oder API 6D<\/p>\n<p>Endflanschabmessungen: ASME B16.5 (f\u00fcr NPS \u2264 24, ASME B 16.47 Serie B, API 605, ASME B16.47 A-Serie, MSS SP-44 (f\u00fcr NPS &gt; 24)<\/p>\n<p>BW-Endabmessung: ASME B16.25<\/p>\n<p>Face-to-Face und End-to-End: ASME B16.10<\/p>\n<p>Druck-Temperatur-Bewertungen: ASME B16.34<\/p>\n<p>Wandst\u00e4rke: API 600, BS 1868<\/p>\n<p>Produktauswahl<\/p>\n<p>Geh\u00e4usematerial: WCB, LCB, LCC, CF8, CF8M, CF3, CF3M, A105, LF2, F11, F22, F5, F304, F316, F304L, F316L<\/p>\n<p>Nenndurchmesser: 1\/2\u2033~48\u2033(DN15~DN1200)<\/p>\n<p>Endverbindung: RF, RTJ, BW<\/p>\n<p>Druckbereich: Klasse 150\u20132500 (PN16\u2013PN420).<\/p>\n<p>Arbeitstemperatur: -196\u2103~+560\u2103<\/p>\n<p>&nbsp;<\/p>\n<table width=\"751\">\n<tbody>\n<tr>\n<td>Produktname:<\/td>\n<td>API 600 1500LB R\u00fcckschlagventil, Druckdichtungshaube, DN200, BW-Ende<\/td>\n<\/tr>\n<tr>\n<td>1.Material:<\/td>\n<td>WCB<\/td>\n<\/tr>\n<tr>\n<td>2.Gr\u00f6\u00dfe:<\/td>\n<td>8\u2033<\/td>\n<\/tr>\n<tr>\n<td>3.Port:<\/td>\n<td>VOLL<\/td>\n<\/tr>\n<tr>\n<td>4. Arbeitstemperatur:<\/td>\n<td>-29 \u00b0C-425 \u00b0C<\/td>\n<\/tr>\n<tr>\n<td>5. Verbindungsende:<\/td>\n<td>BW<\/td>\n<\/tr>\n<tr>\n<td>6.Arbeitsdruck:<\/td>\n<td>1500 Pfund<\/td>\n<\/tr>\n<tr>\n<td>7. Geeignetes Medium:<\/td>\n<td>Wasser, Erdgas, \u00d6l und einige \u00e4tzende Fl\u00fcssigkeiten<\/td>\n<\/tr>\n<tr>\n<td>8.Bedienung:<\/td>\n<td>\/<\/td>\n<\/tr>\n<tr>\n<td>9. Inspektion und Pr\u00fcfung<\/td>\n<td>Gem\u00e4\u00df API 598<\/td>\n<\/tr>\n<tr>\n<td>Zertifikat:<\/td>\n<td>ISO, CE\/API 6D<\/td>\n<\/tr>\n<tr>\n<td><strong>Sendung<\/strong><\/td>\n<td><\/td>\n<\/tr>\n<tr>\n<td>Lieferzeit<\/td>\n<td>30 Tage<\/td>\n<\/tr>\n<tr>\n<td>Paket<\/td>\n<td>Standard-Export-Sperrholzkiste<\/td>\n<\/tr>\n<tr>\n<td>Hafen<\/td>\n<td>Ningbo\/Shanghai, China<\/td>\n<\/tr>\n<tr>\n<td>Versandbedingungen<\/td>\n<td>Exw, FOB, CFR, CIF usw.<\/td>\n<\/tr>\n<tr>\n<td>Zahlungsbedingungen<\/td>\n<td>T\/T, Western Union, PayPal usw.<\/td>\n<\/tr>\n<tr>\n<td><\/td>\n<td>30% Vorauszahlung, 70% Restbetrag vor dem Versand bezahlt<\/td>\n<\/tr>\n<tr>\n<td>Herkunftsland<\/td>\n<td>Stadt Wenzhou, China<\/td>\n<\/tr>\n<tr>\n<td>Produktionskapazit\u00e4t<\/td>\n<td>6000 Tonnen\/Jahr<\/td>\n<\/tr>\n<tr>\n<td>Mindestbestellmenge<\/td>\n<td>10 St\u00fcck\/Gr\u00f6\u00dfe<\/td>\n<\/tr>\n<\/tbody>\n<\/table>","protected":false},"excerpt":{"rendered":"<p>Modell: H64Y-1500LB-WCB-DN200<\/p>\n<p>Unsere R\u00fcckschlagventile API 600 1500LB sind gem\u00e4\u00df BS1868 und ASME B16.34 f\u00fcr den Einsatz bei hohen Temperaturen und hohem Druck ausgelegt und werden h\u00e4ufig in Kraftwerken mit fossilen Brennstoffen eingesetzt. Im Vergleich zu Ventilen mit verschraubten Motorhaubenverbindungen bietet sie eine absolut zuverl\u00e4ssige Abdichtung Motorhaubenverbindung, so dass die Druckdichtungsventile kompakter und steifer sind und bei Hochtemperatur- und Hochdruckbetrieb kosteng\u00fcnstiger gewartet werden k\u00f6nnen.<br \/>\nEs handelt sich um ein automatisches Ventil, wenn es durch die Kraft, die das in der Rohrleitung flie\u00dfende Medium erzeugt, automatisch ge\u00f6ffnet oder geschlossen wird. Seine Hauptfunktion besteht darin, den R\u00fcckfluss des Mediums in der Rohrleitung, die R\u00fcckw\u00e4rtsdrehung der Pumpe und ihres Antriebsmotors sowie den Austritt des Mediums im Beh\u00e4lter zu verhindern<\/p>\n<p>STV Valve Technology Group Co., Ltd ist ein chinesischer Hersteller von Druckdichtungs-R\u00fcckschlagventilen, ANSI-Druckdichtungs-R\u00fcckschlagventilen, Hochdruck-Dichtungs-R\u00fcckschlagventilen, Druckdichtungs-R\u00fcckschlagventilen aus Gussstahl, API 600-Druckdichtungs-R\u00fcckschlagventilen und Herstellern von Druckdichtungs-R\u00fcckschlagventilen aus Edelstahl mit hoher Qualit\u00e4t Qualit\u00e4t und niedriger Preis. Um mehr \u00fcber dieses Ventil zu erfahren, wenden Sie sich bitte an sales@stvvalve.com<br \/>\nDatumsblatt:<br \/>\n<a href=\"https:\/\/www.stvvalves.com\/wp-content\/uploads\/2019\/01\/api-600-1500lb-swing-check-valve-pressure-seal-bonnet-dn200-bw-end-drawing.pdf\">API 600 1500LB R\u00fcckschlagventil, Druckdichtungshaube, DN200, BW-Ende<\/a><\/p>","protected":false},"featured_media":4332,"template":"","meta":[],"product_brand":[],"product_cat":[83,46],"product_tag":[485,487,488,486,489],"class_list":{"0":"post-4326","1":"product","2":"type-product","3":"status-publish","4":"has-post-thumbnail","6":"product_cat-cast-steel-check-valve","7":"product_cat-check-valves","8":"product_tag-1500lb-pressure-seal-swing-check-valve","9":"product_tag-api-600-pressure-seal-swing-check-valve","10":"product_tag-api-cast-steel-swing-check-valve","11":"product_tag-pressure-seal-swing-check-valve","12":"product_tag-swing-check-valve-class-1500lb","14":"first","15":"instock","16":"shipping-taxable","17":"product-type-simple"},"_links":{"self":[{"href":"https:\/\/www.stvvalves.com\/de\/wp-json\/wp\/v2\/product\/4326","targetHints":{"allow":["GET"]}}],"collection":[{"href":"https:\/\/www.stvvalves.com\/de\/wp-json\/wp\/v2\/product"}],"about":[{"href":"https:\/\/www.stvvalves.com\/de\/wp-json\/wp\/v2\/types\/product"}],"wp:featuredmedia":[{"embeddable":true,"href":"https:\/\/www.stvvalves.com\/de\/wp-json\/wp\/v2\/media\/4332"}],"wp:attachment":[{"href":"https:\/\/www.stvvalves.com\/de\/wp-json\/wp\/v2\/media?parent=4326"}],"wp:term":[{"taxonomy":"product_brand","embeddable":true,"href":"https:\/\/www.stvvalves.com\/de\/wp-json\/wp\/v2\/product_brand?post=4326"},{"taxonomy":"product_cat","embeddable":true,"href":"https:\/\/www.stvvalves.com\/de\/wp-json\/wp\/v2\/product_cat?post=4326"},{"taxonomy":"product_tag","embeddable":true,"href":"https:\/\/www.stvvalves.com\/de\/wp-json\/wp\/v2\/product_tag?post=4326"}],"curies":[{"name":"wp","href":"https:\/\/api.w.org\/{rel}","templated":true}]}}