{"id":4333,"date":"2019-01-01T13:20:02","date_gmt":"2019-01-01T13:20:02","guid":{"rendered":"https:\/\/www.stvvalves.com\/?post_type=product&#038;p=4333"},"modified":"2025-02-17T18:20:54","modified_gmt":"2025-02-17T10:20:54","slug":"900lb-full-port-swing-check-valve-seal-pressure-bonnet-flange-end","status":"publish","type":"product","link":"https:\/\/www.stvvalves.com\/de\/products\/900lb-full-port-swing-check-valve-seal-pressure-bonnet-flange-end\/","title":{"rendered":"900-Lb-R\u00fcckschlagventil mit vollem Durchgang, Dichtungsdruckhaube, Flanschende"},"content":{"rendered":"<p><strong>R\u00fcckschlagventil<\/strong>, Ansi-Klasse 900Lbs, API 6d, verschraubt, druckdichtende Haube, geflanscht, Rf, Rtj, Bw-Enden, Kohlenstoffstahl, Edelstahl, Duplex-Stahl-R\u00fcckschlagventile, R\u00fcckschlagventil, Industrie-R\u00fcckschlagventile aus Gussstahl, Lieferant, Exporteur.<\/p>\n<p>Spezifikationen f\u00fcr\u00a0<strong>R\u00fcckschlagklappe 900LBS (Flansch, Bw-Enden)<\/strong><\/p>\n<p>1. Design und Herstellung: API6D, ANSI B16.34, BS1868<br \/>\n2. Verschraubte Haube, Druckdichtungshaube, Schwingscheibe,<br \/>\n3. Gr\u00f6\u00dfenbereich: 2\u2033 bis 24\u2033.<br \/>\n4. Druckstufen: ANSI 900 Pfund<br \/>\n5. Endanschl\u00fcsse: Flansch, Stumpfschwei\u00dfung.<br \/>\n6. Materialien: WCB, LCB, CF8, CF8M, CF3, CF3M, WC6, WC9, C5, C12, 4A oder gleichwertig,<br \/>\n7. Je nach Einsatzbedingungen stehen verschiedene Verkleidungsmaterialien zur Verf\u00fcgung<br \/>\n8. NACE MR 0175 auf Anfrage<\/p>\n<table>\n<tbody>\n<tr>\n<td width=\"200\"><strong>Produktname<\/strong><\/td>\n<td width=\"481\">900-Lb-R\u00fcckschlagventil mit vollem Durchgang, Dichtungsdruckhaube, Flanschende<\/td>\n<\/tr>\n<tr>\n<td width=\"200\">1. Material<\/td>\n<td width=\"481\">WCB<\/td>\n<\/tr>\n<tr>\n<td width=\"200\">2. Gr\u00f6\u00dfe<\/td>\n<td width=\"481\">12&quot;<\/td>\n<\/tr>\n<tr>\n<td width=\"200\">4. Hafen<\/td>\n<td width=\"481\">Vollst\u00e4ndiger Port<\/td>\n<\/tr>\n<tr>\n<td width=\"200\">5. Arbeitsdruck<\/td>\n<td width=\"481\">900 Pfund<\/td>\n<\/tr>\n<tr>\n<td width=\"200\">6. Verbindung endet<\/td>\n<td width=\"481\">RF<\/td>\n<\/tr>\n<tr>\n<td width=\"200\">7. Arbeitstemperatur.<\/td>\n<td width=\"481\">-29~425 \u00b0C,<\/td>\n<\/tr>\n<tr>\n<td width=\"200\">8. Geeignetes Medium<\/td>\n<td width=\"481\">Wasser, Erdgas, \u00d6l und einige \u00e4tzende Fl\u00fcssigkeiten<\/td>\n<\/tr>\n<tr>\n<td width=\"200\">9. Betrieben<\/td>\n<td width=\"481\">\/<\/td>\n<\/tr>\n<tr>\n<td width=\"200\">10. Inspektion und Pr\u00fcfung<\/td>\n<td width=\"481\">Gem\u00e4\u00df API 598<\/td>\n<\/tr>\n<tr>\n<td width=\"200\"><strong>Sendung<\/strong><\/td>\n<td width=\"481\"><\/td>\n<\/tr>\n<tr>\n<td width=\"200\">Lieferzeit<\/td>\n<td width=\"481\">30 Tage<\/td>\n<\/tr>\n<tr>\n<td width=\"200\">Paket<\/td>\n<td width=\"481\">Standard-Export-Sperrholzkiste<\/td>\n<\/tr>\n<tr>\n<td width=\"200\">Hafen<\/td>\n<td width=\"481\">Ningbo\/Shanghai, China<\/td>\n<\/tr>\n<tr>\n<td width=\"200\">Versandbedingungen<\/td>\n<td width=\"481\">Exw, FOB, CFR, CIF usw.<\/td>\n<\/tr>\n<tr>\n<td width=\"200\">Zahlungsbedingungen<\/td>\n<td width=\"481\">T\/T, Western Union, PayPal usw.<\/td>\n<\/tr>\n<tr>\n<td width=\"200\"><\/td>\n<td width=\"481\">30% Vorauszahlung, 70% Restbetrag vor dem Versand bezahlt<\/td>\n<\/tr>\n<tr>\n<td width=\"200\">Herkunftsland<\/td>\n<td width=\"481\">Stadt Wenzhou, China<\/td>\n<\/tr>\n<tr>\n<td width=\"200\">Produktionskapazit\u00e4t<\/td>\n<td width=\"481\">6000 Tonnen\/Jahr<\/td>\n<\/tr>\n<tr>\n<td width=\"200\">Mindestbestellmenge<\/td>\n<td width=\"481\">10 St\u00fcck\/Gr\u00f6\u00dfe<\/td>\n<\/tr>\n<\/tbody>\n<\/table>","protected":false},"excerpt":{"rendered":"<p>Modell: H44Y-900LB-12\u2033-WCB<\/p>\n<p>Unsere 900-lb-R\u00fcckschlagventile mit vollem Durchgang sind in erster Linie vollst\u00e4ndig ge\u00f6ffnet oder vollst\u00e4ndig geschlossen und verf\u00fcgen \u00fcber die Merkmale eines druckdichten Oberteils, eines erneuerbaren Sitzes oder eines geschwei\u00dften Sitzrings.<br \/>\nDas R\u00fcckschlagventil ist durch die Struktur in Hub-R\u00fcckschlagventil, R\u00fcckschlagklappe und Absperrklappen-R\u00fcckschlagventil unterteilt. Das Hub-R\u00fcckschlagventil ist in vertikale und horizontale unterteilt Das Absperrklappen-R\u00fcckschlagventil ist ein gerader Typ. Die oben genannten R\u00fcckschlagventile k\u00f6nnen aufgrund ihrer Verbindungsart in Schraubverbindungen, Flanschverbindungen und Schwei\u00dfverbindungen unterteilt werden.<\/p>\n<p>STV Valve Technology Group Co., Ltd ist R\u00fcckschlagklappe, R\u00fcckschlagklappe der Ansi-Klasse 900 Pfund, R\u00fcckschlagklappe Api 6d, R\u00fcckschlagklappe f\u00fcr die Industrie, R\u00fcckschlagklappe aus Kohlenstoffstahl, R\u00fcckschlagklappe aus Edelstahl, R\u00fcckschlagklappe A216 -WCB-R\u00fcckschlagklappe, A351-CF8-R\u00fcckschlagklappe, CF8M-R\u00fcckschlagklappe, CF3M-R\u00fcckschlagklappe, Nace Mr0175-R\u00fcckschlagklappe, Flansch-R\u00fcckschlagklappe, Bw-R\u00fcckschlagklappe, Hochdruck-R\u00fcckschlagklappe, Druckdichtungs-R\u00fcckschlagklappe , Hersteller von selbstdichtenden Schwingklappen aus Stahlguss mit hoher Qualit\u00e4t und niedrigem Preis. Um mehr \u00fcber dieses Ventil zu erfahren, wenden Sie sich bitte an sales@stvvalve.com<br \/>\nDatumsblatt:<a href=\"https:\/\/www.stvvalves.com\/wp-content\/uploads\/2019\/01\/900lb-full-port-swing-check-valve-seal-pressure-bonnet-flange-end-drawing.pdf\">900-Lb-R\u00fcckschlagventil mit vollem Durchgang, Dichtungsdruckhaube, Flanschende<\/a><\/p>","protected":false},"featured_media":4335,"template":"","meta":[],"product_brand":[],"product_cat":[83,46],"product_tag":[493,490,492,496,491,494,495],"class_list":{"0":"post-4333","1":"product","2":"type-product","3":"status-publish","4":"has-post-thumbnail","6":"product_cat-cast-steel-check-valve","7":"product_cat-check-valves","8":"product_tag-900-lb-cast-steel-swing-pressure-seal-check-valve","9":"product_tag-900lb-full-port-swing-check-valve","10":"product_tag-api-swing-check-valve","11":"product_tag-china-900lb-full-port-swing-check-valve","12":"product_tag-full-port-swing-check-valve","13":"product_tag-pressure-seal-swing-check-valve-900lb2500lb","14":"product_tag-swing-check-valve-class-900lb","16":"first","17":"instock","18":"shipping-taxable","19":"product-type-simple"},"_links":{"self":[{"href":"https:\/\/www.stvvalves.com\/de\/wp-json\/wp\/v2\/product\/4333","targetHints":{"allow":["GET"]}}],"collection":[{"href":"https:\/\/www.stvvalves.com\/de\/wp-json\/wp\/v2\/product"}],"about":[{"href":"https:\/\/www.stvvalves.com\/de\/wp-json\/wp\/v2\/types\/product"}],"wp:featuredmedia":[{"embeddable":true,"href":"https:\/\/www.stvvalves.com\/de\/wp-json\/wp\/v2\/media\/4335"}],"wp:attachment":[{"href":"https:\/\/www.stvvalves.com\/de\/wp-json\/wp\/v2\/media?parent=4333"}],"wp:term":[{"taxonomy":"product_brand","embeddable":true,"href":"https:\/\/www.stvvalves.com\/de\/wp-json\/wp\/v2\/product_brand?post=4333"},{"taxonomy":"product_cat","embeddable":true,"href":"https:\/\/www.stvvalves.com\/de\/wp-json\/wp\/v2\/product_cat?post=4333"},{"taxonomy":"product_tag","embeddable":true,"href":"https:\/\/www.stvvalves.com\/de\/wp-json\/wp\/v2\/product_tag?post=4333"}],"curies":[{"name":"wp","href":"https:\/\/api.w.org\/{rel}","templated":true}]}}