{"id":4337,"date":"2019-01-01T15:48:34","date_gmt":"2019-01-01T15:48:34","guid":{"rendered":"https:\/\/www.stvvalves.com\/?post_type=product&#038;p=4337"},"modified":"2025-02-17T18:20:54","modified_gmt":"2025-02-17T10:20:54","slug":"lug-type-dual-plate-check-valve-cf8m-body-dn500","status":"publish","type":"product","link":"https:\/\/www.stvvalves.com\/de\/products\/lug-type-dual-plate-check-valve-cf8m-body-dn500\/","title":{"rendered":"Doppelplatten-R\u00fcckschlagventil vom Ansatztyp. CF8M-Geh\u00e4use, DN500"},"content":{"rendered":"<p>Kurze Baul\u00e4nge, nur 1\/4\u20131\/8 der L\u00e4nge eines herk\u00f6mmlichen R\u00fcckschlagventils mit Flansch;<\/p>\n<p>Geringes Volumen, geringes Gewicht, nur 1\/4 bis 1\/20 des herk\u00f6mmlichen R\u00fcckschlagventils mit Flansch;<\/p>\n<p>Schnelles Schlie\u00dfen der Ventilscheibe, geringer Wasserschlagdruck;<\/p>\n<p>Anwendbar und einfach zu installieren f\u00fcr vertikale oder horizontale Rohrleitungen;<\/p>\n<p>Glatter Str\u00f6mungskanal und geringer Fl\u00fcssigkeitswiderstand;<\/p>\n<p>Flexible Wirkung und gute Dichtleistung;<\/p>\n<p>Schmaler Ventilhub und geringer Schlie\u00dfsto\u00df;<\/p>\n<p>Integrierte Struktur, einfach und kompakt, in sch\u00f6ner Form;<\/p>\n<p>Lange Lebensdauer und gute Zuverl\u00e4ssigkeit.<\/p>\n<p>Hauptparameterspezifikation<\/p>\n<p>Design und Herstellung: API594, API 6D;<br \/>\nVon Angesicht zu Angesicht und von Ende zu Ende: API594, API6D, DIN3202;<br \/>\nDruck-Temperatur-Bewertung: ASME B16.34, DIN2410;<br \/>\nInspektion und Test: API598<br \/>\nRohrflansch: ,ASME B16.5,DIN2543~2548,API605,ASME B16.47.<\/p>\n<p>Produktauswahl<\/p>\n<p>Geh\u00e4usematerial: cWCB, LCB, WC6, WC9, CF8, CF8M, CF3, CF3M, legierter Stahl, Bronze<\/p>\n<p>Nenndurchmesser: 1,5\u2033~48\u2033(DN40~DN1200)<\/p>\n<p>Endverbindung: RF, RTJ, BW<\/p>\n<p>Druckbereich: Klasse 150\u20132500 (PN16\u2013PN420).<\/p>\n<p>Arbeitstemperatur: -196\u2103~+560\u2103<\/p>\n<p>&nbsp;<\/p>\n<table>\n<tbody>\n<tr>\n<td width=\"200\"><strong>Produktname<\/strong><\/td>\n<td width=\"481\">Doppelplatten-R\u00fcckschlagventil vom Ansatztyp. CF8M-Geh\u00e4use, DN500<\/td>\n<\/tr>\n<tr>\n<td width=\"200\">1. Material<\/td>\n<td width=\"481\">CF8M<\/td>\n<\/tr>\n<tr>\n<td width=\"200\">2. Gr\u00f6\u00dfe<\/td>\n<td width=\"481\">20&quot;<\/td>\n<\/tr>\n<tr>\n<td width=\"200\">4. Hafen<\/td>\n<td width=\"481\">Vollst\u00e4ndiger Port<\/td>\n<\/tr>\n<tr>\n<td width=\"200\">5. Arbeitsdruck<\/td>\n<td width=\"481\">150 Pfund<\/td>\n<\/tr>\n<tr>\n<td width=\"200\">6. Verbindung endet<\/td>\n<td width=\"481\">RF<\/td>\n<\/tr>\n<tr>\n<td width=\"200\">7. Arbeitstemperatur.<\/td>\n<td width=\"481\">-29~300 \u00b0C,<\/td>\n<\/tr>\n<tr>\n<td width=\"200\">8. Geeignetes Medium<\/td>\n<td width=\"481\">Wasser, Erdgas, \u00d6l und einige \u00e4tzende Fl\u00fcssigkeiten<\/td>\n<\/tr>\n<tr>\n<td width=\"200\">9. Betrieben<\/td>\n<td width=\"481\">\/<\/td>\n<\/tr>\n<tr>\n<td width=\"200\">10. Inspektion und Pr\u00fcfung<\/td>\n<td width=\"481\">Gem\u00e4\u00df API598<\/td>\n<\/tr>\n<tr>\n<td width=\"200\"><strong>Sendung<\/strong><\/td>\n<td width=\"481\"><\/td>\n<\/tr>\n<tr>\n<td width=\"200\">Lieferzeit<\/td>\n<td width=\"481\">30 Tage<\/td>\n<\/tr>\n<tr>\n<td width=\"200\">Paket<\/td>\n<td width=\"481\">Standard-Export-Sperrholzkiste<\/td>\n<\/tr>\n<tr>\n<td width=\"200\">Hafen<\/td>\n<td width=\"481\">Ningbo\/Shanghai, China<\/td>\n<\/tr>\n<tr>\n<td width=\"200\">Versandbedingungen<\/td>\n<td width=\"481\">Exw, FOB, CFR, CIF usw.<\/td>\n<\/tr>\n<tr>\n<td width=\"200\">Zahlungsbedingungen<\/td>\n<td width=\"481\">T\/T, Western Union, PayPal usw.<\/td>\n<\/tr>\n<tr>\n<td width=\"200\"><\/td>\n<td width=\"481\">30% Vorauszahlung, 70% Restbetrag vor dem Versand bezahlt<\/td>\n<\/tr>\n<tr>\n<td width=\"200\">Herkunftsland<\/td>\n<td width=\"481\">Stadt Wenzhou, China<\/td>\n<\/tr>\n<tr>\n<td width=\"200\">Produktionskapazit\u00e4t<\/td>\n<td width=\"481\">6000 Tonnen\/Jahr<\/td>\n<\/tr>\n<tr>\n<td width=\"200\">Mindestbestellmenge<\/td>\n<td width=\"481\">1 St\u00fcck\/Gr\u00f6\u00dfe<\/td>\n<\/tr>\n<\/tbody>\n<\/table>","protected":false},"excerpt":{"rendered":"<p>Modell:HTL76H-150LB-316-20\u2033<\/p>\n<p>Unser Doppelplatten-R\u00fcckschlagventil vom Lug-Typ eignet sich f\u00fcr Umgebungen mit hohen Temperaturen und hohem Druck, wie Petrochemie, Raffinerien oder Kraftwerke. Es verwendet Pr\u00e4zisionsguss, der eine kurze Strukturl\u00e4nge, ein kleines Volumen und ein geringes Gewicht, ein schnelles Schlie\u00dfen der Ventilklappe und wenig Wasser aufweist Hammerdruck, glatter Str\u00f6mungsdurchgang, geringer Fl\u00fcssigkeitswiderstand, horizontales Rohr oder vertikales Rohr, einfache Installation und feinf\u00fchlige Wirkung. Gute Dichtleistung, kurzer Ventilhub, geringe Ventilaufprallkraft, einfach und kompakt, sch\u00f6nes Aussehen, lange Lebensdauer, hohe Zuverl\u00e4ssigkeit, Verhinderung von mittlerem R\u00fcckfluss, automatische Steuerung und so weiter. Unter diesen wird das Clip-R\u00fcckschlagventil haupts\u00e4chlich im Wasserversorgungs- und Entw\u00e4sserungsrohrnetz von st\u00e4dtischen, industriellen und Hochh\u00e4usern eingesetzt. Da seine Baul\u00e4nge k\u00fcrzer ist als die eines allgemeinen R\u00fcckschlagventils, eignet es sich am besten f\u00fcr Orte, an denen der Installationsraum begrenzt ist.<\/p>\n<p>Doppellaschenkonstruktion, Montage zwischen Rohr und Flansch mit Schrauben und Muttern, wie ein Doppelplatten-R\u00fcckschlagventil in Waferausf\u00fchrung.<br \/>\nEs besteht kein Problem mit Leckagen am K\u00f6rper.<br \/>\nSelbst bei kleinen Scheiben ist immer noch eine Schraube vorhanden, um jedes Schraubenloch festzulegen.<\/p>\n<p>STV Valve Technology Group Co., Ltd ist ein professioneller Marktf\u00fchrer f\u00fcr Doppelplatten-Schwenkr\u00fcckschlagventile vom Lug-Typ in China, Doppelplatten-R\u00fcckschlagventile vom Lug-Typ, Lug- und Wafer-R\u00fcckschlagventile, Doppelplatten-R\u00fcckschlagventile vom Lug-Typ aus Edelstahl und Doppelplatten-R\u00fcckschlagventile API 594 ,API 594 Doppelplatten-R\u00fcckschlagventil, Hersteller von Doppelplatten-R\u00fcckschlagventilen vom Ansatztyp mit hoher Qualit\u00e4t und niedrigem Preis. Um mehr \u00fcber dieses Ventil zu erfahren, wenden Sie sich bitte an sales@stvvalve.com<br \/>\nDatumsblatt:<a href=\"https:\/\/www.stvvalves.com\/wp-content\/uploads\/2019\/01\/lug-type-dual-plate-check-valve-cf8m-body-dn500-drawing.pdf\">Doppelplatten-R\u00fcckschlagventil vom Ansatztyp. CF8M-Geh\u00e4use, DN500<\/a><\/p>","protected":false},"featured_media":4338,"template":"","meta":[],"product_brand":[],"product_cat":[46,84],"product_tag":[497,498,501,499,500],"class_list":{"0":"post-4337","1":"product","2":"type-product","3":"status-publish","4":"has-post-thumbnail","6":"product_cat-check-valves","7":"product_cat-wafer-check-valve","8":"product_tag-dual-plate-check-valve","9":"product_tag-dual-plate-check-valve-api-594","10":"product_tag-dual-plate-lug-type-check-valve","11":"product_tag-lug-and-wafer-check-valves","12":"product_tag-stainless-steel-lug-type-dual-plate-wafer-check-valve","14":"first","15":"instock","16":"shipping-taxable","17":"product-type-simple"},"_links":{"self":[{"href":"https:\/\/www.stvvalves.com\/de\/wp-json\/wp\/v2\/product\/4337","targetHints":{"allow":["GET"]}}],"collection":[{"href":"https:\/\/www.stvvalves.com\/de\/wp-json\/wp\/v2\/product"}],"about":[{"href":"https:\/\/www.stvvalves.com\/de\/wp-json\/wp\/v2\/types\/product"}],"wp:featuredmedia":[{"embeddable":true,"href":"https:\/\/www.stvvalves.com\/de\/wp-json\/wp\/v2\/media\/4338"}],"wp:attachment":[{"href":"https:\/\/www.stvvalves.com\/de\/wp-json\/wp\/v2\/media?parent=4337"}],"wp:term":[{"taxonomy":"product_brand","embeddable":true,"href":"https:\/\/www.stvvalves.com\/de\/wp-json\/wp\/v2\/product_brand?post=4337"},{"taxonomy":"product_cat","embeddable":true,"href":"https:\/\/www.stvvalves.com\/de\/wp-json\/wp\/v2\/product_cat?post=4337"},{"taxonomy":"product_tag","embeddable":true,"href":"https:\/\/www.stvvalves.com\/de\/wp-json\/wp\/v2\/product_tag?post=4337"}],"curies":[{"name":"wp","href":"https:\/\/api.w.org\/{rel}","templated":true}]}}