{"id":4344,"date":"2019-01-07T15:40:18","date_gmt":"2019-01-07T15:40:18","guid":{"rendered":"https:\/\/www.stvvalves.com\/?post_type=product&#038;p=4344"},"modified":"2025-02-17T18:21:12","modified_gmt":"2025-02-17T10:21:12","slug":"api-602-lift-check-valve-1500lb-a105n-dn25-sw-end","status":"publish","type":"product","link":"https:\/\/www.stvvalves.com\/de\/products\/api-602-lift-check-valve-1500lb-a105n-dn25-sw-end\/","title":{"rendered":"API 602-R\u00fcckschlagventil, 1500 LB, A105N, DN25, SW-Ende"},"content":{"rendered":"<p>Hauptparameterspezifikation<\/p>\n<p>Design und Herstellung entsprechen BS5351, MSS SP-118<\/p>\n<p>Anschlussenden entsprechen:<\/p>\n<p>1. Die geschwei\u00dften Enden entsprechen ANSI B16.11<\/p>\n<p>2. Schraubenenden entsprechen ANSI B1.20.1<\/p>\n<p>3.Stumpfgeschwei\u00dfte Enden entsprechen ANSI B16.25<\/p>\n<p>4.Flanschenden entsprechen ANSI B16.5<\/p>\n<p>5.Test und Inspektion entsprechen: API 598<\/p>\n<p>Strukturmerkmale:<\/p>\n<p>Verschraubte Motorhaube, geschwei\u00dfte Motorhaube, druckdichte Motorhaube<\/p>\n<p>Geschmiedeter Stahl, Kolben-, Kugel- oder Schwingtyp<\/p>\n<p>Integrierter Geh\u00e4usesitz f\u00fcr Kolben- und Kugelr\u00fcckschlagventile<\/p>\n<p>Getrenntes Sitzringdesign f\u00fcr R\u00fcckschlagventile<\/p>\n<p>Spiralgewickelte Dichtung oder ovale Ringgelenkdichtung<\/p>\n<p>Reduzierter Durchgang oder voller Anschluss,<\/p>\n<p>T-Muster oder Y-Muster,<\/p>\n<p>Produktauswahl<\/p>\n<p>Geh\u00e4usematerial: A105,LF2,F5,F11,F22,304,304L,316,316L,F51,F91,20#,Inconel .Ect<\/p>\n<p>Nenndurchmesser: 1\/2\u2033~2\u2033(DN15~DN50)<\/p>\n<p>Endverbindung: THR, SW, BW, RF, RTJ<\/p>\n<p>Arbeitstemperatur: -196\u2103~+560\u2103<\/p>\n<p><img loading=\"lazy\" decoding=\"async\" class=\"alignnone size-full wp-image-4346\" src=\"https:\/\/www.stvvalves.com\/wp-content\/uploads\/2019\/01\/api-602-lift-check-valve-1500lb-a105n-dn25-sw-end-drawing.jpg\" alt=\"\" width=\"1653\" height=\"2338\" srcset=\"https:\/\/www.stvvalves.com\/wp-content\/uploads\/2019\/01\/api-602-lift-check-valve-1500lb-a105n-dn25-sw-end-drawing.jpg 1653w, https:\/\/www.stvvalves.com\/wp-content\/uploads\/2019\/01\/api-602-lift-check-valve-1500lb-a105n-dn25-sw-end-drawing-600x849.jpg 600w, https:\/\/www.stvvalves.com\/wp-content\/uploads\/2019\/01\/api-602-lift-check-valve-1500lb-a105n-dn25-sw-end-drawing-212x300.jpg 212w, https:\/\/www.stvvalves.com\/wp-content\/uploads\/2019\/01\/api-602-lift-check-valve-1500lb-a105n-dn25-sw-end-drawing-768x1086.jpg 768w, https:\/\/www.stvvalves.com\/wp-content\/uploads\/2019\/01\/api-602-lift-check-valve-1500lb-a105n-dn25-sw-end-drawing-728x1030.jpg 728w, https:\/\/www.stvvalves.com\/wp-content\/uploads\/2019\/01\/api-602-lift-check-valve-1500lb-a105n-dn25-sw-end-drawing-1061x1500.jpg 1061w, https:\/\/www.stvvalves.com\/wp-content\/uploads\/2019\/01\/api-602-lift-check-valve-1500lb-a105n-dn25-sw-end-drawing-498x705.jpg 498w\" sizes=\"auto, (max-width: 1653px) 100vw, 1653px\" \/><\/p>","protected":false},"excerpt":{"rendered":"<p>Modell:H61Y-1500LB-1\u2033-A105N<\/p>\n<p>API 602-R\u00fcckschlagventil mit Dichtungshaubendesign und konform mit API 602 und ASME B16.34. Damit ist das Ventil gemeint, das die Ventilklappe automatisch durch den Durchfluss des Mediums selbst \u00f6ffnet und schlie\u00dft und dazu dient, den R\u00fcckfluss des Mediums zu verhindern. Das R\u00fcckschlagventil geh\u00f6rt zu einem automatischen Ventil und seine Hauptfunktion besteht darin, den R\u00fcckfluss des Mediums zu verhindern und so das Pumpen und Fahren zu verhindern. Der Motor wird reversiert und das Beh\u00e4ltermedium wird entl\u00fcftet. Das R\u00fcckschlagventil kann auch zur Versorgung von Rohrleitungen zu einem Hilfssystem verwendet werden, wo der Druck \u00fcber den Systemdruck ansteigen kann.<\/p>\n<p>Die Funktion dieses Ventiltyps besteht darin, das Medium nur in eine Richtung flie\u00dfen zu lassen und den Fluss in diese Richtung zu verhindern. Normalerweise wird das Ventil automatisch bet\u00e4tigt und die Ventilklappe wird durch den in eine Richtung flie\u00dfenden Fl\u00fcssigkeitsdruck ge\u00f6ffnet; Wenn die Fl\u00fcssigkeit in die entgegengesetzte Richtung flie\u00dft, wirken der Fl\u00fcssigkeitsdruck und die selbstschlie\u00dfende Ventilklappe des Ventiltellers auf den Ventilsitz, um den Fluss zu unterbrechen.<\/p>\n<p>STV Valve Technology Group Co., Ltd ist ein professioneller Marktf\u00fchrer f\u00fcr China API 602-Heber\u00fcckschlagventile, geschmiedete A105N-Heber\u00fcckschlagventile, 1500LB-Heber\u00fcckschlagventile, SW-Endhebe-R\u00fcckschlagventile, geschwei\u00dfte Hauben-Heber\u00fcckschlagventile, geschmiedete Stahl-R\u00fcckschlagventile mit hoher Qualit\u00e4t und Niedriger Preis.<br \/>\nUm mehr \u00fcber diese Ventile zu erfahren, wenden Sie sich bitte an sales@stvvalve.com<br \/>\nDatumsblatt:<a href=\"http:\/\/api-602-lift-check-valve-1500lb-a105n-dn25-sw-end-drawing\">API 602-R\u00fcckschlagventil, 1500 LB, A105N, DN25, SW-Ende<\/a><\/p>","protected":false},"featured_media":4345,"template":"","meta":[],"product_brand":[],"product_cat":[46,66],"product_tag":[505,301,502,507,303,504,506,503],"class_list":{"0":"post-4344","1":"product","2":"type-product","3":"status-publish","4":"has-post-thumbnail","6":"product_cat-check-valves","7":"product_cat-swing-check-valve","8":"product_tag-api-602-check-valves","9":"product_tag-api-602-forged-steel-check-valves","10":"product_tag-api-602-forged-swing-piston-check-valve","11":"product_tag-forged-lift-check-valves","12":"product_tag-forged-steel-check-valve","13":"product_tag-forged-steel-lift-check-valve","14":"product_tag-forged-steel-lift-check-valve-manufacturer","15":"product_tag-forged-steel-piston-lift-check-valve","17":"first","18":"instock","19":"shipping-taxable","20":"product-type-simple"},"_links":{"self":[{"href":"https:\/\/www.stvvalves.com\/de\/wp-json\/wp\/v2\/product\/4344","targetHints":{"allow":["GET"]}}],"collection":[{"href":"https:\/\/www.stvvalves.com\/de\/wp-json\/wp\/v2\/product"}],"about":[{"href":"https:\/\/www.stvvalves.com\/de\/wp-json\/wp\/v2\/types\/product"}],"wp:featuredmedia":[{"embeddable":true,"href":"https:\/\/www.stvvalves.com\/de\/wp-json\/wp\/v2\/media\/4345"}],"wp:attachment":[{"href":"https:\/\/www.stvvalves.com\/de\/wp-json\/wp\/v2\/media?parent=4344"}],"wp:term":[{"taxonomy":"product_brand","embeddable":true,"href":"https:\/\/www.stvvalves.com\/de\/wp-json\/wp\/v2\/product_brand?post=4344"},{"taxonomy":"product_cat","embeddable":true,"href":"https:\/\/www.stvvalves.com\/de\/wp-json\/wp\/v2\/product_cat?post=4344"},{"taxonomy":"product_tag","embeddable":true,"href":"https:\/\/www.stvvalves.com\/de\/wp-json\/wp\/v2\/product_tag?post=4344"}],"curies":[{"name":"wp","href":"https:\/\/api.w.org\/{rel}","templated":true}]}}