{"id":4380,"date":"2019-01-28T14:41:59","date_gmt":"2019-01-28T14:41:59","guid":{"rendered":"https:\/\/www.stvvalves.com\/?post_type=product&#038;p=4380"},"modified":"2025-02-17T18:20:50","modified_gmt":"2025-02-17T10:20:50","slug":"ansi-300lb-cast-steel-check-valve","status":"publish","type":"product","link":"https:\/\/www.stvvalves.com\/de\/products\/ansi-300lb-cast-steel-check-valve\/","title":{"rendered":"ANSI 300LB R\u00fcckschlagventil aus Stahlguss"},"content":{"rendered":"<p>Hauptmerkmale des ANSI 300LB-R\u00fcckschlagventils<\/p>\n<p>BB, VERSCHRAUBTE HAUBENKAPPE<br \/>\nSCHWINGENTYP, ROTATIONSSCHEIBE<br \/>\nERNEUERBARE SITZRINGE<br \/>\nNICHT DURCHGEHENDE SCHEIBENWELLE<br \/>\nHORIZONTALE ODER VERTIKALE DIENSTLEISTUNG<br \/>\nGEFLANSCHTE ODER BUTTVVELDING-ENDE<\/p>\n<p>Anwendbare Normen:<br \/>\nR\u00dcCKSCHLAGVENTILE AUS STAHL, API6D\/BS1868<br \/>\nR\u00dcCKSCHLAGVENTILE AUS STAHL, ISO 14313<br \/>\nSTAHLVENTILE,ASME B16.34<br \/>\nVon Angesicht zu Angesicht, ASME B16.10<br \/>\nENDFLANSCHE,ASME B16.5<br \/>\nSTUMPFSCHWEI\u00dfENDE, ASME B16.25<br \/>\nINSPEKTION UND TEST, API 598\/API 6D<\/p>\n<table>\n<tbody>\n<tr>\n<td width=\"200\"><strong>Produktname<\/strong><\/td>\n<td width=\"481\">ANSI 300LB R\u00fcckschlagventil aus Stahlguss<\/td>\n<\/tr>\n<tr>\n<td width=\"200\">1. Material<\/td>\n<td width=\"481\">WCB<\/td>\n<\/tr>\n<tr>\n<td width=\"200\">2. Gr\u00f6\u00dfe<\/td>\n<td width=\"481\">4&quot;<\/td>\n<\/tr>\n<tr>\n<td width=\"200\">4. Hafen<\/td>\n<td width=\"481\">Vollst\u00e4ndiger Port<\/td>\n<\/tr>\n<tr>\n<td width=\"200\">5. Arbeitsdruck<\/td>\n<td width=\"481\">300 Pfund<\/td>\n<\/tr>\n<tr>\n<td width=\"200\">6. Verbindung endet<\/td>\n<td width=\"481\">RF<\/td>\n<\/tr>\n<tr>\n<td width=\"200\">7. Arbeitstemperatur.<\/td>\n<td width=\"481\">-29~425 \u00b0C,<\/td>\n<\/tr>\n<tr>\n<td width=\"200\">8. Geeignetes Medium<\/td>\n<td width=\"481\">Wasser, Erdgas, \u00d6l und einige \u00e4tzende Fl\u00fcssigkeiten<\/td>\n<\/tr>\n<tr>\n<td width=\"200\">9. Betrieben<\/td>\n<td width=\"481\">\/<\/td>\n<\/tr>\n<tr>\n<td width=\"200\">10. Inspektion und Pr\u00fcfung<\/td>\n<td width=\"481\">Gem\u00e4\u00df API 598<\/td>\n<\/tr>\n<tr>\n<td width=\"200\"><strong>Sendung<\/strong><\/td>\n<td width=\"481\"><\/td>\n<\/tr>\n<tr>\n<td width=\"200\">Lieferzeit<\/td>\n<td width=\"481\">30 Tage<\/td>\n<\/tr>\n<tr>\n<td width=\"200\">Paket<\/td>\n<td width=\"481\">Standard-Export-Sperrholzkiste<\/td>\n<\/tr>\n<tr>\n<td width=\"200\">Hafen<\/td>\n<td width=\"481\">Ningbo\/Shanghai, China<\/td>\n<\/tr>\n<tr>\n<td width=\"200\">Versandbedingungen<\/td>\n<td width=\"481\">Exw, FOB, CFR, CIF usw.<\/td>\n<\/tr>\n<tr>\n<td width=\"200\">Zahlungsbedingungen<\/td>\n<td width=\"481\">T\/T, Western Union, PayPal usw.<\/td>\n<\/tr>\n<tr>\n<td width=\"200\"><\/td>\n<td width=\"481\">30% Vorauszahlung, 70% Restbetrag vor dem Versand bezahlt<\/td>\n<\/tr>\n<tr>\n<td width=\"200\">Herkunftsland<\/td>\n<td width=\"481\">Stadt Wenzhou, China<\/td>\n<\/tr>\n<tr>\n<td width=\"200\">Produktionskapazit\u00e4t<\/td>\n<td width=\"481\">6000 Tonnen\/Jahr<\/td>\n<\/tr>\n<tr>\n<td width=\"200\">Mindestbestellmenge<\/td>\n<td width=\"481\">10 St\u00fcck\/Gr\u00f6\u00dfe<\/td>\n<\/tr>\n<\/tbody>\n<\/table>\n<p>&nbsp;<\/p>","protected":false},"excerpt":{"rendered":"<p>Modell: H44W-300LB-WCB<br \/>\nDie R\u00fcckschlagklappe aus Gussstahl eignet sich f\u00fcr Rohrleitungen mit unterschiedlichen Arbeitsbedingungen wie Erd\u00f6l-, Chemie-, Hydraulik-, W\u00e4rmekraftwerken usw. zum Schneiden oder Verbinden des Mediums.<\/p>\n<p>STV Valve Technology Group Co., Ltd ist ein professioneller Marktf\u00fchrer in China ANSI 300LB-R\u00fcckschlagventile aus Gussstahl, ANSI-R\u00fcckschlagventile, WCB-R\u00fcckschlagventile, R\u00fcckschlagventile aus Gussstahl, API 600-R\u00fcckschlagventile und Hersteller von Schwenkr\u00fcckschlagventilen mit Flanschende und hoher Qualit\u00e4t Qualit\u00e4t und niedriger Preis. F\u00fcr weitere Materialien und Details wenden Sie sich bitte an sales@stvvalve.com.<\/p>\n<p>Datumsblatt:<a href=\"https:\/\/www.stvvalves.com\/wp-content\/uploads\/2019\/01\/ansi-300lb-cast-steel-check-valve-drawing.pdf\">ANSI 300LB R\u00fcckschlagventil aus Stahlguss<\/a><\/p>","protected":false},"featured_media":4381,"template":"","meta":[],"product_brand":[],"product_cat":[83,46],"product_tag":[547,335,551,549,548,550],"class_list":{"0":"post-4380","1":"product","2":"type-product","3":"status-publish","4":"has-post-thumbnail","6":"product_cat-cast-steel-check-valve","7":"product_cat-check-valves","8":"product_tag-300-lb-cast-steel-swing-check-valve","9":"product_tag-ansi-swing-check-valve","10":"product_tag-cast-steel-wcb-swing-check-valve","11":"product_tag-cast-steel-check-valve","12":"product_tag-cast-steel-check-valve-300lb","13":"product_tag-flanged-cast-steel-swing-check-valve","15":"first","16":"instock","17":"shipping-taxable","18":"product-type-simple"},"_links":{"self":[{"href":"https:\/\/www.stvvalves.com\/de\/wp-json\/wp\/v2\/product\/4380","targetHints":{"allow":["GET"]}}],"collection":[{"href":"https:\/\/www.stvvalves.com\/de\/wp-json\/wp\/v2\/product"}],"about":[{"href":"https:\/\/www.stvvalves.com\/de\/wp-json\/wp\/v2\/types\/product"}],"wp:featuredmedia":[{"embeddable":true,"href":"https:\/\/www.stvvalves.com\/de\/wp-json\/wp\/v2\/media\/4381"}],"wp:attachment":[{"href":"https:\/\/www.stvvalves.com\/de\/wp-json\/wp\/v2\/media?parent=4380"}],"wp:term":[{"taxonomy":"product_brand","embeddable":true,"href":"https:\/\/www.stvvalves.com\/de\/wp-json\/wp\/v2\/product_brand?post=4380"},{"taxonomy":"product_cat","embeddable":true,"href":"https:\/\/www.stvvalves.com\/de\/wp-json\/wp\/v2\/product_cat?post=4380"},{"taxonomy":"product_tag","embeddable":true,"href":"https:\/\/www.stvvalves.com\/de\/wp-json\/wp\/v2\/product_tag?post=4380"}],"curies":[{"name":"wp","href":"https:\/\/api.w.org\/{rel}","templated":true}]}}