{"id":4390,"date":"2019-02-22T00:03:44","date_gmt":"2019-02-22T00:03:44","guid":{"rendered":"https:\/\/www.stvvalves.com\/?post_type=product&#038;p=4390"},"modified":"2025-02-17T18:20:49","modified_gmt":"2025-02-17T10:20:49","slug":"high-pressure-3-way-ball-valvet-type-dn25-800lb","status":"publish","type":"product","link":"https:\/\/www.stvvalves.com\/de\/products\/high-pressure-3-way-ball-valvet-type-dn25-800lb\/","title":{"rendered":"Hochdruck-3-Wege-Kugelhahn, T-Typ, DN25,800LB"},"content":{"rendered":"<p>Hochdruck-3-Wege-Kugelhahn<\/p>\n<p>Merkmale:<\/p>\n<p>Gr\u00f6\u00dfe: 1\/2\u2033-2\u2033<\/p>\n<p>Normaldruck: 800-2500LB<\/p>\n<p>Reduzierter Port<\/p>\n<p>L-TYP \/ T-TYP, schwimmende Kugel<\/p>\n<p>Ausblassicherer Schaft<\/p>\n<p>Ebene<\/p>\n<p>Spezifikationen<\/p>\n<p>Design- und Herstellungsstandard: API 608, API 607, API 6D, BS 5351<\/p>\n<p>Face-to-Face-Standard: API B16.10, API 6D, DIN 3202<br \/>\nEndverbindungsstandard: NPT, BSP, BSPT, DIN259\/2999<\/p>\n<p>Teststandard: ISO5208, API 6D, BS 6755, API598<br \/>\nGeh\u00e4usematerial: A105, F304, F316<\/p>\n<p>Sitz: RPTFE, PPL, Nylon<\/p>\n<p>Arbeitstemperatur: -40\u2013180 \u00b0C<\/p>\n<p>Geeignet: Wasser, \u00d6l, Gas<\/p>\n<p>&nbsp;<\/p>\n<table>\n<tbody>\n<tr>\n<td width=\"200\"><strong>Produktname<\/strong><\/td>\n<td width=\"481\">Hochdruck-3-Wege-Kugelhahn, T-Typ, DN25,800LB<\/td>\n<\/tr>\n<tr>\n<td width=\"200\">1. Material<\/td>\n<td width=\"481\">A105<\/td>\n<\/tr>\n<tr>\n<td width=\"200\">2. Gr\u00f6\u00dfe<\/td>\n<td width=\"481\">1&quot;<\/td>\n<\/tr>\n<tr>\n<td width=\"200\">4. Hafen<\/td>\n<td width=\"481\">Reduzieranschluss<\/td>\n<\/tr>\n<tr>\n<td width=\"200\">5. Arbeitsdruck<\/td>\n<td width=\"481\">800 Pfund<\/td>\n<\/tr>\n<tr>\n<td width=\"200\">6. Verbindung endet<\/td>\n<td width=\"481\">NVV<\/td>\n<\/tr>\n<tr>\n<td width=\"200\">7. Arbeitstemperatur.<\/td>\n<td width=\"481\">-29~180 \u00b0C,<\/td>\n<\/tr>\n<tr>\n<td width=\"200\">8. Geeignetes Medium<\/td>\n<td width=\"481\">Wasser, Erdgas, \u00d6l und einige \u00e4tzende Fl\u00fcssigkeiten<\/td>\n<\/tr>\n<tr>\n<td width=\"200\">9. Betrieben<\/td>\n<td width=\"481\">Handrad<\/td>\n<\/tr>\n<tr>\n<td width=\"200\">10. Inspektion und Pr\u00fcfung<\/td>\n<td width=\"481\">Gem\u00e4\u00df API598<\/td>\n<\/tr>\n<tr>\n<td width=\"200\"><strong>Sendung<\/strong><\/td>\n<td width=\"481\"><\/td>\n<\/tr>\n<tr>\n<td width=\"200\">Lieferzeit<\/td>\n<td width=\"481\">30 Tage<\/td>\n<\/tr>\n<tr>\n<td width=\"200\">Paket<\/td>\n<td width=\"481\">Standard-Export-Sperrholzkiste<\/td>\n<\/tr>\n<tr>\n<td width=\"200\">Hafen<\/td>\n<td width=\"481\">Ningbo\/Shanghai, China<\/td>\n<\/tr>\n<tr>\n<td width=\"200\">Versandbedingungen<\/td>\n<td width=\"481\">Exw, FOB, CFR, CIF usw.<\/td>\n<\/tr>\n<tr>\n<td width=\"200\">Zahlungsbedingungen<\/td>\n<td width=\"481\">T\/T, Western Union, PayPal usw.<\/td>\n<\/tr>\n<tr>\n<td width=\"200\"><\/td>\n<td width=\"481\">30% Vorauszahlung, 70% Restbetrag vor dem Versand bezahlt<\/td>\n<\/tr>\n<tr>\n<td width=\"200\">Herkunftsland<\/td>\n<td width=\"481\">Stadt Wenzhou, China<\/td>\n<\/tr>\n<tr>\n<td width=\"200\">Produktionskapazit\u00e4t<\/td>\n<td width=\"481\">6000 Tonnen\/Jahr<\/td>\n<\/tr>\n<tr>\n<td width=\"200\">Mindestbestellmenge<\/td>\n<td width=\"481\">1 St\u00fcck\/Gr\u00f6\u00dfe<\/td>\n<\/tr>\n<\/tbody>\n<\/table>","protected":false},"excerpt":{"rendered":"<p>Modell: Q14F-800LB-DN25<\/p>\n<p>Unser Hochdruck-3-Wege-Kugelhahn verf\u00fcgt \u00fcber eine schwimmende Kugelstruktur mit zweisitziger Dichtung, die die Vorteile eines exquisiten Aussehens, einer guten Dichtungsleistung, eines bequemen Schaltens, einer bequemen Steuerung der mittleren \u00dcberbr\u00fcckung und des Zusammenflusses in der Rohrleitung sowie einer kundenspezifischen Weich- oder Hartausf\u00fchrung bietet Dichtung entsprechend den Arbeitsbedingungen des Kunden. Form (Weichdichtung f\u00fcr 200\u00b0C unten)<\/p>\n<p>Geschmiedetes Stahlmaterial, Dreiwege-Kugelhahn vom T-Typ, kann sich an hohe Temperaturen und hohe Temperaturen anpassen. Es kann verwendet werden, um das Projekt im Projekt umzuleiten und zusammenzuf\u00fchren. Dreiwege-Kugelhahn vom T-Typ aus geschmiedetem Stahl kann in folgenden Bereichen eingesetzt werden: Erd\u00f6l, Chemie, Strom, Pharmazeutik usw. Bereiche, geeignet f\u00fcr Wasser, Gas, \u00d6l, Erdgas und s\u00e4urealkalische korrosive Medien.<\/p>\n<p>F\u00fcr weitere Materialien und Details wenden Sie sich bitte an sales@stvvalve.com.<\/p>\n<p>Datumsblatt:<a href=\"https:\/\/www.stvvalves.com\/wp-content\/uploads\/2019\/02\/high-pressure-3-way-ball-valvet-type-dn25-800lb-Drawing.pdf\">Hochdruck-3-Wege-Kugelhahn, T-Typ, DN25,800LB<\/a><\/p>\n<p>&nbsp;<\/p>","protected":false},"featured_media":4393,"template":"","meta":[],"product_brand":[],"product_cat":[43,78,55,79],"product_tag":[171,552],"class_list":{"0":"post-4390","1":"product","2":"type-product","3":"status-publish","4":"has-post-thumbnail","6":"product_cat-ball-valve","7":"product_cat-floating-ball-valve","8":"product_cat-forged-steel-ball-valve","9":"product_cat-threaded-ball-valve","10":"product_tag-3-way-ball-valve","11":"product_tag-3-way-high-pressure-ball-valves","13":"first","14":"instock","15":"shipping-taxable","16":"product-type-simple"},"_links":{"self":[{"href":"https:\/\/www.stvvalves.com\/de\/wp-json\/wp\/v2\/product\/4390","targetHints":{"allow":["GET"]}}],"collection":[{"href":"https:\/\/www.stvvalves.com\/de\/wp-json\/wp\/v2\/product"}],"about":[{"href":"https:\/\/www.stvvalves.com\/de\/wp-json\/wp\/v2\/types\/product"}],"wp:featuredmedia":[{"embeddable":true,"href":"https:\/\/www.stvvalves.com\/de\/wp-json\/wp\/v2\/media\/4393"}],"wp:attachment":[{"href":"https:\/\/www.stvvalves.com\/de\/wp-json\/wp\/v2\/media?parent=4390"}],"wp:term":[{"taxonomy":"product_brand","embeddable":true,"href":"https:\/\/www.stvvalves.com\/de\/wp-json\/wp\/v2\/product_brand?post=4390"},{"taxonomy":"product_cat","embeddable":true,"href":"https:\/\/www.stvvalves.com\/de\/wp-json\/wp\/v2\/product_cat?post=4390"},{"taxonomy":"product_tag","embeddable":true,"href":"https:\/\/www.stvvalves.com\/de\/wp-json\/wp\/v2\/product_tag?post=4390"}],"curies":[{"name":"wp","href":"https:\/\/api.w.org\/{rel}","templated":true}]}}