{"id":4401,"date":"2019-02-28T03:27:01","date_gmt":"2019-02-28T03:27:01","guid":{"rendered":"https:\/\/www.stvvalves.com\/?post_type=product&#038;p=4401"},"modified":"2025-02-17T18:20:48","modified_gmt":"2025-02-17T10:20:48","slug":"150lb-forged-steel-ball-valve-f304-body-reducer-bore-flange-end","status":"publish","type":"product","link":"https:\/\/www.stvvalves.com\/de\/products\/150lb-forged-steel-ball-valve-f304-body-reducer-bore-flange-end\/","title":{"rendered":"150LB Kugelhahn aus geschmiedetem Stahl, Geh\u00e4use F304, Reduzierbohrung, Flanschende"},"content":{"rendered":"<p>Produktauswahl<br \/>\n-Ventilgr\u00f6\u00dfe: 1\/2\u2033 \u2013 24\u2033 (DN15-DN600)<br \/>\n-Druck: ANSI-Klasse 150-1500 (PN16-PN250)<br \/>\n-Temperatur: -196\u2103 \u2013 500\u2103<br \/>\n-Geh\u00e4usematerialien: A105N, F304, F304L, F316, F316L, F11, F22, F51, F55<\/p>\n<p>Technische Spezifikationen<br \/>\n-Design: ASME 16.34\/API 6D<br \/>\n-Von Angesicht zu Angesicht: ASME B16.10<br \/>\n-BW-Ende: ASME B16.25<br \/>\n-Test: API 598\/BS 6755<br \/>\n-Brandschutztest: API 607\/API 6FA<br \/>\n-Spezial: NACE MR-01-75<\/p>\n<p>Design-Merkmale<br \/>\n-Geschmiedeter oder gegossener Stahlk\u00f6rper<br \/>\n-Schwimmende und zapfenmontierte Kugel<br \/>\n-Voller Anschluss oder Reduzieranschluss<br \/>\n-Antistatisches Ger\u00e4t<br \/>\n- Ausblassicherer Schaft<br \/>\n-Feuersicheres Design<\/p>\n<table>\n<tbody>\n<tr>\n<td width=\"200\"><strong>Produktname<\/strong><\/td>\n<td width=\"481\">150LB Kugelhahn aus geschmiedetem Stahl, Geh\u00e4use F304, Reduzierbohrung, Flanschende<\/td>\n<\/tr>\n<tr>\n<td width=\"200\">1. Material<\/td>\n<td width=\"481\">F304<\/td>\n<\/tr>\n<tr>\n<td width=\"200\">2. Gr\u00f6\u00dfe<\/td>\n<td width=\"481\">2&quot;<\/td>\n<\/tr>\n<tr>\n<td width=\"200\">4. Hafen<\/td>\n<td width=\"481\">Vollst\u00e4ndiger Port<\/td>\n<\/tr>\n<tr>\n<td width=\"200\">5. Arbeitsdruck<\/td>\n<td width=\"481\">150 Pfund<\/td>\n<\/tr>\n<tr>\n<td width=\"200\">6. Verbindung endet<\/td>\n<td width=\"481\">RF<\/td>\n<\/tr>\n<tr>\n<td width=\"200\">7. Arbeitstemperatur.<\/td>\n<td width=\"481\">-29~120 \u00b0C,<\/td>\n<\/tr>\n<tr>\n<td width=\"200\">8. Geeignetes Medium<\/td>\n<td width=\"481\">Wasser, Erdgas, \u00d6l und einige \u00e4tzende Fl\u00fcssigkeiten<\/td>\n<\/tr>\n<tr>\n<td width=\"200\">9. Betrieben<\/td>\n<td width=\"481\">Handrad<\/td>\n<\/tr>\n<tr>\n<td width=\"200\">10. Inspektion und Pr\u00fcfung<\/td>\n<td width=\"481\">Gem\u00e4\u00df API598<\/td>\n<\/tr>\n<tr>\n<td width=\"200\"><strong>Sendung<\/strong><\/td>\n<td width=\"481\"><\/td>\n<\/tr>\n<tr>\n<td width=\"200\">Lieferzeit<\/td>\n<td width=\"481\">30 Tage<\/td>\n<\/tr>\n<tr>\n<td width=\"200\">Paket<\/td>\n<td width=\"481\">Standard-Export-Sperrholzkiste<\/td>\n<\/tr>\n<tr>\n<td width=\"200\">Hafen<\/td>\n<td width=\"481\">Ningbo\/Shanghai, China<\/td>\n<\/tr>\n<tr>\n<td width=\"200\">Versandbedingungen<\/td>\n<td width=\"481\">Exw, FOB, CFR, CIF usw.<\/td>\n<\/tr>\n<tr>\n<td width=\"200\">Zahlungsbedingungen<\/td>\n<td width=\"481\">T\/T, Western Union, PayPal usw.<\/td>\n<\/tr>\n<tr>\n<td width=\"200\"><\/td>\n<td width=\"481\">30% Vorauszahlung, 70% Restbetrag vor dem Versand bezahlt<\/td>\n<\/tr>\n<tr>\n<td width=\"200\">Herkunftsland<\/td>\n<td width=\"481\">Stadt Wenzhou, China<\/td>\n<\/tr>\n<tr>\n<td width=\"200\">Produktionskapazit\u00e4t<\/td>\n<td width=\"481\">6000 Tonnen\/Jahr<\/td>\n<\/tr>\n<tr>\n<td width=\"200\">Mindestbestellmenge<\/td>\n<td width=\"481\">1 St\u00fcck\/Gr\u00f6\u00dfe<\/td>\n<\/tr>\n<\/tbody>\n<\/table>\n<p>&nbsp;<\/p>","protected":false},"excerpt":{"rendered":"<p>Modell: SQ41F-150LB-PEEK<\/p>\n<p>Das Funktionsprinzip unseres 150LB-Kugelhahns aus geschmiedetem Stahl besteht darin, den Ventilschaft zu drehen, um das Ventil zu entsperren oder zu verschlie\u00dfen. Es kann sich um einen Kugelhahn mit vollem Durchgang und einem Winkel von 90 \u00b0 C handeln. Der Kugelhahnschalter ist leicht, klein, kann mit gro\u00dfem Durchmesser hergestellt werden, ist zuverl\u00e4ssig in der Abdichtung, einfach in der Struktur und bequem in der Wartung. Dichtfl\u00e4chen und Kugelfl\u00e4chen sind h\u00e4ufig vorhanden geschlossen, nicht leicht durch das Medium erodiert, in verschiedenen Branchen. Weit verbreitet.<br \/>\nSTV Valve Technology Group Co., Ltd ist ein professioneller Marktf\u00fchrer in China, Hersteller von 150LB-Kugelh\u00e4hnen aus geschmiedetem Stahl, Kugelh\u00e4hnen mit Flansch aus geschmiedetem Stahl vom Typ 2 St\u00fcck, Kugelh\u00e4hnen aus A105, Hochdruck-Kugelh\u00e4hnen aus geschmiedetem Stahl und Hersteller von geschmiedeten Kugelh\u00e4hnen aus geschmiedetem Stahl mit hoher Qualit\u00e4t und Wettbewerbsf\u00e4higkeit Preis.<\/p>\n<p>F\u00fcr weitere Materialien und Details wenden Sie sich bitte an sales@stvvalve.com.<\/p>\n<p>Datumsblatt:<a href=\"https:\/\/www.stvvalves.com\/wp-content\/uploads\/2019\/02\/150lb-forged-steel-ball-valve-f304-body-reducer-bore-flange-end-drawing.pdf\">150LB Kugelhahn aus geschmiedetem Stahl, Geh\u00e4use F304, Reduzierbohrung, Flanschende<\/a><\/p>","protected":false},"featured_media":4402,"template":"","meta":[],"product_brand":[],"product_cat":[43,80,78,55,53],"product_tag":[555,556,105,558,557],"class_list":{"0":"post-4401","1":"product","2":"type-product","3":"status-publish","4":"has-post-thumbnail","6":"product_cat-ball-valve","7":"product_cat-flange-ball-valve","8":"product_cat-floating-ball-valve","9":"product_cat-forged-steel-ball-valve","10":"product_cat-stainless-steel-ball-valve","11":"product_tag-2pcs-type-forged-steel-flange-ball-valve","12":"product_tag-a105-ball-valve","13":"product_tag-ball-valve","14":"product_tag-forged-steel-trunnion-mounted-ball-valve-manufacturer","15":"product_tag-high-pressure-forged-steel-ball-valve","17":"first","18":"instock","19":"shipping-taxable","20":"product-type-simple"},"_links":{"self":[{"href":"https:\/\/www.stvvalves.com\/de\/wp-json\/wp\/v2\/product\/4401","targetHints":{"allow":["GET"]}}],"collection":[{"href":"https:\/\/www.stvvalves.com\/de\/wp-json\/wp\/v2\/product"}],"about":[{"href":"https:\/\/www.stvvalves.com\/de\/wp-json\/wp\/v2\/types\/product"}],"wp:featuredmedia":[{"embeddable":true,"href":"https:\/\/www.stvvalves.com\/de\/wp-json\/wp\/v2\/media\/4402"}],"wp:attachment":[{"href":"https:\/\/www.stvvalves.com\/de\/wp-json\/wp\/v2\/media?parent=4401"}],"wp:term":[{"taxonomy":"product_brand","embeddable":true,"href":"https:\/\/www.stvvalves.com\/de\/wp-json\/wp\/v2\/product_brand?post=4401"},{"taxonomy":"product_cat","embeddable":true,"href":"https:\/\/www.stvvalves.com\/de\/wp-json\/wp\/v2\/product_cat?post=4401"},{"taxonomy":"product_tag","embeddable":true,"href":"https:\/\/www.stvvalves.com\/de\/wp-json\/wp\/v2\/product_tag?post=4401"}],"curies":[{"name":"wp","href":"https:\/\/api.w.org\/{rel}","templated":true}]}}